{"id":629,"date":"2022-10-25T10:28:38","date_gmt":"2022-10-25T12:28:38","guid":{"rendered":"https:\/\/pruebas.michollo.to\/?post_type=product&#038;p=629"},"modified":"2025-05-09T14:47:23","modified_gmt":"2025-05-09T12:47:23","slug":"boton-on-rig","status":"publish","type":"product","link":"https:\/\/pruebas.michollo.to\/pt\/produto\/no-botao-do-equipamento\/","title":{"rendered":"Bot\u00e3o ON RIG"},"content":{"rendered":"<p>Muitas vezes, quando montamos um RIG de explora\u00e7\u00e3o mineira, precisamos de um bot\u00e3o de alimenta\u00e7\u00e3o para o iniciar, por isso ajudamo-lo a cumprir essa fun\u00e7\u00e3o com este bot\u00e3o ON RIG.<\/p>\n<ul>\n<li>Material:ABS<\/li>\n<li>Comprimento: aprox. 50 CM<\/li>\n<li>Peso l\u00edquido: 15-45gr<\/li>\n<\/ul>","protected":false},"excerpt":{"rendered":"<p>Muitas vezes, quando montamos um RIG mineiro, precisamos de um bot\u00e3o para o ligar, por isso ajudamo-lo a cumprir essa fun\u00e7\u00e3o com este bot\u00e3o ON RIG. Material:ABS Comprimento: 50 CM aproximadamente Peso l\u00edquido: 15-45gr<\/p>","protected":false},"featured_media":630,"comment_status":"open","ping_status":"closed","template":"","meta":[],"product_brand":[],"product_cat":[20],"product_tag":[],"class_list":{"0":"post-629","1":"product","2":"type-product","3":"status-publish","4":"has-post-thumbnail","6":"product_cat-componentes","8":"first","9":"outofstock","10":"taxable","11":"shipping-taxable","12":"purchasable","13":"product-type-simple"},"_links":{"self":[{"href":"https:\/\/pruebas.michollo.to\/pt\/wp-json\/wp\/v2\/product\/629","targetHints":{"allow":["GET"]}}],"collection":[{"href":"https:\/\/pruebas.michollo.to\/pt\/wp-json\/wp\/v2\/product"}],"about":[{"href":"https:\/\/pruebas.michollo.to\/pt\/wp-json\/wp\/v2\/types\/product"}],"replies":[{"embeddable":true,"href":"https:\/\/pruebas.michollo.to\/pt\/wp-json\/wp\/v2\/comments?post=629"}],"wp:featuredmedia":[{"embeddable":true,"href":"https:\/\/pruebas.michollo.to\/pt\/wp-json\/wp\/v2\/media\/630"}],"wp:attachment":[{"href":"https:\/\/pruebas.michollo.to\/pt\/wp-json\/wp\/v2\/media?parent=629"}],"wp:term":[{"taxonomy":"product_brand","embeddable":true,"href":"https:\/\/pruebas.michollo.to\/pt\/wp-json\/wp\/v2\/product_brand?post=629"},{"taxonomy":"product_cat","embeddable":true,"href":"https:\/\/pruebas.michollo.to\/pt\/wp-json\/wp\/v2\/product_cat?post=629"},{"taxonomy":"product_tag","embeddable":true,"href":"https:\/\/pruebas.michollo.to\/pt\/wp-json\/wp\/v2\/product_tag?post=629"}],"curies":[{"name":"wp","href":"https:\/\/api.w.org\/{rel}","templated":true}]}}