{"id":642,"date":"2022-10-25T10:27:08","date_gmt":"2022-10-25T12:27:08","guid":{"rendered":"https:\/\/pruebas.michollo.to\/?post_type=product&#038;p=642"},"modified":"2026-02-23T13:53:36","modified_gmt":"2026-02-23T12:53:36","slug":"aceite-dielectrico-para-sistema-de-refrigeracion","status":"publish","type":"product","link":"https:\/\/pruebas.michollo.to\/pt\/produto\/oleo-dieletrico-para-sistemas-de-arrefecimento\/","title":{"rendered":"\u00d3leo diel\u00e9trico para o sistema de arrefecimento"},"content":{"rendered":"<p>Com este \u00f3leo, \u00e9 poss\u00edvel mergulhar as m\u00e1quinas no sistema de arrefecimento.<\/p>\n<p>Dispomos de v\u00e1rias embalagens de Litros de \u00d3leo Diel\u00e9trico para que possa escolher a que melhor se adapta ao que procura.<\/p>\n<ul>\n<li>Actua como um meio de arrefecimento e de isolamento.<\/li>\n<li>Estabilidade \u00e0 luz e ao calor.<\/li>\n<li>Elevada resist\u00eancia diel\u00e9ctrica.<\/li>\n<li>Baixo ponto de congela\u00e7\u00e3o.<\/li>\n<\/ul>","protected":false},"excerpt":{"rendered":"<p>Com este \u00f3leo pode mergulhar as m\u00e1quinas no sistema de arrefecimento. Temos v\u00e1rias embalagens de Litros de \u00d3leo Diel\u00e9trico para que possa escolher a que melhor se adapta ao que procura. Actua como meio de refrigera\u00e7\u00e3o e isolamento. Estabilidade \u00e0 luz e ao calor. Elevada rigidez diel\u00e9ctrica. Baixo ponto de congela\u00e7\u00e3o.<\/p>","protected":false},"featured_media":651,"comment_status":"open","ping_status":"closed","template":"","meta":[],"product_brand":[],"product_cat":[133],"product_tag":[],"class_list":{"0":"post-642","1":"product","2":"type-product","3":"status-publish","4":"has-post-thumbnail","6":"product_cat-accesorios","8":"first","9":"instock","10":"taxable","11":"shipping-taxable","12":"purchasable","13":"product-type-simple"},"_links":{"self":[{"href":"https:\/\/pruebas.michollo.to\/pt\/wp-json\/wp\/v2\/product\/642","targetHints":{"allow":["GET"]}}],"collection":[{"href":"https:\/\/pruebas.michollo.to\/pt\/wp-json\/wp\/v2\/product"}],"about":[{"href":"https:\/\/pruebas.michollo.to\/pt\/wp-json\/wp\/v2\/types\/product"}],"replies":[{"embeddable":true,"href":"https:\/\/pruebas.michollo.to\/pt\/wp-json\/wp\/v2\/comments?post=642"}],"wp:featuredmedia":[{"embeddable":true,"href":"https:\/\/pruebas.michollo.to\/pt\/wp-json\/wp\/v2\/media\/651"}],"wp:attachment":[{"href":"https:\/\/pruebas.michollo.to\/pt\/wp-json\/wp\/v2\/media?parent=642"}],"wp:term":[{"taxonomy":"product_brand","embeddable":true,"href":"https:\/\/pruebas.michollo.to\/pt\/wp-json\/wp\/v2\/product_brand?post=642"},{"taxonomy":"product_cat","embeddable":true,"href":"https:\/\/pruebas.michollo.to\/pt\/wp-json\/wp\/v2\/product_cat?post=642"},{"taxonomy":"product_tag","embeddable":true,"href":"https:\/\/pruebas.michollo.to\/pt\/wp-json\/wp\/v2\/product_tag?post=642"}],"curies":[{"name":"wp","href":"https:\/\/api.w.org\/{rel}","templated":true}]}}