{"id":8639,"date":"2024-09-30T17:33:26","date_gmt":"2024-09-30T15:33:26","guid":{"rendered":"https:\/\/www.minandovoy.com\/?post_type=product&#038;p=8639"},"modified":"2025-08-06T17:53:32","modified_gmt":"2025-08-06T15:53:32","slug":"goldshell-al-box-iii","status":"publish","type":"product","link":"https:\/\/pruebas.michollo.to\/pt\/produto\/goldshell-al-box-iii\/","title":{"rendered":"Caixa AL-BOX III da Goldshell"},"content":{"rendered":"<p>O<strong> Caixa AL III de Goldshell <\/strong>representa uma atualiza\u00e7\u00e3o do seu antecessor, o <strong>CAIXA DE PAVIMENTOS Goldshell AL<\/strong>que tem o dobro do hashrate e, consequentemente, duplica os lucros. Concebido para a extra\u00e7\u00e3o de moedas<strong> ALPH<\/strong>o minerador ASIC Goldshell AL Box <strong>1,25 Th\/s 600W<\/strong> destaca-se pela sua efici\u00eancia nas opera\u00e7\u00f5es mineiras dom\u00e9sticas. A sua combina\u00e7\u00e3o de desempenho potente e efici\u00eancia energ\u00e9tica torna-o uma excelente escolha para quem procura melhorar a rentabilidade e reduzir os custos operacionais.<\/p>\n<div class=\"asicminer-widget-container\" style=\"width: 100%; min-height: 300px;\">\n            <iframe id=\"asicminer-widget-2583\" \n                    src=\"https:\/\/pruebas.michollo.to\/wp-content\/themes\/minandovoy\/proxy-widget.php?miner=goldshell\/al-box-iii&#038;type=profit&#038;theme=dark\" \n                    width=\"100%\" \n                    height=\"300\" \n                    frameborder=\"0\"\n                    loading=\"lazy\"\n                    style=\"border: none; overflow: hidden;\"\n                    title=\"ASIC Miner Widget\">\n            <\/iframe>\n        <\/div>\n<p>Especifica\u00e7\u00f5es<br \/>\nFabricante: Goldshell<br \/>\nModelo: Goldshell AL BOX III<br \/>\nTamb\u00e9m conhecido como: Goldshell AL BOX III - ALPH (Alephium) Miner<br \/>\nData de lan\u00e7amento: setembro de 2024<br \/>\nTamanho: 300 x 200 x 142 mm<br \/>\nPeso: 3100 g<br \/>\nN\u00edvel de ru\u00eddo: 55 db<br \/>\nF\u00e3s: 2<br \/>\nTaxa de hash: 1,25 Th<br \/>\nConsumo de energia: 600 W<br \/>\nLiga\u00e7\u00e3o: Ethernet<br \/>\nTemperatura de funcionamento: 5 - 35 \u00b0C<\/p>","protected":false},"excerpt":{"rendered":"<p>El Goldshell AL BOX III representa una actualizaci\u00f3n de su predecesor, el Goldshell AL BOX, que cuenta con el doble de hashrate y, en consecuencia, duplica las ganancias. Dise\u00f1ado para la miner\u00eda de monedas ALPH, el minero ASIC Goldshell AL Box 1.25 Th\/s 600W destaca por su eficiencia para las operaciones mineras dom\u00e9sticas. Su combinaci\u00f3n [&hellip;]<\/p>\n","protected":false},"featured_media":3936,"comment_status":"open","ping_status":"closed","template":"","meta":[],"product_brand":[],"product_cat":[19],"product_tag":[244,53,138,137],"class_list":{"0":"post-8639","1":"product","2":"type-product","3":"status-publish","4":"has-post-thumbnail","6":"product_cat-mineros","7":"product_tag-gme","8":"product_tag-goldshell-miner","9":"product_tag-mineros-para-avanzados","10":"product_tag-mineros-para-principiantes","12":"first","13":"outofstock","14":"featured","15":"taxable","16":"shipping-taxable","17":"purchasable","18":"product-type-simple"},"_links":{"self":[{"href":"https:\/\/pruebas.michollo.to\/pt\/wp-json\/wp\/v2\/product\/8639","targetHints":{"allow":["GET"]}}],"collection":[{"href":"https:\/\/pruebas.michollo.to\/pt\/wp-json\/wp\/v2\/product"}],"about":[{"href":"https:\/\/pruebas.michollo.to\/pt\/wp-json\/wp\/v2\/types\/product"}],"replies":[{"embeddable":true,"href":"https:\/\/pruebas.michollo.to\/pt\/wp-json\/wp\/v2\/comments?post=8639"}],"wp:featuredmedia":[{"embeddable":true,"href":"https:\/\/pruebas.michollo.to\/pt\/wp-json\/wp\/v2\/media\/3936"}],"wp:attachment":[{"href":"https:\/\/pruebas.michollo.to\/pt\/wp-json\/wp\/v2\/media?parent=8639"}],"wp:term":[{"taxonomy":"product_brand","embeddable":true,"href":"https:\/\/pruebas.michollo.to\/pt\/wp-json\/wp\/v2\/product_brand?post=8639"},{"taxonomy":"product_cat","embeddable":true,"href":"https:\/\/pruebas.michollo.to\/pt\/wp-json\/wp\/v2\/product_cat?post=8639"},{"taxonomy":"product_tag","embeddable":true,"href":"https:\/\/pruebas.michollo.to\/pt\/wp-json\/wp\/v2\/product_tag?post=8639"}],"curies":[{"name":"wp","href":"https:\/\/api.w.org\/{rel}","templated":true}]}}