{"id":994,"date":"2022-11-21T14:06:51","date_gmt":"2022-11-21T16:06:51","guid":{"rendered":"https:\/\/www.minandovoy.com\/?post_type=product&#038;p=994"},"modified":"2026-02-23T13:21:53","modified_gmt":"2026-02-23T12:21:53","slug":"antminer-k7-63-5t","status":"publish","type":"product","link":"https:\/\/pruebas.michollo.to\/pt\/produto\/antminer-k7-63-5t\/","title":{"rendered":"Bitmain Antminer K7 63.5T"},"content":{"rendered":"<h2 id=\"h-consecuencias-del-merge-de-ethereum\">Aposta segura para a Bitmain, Antminer K7.<\/h2>\n<p>Acha que n\u00e3o podemos surpreend\u00ea-lo? Espere, fique e leia tudo sobre isso!<br \/>\nnova m\u00e1quina para <a href=\"https:\/\/www.minandovoy.com\/antminer-k7-nuevo-lanzamiento-de-bitmain\/\">Bitmain ANTMINER K7<\/a>!<\/p>\n<p>Trata-se da Antminer K7, que tem uma pot\u00eancia de minera\u00e7\u00e3o de 63,5T e um consumo de energia de 3.080w\/h. Esta m\u00e1quina extrai o algoritmo EAGLESONG, cuja \u00fanica moeda \u00e9 o Nervos.<\/p>\n<p>T\u00eam um consumo de energia de 3080W por hora, gerando <strong>40$<\/strong> por dia.<br \/>\nEste ASIC extrai o algoritmo EAGLESONG, cuja \u00fanica moeda \u00e9 o conhecido Nervos.<\/p>\n<div class=\"asicminer-widget-container\" style=\"width: 100%; min-height: 300px;\">\n            <iframe id=\"asicminer-widget-5742\" \n                    src=\"https:\/\/pruebas.michollo.to\/wp-content\/themes\/minandovoy\/proxy-widget.php?miner=bitmain\/antminer-k7-63-5th&#038;type=profit&#038;theme=dark\" \n                    width=\"100%\" \n                    height=\"300\" \n                    frameborder=\"0\"\n                    loading=\"lazy\"\n                    style=\"border: none; overflow: hidden;\"\n                    title=\"ASIC Miner Widget\">\n            <\/iframe>\n        <\/div>\n<p>Contamos-lhe um pouco mais sobre o assunto:<\/p>\n<p><b>Nervos, e a sua rede mineira:<\/b><\/p>\n<p>A minera\u00e7\u00e3o Nervos (CKB) refere-se ao processo de valida\u00e7\u00e3o de transac\u00e7\u00f5es e de seguran\u00e7a da rede da plataforma blockchain Nervos, que utiliza o algoritmo de consenso Proof-of-Work (PoW).<\/p>\n<ol>\n<li><strong>Algoritmo de consenso<\/strong>A Nervos utiliza o algoritmo de consenso Proof-of-Work (PoW) para garantir a seguran\u00e7a e a integridade da rede. O PoW envolve mineiros que resolvem problemas criptogr\u00e1ficos complexos utilizando o seu poder de processamento e competindo para encontrar a solu\u00e7\u00e3o correcta.<\/li>\n<li><strong>Algoritmo de hashing:<\/strong> O algoritmo de hashing utilizado na minera\u00e7\u00e3o Nervos \u00e9 o Eaglesong. O Eaglesong \u00e9 um algoritmo de hashing criptogr\u00e1fico concebido especificamente para a Nervos e \u00e9 utilizado para calcular os blocos na cadeia de blocos e garantir a integridade das transac\u00e7\u00f5es.<\/li>\n<li><strong>Pr\u00e9mios de explora\u00e7\u00e3o mineira<\/strong>Os mineiros da Nervos recebem recompensas pela sua participa\u00e7\u00e3o no processo de minera\u00e7\u00e3o. As recompensas incluem tanto as moedas CKB rec\u00e9m-criadas como as taxas de transa\u00e7\u00e3o pagas pelos utilizadores. As recompensas s\u00e3o distribu\u00eddas entre os mineiros com base no seu poder de hashing e na sua contribui\u00e7\u00e3o para o processo de extra\u00e7\u00e3o.<\/li>\n<li><strong>Equipamento mineiro<\/strong>A minera\u00e7\u00e3o de Nervos pode ser feita usando hardware ASIC, como a nova m\u00e1quina que a Bitmain lan\u00e7ou, a Antminer K7 63.5T.<\/li>\n<li><strong>Piscinas de minera\u00e7\u00e3o<\/strong>Tal como acontece com outras criptomoedas, os mineiros da Nervos t\u00eam a op\u00e7\u00e3o de aderir a pools de minera\u00e7\u00e3o. Os pools de minera\u00e7\u00e3o permitem que os mineiros combinem seu poder de hashing e aumentem suas chances de resolver blocos e receber recompensas com mais regularidade. As recompensas s\u00e3o distribu\u00eddas entre os membros do pool com base na sua contribui\u00e7\u00e3o relativa para o poder de hashing total do pool.<\/li>\n<li><strong>Rentabilidade e factores a considerar<\/strong>A rentabilidade da extra\u00e7\u00e3o de Nervos depende de v\u00e1rios factores, como o custo da eletricidade, o pre\u00e7o das criptomoedas, a dificuldade da rede e a efici\u00eancia do hardware utilizado. \u00c9 importante ter em conta estes factores e efetuar c\u00e1lculos de rentabilidade antes de iniciar a explora\u00e7\u00e3o mineira.<\/li>\n<\/ol>\n<p><strong>Ficha CKB<\/strong><\/p>\n<p>O token CKB \u00e9 a criptomoeda nativa da plataforma blockchain da Nervos Network.<\/p>\n<ol>\n<li>F<strong>un\u00e7\u00e3o e utilidade<\/strong>A CKB, abreviatura de \"Common Knowledge Base\", \u00e9 utilizada como moeda nativa na rede Nervos. Tem v\u00e1rias fun\u00e7\u00f5es e utilidades dentro do ecossistema Nervos:\n<ul>\n<li>Pagamento de taxas: Os utilizadores da rede Nervos devem pagar uma pequena quantia de CKB como taxa pelo envio de transac\u00e7\u00f5es ou pela execu\u00e7\u00e3o de contratos inteligentes na rede.<\/li>\n<li>Incentivos para os mineiros: Os mineiros que protegem a rede e validam as transac\u00e7\u00f5es tamb\u00e9m recebem recompensas sob a forma de novas moedas CKB. Estas recompensas s\u00e3o uma combina\u00e7\u00e3o de blocos recentemente gerados e taxas de transa\u00e7\u00e3o cobradas.<\/li>\n<li>Participa\u00e7\u00e3o na governa\u00e7\u00e3o: os titulares de CKB podem participar na governa\u00e7\u00e3o da rede, nomeadamente votando em propostas de melhoria e participando na tomada de decis\u00f5es relacionadas com a evolu\u00e7\u00e3o e o desenvolvimento da rede Nervos.<\/li>\n<\/ul>\n<\/li>\n<li><strong>Fornecimento e emiss\u00e3o<\/strong>A oferta total da CKB \u00e9 de aproximadamente 33,6 mil milh\u00f5es de tokens. Ao contr\u00e1rio de algumas criptomoedas com oferta fixa, a Nervos tem um modelo de emiss\u00e3o inflacion\u00e1rio que foi concebido para incentivar a participa\u00e7\u00e3o dos mineiros e garantir a seguran\u00e7a da rede a longo prazo. A emiss\u00e3o de CKB est\u00e1 programada para diminuir gradualmente ao longo do tempo.<\/li>\n<li><strong>Interoperabilidade<\/strong>O token CKB suporta normas de interoperabilidade, o que significa que pode ser utilizado em aplica\u00e7\u00f5es e servi\u00e7os tanto dentro como fora do ecossistema Nervos. Isto permite a transfer\u00eancia de valor entre diferentes cadeias de blocos e promove a integra\u00e7\u00e3o da Nervos com outros projectos e plataformas.<\/li>\n<li><strong>Armazenamento de valor<\/strong>Para al\u00e9m da sua utilidade no ecossistema Nervos, o token CKB tamb\u00e9m pode ser utilizado como uma forma de reserva de valor. Os utilizadores podem manter a CKB como um investimento a longo prazo, tirando partido da crescente ado\u00e7\u00e3o da Nervos e da procura da moeda criptogr\u00e1fica.<\/li>\n<li><strong>Mercados e bolsas<\/strong>Token CKB: O token CKB est\u00e1 listado em v\u00e1rias bolsas de criptomoedas, permitindo aos utilizadores comprar, vender e negociar o mesmo. Tal como outras criptomoedas, o pre\u00e7o do CKB est\u00e1 sujeito \u00e0 oferta e procura do mercado, bem como a outros factores externos que podem influenciar o seu valor.<\/li>\n<\/ol>\n<p>&nbsp;<\/p>\n<p>&nbsp;<\/p>","protected":false},"excerpt":{"rendered":"<p>Apuesta segura para Bitmain, Antminer K7. \u00bfCrees que no podemos sorprenderte? \u00a1Espera, qu\u00e9date a leer todo sobre esta nueva m\u00e1quina de Bitmain ANTMINER K7! Se trata de la Antminer K7, que cuenta con una potencia de minado de 63.5T y un consumo el\u00e9ctrico de 3.080w\/h. Esta m\u00e1quina mina el algoritmo EAGLESONG, cuya \u00fanica moneda es [&hellip;]<\/p>\n","protected":false},"featured_media":995,"comment_status":"open","ping_status":"closed","template":"","meta":[],"product_brand":[],"product_cat":[19],"product_tag":[138],"class_list":{"0":"post-994","1":"product","2":"type-product","3":"status-publish","4":"has-post-thumbnail","6":"product_cat-mineros","7":"product_tag-mineros-para-avanzados","9":"first","10":"instock","11":"taxable","12":"shipping-taxable","13":"purchasable","14":"product-type-simple"},"_links":{"self":[{"href":"https:\/\/pruebas.michollo.to\/pt\/wp-json\/wp\/v2\/product\/994","targetHints":{"allow":["GET"]}}],"collection":[{"href":"https:\/\/pruebas.michollo.to\/pt\/wp-json\/wp\/v2\/product"}],"about":[{"href":"https:\/\/pruebas.michollo.to\/pt\/wp-json\/wp\/v2\/types\/product"}],"replies":[{"embeddable":true,"href":"https:\/\/pruebas.michollo.to\/pt\/wp-json\/wp\/v2\/comments?post=994"}],"wp:featuredmedia":[{"embeddable":true,"href":"https:\/\/pruebas.michollo.to\/pt\/wp-json\/wp\/v2\/media\/995"}],"wp:attachment":[{"href":"https:\/\/pruebas.michollo.to\/pt\/wp-json\/wp\/v2\/media?parent=994"}],"wp:term":[{"taxonomy":"product_brand","embeddable":true,"href":"https:\/\/pruebas.michollo.to\/pt\/wp-json\/wp\/v2\/product_brand?post=994"},{"taxonomy":"product_cat","embeddable":true,"href":"https:\/\/pruebas.michollo.to\/pt\/wp-json\/wp\/v2\/product_cat?post=994"},{"taxonomy":"product_tag","embeddable":true,"href":"https:\/\/pruebas.michollo.to\/pt\/wp-json\/wp\/v2\/product_tag?post=994"}],"curies":[{"name":"wp","href":"https:\/\/api.w.org\/{rel}","templated":true}]}}