{"id":183,"date":"2022-10-14T06:31:27","date_gmt":"2022-10-14T10:31:27","guid":{"rendered":"https:\/\/pruebas.michollo.to\/?page_id=183"},"modified":"2022-10-14T06:31:28","modified_gmt":"2022-10-14T10:31:28","slug":"politica-de-cookies","status":"publish","type":"page","link":"https:\/\/pruebas.michollo.to\/ru\/cookie-policy\/","title":{"rendered":"\u041f\u043e\u043b\u0438\u0442\u0438\u043a\u0430 \u0432 \u043e\u0442\u043d\u043e\u0448\u0435\u043d\u0438\u0438 \u0444\u0430\u0439\u043b\u043e\u0432 cookie"},"content":{"rendered":"<p>\u041f\u043e\u043b\u0438\u0442\u0438\u043a\u0430 \u0438\u0441\u043f\u043e\u043b\u044c\u0437\u043e\u0432\u0430\u043d\u0438\u044f \u0444\u0430\u0439\u043b\u043e\u0432 cookie<\/p>\n\n\n\n<p>\u041f\u043e\u0441\u043b\u0435\u0434\u043d\u0435\u0435 \u043e\u0431\u043d\u043e\u0432\u043b\u0435\u043d\u0438\u0435: 3\/22\/2022<\/p>\n\n\n\n<p>\u0420\u0435\u0437\u044e\u043c\u0435<\/p>\n\n\n\n<p>- \u0418\u0441\u043f\u043e\u043b\u044c\u0437\u0443\u0435\u043c\u044b\u0435 \u0444\u0430\u0439\u043b\u044b cookie: \u0421\u043e\u0431\u0441\u0442\u0432\u0435\u043d\u043d\u044b\u0435 \u0438 \u0441\u0442\u043e\u0440\u043e\u043d\u043d\u0438\u0435 \u0444\u0430\u0439\u043b\u044b cookie<\/p>\n\n\n\n<p>- \u0418\u0441\u043f\u043e\u043b\u044c\u0437\u0443\u044e\u0442\u0441\u044f \u043b\u0438 \u043e\u043d\u0438 \u0434\u043b\u044f \u0441\u0442\u0430\u0442\u0438\u0441\u0442\u0438\u043a\u0438? \u0414\u0430<\/p>\n\n\n\n<p>- \u0418\u0441\u043f\u043e\u043b\u044c\u0437\u0443\u044e\u0442\u0441\u044f \u043b\u0438 \u043e\u043d\u0438 \u0434\u043b\u044f \u0440\u0435\u043a\u043b\u0430\u043c\u044b? \u041d\u0435\u0442<\/p>\n\n\n\n<p>- \u0421\u0442\u043e\u0440\u043e\u043d\u043d\u0438\u0435 \u0441\u043b\u0443\u0436\u0431\u044b, \u043a\u043e\u0442\u043e\u0440\u044b\u0435 \u0443\u0441\u0442\u0430\u043d\u0430\u0432\u043b\u0438\u0432\u0430\u044e\u0442 \u0444\u0430\u0439\u043b\u044b cookie \u0447\u0435\u0440\u0435\u0437 \u044d\u0442\u043e\u0442 \u0441\u0430\u0439\u0442: Google Analytics,<br>Shopify<\/p>\n\n\n\n<p>\u041a\u0430\u043a \u0443\u0441\u0442\u0430\u043d\u043e\u0432\u0438\u0442\u044c \u0438 \u043e\u0442\u043a\u043b\u044e\u0447\u0438\u0442\u044c \u0444\u0430\u0439\u043b\u044b cookie<\/p>\n\n\n\n<p>\u0412\u044b \u043c\u043e\u0436\u0435\u0442\u0435 \u0440\u0430\u0437\u0440\u0435\u0448\u0438\u0442\u044c, \u0437\u0430\u0431\u043b\u043e\u043a\u0438\u0440\u043e\u0432\u0430\u0442\u044c \u0438\u043b\u0438 \u0443\u0434\u0430\u043b\u0438\u0442\u044c \u0444\u0430\u0439\u043b\u044b cookie, \u0443\u0441\u0442\u0430\u043d\u043e\u0432\u043b\u0435\u043d\u043d\u044b\u0435 \u043d\u0430 \u0432\u0430\u0448\u0435\u043c \u0443\u0441\u0442\u0440\u043e\u0439\u0441\u0442\u0432\u0435, \u0438\u0437 \u0441\u0432\u043e\u0435\u0433\u043e \u0431\u0440\u0430\u0443\u0437\u0435\u0440\u0430.<br>\u0432\u0435\u0431. \u0415\u0441\u043b\u0438 \u0432\u044b \u043d\u0435 \u0440\u0430\u0437\u0440\u0435\u0448\u0438\u0442\u0435 \u0443\u0441\u0442\u0430\u043d\u043e\u0432\u043a\u0443 \u0444\u0430\u0439\u043b\u043e\u0432 cookie \u043d\u0430 \u0441\u0432\u043e\u0435\u043c \u0443\u0441\u0442\u0440\u043e\u0439\u0441\u0442\u0432\u0435, \u0432\u0430\u0448\u0435 \u043f\u0440\u0435\u0431\u044b\u0432\u0430\u043d\u0438\u0435 \u043d\u0430 \u043d\u0430\u0448\u0435\u043c \u0441\u0430\u0439\u0442\u0435 \u043c\u043e\u0436\u0435\u0442 \u0431\u044b\u0442\u044c \u043d\u0435 \u0442\u0430\u043a\u0438\u043c \u0433\u043b\u0430\u0434\u043a\u0438\u043c, \u043a\u0430\u043a \u0434\u043e\u043b\u0436\u043d\u043e \u0431\u044b\u0442\u044c.<br>\u0443\u0445\u0443\u0434\u0448\u0435\u043d\u0438\u0435 \u043d\u0430\u0432\u0438\u0433\u0430\u0446\u0438\u0438. \u041d\u0438\u0436\u0435 \u043e\u043f\u0438\u0441\u0430\u043d\u043e, \u043a\u0430\u043a \u043d\u0430\u0441\u0442\u0440\u043e\u0438\u0442\u044c \u0444\u0430\u0439\u043b\u044b cookie \u0432 \u043a\u0430\u0436\u0434\u043e\u043c \u0438\u0437 \u0441\u043b\u0435\u0434\u0443\u044e\u0449\u0438\u0445 \u043f\u0443\u043d\u043a\u0442\u043e\u0432<br>\u0431\u0440\u0430\u0443\u0437\u0435\u0440:<\/p>\n\n\n\n<p>- \u041a\u0440\u0430\u0439<br>- Google Chrome<br>- Google Android<br>- Internet Explorer 7 \u0438 8<br>- Internet Explorer 9<br>- Internet Explorer 10<br>- Internet Explorer 11<br>- Mozilla Firefox<br>\u2013 Opera<br>- \u0421\u0430\u0444\u0430\u0440\u0438<br>- Safari Mobile<\/p>\n\n\n\n<p>1.- \u0422\u0438\u043f\u044b \u0438 \u0438\u0441\u043f\u043e\u043b\u044c\u0437\u043e\u0432\u0430\u043d\u0438\u0435<\/p>\n\n\n\n<p>\u0421\u0435\u0440\u0432\u0438\u0441 \u0438\u0441\u043f\u043e\u043b\u044c\u0437\u0443\u0435\u0442 \u0441\u043e\u0431\u0441\u0442\u0432\u0435\u043d\u043d\u044b\u0435 \u0438 \u0441\u0442\u043e\u0440\u043e\u043d\u043d\u0438\u0435 \u0444\u0430\u0439\u043b\u044b cookie \u0434\u043b\u044f \u0443\u043b\u0443\u0447\u0448\u0435\u043d\u0438\u044f \u043d\u0430\u0432\u0438\u0433\u0430\u0446\u0438\u0438, \u043f\u0440\u0435\u0434\u043e\u0441\u0442\u0430\u0432\u043b\u0435\u043d\u0438\u044f \u0443\u0441\u043b\u0443\u0433 \u0438 \u043f\u043e\u043b\u0443\u0447\u0435\u043d\u0438\u044f \u0441\u0442\u0430\u0442\u0438\u0441\u0442\u0438\u043a\u0438.<br>\u043e\u0431 \u0438\u0441\u043f\u043e\u043b\u044c\u0437\u043e\u0432\u0430\u043d\u0438\u0438 \u0432\u0435\u0431-\u0441\u0430\u0439\u0442\u0430.<\/p>\n\n\n\n<p>2.- \u0427\u0442\u043e \u0442\u0430\u043a\u043e\u0435 cookie \u0438 \u0434\u043b\u044f \u0447\u0435\u0433\u043e \u043e\u043d\u0438 \u0438\u0441\u043f\u043e\u043b\u044c\u0437\u0443\u044e\u0442\u0441\u044f?<\/p>\n\n\n\n<p>Cookie - \u044d\u0442\u043e \u0442\u0435\u043a\u0441\u0442\u043e\u0432\u044b\u0439 \u0444\u0430\u0439\u043b, \u043a\u043e\u0442\u043e\u0440\u044b\u0439 \u043e\u0442\u043f\u0440\u0430\u0432\u043b\u044f\u0435\u0442\u0441\u044f \u0432 \u0432\u0435\u0431-\u0431\u0440\u0430\u0443\u0437\u0435\u0440 \u0432\u0430\u0448\u0435\u0433\u043e \u043a\u043e\u043c\u043f\u044c\u044e\u0442\u0435\u0440\u0430, \u043c\u043e\u0431\u0438\u043b\u044c\u043d\u043e\u0433\u043e \u0442\u0435\u043b\u0435\u0444\u043e\u043d\u0430 \u0438\u043b\u0438 \u043f\u043b\u0430\u043d\u0448\u0435\u0442\u0430 \u0438 \u0438\u0441\u043f\u043e\u043b\u044c\u0437\u0443\u0435\u0442\u0441\u044f \u0434\u043b\u044f \u0441\u043b\u0435\u0434\u0443\u044e\u0449\u0438\u0445 \u0446\u0435\u043b\u0435\u0439<br>\u0445\u0440\u0430\u043d\u0438\u0442\u044c \u0438 \u0438\u0437\u0432\u043b\u0435\u043a\u0430\u0442\u044c \u0438\u043d\u0444\u043e\u0440\u043c\u0430\u0446\u0438\u044e \u043e \u0432\u0430\u0448\u0435\u0439 \u0430\u043a\u0442\u0438\u0432\u043d\u043e\u0441\u0442\u0438 \u0432 \u0431\u0440\u0430\u0443\u0437\u0435\u0440\u0435. \u041d\u0430\u043f\u0440\u0438\u043c\u0435\u0440, \u0437\u0430\u043f\u043e\u043c\u0438\u043d\u0430\u043d\u0438\u0435 \u0432\u0430\u0448\u0435\u0433\u043e \u0438\u043c\u0435\u043d\u0438 \u043f\u043e\u043b\u044c\u0437\u043e\u0432\u0430\u0442\u0435\u043b\u044f \u0438<br>\u043f\u0430\u0440\u043e\u043b\u044c \u0438\u043b\u0438 \u043f\u0440\u0435\u0434\u043f\u043e\u0447\u0442\u0435\u043d\u0438\u044f \u0432\u0430\u0448\u0435\u0433\u043e \u043f\u0440\u043e\u0444\u0438\u043b\u044f.<br><br>3.- \u041a\u0430\u043a\u0438\u0435 \u0441\u0443\u0449\u0435\u0441\u0442\u0432\u0443\u044e\u0442 \u0442\u0438\u043f\u044b \u0444\u0430\u0439\u043b\u043e\u0432 cookie?<\/p>\n\n\n\n<p>\u0412 \u0437\u0430\u0432\u0438\u0441\u0438\u043c\u043e\u0441\u0442\u0438 \u043e\u0442 \u0442\u043e\u0433\u043e, \u043a\u0442\u043e \u0438\u043c\u0438 \u0443\u043f\u0440\u0430\u0432\u043b\u044f\u0435\u0442:<\/p>\n\n\n\n<p>- \u0421\u043e\u0431\u0441\u0442\u0432\u0435\u043d\u043d\u044b\u0435 \u0444\u0430\u0439\u043b\u044b cookie; \u043e\u043d\u0438 \u043e\u0442\u043f\u0440\u0430\u0432\u043b\u044f\u044e\u0442\u0441\u044f \u0432 \u0432\u0430\u0448 \u0431\u0440\u0430\u0443\u0437\u0435\u0440 \u0441 \u043d\u0430\u0448\u0438\u0445 \u043a\u043e\u043c\u043f\u044c\u044e\u0442\u0435\u0440\u043e\u0432 \u0438\u043b\u0438 \u0432\u0435\u0431-\u0434\u043e\u043c\u0435\u043d\u043e\u0432.<\/p>\n\n\n\n<p>- \u0421\u0442\u043e\u0440\u043e\u043d\u043d\u0438\u0435 \u0444\u0430\u0439\u043b\u044b cookie; \u043e\u043d\u0438 \u043e\u0442\u043f\u0440\u0430\u0432\u043b\u044f\u044e\u0442\u0441\u044f \u0432 \u0432\u0430\u0448 \u0431\u0440\u0430\u0443\u0437\u0435\u0440 \u0441 \u043a\u043e\u043c\u043f\u044c\u044e\u0442\u0435\u0440\u0430 \u0438\u043b\u0438 \u0432\u0435\u0431-\u0434\u043e\u043c\u0435\u043d\u0430, \u043a\u043e\u0442\u043e\u0440\u044b\u0439 \u043d\u0435 \u0443\u043f\u0440\u0430\u0432\u043b\u044f\u0435\u0442\u0441\u044f \u043d\u0430\u043c\u0438.<br>\u043d\u0435\u043f\u043e\u0441\u0440\u0435\u0434\u0441\u0442\u0432\u0435\u043d\u043d\u043e, \u0430 \u0441\u0442\u043e\u0440\u043e\u043d\u043d\u044f\u044f \u043e\u0440\u0433\u0430\u043d\u0438\u0437\u0430\u0446\u0438\u044f, \u043d\u0430\u043f\u0440\u0438\u043c\u0435\u0440, Google.<\/p>\n\n\n\n<p>\u0412 \u0437\u0430\u0432\u0438\u0441\u0438\u043c\u043e\u0441\u0442\u0438 \u043e\u0442 \u0442\u043e\u0433\u043e, \u043a\u0430\u043a \u0434\u043e\u043b\u0433\u043e \u043e\u043d\u0438 \u0430\u043a\u0442\u0438\u0432\u043d\u044b, \u0441\u0443\u0449\u0435\u0441\u0442\u0432\u0443\u044e\u0442:<\/p>\n\n\n\n<p>- \u0421\u0435\u0430\u043d\u0441\u043e\u0432\u044b\u0435 \u0444\u0430\u0439\u043b\u044b cookie; \u043e\u043d\u0438 \u043e\u0441\u0442\u0430\u044e\u0442\u0441\u044f \u0432 \u0444\u0430\u0439\u043b\u0435 cookie \u0432\u0430\u0448\u0435\u0433\u043e \u0431\u0440\u0430\u0443\u0437\u0435\u0440\u0430 \u0434\u043e \u0442\u0435\u0445 \u043f\u043e\u0440, \u043f\u043e\u043a\u0430 \u0432\u044b \u043d\u0435 \u043f\u043e\u043a\u0438\u043d\u0435\u0442\u0435 \u0441\u0430\u0439\u0442,<br>\u0447\u0442\u043e\u0431\u044b \u043d\u0438 \u043e\u0434\u043d\u0430 \u0438\u0437 \u043d\u0438\u0445 \u043d\u0435 \u043e\u0441\u0442\u0430\u043b\u0430\u0441\u044c \u043d\u0430 \u0432\u0430\u0448\u0435\u043c \u0443\u0441\u0442\u0440\u043e\u0439\u0441\u0442\u0432\u0435.<\/p>\n\n\n\n<p>- \u041f\u043e\u0441\u0442\u043e\u044f\u043d\u043d\u044b\u0435 \u0444\u0430\u0439\u043b\u044b cookie; \u043e\u043d\u0438 \u043e\u0441\u0442\u0430\u044e\u0442\u0441\u044f \u043d\u0430 \u0432\u0430\u0448\u0435\u043c \u0443\u0441\u0442\u0440\u043e\u0439\u0441\u0442\u0432\u0435, \u0438 \u043d\u0430\u0448 \u0441\u0430\u0439\u0442 \u0441\u0447\u0438\u0442\u044b\u0432\u0430\u0435\u0442 \u0438\u0445 \u043f\u0440\u0438 \u043a\u0430\u0436\u0434\u043e\u043c \u043d\u043e\u0432\u043e\u043c \u043f\u043e\u0441\u0435\u0449\u0435\u043d\u0438\u0438.<br>\u043f\u043e\u0441\u0435\u0449\u0435\u043d\u0438\u0435. \u042d\u0442\u0438 \u0444\u0430\u0439\u043b\u044b cookie \u043f\u0435\u0440\u0435\u0441\u0442\u0430\u044e\u0442 \u0440\u0430\u0431\u043e\u0442\u0430\u0442\u044c \u043f\u043e\u0441\u043b\u0435 \u043e\u043f\u0440\u0435\u0434\u0435\u043b\u0435\u043d\u043d\u043e\u0439 \u0434\u0430\u0442\u044b.<\/p>\n\n\n\n<p>\u041d\u0430\u043a\u043e\u043d\u0435\u0446, \u0432 \u0441\u043e\u043e\u0442\u0432\u0435\u0442\u0441\u0442\u0432\u0438\u0438 \u0441 \u0438\u0445 \u0446\u0435\u043b\u044c\u044e, \u043c\u044b \u0438\u043c\u0435\u0435\u043c:<\/p>\n\n\n\n<p>- \u0422\u0435\u0445\u043d\u0438\u0447\u0435\u0441\u043a\u0438\u0435 \u0444\u0430\u0439\u043b\u044b cookie; \u043e\u043d\u0438 \u0443\u043b\u0443\u0447\u0448\u0430\u044e\u0442 \u043f\u0440\u043e\u0441\u043c\u043e\u0442\u0440 \u0438 \u043d\u0430\u0434\u043b\u0435\u0436\u0430\u0449\u0435\u0435 \u0444\u0443\u043d\u043a\u0446\u0438\u043e\u043d\u0438\u0440\u043e\u0432\u0430\u043d\u0438\u0435 \u0432\u0435\u0431-\u0441\u0430\u0439\u0442\u0430.<\/p>\n\n\n\n<p>- Cookies \u043f\u0435\u0440\u0441\u043e\u043d\u0430\u043b\u0438\u0437\u0430\u0446\u0438\u0438; \u043e\u043d\u0438 \u043f\u043e\u0437\u0432\u043e\u043b\u044f\u044e\u0442 \u043f\u043e\u043b\u0443\u0447\u0438\u0442\u044c \u0434\u043e\u0441\u0442\u0443\u043f \u043a \u0443\u0441\u043b\u0443\u0433\u0435 \u0441 \u0437\u0430\u0440\u0430\u043d\u0435\u0435 \u043e\u043f\u0440\u0435\u0434\u0435\u043b\u0435\u043d\u043d\u044b\u043c\u0438 \u0445\u0430\u0440\u0430\u043a\u0442\u0435\u0440\u0438\u0441\u0442\u0438\u043a\u0430\u043c\u0438 \u043d\u0430 \u043e\u0441\u043d\u043e\u0432\u0435<br>\u0440\u044f\u0434 \u043a\u0440\u0438\u0442\u0435\u0440\u0438\u0435\u0432.<\/p>\n\n\n\n<p>- \u0410\u043d\u0430\u043b\u0438\u0442\u0438\u0447\u0435\u0441\u043a\u0438\u0435 \u0444\u0430\u0439\u043b\u044b cookie; \u043e\u043d\u0438 \u043f\u043e\u0437\u0432\u043e\u043b\u044f\u044e\u0442 \u043f\u0440\u043e\u0432\u043e\u0434\u0438\u0442\u044c \u0441\u0442\u0430\u0442\u0438\u0441\u0442\u0438\u0447\u0435\u0441\u043a\u043e\u0435 \u0438\u0437\u043c\u0435\u0440\u0435\u043d\u0438\u0435 \u0438 \u0430\u043d\u0430\u043b\u0438\u0437 \u0438\u0441\u043f\u043e\u043b\u044c\u0437\u043e\u0432\u0430\u043d\u0438\u044f \u043f\u0440\u0435\u0434\u043e\u0441\u0442\u0430\u0432\u043b\u044f\u0435\u043c\u044b\u0445 \u0443\u0441\u043b\u0443\u0433.<\/p>\n\n\n\n<p>\u041d\u0430\u0437\u0432\u0430\u043d\u0438\u0435 \u041f\u0440\u043e\u0438\u0441\u0445\u043e\u0436\u0434\u0435\u043d\u0438\u0435 \u041d\u0430\u0437\u043d\u0430\u0447\u0435\u043d\u0438\u0435 \u0422\u0438\u043f \u0421\u0440\u043e\u043a \u0434\u0435\u0439\u0441\u0442\u0432\u0438\u044f<br>secure_customer_sig minandovoy.com \u0444\u0443\u043d\u043a\u0446\u0438\u043e\u043d\u0430\u043b\u044c\u043d\u044b\u0435 \u0442\u0440\u0435\u0442\u044c\u0438 \u0441\u0442\u043e\u0440\u043e\u043d\u044b 1 \u0433\u043e\u0434<\/p>\n\n\n\n<p>\u043b\u043e\u043a\u0430\u043b\u0438\u0437\u0430\u0446\u0438\u044f minandovoy.com \u0430\u043d\u0430\u043b\u0438\u0442\u0438\u043a\u0430 \u0442\u0440\u0435\u0442\u044c\u044f 2 \u043d\u0435\u0434\u0435\u043b\u0438<br>\u0438 \u0430\u043d\u0430\u043b\u0438\u0442\u0438\u043a\u0430 \u0442\u0440\u0435\u0442\u044c\u0438\u0445 \u043b\u0438\u0446 \u0434\u043b\u044f .minandovoy.com 1 \u0433\u043e\u0434<br>_shopify_y .minandovoy.com \u0430\u043d\u0430\u043b\u0438\u0442\u0438\u043a\u0430 \u0442\u0440\u0435\u0442\u044c\u0438\u0445 \u043b\u0438\u0446 1 \u0433\u043e\u0434<br>_shopify_sa_t .minandovoy.com \u0441\u0442\u043e\u0440\u043e\u043d\u043d\u0438\u0435 \u0430\u043d\u0430\u043b\u0438\u0442\u0438\u043a\u0438 1 \u043c\u0438\u043d\u0443\u0442\u0430<br>_shopify_sa_p .minandovoy.com \u0441\u0442\u043e\u0440\u043e\u043d\u043d\u0438\u0435 \u0430\u043d\u0430\u043b\u0438\u0442\u0438\u043a\u0438 1 \u043c\u0438\u043d\u0443\u0442\u0430<br>_shopify_s .minandovoy.com \u0430\u043d\u0430\u043b\u0438\u0442\u0438\u043a\u0430 \u0442\u0440\u0435\u0442\u044c\u0438 \u0441\u0442\u043e\u0440\u043e\u043d\u044b 1 \u043c\u0438\u043d\u0443\u0442\u0430<br>_s .minandovoy.com \u0441\u0442\u043e\u0440\u043e\u043d\u043d\u0438\u0435 \u0430\u043d\u0430\u043b\u0438\u0442\u0438\u043a\u0438 1 \u043c\u0438\u043d\u0443\u0442\u0430<br>_orig_referrer .minandovoy.com \u0430\u043d\u0430\u043b\u0438\u0442\u0438\u043a\u0430 \u0442\u0440\u0435\u0442\u044c\u044f 2 \u043d\u0435\u0434\u0435\u043b\u0438<br>_ landing_page .minandovoy.com \u0430\u043d\u0430\u043b\u0438\u0442\u0438\u043a\u0430 \u0442\u0440\u0435\u0442\u044c\u044f 2 \u043d\u0435\u0434\u0435\u043b\u0438<br>_gid .minandovoy.com \u0430\u043d\u0430\u043b\u0438\u0442\u0438\u043a\u0430 \u0442\u0440\u0435\u0442\u044c\u044f 1 \u0434\u0435\u043d\u044c<br>_ga .minandovoy.com \u0442\u0440\u0435\u0442\u0438\u0439 7 \u0434\u043d\u0435\u0439 \u0430\u043d\u0430\u043b\u0438\u0442\u0438\u043a\u0430<\/p>\n\n\n\n<p>Google Analytics: \u0435\u0433\u043e \u0444\u0430\u0439\u043b cookie \"_ga\" \u043f\u043e\u0437\u0432\u043e\u043b\u044f\u0435\u0442 \u043f\u043e\u0434\u0441\u0447\u0438\u0442\u044b\u0432\u0430\u0442\u044c \u043a\u043e\u043b\u0438\u0447\u0435\u0441\u0442\u0432\u043e \u043f\u043e\u0441\u0435\u0449\u0435\u043d\u0438\u0439 \u0441\u0430\u0439\u0442\u0430 \u043f\u043e\u043b\u044c\u0437\u043e\u0432\u0430\u0442\u0435\u043b\u0435\u043c,<br>\u043a\u0430\u043a, \u043a\u043e\u0433\u0434\u0430 \u0438 \u043e\u0442\u043a\u0443\u0434\u0430 \u043e\u043d \u044d\u0442\u043e \u0434\u0435\u043b\u0430\u0435\u0442, \u0430 \u0435\u0433\u043e \u0444\u0430\u0439\u043b cookie \"_gid\" \u0438\u0441\u043f\u043e\u043b\u044c\u0437\u0443\u0435\u0442\u0441\u044f \u0434\u043b\u044f \u0440\u0430\u0437\u043b\u0438\u0447\u0435\u043d\u0438\u044f \u043f\u043e\u043b\u044c\u0437\u043e\u0432\u0430\u0442\u0435\u043b\u0435\u0439.<br>\u0412 \u043b\u044e\u0431\u043e\u043c \u0441\u043b\u0443\u0447\u0430\u0435, \u0432\u044b \u043c\u043e\u0436\u0435\u0442\u0435 \u043e\u0442\u043a\u043b\u044e\u0447\u0438\u0442\u044c cookies Google Analytics \u0437\u0434\u0435\u0441\u044c.<br>Google: \u0412 \u043b\u044e\u0431\u043e\u043c \u0441\u043b\u0443\u0447\u0430\u0435, \u0437\u0434\u0435\u0441\u044c \u0432\u044b \u043c\u043e\u0436\u0435\u0442\u0435 \u043d\u0430\u0439\u0442\u0438 \u0431\u043e\u043b\u0435\u0435 \u043f\u043e\u0434\u0440\u043e\u0431\u043d\u0443\u044e \u0438\u043d\u0444\u043e\u0440\u043c\u0430\u0446\u0438\u044e \u043e \u0442\u0438\u043f\u0430\u0445 \u0444\u0430\u0439\u043b\u043e\u0432 cookie, \u043a\u043e\u0442\u043e\u0440\u044b\u0435 \u043c\u044b \u0438\u0441\u043f\u043e\u043b\u044c\u0437\u0443\u0435\u043c.<br>\u0438\u0441\u043f\u043e\u043b\u044c\u0437\u0443\u0435\u0442 Google \u0432\u043e \u0432\u0441\u0435\u0445 \u0441\u0432\u043e\u0438\u0445 \u043c\u043d\u043e\u0433\u043e\u0447\u0438\u0441\u043b\u0435\u043d\u043d\u044b\u0445 \u0441\u0435\u0440\u0432\u0438\u0441\u0430\u0445.<br>\u0411\u043e\u043b\u0435\u0435 \u043f\u043e\u0434\u0440\u043e\u0431\u043d\u0443\u044e \u0438\u043d\u0444\u043e\u0440\u043c\u0430\u0446\u0438\u044e \u043e \u0444\u0430\u0439\u043b\u0430\u0445 cookie Shopify \u043c\u043e\u0436\u043d\u043e \u043d\u0430\u0439\u0442\u0438 \u0437\u0434\u0435\u0441\u044c.<\/p>","protected":false},"excerpt":{"rendered":"<p>Pol\u00edtica de Cookies \u00daltima actualizaci\u00f3n: 3\/22\/2022 Sumario \u2022 Cookies usadas: Propias y de Terceros \u2022 \u00bfSe usan para obtener estad\u00edsticas? S\u00ed \u2022 \u00bfSe usan para publicidad? No \u2022 Servicios de terceros que instalan cookies a trav\u00e9s de esta web: Google Analytics,Shopify C\u00f3mo configurar y deshabilitar las cookies Puedes permitir, bloquear o eliminar las cookies instaladas [&hellip;]<\/p>\n","protected":false},"author":1,"featured_media":0,"parent":0,"menu_order":0,"comment_status":"closed","ping_status":"closed","template":"","meta":{"footnotes":""},"class_list":["post-183","page","type-page","status-publish","hentry"],"_links":{"self":[{"href":"https:\/\/pruebas.michollo.to\/ru\/wp-json\/wp\/v2\/pages\/183","targetHints":{"allow":["GET"]}}],"collection":[{"href":"https:\/\/pruebas.michollo.to\/ru\/wp-json\/wp\/v2\/pages"}],"about":[{"href":"https:\/\/pruebas.michollo.to\/ru\/wp-json\/wp\/v2\/types\/page"}],"author":[{"embeddable":true,"href":"https:\/\/pruebas.michollo.to\/ru\/wp-json\/wp\/v2\/users\/1"}],"replies":[{"embeddable":true,"href":"https:\/\/pruebas.michollo.to\/ru\/wp-json\/wp\/v2\/comments?post=183"}],"version-history":[{"count":0,"href":"https:\/\/pruebas.michollo.to\/ru\/wp-json\/wp\/v2\/pages\/183\/revisions"}],"wp:attachment":[{"href":"https:\/\/pruebas.michollo.to\/ru\/wp-json\/wp\/v2\/media?parent=183"}],"curies":[{"name":"wp","href":"https:\/\/api.w.org\/{rel}","templated":true}]}}