{"id":1268,"date":"2023-02-01T08:43:49","date_gmt":"2023-02-01T10:43:49","guid":{"rendered":"https:\/\/www.minandovoy.com\/?post_type=product&#038;p=1268"},"modified":"2025-09-04T10:29:14","modified_gmt":"2025-09-04T08:29:14","slug":"antminer-hs3-9t","status":"publish","type":"product","link":"https:\/\/pruebas.michollo.to\/ru\/product\/antminer-hs3-9t\/","title":{"rendered":"Antminer HS3 9Th"},"content":{"rendered":"<p>\u0417\u043d\u0430\u0435\u0442\u0435 \u043b\u0438 \u0432\u044b \u043e HANDSHAKE \u043c\u0430\u0439\u043d\u0438\u043d\u0433\u0435? \u041d\u0430\u0432\u0435\u0440\u043d\u044f\u043a\u0430 \u0432\u044b \u0441\u043b\u044b\u0448\u0430\u043b\u0438 \u043e \u043d\u0435\u043c, \u043d\u043e\u0432\u044b\u0439 \u0440\u0435\u043b\u0438\u0437 Antminer HS3 9T \u0443\u0431\u0435\u0434\u0438\u0442 \u0432\u0430\u0441 \u0432 \u0442\u043e\u043c, \u0447\u0442\u043e \u0432\u044b \u0445\u043e\u0442\u0438\u0442\u0435 \u0434\u043e\u0431\u044b\u0432\u0430\u0442\u044c \u044d\u0442\u0443 \u043a\u0440\u0438\u043f\u0442\u043e\u0432\u0430\u043b\u044e\u0442\u0443.<\/p>\n<p>\u0414\u043b\u044f \u044d\u0442\u043e\u0439 \u043c\u0430\u0448\u0438\u043d\u044b \u043d\u0430\u0438\u0431\u043e\u043b\u0435\u0435 \u0440\u0435\u043d\u0442\u0430\u0431\u0435\u043b\u044c\u043d\u044b\u043c \u0434\u043b\u044f \u0434\u043e\u0431\u044b\u0447\u0438 \u0430\u043b\u0433\u043e\u0440\u0438\u0442\u043c\u043e\u043c \u044f\u0432\u043b\u044f\u0435\u0442\u0441\u044f <a href=\"https:\/\/coinmarketcap.com\/es\/currencies\/handshake\/\"><b>\u0420\u0443\u043a\u043e\u043f\u043e\u0436\u0430\u0442\u0438\u0435<\/b><\/a>\u0441 \u043c\u043e\u0449\u043d\u043e\u0441\u0442\u044c\u044e \u0434\u043e\u0431\u044b\u0447\u0438 9TH \u0432 \u0441\u0435\u043a\u0443\u043d\u0434\u0443 \u0438 \u044d\u043d\u0435\u0440\u0433\u043e\u043f\u043e\u0442\u0440\u0435\u0431\u043b\u0435\u043d\u0438\u0435\u043c 2 079 \u0412\u0442\/\u0447\u0430\u0441.<\/p>\n<p>\u042d\u0442\u043e ANTMINER HS3 9T.<\/p>\n<div class=\"asicminer-widget-container\" style=\"width: 100%; min-height: 300px;\">\n            <iframe id=\"asicminer-widget-4585\" \n                    src=\"https:\/\/pruebas.michollo.to\/wp-content\/themes\/minandovoy\/proxy-widget.php?miner=bitmain\/antminer-hs3-9th&#038;type=profit&#038;theme=dark\" \n                    width=\"100%\" \n                    height=\"300\" \n                    frameborder=\"0\"\n                    loading=\"lazy\"\n                    style=\"border: none; overflow: hidden;\"\n                    title=\"ASIC Miner Widget\">\n            <\/iframe>\n        <\/div>\n<h3><b>\u0427\u0442\u043e \u0442\u0430\u043a\u043e\u0435 Bitmain?<\/b><\/h3>\n<p><em>Bitmain<\/em>\u00a0\u044d\u0442\u043e \u043a\u043e\u043c\u043f\u0430\u043d\u0438\u044f, \u0431\u0430\u0437\u0438\u0440\u0443\u044e\u0449\u0430\u044f\u0441\u044f \u0432 \u041f\u0435\u043a\u0438\u043d\u0435, \u041a\u0438\u0442\u0430\u0439. \u041e\u043d\u0430 \u0441\u0447\u0438\u0442\u0430\u0435\u0442\u0441\u044f \u043e\u0434\u043d\u043e\u0439 \u0438\u0437 \u0441\u0430\u043c\u044b\u0445 \u0432\u0430\u0436\u043d\u044b\u0445 \u043a\u043e\u043c\u043f\u0430\u043d\u0438\u0439 \u0432 \u043a\u0440\u0438\u043f\u0442\u043e\u0432\u0430\u043b\u044e\u0442\u043d\u043e\u0439 \u0438\u043d\u0434\u0443\u0441\u0442\u0440\u0438\u0438 \u0431\u043b\u0430\u0433\u043e\u0434\u0430\u0440\u044f \u043f\u0440\u043e\u0438\u0437\u0432\u043e\u0434\u0441\u0442\u0432\u0443 \u0432\u044b\u0441\u043e\u043a\u043e\u043a\u0430\u0447\u0435\u0441\u0442\u0432\u0435\u043d\u043d\u043e\u0433\u043e \u043e\u0431\u043e\u0440\u0443\u0434\u043e\u0432\u0430\u043d\u0438\u044f \u0434\u043b\u044f \u043c\u0430\u0439\u043d\u0438\u043d\u0433\u0430 \u0441 \u043e\u0433\u0440\u043e\u043c\u043d\u044b\u043c\u0438 \u0432\u043e\u0437\u043c\u043e\u0436\u043d\u043e\u0441\u0442\u044f\u043c\u0438 \u0434\u043b\u044f \u0434\u043e\u0431\u044b\u0447\u0438 \u0438 \u0441\u0432\u043e\u0438\u043c \u0442\u0435\u0445\u043d\u043e\u043b\u043e\u0433\u0438\u0447\u0435\u0441\u043a\u0438\u043c \u0434\u043e\u0441\u0442\u0438\u0436\u0435\u043d\u0438\u044f\u043c. \u041e\u043d\u0430 \u044f\u0432\u043b\u044f\u0435\u0442\u0441\u044f \u043a\u0440\u0443\u043f\u043d\u0435\u0439\u0448\u0438\u043c \u0432 \u043c\u0438\u0440\u0435 \u0440\u0430\u0437\u0440\u0430\u0431\u043e\u0442\u0447\u0438\u043a\u043e\u043c\u00a0<a href=\"https:\/\/www.minandovoy.com\/categoria\/mineros\/\">\u043e\u0431\u043e\u0440\u0443\u0434\u043e\u0432\u0430\u043d\u0438\u0435\u00a0<em>ASIC<\/em><\/a>\u00a0\u0434\u043b\u044f \u0434\u043e\u0431\u044b\u0447\u0438 \u043f\u043e\u043b\u0435\u0437\u043d\u044b\u0445 \u0438\u0441\u043a\u043e\u043f\u0430\u0435\u043c\u044b\u0445\u00a0<em>\u0411\u0438\u0442\u043a\u043e\u0438\u043d<\/em>.<\/p>\n<p>\u041a\u043e\u043c\u043f\u0430\u043d\u0438\u044f Bitmain \u0432 \u043e\u0441\u043d\u043e\u0432\u043d\u043e\u043c \u0438\u0437\u0432\u0435\u0441\u0442\u043d\u0430 \u0441\u0432\u043e\u0438\u043c \u043e\u0431\u043e\u0440\u0443\u0434\u043e\u0432\u0430\u043d\u0438\u0435\u043c \u0434\u043b\u044f \u0411\u0438\u0442\u043a\u043e\u0439\u043d\u0430, \u0445\u043e\u0442\u044f \u043e\u043d\u0430 \u0437\u0430\u0438\u043d\u0442\u0435\u0440\u0435\u0441\u043e\u0432\u0430\u043d\u0430 \u0432 \u043f\u0440\u043e\u0435\u043a\u0442\u0430\u0445, \u043a\u043e\u0442\u043e\u0440\u044b\u0435 \u043f\u0440\u0438\u0432\u043d\u043e\u0441\u044f\u0442 \u0441\u043e\u043b\u0438\u0434\u043d\u043e\u0441\u0442\u044c \u0432 \u0435\u0435 \u0431\u0438\u0437\u043d\u0435\u0441, \u0442\u0430\u043a\u0438\u0445 \u043a\u0430\u043a Ethereum\/Ethereum Classic.<\/p>\n<p>\u0412 \u0430\u043f\u0440\u0435\u043b\u0435 2021 \u0433\u043e\u0434\u0430 \u043a\u0440\u0443\u043f\u043d\u044b\u0439 \u043f\u0440\u043e\u0438\u0437\u0432\u043e\u0434\u0438\u0442\u0435\u043b\u044c \u043e\u0431\u044a\u044f\u0432\u0438\u043b \u043e \u0437\u0430\u043f\u0443\u0441\u043a\u0435 \u043c\u0430\u0448\u0438\u043d\u044b \u0434\u043b\u044f \u0434\u043e\u0431\u044b\u0447\u0438 \u044d\u0442\u0440\u0435\u0443\u043c\u0430, \u043a\u043e\u0442\u043e\u0440\u0430\u044f \u0431\u0443\u0434\u0435\u0442 \u043d\u0430\u0437\u0432\u0430\u043d\u0430,\u00a0<a href=\"https:\/\/www.asicminervalue.com\/miners\/bitmain\/antminer-e9-2-4gh\" target=\"_blank\" rel=\"noopener\">Antminer E9<\/a>. \u042d\u0442\u043e\u0442 \u043d\u0430\u0441\u0442\u043e\u044f\u0449\u0438\u0439 \u0437\u0432\u0435\u0440\u044c \u043e\u0431\u043b\u0430\u0434\u0430\u0435\u0442 \u043c\u043e\u0449\u043d\u043e\u0441\u0442\u044c\u044e, \u044d\u043a\u0432\u0438\u0432\u0430\u043b\u0435\u043d\u0442\u043d\u043e\u0439 25 \u0433\u0440\u0430\u0444\u0438\u0447\u0435\u0441\u043a\u0438\u043c \u043f\u0440\u043e\u0446\u0435\u0441\u0441\u043e\u0440\u0430\u043c Nvidia RTX 3080.<\/p>\n<p>&nbsp;<\/p>\n<h2>\u041d\u0415\u041c\u041d\u041e\u0413\u041e \u041e <a href=\"https:\/\/www.minandovoy.com\/tienda\/?algoritmos=handshake\">HANDSHAKE<\/a> \u0438 \u0434\u043e\u0431\u044b\u0447\u0443 \u043f\u043e\u043b\u0435\u0437\u043d\u044b\u0445 \u0438\u0441\u043a\u043e\u043f\u0430\u0435\u043c\u044b\u0445 \u0441 \u043f\u043e\u043c\u043e\u0449\u044c\u044e \u043d\u043e\u0432\u043e\u0433\u043e \u043c\u0443\u0440\u0430\u0432\u044c\u0435\u0434\u0430 HS3 9T:<\/h2>\n<p>Handshake - \u044d\u0442\u043e \u0431\u043b\u043e\u043a\u0447\u0435\u0439\u043d-\u043f\u0440\u043e\u0435\u043a\u0442, \u043a\u043e\u0442\u043e\u0440\u044b\u0439 \u043a\u043e\u043c\u0430\u043d\u0434\u0430 \u043e\u043f\u0440\u0435\u0434\u0435\u043b\u044f\u0435\u0442 \u043a\u0430\u043a \"\u0431\u043b\u043e\u043a\u0447\u0435\u0439\u043d-\u043f\u0440\u043e\u0435\u043a\u0442\".<strong>\u0434\u0435\u0446\u0435\u043d\u0442\u0440\u0430\u043b\u0438\u0437\u043e\u0432\u0430\u043d\u043d\u044b\u0439 \u0438 \u043d\u0435 \u0442\u0440\u0435\u0431\u0443\u044e\u0449\u0438\u0439 \u0440\u0430\u0437\u0440\u0435\u0448\u0435\u043d\u0438\u044f \u043f\u0440\u043e\u0442\u043e\u043a\u043e\u043b \u0438\u043c\u0435\u043d\u043e\u0432\u0430\u043d\u0438\u044f, \u0441\u043e\u0432\u043c\u0435\u0441\u0442\u0438\u043c\u044b\u0439 \u0441 DNS<\/strong>\u00a0\u0433\u0434\u0435 \u043a\u0430\u0436\u0434\u044b\u0439 \u043f\u0438\u0440 \u0432\u0430\u043b\u0438\u0434\u0438\u0440\u0443\u0435\u0442 \u0438 \u043e\u0442\u0432\u0435\u0447\u0430\u0435\u0442 \u0437\u0430 \u0430\u0434\u043c\u0438\u043d\u0438\u0441\u0442\u0440\u0438\u0440\u043e\u0432\u0430\u043d\u0438\u0435 \u043a\u043e\u0440\u043d\u0435\u0432\u043e\u0439 \u0437\u043e\u043d\u044b \u0441 \u0446\u0435\u043b\u044c\u044e \u0441\u043e\u0437\u0434\u0430\u043d\u0438\u044f \u0430\u043b\u044c\u0442\u0435\u0440\u043d\u0430\u0442\u0438\u0432\u044b \u0441\u0443\u0449\u0435\u0441\u0442\u0432\u0443\u044e\u0449\u0438\u043c \u0446\u0435\u043d\u0442\u0440\u0430\u043c \u0441\u0435\u0440\u0442\u0438\u0444\u0438\u043a\u0430\u0446\u0438\u0438\".<\/p>\n<p>\u0426\u0435\u043b\u044c Handshake \u0437\u0430\u043a\u043b\u044e\u0447\u0430\u0435\u0442\u0441\u044f \u0432 \u0441\u043b\u0435\u0434\u0443\u044e\u0449\u0435\u043c <strong>\u0437\u0430\u043c\u0435\u043d\u0438\u0442\u044c \u0444\u0430\u0439\u043b \u043a\u043e\u0440\u043d\u0435\u0432\u043e\u0439 \u0437\u043e\u043d\u044b \u0438 \u043a\u043e\u0440\u043d\u0435\u0432\u044b\u0435 \u0441\u0435\u0440\u0432\u0435\u0440\u044b \u043d\u0430 \u043e\u0431\u0449\u0435\u0434\u043e\u0441\u0442\u0443\u043f\u043d\u044b\u0435<\/strong>. \u0422\u0430\u043a\u0438\u043c \u043e\u0431\u0440\u0430\u0437\u043e\u043c, \u0435\u0433\u043e \u043f\u0440\u043e\u0442\u043e\u043a\u043e\u043b \u043f\u043e\u0434\u0434\u0435\u0440\u0436\u0438\u0432\u0430\u0435\u0442 \u0444\u0430\u0439\u043b \u043a\u043e\u0440\u043d\u0435\u0432\u043e\u0439 \u0437\u043e\u043d\u044b \u0434\u0435\u0446\u0435\u043d\u0442\u0440\u0430\u043b\u0438\u0437\u043e\u0432\u0430\u043d\u043d\u044b\u043c \u043e\u0431\u0440\u0430\u0437\u043e\u043c.<\/p>\n<p>\u0420\u0443\u043a\u043e\u043f\u043e\u0436\u0430\u0442\u0438\u0435 \u043d\u0430\u043f\u0440\u0430\u0432\u043b\u0435\u043d\u043e \u043d\u0430 <strong>\u0437\u0430\u043c\u0435\u043d\u0438\u0442\u044c \u0446\u0438\u0444\u0440\u043e\u0432\u044b\u0435 \u0441\u0443\u0449\u043d\u043e\u0441\u0442\u0438, \u043a\u043e\u0442\u043e\u0440\u044b\u0435 \u0432 \u043d\u0430\u0441\u0442\u043e\u044f\u0449\u0435\u0435 \u0432\u0440\u0435\u043c\u044f \u043e\u0431\u0435\u0441\u043f\u0435\u0447\u0438\u0432\u0430\u044e\u0442 \u0430\u0443\u0442\u0435\u043d\u0442\u0438\u0444\u0438\u043a\u0430\u0446\u0438\u044e \u0432\u0435\u0431-\u043f\u043b\u0430\u0442\u0435\u0436\u0435\u0439<\/strong>. \u041a\u0440\u043e\u043c\u0435 \u0442\u043e\u0433\u043e, \u043e\u043d \u043f\u0440\u0438\u0437\u0432\u0430\u043d \u0432\u043e\u0437\u043d\u0430\u0433\u0440\u0430\u0434\u0438\u0442\u044c \u0442\u0435\u0445, \u043a\u0442\u043e \u0432\u043d\u043e\u0441\u0438\u0442 \u0432\u043a\u043b\u0430\u0434 \u0432 \u0441\u043e\u0437\u0434\u0430\u043d\u0438\u0435 \u0432\u0430\u0436\u043d\u0435\u0439\u0448\u0435\u0439 \u0438\u043d\u0444\u0440\u0430\u0441\u0442\u0440\u0443\u043a\u0442\u0443\u0440\u044b \u0418\u043d\u0442\u0435\u0440\u043d\u0435\u0442\u0430.<\/p>\n<p>&nbsp;<\/p>","protected":false},"excerpt":{"rendered":"<p>\u00bfConoces la miner\u00eda de HANDSHAKE? Seguro que alguna vez has escuchado hablar de ella, el nuevo lanzamiento, Antminer HS3 9T te convencer\u00e1 de querer minar esta criptomoneda. Pues esta m\u00e1quina es la m\u00e1s rentable para la miner\u00eda del algoritmo Handshake, con una potencia de minado de 9TH por segundo y un consumo de 2.079W\/Hora. Se [&hellip;]<\/p>\n","protected":false},"featured_media":1269,"comment_status":"open","ping_status":"closed","template":"","meta":[],"product_brand":[],"product_cat":[19],"product_tag":[],"class_list":{"0":"post-1268","1":"product","2":"type-product","3":"status-publish","4":"has-post-thumbnail","6":"product_cat-mineros","8":"first","9":"outofstock","10":"taxable","11":"shipping-taxable","12":"purchasable","13":"product-type-simple"},"_links":{"self":[{"href":"https:\/\/pruebas.michollo.to\/ru\/wp-json\/wp\/v2\/product\/1268","targetHints":{"allow":["GET"]}}],"collection":[{"href":"https:\/\/pruebas.michollo.to\/ru\/wp-json\/wp\/v2\/product"}],"about":[{"href":"https:\/\/pruebas.michollo.to\/ru\/wp-json\/wp\/v2\/types\/product"}],"replies":[{"embeddable":true,"href":"https:\/\/pruebas.michollo.to\/ru\/wp-json\/wp\/v2\/comments?post=1268"}],"wp:featuredmedia":[{"embeddable":true,"href":"https:\/\/pruebas.michollo.to\/ru\/wp-json\/wp\/v2\/media\/1269"}],"wp:attachment":[{"href":"https:\/\/pruebas.michollo.to\/ru\/wp-json\/wp\/v2\/media?parent=1268"}],"wp:term":[{"taxonomy":"product_brand","embeddable":true,"href":"https:\/\/pruebas.michollo.to\/ru\/wp-json\/wp\/v2\/product_brand?post=1268"},{"taxonomy":"product_cat","embeddable":true,"href":"https:\/\/pruebas.michollo.to\/ru\/wp-json\/wp\/v2\/product_cat?post=1268"},{"taxonomy":"product_tag","embeddable":true,"href":"https:\/\/pruebas.michollo.to\/ru\/wp-json\/wp\/v2\/product_tag?post=1268"}],"curies":[{"name":"wp","href":"https:\/\/api.w.org\/{rel}","templated":true}]}}