{"id":1375,"date":"2023-02-17T10:40:00","date_gmt":"2023-02-17T12:40:00","guid":{"rendered":"https:\/\/www.minandovoy.com\/?post_type=product&#038;p=1375"},"modified":"2025-05-09T14:47:17","modified_gmt":"2025-05-09T12:47:17","slug":"nvidia-rtx-3090-ti-founders-edition","status":"publish","type":"product","link":"https:\/\/pruebas.michollo.to\/ru\/product\/nvidia-rtx-3090-ti-founders-edition\/","title":{"rendered":"Nvidia - RTX 3090 TI Founders Edition"},"content":{"rendered":"<div class=\"col-md-5\">\n<p>GeForce RTX\u2122 3090 Ti - \u044d\u0442\u043e \u0433\u0440\u0430\u0444\u0438\u0447\u0435\u0441\u043a\u0438\u0435 \u043f\u0440\u043e\u0446\u0435\u0441\u0441\u043e\u0440\u044b (BFGPU) \u0441 \u043f\u0440\u043e\u0438\u0437\u0432\u043e\u0434\u0438\u0442\u0435\u043b\u044c\u043d\u043e\u0441\u0442\u044c\u044e \u043a\u043b\u0430\u0441\u0441\u0430 TITAN. \u0411\u043b\u0430\u0433\u043e\u0434\u0430\u0440\u044f \u0442\u0435\u0445\u043d\u043e\u043b\u043e\u0433\u0438\u0438 Ampere, \u0430\u0440\u0445\u0438\u0442\u0435\u043a\u0442\u0443\u0440\u0435 NVIDIA RTX \u0432\u0442\u043e\u0440\u043e\u0433\u043e \u043f\u043e\u043a\u043e\u043b\u0435\u043d\u0438\u044f, \u043e\u043d\u0438 \u0443\u0434\u0432\u0430\u0438\u0432\u0430\u044e\u0442 \u043f\u0440\u043e\u0438\u0437\u0432\u043e\u0434\u0438\u0442\u0435\u043b\u044c\u043d\u043e\u0441\u0442\u044c \u0442\u0440\u0430\u0441\u0441\u0438\u0440\u043e\u0432\u043a\u0438 \u043b\u0443\u0447\u0435\u0439 \u0438 \u0418\u0418 \u0431\u043b\u0430\u0433\u043e\u0434\u0430\u0440\u044f \u0443\u043b\u0443\u0447\u0448\u0435\u043d\u043d\u044b\u043c \u044f\u0434\u0440\u0430\u043c \u0442\u0440\u0430\u0441\u0441\u0438\u0440\u043e\u0432\u043a\u0438 \u043b\u0443\u0447\u0435\u0439, \u044f\u0434\u0440\u0430\u043c Tensor \u0438 \u043d\u043e\u0432\u044b\u043c \u043f\u043e\u0442\u043e\u043a\u043e\u0432\u044b\u043c \u043c\u0443\u043b\u044c\u0442\u0438\u043f\u0440\u043e\u0446\u0435\u0441\u0441\u043e\u0440\u0430\u043c. \u041e\u043d\u0438 \u0442\u0430\u043a\u0436\u0435 \u043e\u0441\u043d\u0430\u0449\u0435\u043d\u044b \u043e\u0448\u0435\u043b\u043e\u043c\u043b\u044f\u044e\u0449\u0438\u043c\u0438 24 \u0413\u0411 \u043f\u0430\u043c\u044f\u0442\u0438 G6X, \u0447\u0442\u043e\u0431\u044b \u043e\u0431\u0435\u0441\u043f\u0435\u0447\u0438\u0442\u044c \u043c\u0430\u043a\u0441\u0438\u043c\u0430\u043b\u044c\u043d\u044b\u0439 \u0438\u0433\u0440\u043e\u0432\u043e\u0439 \u043e\u043f\u044b\u0442 \u0434\u043b\u044f \u0433\u0435\u0439\u043c\u0435\u0440\u043e\u0432 \u0438 \u0441\u043e\u0437\u0434\u0430\u0442\u0435\u043b\u0435\u0439.<\/p>\n<p>&nbsp;<\/p>\n<\/div>\n<h2>NVIDIA GeForce RTX 3090 Ti: \u0442\u0435\u0445\u043d\u0438\u0447\u0435\u0441\u043a\u0438\u0435 \u0445\u0430\u0440\u0430\u043a\u0442\u0435\u0440\u0438\u0441\u0442\u0438\u043a\u0438<\/h2>\n<div>\n<div class=\"sc-lolKjB kRHEfD\">\n<p>\u041f\u0435\u0440\u0432\u043e\u0435, \u0447\u0442\u043e \u0438\u043d\u0442\u0435\u0440\u0435\u0441\u0443\u0435\u0442 \u043c\u043d\u043e\u0433\u0438\u0445 \u0433\u0435\u0439\u043c\u0435\u0440\u043e\u0432, \u044d\u0442\u043e \u0442\u043e, \u043a\u0430\u043a NVIDIA \u0443\u043b\u0443\u0447\u0448\u0438\u043b\u0430\u00a0<a href=\"https:\/\/www.pccomponentes.com\/tarjetas-graficas\/geforce-rtx-3090-series\">RTX 3090 Ti<\/a>\u00a0\u044d\u0442\u043e \u0441\u0430\u043c\u0430\u044f \u043c\u043e\u0449\u043d\u0430\u044f \u043c\u043e\u0434\u0435\u043b\u044c \u0438\u0437 \u0432\u0441\u0435\u0433\u043e \u043f\u043e\u043a\u043e\u043b\u0435\u043d\u0438\u044f Ampere RTX 30.\u00a0<b>\u0442\u043e\u0442 \u0436\u0435<\/b>\u00a0<b>GA102<\/b>\u043d\u043e \u043d\u0430\u0437\u044b\u0432\u0430\u0435\u0442\u0441\u044f \u043f\u043e-\u0434\u0440\u0443\u0433\u043e\u043c\u0443: GA102-350.<\/p>\n<\/div>\n<\/div>\n<div>\n<div class=\"sc-lolKjB kRHEfD\">\n<p>\u0422\u043e\u0442 \u0436\u0435 \u043f\u0440\u043e\u0438\u0437\u0432\u043e\u0434\u0441\u0442\u0432\u0435\u043d\u043d\u044b\u0439 \u043f\u0440\u043e\u0446\u0435\u0441\u0441, \u0440\u0430\u0437\u043c\u0435\u0440 \u043c\u0430\u0442\u0440\u0438\u0446\u044b, \u043f\u0430\u043c\u044f\u0442\u044c VRAM, \u0448\u0438\u043d\u0430... \u043d\u043e \u0435\u0441\u0442\u044c 2 \u0444\u0443\u043d\u0434\u0430\u043c\u0435\u043d\u0442\u0430\u043b\u044c\u043d\u044b\u0445 \u0448\u0442\u0440\u0438\u0445\u0430: \u043f\u0430\u043c\u044f\u0442\u044c\u00a0<b>GDRR6X \u0441\u043e \u0441\u043a\u043e\u0440\u043e\u0441\u0442\u044c\u044e 21 \u0413\u0431\u0438\u0442\/\u0441<\/b>\u00a0y\u00a0<b>\u0431\u043e\u043b\u044c\u0448\u0435 \u044f\u0434\u0435\u0440 CUDA<\/b>\u0445\u043e\u0442\u044f Tensor Cores \u0438 RT Cores \u0431\u044b\u043b\u0438 \u0443\u0432\u0435\u043b\u0438\u0447\u0435\u043d\u044b \u043e\u0447\u0435\u043d\u044c \u043d\u0435\u0437\u043d\u0430\u0447\u0438\u0442\u0435\u043b\u044c\u043d\u043e.<\/p>\n<p>\u041e\u0434\u043d\u0430\u043a\u043e \u043d\u0430\u0438\u0431\u043e\u043b\u0435\u0435 \u0437\u0430\u043c\u0435\u0442\u043d\u0430\u044f \u044d\u0432\u043e\u043b\u044e\u0446\u0438\u044f \u0432 \u043f\u043b\u0430\u043d\u0435 \u043c\u043e\u0449\u043d\u043e\u0441\u0442\u0438 \u043f\u0440\u043e\u0438\u0441\u0445\u043e\u0434\u0438\u0442 \u0432\u00a0<b>\u041f\u043e\u0442\u043e\u043a\u043e\u0432\u044b\u0435 \u043c\u0443\u043b\u044c\u0442\u0438\u043f\u0440\u043e\u0446\u0435\u0441\u0441\u043e\u0440\u044b<\/b>\u041e\u0442 82 \u0434\u043e 84, \u0447\u0442\u043e \u0432 \u0441\u0443\u043c\u043c\u0435 \u0441\u043e\u0441\u0442\u0430\u0432\u043b\u044f\u0435\u0442 7 \u043a\u043b\u0430\u0441\u0442\u0435\u0440\u043e\u0432 \u043e\u0431\u0440\u0430\u0431\u043e\u0442\u043a\u0438 \u0433\u0440\u0430\u0444\u0438\u043a\u0438 \u0438 42 \u0434\u043e\u043f\u043e\u043b\u043d\u0438\u0442\u0435\u043b\u044c\u043d\u044b\u0445 \u043a\u043b\u0430\u0441\u0442\u0435\u0440\u0430 \u043e\u0431\u0440\u0430\u0431\u043e\u0442\u043a\u0438 \u0442\u0435\u043a\u0441\u0442\u0443\u0440, \u044d\u0442\u043e \u0441\u0430\u043c\u044b\u0439 \u043c\u043e\u0449\u043d\u044b\u0439 GPU \u0432 \u0438\u0441\u0442\u043e\u0440\u0438\u0438 \u044d\u0442\u043e\u0439 \u043f\u043b\u0430\u0442\u0444\u043e\u0440\u043c\u044b!<\/p>\n<p>\u0415\u0449\u0435 \u043e\u0434\u043d\u0438\u043c \u0432\u0430\u0436\u043d\u044b\u043c \u0443\u0441\u043e\u0432\u0435\u0440\u0448\u0435\u043d\u0441\u0442\u0432\u043e\u0432\u0430\u043d\u0438\u0435\u043c \u044f\u0432\u043b\u044f\u0435\u0442\u0441\u044f\u00a0<b>\u0447\u0430\u0441\u0442\u043e\u0442\u0430<\/b>:<\/p>\n<ul>\n<li aria-level=\"1\"><b>\u0411\u0430\u0437\u0430<\/b>:\u00a0<b>1560<\/b>\u00a0<b>\u041c\u0413\u0446<\/b>\u00a0\u043f\u043e \u0441\u0440\u0430\u0432\u043d\u0435\u043d\u0438\u044e \u0441 1395 \u041c\u0413\u0446 \u0434\u043b\u044f RTX 3090.<\/li>\n<li aria-level=\"1\"><b>Turbo<\/b>:\u00a0<b>1860<\/b>\u00a0<b>\u041c\u0413\u0446<\/b>\u00a0\u043f\u043e \u0441\u0440\u0430\u0432\u043d\u0435\u043d\u0438\u044e \u0441 1695 \u041c\u0413\u0446.<\/li>\n<\/ul>\n<p>\u041f\u0440\u0438 \u044d\u0442\u043e\u043c \u0432\u044b \u0443\u0432\u0438\u0434\u0438\u0442\u0435, \u0447\u0442\u043e\u00a0<b>\u043c\u043e\u0434\u0435\u043b\u0438<\/b>\u00a0<b>\u043f\u043e\u043b\u044c\u0437\u043e\u0432\u0430\u0442\u0435\u043b\u044c\u0441\u043a\u0438\u0439<\/b>\u00a0\u0438\u043c\u0435\u044e\u0442 \u0433\u043e\u0440\u0430\u0437\u0434\u043e \u0431\u043e\u043b\u0435\u0435 \u0432\u044b\u0441\u043e\u043a\u0438\u0435 \u0447\u0430\u0441\u0442\u043e\u0442\u044b, \u043e\u0441\u043e\u0431\u0435\u043d\u043d\u043e \u0442\u0443\u0440\u0431\u043e: \u043e\u043d\u0438 \u0434\u043e\u0441\u0442\u0438\u0433\u0430\u044e\u0442\u00a0<b>1950 \u041c\u0413\u0446<\/b>\u00a0\u0431\u0435\u0437 \u043f\u0440\u043e\u0431\u043b\u0435\u043c.<\/p>\n<p>\u0412\u0441\u0435 \u044d\u0442\u043e \u043f\u0438\u0440\u0448\u0435\u0441\u0442\u0432\u043e \u0443\u043b\u0443\u0447\u0448\u0435\u043d\u0438\u0439 \u043e\u043f\u043b\u0430\u0447\u0438\u0432\u0430\u0435\u0442\u0441\u044f \u0432\u0430\u043b\u044e\u0442\u043e\u0439, \u043d\u0430\u0437\u044b\u0432\u0430\u0435\u043c\u043e\u0439 \u043f\u043e\u0442\u0440\u0435\u0431\u043b\u0435\u043d\u0438\u0435\u043c: \u043f\u043e\u0442\u0440\u0435\u0431\u043b\u0435\u043d\u0438\u0435.\u00a0<b>TDP<\/b>\u00a0\u0438\u0437\u00a0<b>\u0443\u0432\u0435\u043b\u0438\u0447\u0438\u0432\u0430\u0435\u0442\u0441\u044f \u043d\u0430 100 \u0412\u0442<\/b>. \u042d\u0442\u043e \u0437\u0430\u0441\u0442\u0430\u0432\u0438\u043b\u043e NVIDIA \u0440\u0435\u043a\u043e\u043c\u0435\u043d\u0434\u043e\u0432\u0430\u0442\u044c \u0431\u043b\u043e\u043a \u043f\u0438\u0442\u0430\u043d\u0438\u044f \u043c\u043e\u0449\u043d\u043e\u0441\u0442\u044c\u044e 850 \u0412\u0442, \u0447\u0442\u043e\u0431\u044b \u0438\u0437\u0431\u0435\u0436\u0430\u0442\u044c \u043d\u0435\u0436\u0435\u043b\u0430\u0442\u0435\u043b\u044c\u043d\u044b\u0445 \u0443\u0437\u043a\u0438\u0445 \u043c\u0435\u0441\u0442 \u0432 \u043f\u0438\u0442\u0430\u043d\u0438\u0438.<\/p>\n<p>\u0418 \u0432\u044b \u0443\u0432\u0438\u0434\u0438\u0442\u0435, \u0447\u0442\u043e \u0441\u043e\u0435\u0434\u0438\u043d\u0435\u043d\u0438\u0435 PCIe \u0438\u0437\u043c\u0435\u043d\u0438\u043b\u043e\u0441\u044c, \u043f\u043e\u0441\u043a\u043e\u043b\u044c\u043a\u0443 \u043e\u043d\u043e \u043f\u043e\u0441\u0442\u0430\u0432\u043b\u044f\u0435\u0442\u0441\u044f \u0442\u043e\u043b\u044c\u043a\u043e \u0441 \u043e\u0434\u043d\u0438\u043c \u043f\u043e\u0440\u0442\u043e\u043c\u00a0<b>12 \u0448\u0442\u044b\u0440\u044c\u043a\u043e\u0432<\/b>. \u041d\u0435 \u0431\u0435\u0441\u043f\u043e\u043a\u043e\u0439\u0442\u0435\u0441\u044c \u043e\u0431 \u044d\u0442\u043e\u043c, \u043f\u043e\u0442\u043e\u043c\u0443 \u0447\u0442\u043e \u043f\u0440\u043e\u0438\u0437\u0432\u043e\u0434\u0438\u0442\u0435\u043b\u0438 \u0432\u043a\u043b\u044e\u0447\u0438\u043b\u0438 \u0432 \u043a\u043e\u043c\u043f\u043b\u0435\u043a\u0442 \u043f\u043e\u0441\u0442\u0430\u0432\u043a\u0438 \u043f\u0435\u0440\u0435\u0445\u043e\u0434\u043d\u0438\u043a \u043d\u0430 3 \u0433\u043e\u043b\u043e\u0432\u043a\u0438.<\/p>\n<p>\u041c\u0430\u043b\u043e \u0442\u043e\u0433\u043e, \u044d\u0442\u043e \u0435\u0449\u0435 \u0438 \u0431\u043e\u043b\u0435\u0435 \u043c\u043e\u0449\u043d\u044b\u0439 GPU (\u043f\u043e\u043a\u0430):\u00a0<b>\u0422\u043e\u043b\u0449\u0438\u043d\u0430 70 \u043c\u043c<\/b>\u00a0\u0447\u0442\u043e \u0434\u0435\u043b\u0430\u0435\u0442 \u0435\u0433\u043e \u0433\u0440\u0430\u0444\u0438\u0447\u0435\u0441\u043a\u0438\u043c \u043f\u0440\u043e\u0446\u0435\u0441\u0441\u043e\u0440\u043e\u043c\u00a0<b>3,5 \u0441\u043b\u043e\u0442\u0430<\/b>. \u041f\u043e\u044d\u0442\u043e\u043c\u0443 \u0438\u043c\u0435\u0439\u0442\u0435 \u044d\u0442\u043e \u0432 \u0432\u0438\u0434\u0443, \u043a\u043e\u0433\u0434\u0430 \u0431\u0443\u0434\u0435\u0442\u0435 \u043f\u043e\u043a\u0443\u043f\u0430\u0442\u044c \u0435\u0433\u043e, \u043f\u043e\u0442\u043e\u043c\u0443 \u0447\u0442\u043e \u043e\u043d \u043d\u0435 \u043f\u043e\u043c\u0435\u0441\u0442\u0438\u0442\u0441\u044f \u0432\u043e \u043c\u043d\u043e\u0433\u0438\u0435 \u043a\u043e\u0440\u043e\u0431\u043a\u0438 \u0434\u043b\u044f \u041f\u041a.<\/p>\n<p>\u041d\u0430\u043a\u043e\u043d\u0435\u0446, \u0441\u0443\u0449\u0435\u0441\u0442\u0432\u0443\u0435\u0442 \u0431\u043e\u043b\u044c\u0448\u0430\u044f \u0440\u0430\u0437\u043d\u0438\u0446\u0430 \u0432 \u0446\u0435\u043d\u0435:\u00a0<b>\u0440\u0430\u0437\u043d\u0438\u0446\u0430 \u0432 500<\/b>\u00a0($1499 \u043f\u0440\u043e\u0442\u0438\u0432 $1999) \u043f\u043e \u0441\u0440\u0430\u0432\u043d\u0435\u043d\u0438\u044e \u0441 RTX 3090. \u041e\u0434\u043d\u0430\u043a\u043e NVIDIA RTX 3090 Ti \u043d\u0435 \u0441\u0442\u0440\u0430\u0434\u0430\u0435\u0442 \u043e\u0442 \u0442\u043e\u0439 \u0446\u0435\u043d\u043e\u0432\u043e\u0439 \u043f\u0440\u0435\u043c\u0438\u0438, \u043a\u043e\u0442\u043e\u0440\u0430\u044f \u0431\u044b\u043b\u0430 \u043f\u0440\u0438\u0441\u0443\u0449\u0430 RTX 3090, \u043f\u043e\u044d\u0442\u043e\u043c\u0443 \u043e\u0440\u0438\u0433\u0438\u043d\u0430\u043b\u044c\u043d\u044b\u0435 \u043c\u043e\u0434\u0435\u043b\u0438 \u0441\u0442\u043e\u044f\u0442 \u0434\u043e\u0440\u043e\u0436\u0435, \u0447\u0435\u043c \u0432\u0438\u0442\u0430\u043c\u0438\u043d\u0438\u0437\u0438\u0440\u043e\u0432\u0430\u043d\u043d\u044b\u0435.<\/p>\n<p>&nbsp;<\/p>\n<\/div>\n<\/div>\n<div class=\"article-asset-table article-asset-normal m-hr-scroll\">\n<div class=\"asset-content\">\n<h6>* \u0412\u043e\u0441\u0441\u0442\u0430\u043d\u043e\u0432\u043b\u0435\u043d\u043d\u044b\u0439 \u043f\u0440\u043e\u0434\u0443\u043a\u0442<\/h6>\n<\/div>\n<\/div>","protected":false},"excerpt":{"rendered":"<p>Las GeForce RTX\u2122 3090 Ti son GPU (BFGPU) con un rendimiento de clase TITAN. Con tecnolog\u00eda Ampere, la arquitectura RTX de segunda generaci\u00f3n de NVIDIA, duplican el trazado de rayos y el rendimiento de la IA con n\u00facleos de trazado de rayos mejorados, n\u00facleos Tensor y nuevos multiprocesadores de streaming. Adem\u00e1s, presenta unos asombrosos 24 [&hellip;]<\/p>\n","protected":false},"featured_media":1379,"comment_status":"open","ping_status":"closed","template":"","meta":[],"product_brand":[],"product_cat":[20],"product_tag":[],"class_list":{"0":"post-1375","1":"product","2":"type-product","3":"status-publish","4":"has-post-thumbnail","6":"product_cat-componentes","8":"first","9":"outofstock","10":"taxable","11":"shipping-taxable","12":"purchasable","13":"product-type-simple"},"_links":{"self":[{"href":"https:\/\/pruebas.michollo.to\/ru\/wp-json\/wp\/v2\/product\/1375","targetHints":{"allow":["GET"]}}],"collection":[{"href":"https:\/\/pruebas.michollo.to\/ru\/wp-json\/wp\/v2\/product"}],"about":[{"href":"https:\/\/pruebas.michollo.to\/ru\/wp-json\/wp\/v2\/types\/product"}],"replies":[{"embeddable":true,"href":"https:\/\/pruebas.michollo.to\/ru\/wp-json\/wp\/v2\/comments?post=1375"}],"wp:featuredmedia":[{"embeddable":true,"href":"https:\/\/pruebas.michollo.to\/ru\/wp-json\/wp\/v2\/media\/1379"}],"wp:attachment":[{"href":"https:\/\/pruebas.michollo.to\/ru\/wp-json\/wp\/v2\/media?parent=1375"}],"wp:term":[{"taxonomy":"product_brand","embeddable":true,"href":"https:\/\/pruebas.michollo.to\/ru\/wp-json\/wp\/v2\/product_brand?post=1375"},{"taxonomy":"product_cat","embeddable":true,"href":"https:\/\/pruebas.michollo.to\/ru\/wp-json\/wp\/v2\/product_cat?post=1375"},{"taxonomy":"product_tag","embeddable":true,"href":"https:\/\/pruebas.michollo.to\/ru\/wp-json\/wp\/v2\/product_tag?post=1375"}],"curies":[{"name":"wp","href":"https:\/\/api.w.org\/{rel}","templated":true}]}}