{"id":16859,"date":"2024-12-24T17:54:17","date_gmt":"2024-12-24T16:54:17","guid":{"rendered":"https:\/\/www.minandovoy.com\/?post_type=product&#038;p=16859"},"modified":"2025-08-07T11:31:48","modified_gmt":"2025-08-07T09:31:48","slug":"jasminer-x16-q-pro-2-05gh","status":"publish","type":"product","link":"https:\/\/pruebas.michollo.to\/ru\/product\/jasminer-x16-q-pro-2-05gh\/","title":{"rendered":"JASMINER X16-Q PRO 2.05GH"},"content":{"rendered":"<p>JASMINER X16-Q Pro \u043e\u0441\u043d\u0430\u0449\u0435\u043d \u0432\u044b\u0441\u043e\u043a\u043e\u043f\u0440\u043e\u0438\u0437\u0432\u043e\u0434\u0438\u0442\u0435\u043b\u044c\u043d\u044b\u043c \u0438\u043d\u0442\u0435\u043b\u043b\u0435\u043a\u0442\u0443\u0430\u043b\u044c\u043d\u044b\u043c \u0434\u0432\u0438\u0436\u043a\u043e\u043c, \u0440\u0430\u0437\u0440\u0430\u0431\u043e\u0442\u0430\u043d\u043d\u044b\u043c JASMINER, \u043d\u0430 \u043e\u0441\u043d\u043e\u0432\u0435 \u0432\u0435\u0434\u0443\u0449\u0435\u0433\u043e \u0432 \u043c\u0438\u0440\u0435 \u0432\u044b\u0441\u043e\u043a\u043e\u043f\u0440\u043e\u0438\u0437\u0432\u043e\u0434\u0438\u0442\u0435\u043b\u044c\u043d\u043e\u0433\u043e \u0430\u0440\u0438\u0444\u043c\u0435\u0442\u0438\u0447\u0435\u0441\u043a\u043e\u0433\u043e \u0447\u0438\u043f\u0430 \"\u0445\u0440\u0430\u043d\u0435\u043d\u0438\u044f \u0438 \u0432\u044b\u0447\u0438\u0441\u043b\u0435\u043d\u0438\u044f\", \u0441\u043e\u0437\u0434\u0430\u043d\u043d\u043e\u0433\u043e \u0441\u043f\u0435\u0446\u0438\u0430\u043b\u044c\u043d\u043e \u0434\u043b\u044f \"\u0433\u0438\u0433\u0430\u043d\u0442\u0441\u043a\u0438\u0445 \u0441\u043b\u043e\u0436\u043d\u044b\u0445\" \u0431\u043b\u043e\u043a\u0447\u0435\u0439\u043d-\u0441\u0435\u0442\u0435\u0439.<\/p>\n<p>\u0414\u043b\u044f \u0434\u043e\u0441\u0442\u0438\u0436\u0435\u043d\u0438\u044f \u0441\u0432\u0435\u0440\u0445\u0432\u044b\u0441\u043e\u043a\u043e\u0439 \u0441\u043a\u043e\u0440\u043e\u0441\u0442\u0438 \u0445\u044d\u0448\u0438\u0440\u043e\u0432\u0430\u043d\u0438\u044f 2050 \u041c\u0413\u0446\/\u0441\u00b110% \u0442\u0440\u0435\u0431\u0443\u0435\u0442\u0441\u044f \u0432\u0441\u0435\u0433\u043e 520 \u0412\u0442\u00b110%, \u0447\u0442\u043e \u043f\u043e\u0437\u0432\u043e\u043b\u044f\u0435\u0442 \u0441\u043d\u0438\u0437\u0438\u0442\u044c \u0437\u0430\u0442\u0440\u0430\u0442\u044b \u0438 \u043f\u043e\u0432\u044b\u0441\u0438\u0442\u044c \u044d\u0444\u0444\u0435\u043a\u0442\u0438\u0432\u043d\u043e\u0441\u0442\u044c \u0434\u043b\u044f \u0442\u0430\u043a\u0438\u0445 \u043f\u0440\u0438\u043b\u043e\u0436\u0435\u043d\u0438\u0439, \u043a\u0430\u043a \u0434\u043e\u043c\u0430\u0448\u043d\u0435\u0435 \u0438\u0441\u043f\u043e\u043b\u044c\u0437\u043e\u0432\u0430\u043d\u0438\u0435, \u0441\u0435\u0440\u0432\u0435\u0440\u043d\u044b\u0435 \u043a\u043e\u043c\u043d\u0430\u0442\u044b IDC \u0438\u043b\u0438 \u043f\u0440\u043e\u0444\u0435\u0441\u0441\u0438\u043e\u043d\u0430\u043b\u044c\u043d\u044b\u0435 \u0441\u0430\u0439\u0442\u044b. \u0411\u043b\u0430\u0433\u043e\u0434\u0430\u0440\u044f \u043c\u043d\u043e\u0433\u043e\u0447\u0438\u0441\u043b\u0435\u043d\u043d\u044b\u043c \u043f\u0440\u0435\u0438\u043c\u0443\u0449\u0435\u0441\u0442\u0432\u0430\u043c, \u0442\u0430\u043a\u0438\u043c \u043a\u0430\u043a \u0432\u044b\u0441\u043e\u043a\u0430\u044f \u043c\u043e\u0449\u043d\u043e\u0441\u0442\u044c \u0438 \u043d\u0438\u0437\u043a\u043e\u0435 \u044d\u043d\u0435\u0440\u0433\u043e\u043f\u043e\u0442\u0440\u0435\u0431\u043b\u0435\u043d\u0438\u0435, \u043f\u0440\u043e\u0441\u0442\u043e\u0442\u0430 \u0440\u0430\u0437\u0432\u0435\u0440\u0442\u044b\u0432\u0430\u043d\u0438\u044f, \u0431\u0435\u0441\u0448\u0443\u043c\u043d\u043e\u0441\u0442\u044c \u0438 \u044d\u043a\u043e\u043b\u043e\u0433\u0438\u0447\u043d\u043e\u0441\u0442\u044c, \u043e\u043d \u043f\u0440\u0435\u0434\u043e\u0441\u0442\u0430\u0432\u043b\u044f\u0435\u0442 \u043a\u043b\u0438\u0435\u043d\u0442\u0430\u043c \u0430\u0431\u0441\u043e\u043b\u044e\u0442\u043d\u043e \u0443\u0434\u043e\u0431\u043d\u044b\u0439 \u043e\u043f\u044b\u0442.<\/p>\n<div class=\"asicminer-widget-container\" style=\"width: 100%; min-height: 300px;\">\n            <iframe id=\"asicminer-widget-7275\" \n                    src=\"https:\/\/pruebas.michollo.to\/wp-content\/themes\/minandovoy\/proxy-widget.php?miner=jasminer\/x16-q-pro&#038;type=profit&#038;theme=dark\" \n                    width=\"100%\" \n                    height=\"300\" \n                    frameborder=\"0\"\n                    loading=\"lazy\"\n                    style=\"border: none; overflow: hidden;\"\n                    title=\"ASIC Miner Widget\">\n            <\/iframe>\n        <\/div>\n<p>&nbsp;<\/p>\n<p>&nbsp;<\/p>","protected":false},"excerpt":{"rendered":"<p>JASMINER X16-Q Pro est\u00e1 equipado con el motor inteligente de alto rendimiento desarrollado por JASMINER, basado en el chip aritm\u00e9tico de alto rendimiento de &#8220;almacenamiento e inform\u00e1tica&#8221; l\u00edder en el mundo, construido espec\u00edficamente para redes blockchain &#8220;gigantes complejas&#8221;. Requiere solo 520w\u00b110% del consumo de energ\u00eda para obtener 2050MH\/s\u00b110% de tasa de hash ultraalta, lo que [&hellip;]<\/p>\n","protected":false},"featured_media":16862,"comment_status":"open","ping_status":"closed","template":"","meta":[],"product_brand":[],"product_cat":[19],"product_tag":[244,138,137],"class_list":{"0":"post-16859","1":"product","2":"type-product","3":"status-publish","4":"has-post-thumbnail","6":"product_cat-mineros","7":"product_tag-gme","8":"product_tag-mineros-para-avanzados","9":"product_tag-mineros-para-principiantes","11":"first","12":"outofstock","13":"taxable","14":"shipping-taxable","15":"purchasable","16":"product-type-simple"},"_links":{"self":[{"href":"https:\/\/pruebas.michollo.to\/ru\/wp-json\/wp\/v2\/product\/16859","targetHints":{"allow":["GET"]}}],"collection":[{"href":"https:\/\/pruebas.michollo.to\/ru\/wp-json\/wp\/v2\/product"}],"about":[{"href":"https:\/\/pruebas.michollo.to\/ru\/wp-json\/wp\/v2\/types\/product"}],"replies":[{"embeddable":true,"href":"https:\/\/pruebas.michollo.to\/ru\/wp-json\/wp\/v2\/comments?post=16859"}],"wp:featuredmedia":[{"embeddable":true,"href":"https:\/\/pruebas.michollo.to\/ru\/wp-json\/wp\/v2\/media\/16862"}],"wp:attachment":[{"href":"https:\/\/pruebas.michollo.to\/ru\/wp-json\/wp\/v2\/media?parent=16859"}],"wp:term":[{"taxonomy":"product_brand","embeddable":true,"href":"https:\/\/pruebas.michollo.to\/ru\/wp-json\/wp\/v2\/product_brand?post=16859"},{"taxonomy":"product_cat","embeddable":true,"href":"https:\/\/pruebas.michollo.to\/ru\/wp-json\/wp\/v2\/product_cat?post=16859"},{"taxonomy":"product_tag","embeddable":true,"href":"https:\/\/pruebas.michollo.to\/ru\/wp-json\/wp\/v2\/product_tag?post=16859"}],"curies":[{"name":"wp","href":"https:\/\/api.w.org\/{rel}","templated":true}]}}