{"id":17926,"date":"2025-04-30T15:51:17","date_gmt":"2025-04-30T13:51:17","guid":{"rendered":"https:\/\/www.minandovoy.com\/?post_type=product&#038;p=17926"},"modified":"2026-02-23T13:13:00","modified_gmt":"2026-02-23T12:13:00","slug":"canaan-avalon-mini-3","status":"publish","type":"product","link":"https:\/\/pruebas.michollo.to\/ru\/product\/canaan-avalon-mini-3\/","title":{"rendered":"Canaan Avalon Mini 3"},"content":{"rendered":"<p>\u200bEl Canaan Avalon Mini 3 es un innovador dispositivo de miner\u00eda ASIC dise\u00f1ado para uso dom\u00e9stico, que combina la capacidad de minar Bitcoin (BTC) con la funci\u00f3n de calefacci\u00f3n ambiental. Con un dise\u00f1o compacto y silencioso, es ideal para entornos residenciales, ofreciendo una soluci\u00f3n eficiente y pr\u00e1ctica para quienes desean adentrarse en la miner\u00eda de criptomonedas desde casa.<\/p>\n<div class=\"asicminer-widget-container\" style=\"width: 100%; min-height: 300px;\">\n            <iframe id=\"asicminer-widget-1665\" \n                    src=\"https:\/\/pruebas.michollo.to\/wp-content\/themes\/minandovoy\/proxy-widget.php?miner=canaan\/avalon-mini-3&#038;type=profit&#038;theme=dark\" \n                    width=\"100%\" \n                    height=\"300\" \n                    frameborder=\"0\"\n                    loading=\"lazy\"\n                    style=\"border: none; overflow: hidden;\"\n                    title=\"ASIC Miner Widget\">\n            <\/iframe>\n        <\/div>\n<h2 class=\"\" data-start=\"202\" data-end=\"233\">\ud83d\udd27 \u0422\u0435\u0445\u043d\u0438\u0447\u0435\u0441\u043a\u0438\u0435 \u0445\u0430\u0440\u0430\u043a\u0442\u0435\u0440\u0438\u0441\u0442\u0438\u043a\u0438<\/h2>\n<table class=\"w-full\">\n<tbody>\n<tr class=\"odd:bg-transparent even:bg-gray-1 odd:dark:bg-transparent even:dark:bg-black\/80\">\n<td class=\"min-w-40 py-1 pl-2\">\u041f\u0440\u043e\u0438\u0437\u0432\u043e\u0434\u0438\u0442\u0435\u043b\u044c<\/td>\n<td class=\"pr-2 text-right\">\u0425\u0430\u043d\u0430\u0430\u043d<\/td>\n<\/tr>\n<tr class=\"odd:bg-transparent even:bg-gray-1 odd:dark:bg-transparent even:dark:bg-black\/80\">\n<td class=\"min-w-40 py-1 pl-2\">\u041c\u043e\u0434\u0435\u043b\u044c<\/td>\n<td class=\"pr-2 text-right\">Avalon Mini 3<\/td>\n<\/tr>\n<tr class=\"odd:bg-transparent even:bg-gray-1 odd:dark:bg-transparent even:dark:bg-black\/80\">\n<td class=\"min-w-40 py-1 pl-2\">\u0422\u0430\u043a\u0436\u0435 \u0438\u0437\u0432\u0435\u0441\u0442\u0435\u043d \u043a\u0430\u043a<\/td>\n<td class=\"pr-2 text-right\">Avalon Mini 3 Home BTC Miner<\/td>\n<\/tr>\n<tr class=\"odd:bg-transparent even:bg-gray-1 odd:dark:bg-transparent even:dark:bg-black\/80\">\n<td class=\"min-w-40 py-1 pl-2\">\u0417\u0430\u043f\u0443\u0441\u043a<\/td>\n<td class=\"pr-2 text-right\">Feb 2025<\/td>\n<\/tr>\n<tr class=\"odd:bg-transparent even:bg-gray-1 odd:dark:bg-transparent even:dark:bg-black\/80\">\n<td class=\"min-w-40 py-1 pl-2\">\u0420\u0430\u0437\u043c\u0435\u0440<\/td>\n<td class=\"pr-2 text-right\">760 x 104 x 214mm<\/td>\n<\/tr>\n<tr class=\"odd:bg-transparent even:bg-gray-1 odd:dark:bg-transparent even:dark:bg-black\/80\">\n<td class=\"min-w-40 py-1 pl-2\">\u0412\u0435\u0441<\/td>\n<td class=\"pr-2 text-right\">8350g<\/td>\n<\/tr>\n<tr class=\"odd:bg-transparent even:bg-gray-1 odd:dark:bg-transparent even:dark:bg-black\/80\">\n<td class=\"min-w-40 py-1 pl-2\">Tama\u00f1o del chip<\/td>\n<td class=\"pr-2 text-right\">4nm<\/td>\n<\/tr>\n<tr class=\"odd:bg-transparent even:bg-gray-1 odd:dark:bg-transparent even:dark:bg-black\/80\">\n<td class=\"min-w-40 py-1 pl-2\">Cantidad de chips<\/td>\n<td class=\"pr-2 text-right\">66<\/td>\n<\/tr>\n<tr class=\"odd:bg-transparent even:bg-gray-1 odd:dark:bg-transparent even:dark:bg-black\/80\">\n<td class=\"min-w-40 py-1 pl-2\">\u0423\u0440\u043e\u0432\u0435\u043d\u044c \u0448\u0443\u043c\u0430<\/td>\n<td class=\"pr-2 text-right\">55dB<\/td>\n<\/tr>\n<tr class=\"odd:bg-transparent even:bg-gray-1 odd:dark:bg-transparent even:dark:bg-black\/80\">\n<td class=\"min-w-40 py-1 pl-2\">\u041e\u0445\u043b\u0430\u0436\u0434\u0435\u043d\u0438\u0435<\/td>\n<td class=\"pr-2 text-right\">Heater for home<\/td>\n<\/tr>\n<tr class=\"odd:bg-transparent even:bg-gray-1 odd:dark:bg-transparent even:dark:bg-black\/80\">\n<td class=\"min-w-40 py-1 pl-2\">\u041c\u043e\u0449\u043d\u043e\u0441\u0442\u044c<\/td>\n<td class=\"pr-2 text-right\">800W<\/td>\n<\/tr>\n<tr class=\"odd:bg-transparent even:bg-gray-1 odd:dark:bg-transparent even:dark:bg-black\/80\">\n<td class=\"min-w-40 py-1 pl-2\">\u041d\u0430\u043f\u0440\u044f\u0436\u0435\u043d\u0438\u0435<\/td>\n<td class=\"pr-2 text-right\">110-240V AC 50\/60Hz<\/td>\n<\/tr>\n<tr class=\"odd:bg-transparent even:bg-gray-1 odd:dark:bg-transparent even:dark:bg-black\/80\">\n<td class=\"min-w-40 py-1 pl-2\">\u0418\u043d\u0442\u0435\u0440\u0444\u0435\u0439\u0441<\/td>\n<td class=\"pr-2 text-right\">Ethernet<\/td>\n<\/tr>\n<tr class=\"odd:bg-transparent even:bg-gray-1 odd:dark:bg-transparent even:dark:bg-black\/80\">\n<td class=\"min-w-40 py-1 pl-2\">Informaci\u00f3n adicional<\/td>\n<td class=\"pr-2 text-right\">Mobile app to control the heater.<\/td>\n<\/tr>\n<\/tbody>\n<\/table>","protected":false},"excerpt":{"rendered":"<p>\u200bEl Canaan Avalon Mini 3 es un innovador dispositivo de miner\u00eda ASIC dise\u00f1ado para uso dom\u00e9stico, que combina la capacidad de minar Bitcoin (BTC) con la funci\u00f3n de calefacci\u00f3n ambiental. Con un dise\u00f1o compacto y silencioso, es ideal para entornos residenciales, ofreciendo una soluci\u00f3n eficiente y pr\u00e1ctica para quienes desean adentrarse en la miner\u00eda de [&hellip;]<\/p>\n","protected":false},"featured_media":17927,"comment_status":"open","ping_status":"closed","template":"","meta":[],"product_brand":[],"product_cat":[19],"product_tag":[244,137,605],"class_list":{"0":"post-17926","1":"product","2":"type-product","3":"status-publish","4":"has-post-thumbnail","6":"product_cat-mineros","7":"product_tag-gme","8":"product_tag-mineros-para-principiantes","9":"product_tag-top-ventas","11":"first","12":"instock","13":"taxable","14":"shipping-taxable","15":"purchasable","16":"product-type-simple"},"_links":{"self":[{"href":"https:\/\/pruebas.michollo.to\/ru\/wp-json\/wp\/v2\/product\/17926","targetHints":{"allow":["GET"]}}],"collection":[{"href":"https:\/\/pruebas.michollo.to\/ru\/wp-json\/wp\/v2\/product"}],"about":[{"href":"https:\/\/pruebas.michollo.to\/ru\/wp-json\/wp\/v2\/types\/product"}],"replies":[{"embeddable":true,"href":"https:\/\/pruebas.michollo.to\/ru\/wp-json\/wp\/v2\/comments?post=17926"}],"wp:featuredmedia":[{"embeddable":true,"href":"https:\/\/pruebas.michollo.to\/ru\/wp-json\/wp\/v2\/media\/17927"}],"wp:attachment":[{"href":"https:\/\/pruebas.michollo.to\/ru\/wp-json\/wp\/v2\/media?parent=17926"}],"wp:term":[{"taxonomy":"product_brand","embeddable":true,"href":"https:\/\/pruebas.michollo.to\/ru\/wp-json\/wp\/v2\/product_brand?post=17926"},{"taxonomy":"product_cat","embeddable":true,"href":"https:\/\/pruebas.michollo.to\/ru\/wp-json\/wp\/v2\/product_cat?post=17926"},{"taxonomy":"product_tag","embeddable":true,"href":"https:\/\/pruebas.michollo.to\/ru\/wp-json\/wp\/v2\/product_tag?post=17926"}],"curies":[{"name":"wp","href":"https:\/\/api.w.org\/{rel}","templated":true}]}}