{"id":18535,"date":"2025-06-23T13:06:55","date_gmt":"2025-06-23T11:06:55","guid":{"rendered":"https:\/\/www.minandovoy.com\/?post_type=product&#038;p=18535"},"modified":"2026-02-23T13:34:00","modified_gmt":"2026-02-23T12:34:00","slug":"bitdeer-sealminer-a2-hyd","status":"publish","type":"product","link":"https:\/\/pruebas.michollo.to\/ru\/product\/bitdeer-sealminer-a2-hyd\/","title":{"rendered":"Bitdeer SealMiner A2 Hyd"},"content":{"rendered":"<p>El Bitdeer SealMiner A2 Hyd es un minero ASIC desarrollado para operar con el algoritmo SHA-256, orientado espec\u00edficamente a la miner\u00eda de Bitcoin (BTC). Alcanza una tasa de hash m\u00e1xima de 446Th\/s con un consumo de 7360W, lo que se traduce en una eficiencia energ\u00e9tica de 16.502J\/Th.<\/p>\n<div class=\"asicminer-widget-container\" style=\"width: 100%; min-height: 300px;\">\n            <iframe id=\"asicminer-widget-3313\" \n                    src=\"https:\/\/pruebas.michollo.to\/wp-content\/themes\/minandovoy\/proxy-widget.php?miner=bitdeer\/sealminer-a2-hyd&#038;type=profit&#038;theme=dark\" \n                    width=\"100%\" \n                    height=\"300\" \n                    frameborder=\"0\"\n                    loading=\"lazy\"\n                    style=\"border: none; overflow: hidden;\"\n                    title=\"ASIC Miner Widget\">\n            <\/iframe>\n        <\/div>\n<div class=\"mb-4\">\n<h3 class=\"\" data-start=\"166\" data-end=\"198\">\ud83d\udd27 \u0422\u0435\u0445\u043d\u0438\u0447\u0435\u0441\u043a\u0438\u0435 \u0445\u0430\u0440\u0430\u043a\u0442\u0435\u0440\u0438\u0441\u0442\u0438\u043a\u0438<\/h3>\n<\/div>\n<table class=\"w-full\">\n<tbody>\n<tr class=\"odd:bg-transparent even:bg-gray-1 odd:dark:bg-transparent even:dark:bg-black\/80\">\n<td class=\"min-w-40 py-1 pl-2\">\u041f\u0440\u043e\u0438\u0437\u0432\u043e\u0434\u0438\u0442\u0435\u043b\u044c<\/td>\n<td class=\"pr-2 text-right\">Bitdeer<\/td>\n<\/tr>\n<tr class=\"odd:bg-transparent even:bg-gray-1 odd:dark:bg-transparent even:dark:bg-black\/80\">\n<td class=\"min-w-40 py-1 pl-2\">\u041c\u043e\u0434\u0435\u043b\u044c<\/td>\n<td class=\"pr-2 text-right\">SealMiner A2 Hyd<\/td>\n<\/tr>\n<tr class=\"odd:bg-transparent even:bg-gray-1 odd:dark:bg-transparent even:dark:bg-black\/80\">\n<td class=\"min-w-40 py-1 pl-2\">\u0422\u0430\u043a\u0436\u0435 \u0438\u0437\u0432\u0435\u0441\u0442\u0435\u043d \u043a\u0430\u043a<\/td>\n<td class=\"pr-2 text-right\">BitDeer SEALMINER A2 Hydro<\/td>\n<\/tr>\n<tr class=\"odd:bg-transparent even:bg-gray-1 odd:dark:bg-transparent even:dark:bg-black\/80\">\n<td class=\"min-w-40 py-1 pl-2\">\u0417\u0430\u043f\u0443\u0441\u043a<\/td>\n<td class=\"pr-2 text-right\">Mar 2025<\/td>\n<\/tr>\n<tr class=\"odd:bg-transparent even:bg-gray-1 odd:dark:bg-transparent even:dark:bg-black\/80\">\n<td class=\"min-w-40 py-1 pl-2\">\u0423\u0440\u043e\u0432\u0435\u043d\u044c \u0448\u0443\u043c\u0430<\/td>\n<td class=\"pr-2 text-right\">50 \u0434\u0411<\/td>\n<\/tr>\n<tr class=\"odd:bg-transparent even:bg-gray-1 odd:dark:bg-transparent even:dark:bg-black\/80\">\n<td class=\"min-w-40 py-1 pl-2\">\u041e\u0445\u043b\u0430\u0436\u0434\u0435\u043d\u0438\u0435<\/td>\n<td class=\"pr-2 text-right\">\u0413\u0438\u0434\u0440\u043e\u043e\u0445\u043b\u0430\u0436\u0434\u0435\u043d\u0438\u0435<\/td>\n<\/tr>\n<tr class=\"odd:bg-transparent even:bg-gray-1 odd:dark:bg-transparent even:dark:bg-black\/80\">\n<td class=\"min-w-40 py-1 pl-2\">\u041c\u043e\u0449\u043d\u043e\u0441\u0442\u044c<\/td>\n<td class=\"pr-2 text-right\">7360W<\/td>\n<\/tr>\n<tr class=\"odd:bg-transparent even:bg-gray-1 odd:dark:bg-transparent even:dark:bg-black\/80\">\n<td class=\"min-w-40 py-1 pl-2\">\u0418\u043d\u0442\u0435\u0440\u0444\u0435\u0439\u0441<\/td>\n<td class=\"pr-2 text-right\">Ethernet<\/td>\n<\/tr>\n<\/tbody>\n<\/table>","protected":false},"excerpt":{"rendered":"<p>El Bitdeer SealMiner A2 Hyd es un minero ASIC desarrollado para operar con el algoritmo SHA-256, orientado espec\u00edficamente a la miner\u00eda de Bitcoin (BTC). Alcanza una tasa de hash m\u00e1xima de 446Th\/s con un consumo de 7360W, lo que se traduce en una eficiencia energ\u00e9tica de 16.502J\/Th. \ud83d\udd27 Especificaciones T\u00e9cnicas Fabricante Bitdeer Modelo SealMiner A2 [&hellip;]<\/p>\n","protected":false},"featured_media":18536,"comment_status":"open","ping_status":"closed","template":"","meta":[],"product_brand":[],"product_cat":[19],"product_tag":[244,139],"class_list":{"0":"post-18535","1":"product","2":"type-product","3":"status-publish","4":"has-post-thumbnail","6":"product_cat-mineros","7":"product_tag-gme","8":"product_tag-mineros-para-expertos","10":"first","11":"outofstock","12":"taxable","13":"shipping-taxable","14":"purchasable","15":"product-type-simple"},"_links":{"self":[{"href":"https:\/\/pruebas.michollo.to\/ru\/wp-json\/wp\/v2\/product\/18535","targetHints":{"allow":["GET"]}}],"collection":[{"href":"https:\/\/pruebas.michollo.to\/ru\/wp-json\/wp\/v2\/product"}],"about":[{"href":"https:\/\/pruebas.michollo.to\/ru\/wp-json\/wp\/v2\/types\/product"}],"replies":[{"embeddable":true,"href":"https:\/\/pruebas.michollo.to\/ru\/wp-json\/wp\/v2\/comments?post=18535"}],"wp:featuredmedia":[{"embeddable":true,"href":"https:\/\/pruebas.michollo.to\/ru\/wp-json\/wp\/v2\/media\/18536"}],"wp:attachment":[{"href":"https:\/\/pruebas.michollo.to\/ru\/wp-json\/wp\/v2\/media?parent=18535"}],"wp:term":[{"taxonomy":"product_brand","embeddable":true,"href":"https:\/\/pruebas.michollo.to\/ru\/wp-json\/wp\/v2\/product_brand?post=18535"},{"taxonomy":"product_cat","embeddable":true,"href":"https:\/\/pruebas.michollo.to\/ru\/wp-json\/wp\/v2\/product_cat?post=18535"},{"taxonomy":"product_tag","embeddable":true,"href":"https:\/\/pruebas.michollo.to\/ru\/wp-json\/wp\/v2\/product_tag?post=18535"}],"curies":[{"name":"wp","href":"https:\/\/api.w.org\/{rel}","templated":true}]}}