{"id":19011,"date":"2025-07-23T10:52:54","date_gmt":"2025-07-23T08:52:54","guid":{"rendered":"https:\/\/www.minandovoy.com\/?post_type=product&#038;p=19011"},"modified":"2025-08-06T11:46:34","modified_gmt":"2025-08-06T09:46:34","slug":"auradine-teraflux-ah3880","status":"publish","type":"product","link":"https:\/\/pruebas.michollo.to\/ru\/product\/auradine-teraflux-ah3880\/","title":{"rendered":"Auradine Teraflux AH3880"},"content":{"rendered":"<div class=\"mb-4\">\n<p>El Auradine Teraflux AH3880 es un minero ASIC dise\u00f1ado para operar con el algoritmo SHA-256, enfocado en la miner\u00eda de Bitcoin (BTC). Ofrece una tasa de hash m\u00e1xima de 600Th\/s con un consumo energ\u00e9tico de 8700W, lo que se traduce en una eficiencia de 14.5\/Th.<\/p>\n<div class=\"asicminer-widget-container\" style=\"width: 100%; min-height: 300px;\">\n            <iframe id=\"asicminer-widget-8099\" \n                    src=\"https:\/\/pruebas.michollo.to\/wp-content\/themes\/minandovoy\/proxy-widget.php?miner=auradine\/teraflux-ah3880&#038;type=profit&#038;theme=dark\" \n                    width=\"100%\" \n                    height=\"300\" \n                    frameborder=\"0\"\n                    loading=\"lazy\"\n                    style=\"border: none; overflow: hidden;\"\n                    title=\"ASIC Miner Widget\">\n            <\/iframe>\n        <\/div>\n<h3 class=\"\" data-start=\"166\" data-end=\"198\">\ud83d\udd27 \u0422\u0435\u0445\u043d\u0438\u0447\u0435\u0441\u043a\u0438\u0435 \u0445\u0430\u0440\u0430\u043a\u0442\u0435\u0440\u0438\u0441\u0442\u0438\u043a\u0438<\/h3>\n<\/div>\n<table class=\"w-full\">\n<tbody>\n<tr class=\"odd:bg-transparent even:bg-gray-1 odd:dark:bg-transparent even:dark:bg-black\/80\">\n<td class=\"min-w-40 py-1 pl-2\">\u041f\u0440\u043e\u0438\u0437\u0432\u043e\u0434\u0438\u0442\u0435\u043b\u044c<\/td>\n<td class=\"pr-2 text-right\">Auradine<\/td>\n<\/tr>\n<tr class=\"odd:bg-transparent even:bg-gray-1 odd:dark:bg-transparent even:dark:bg-black\/80\">\n<td class=\"min-w-40 py-1 pl-2\">\u041c\u043e\u0434\u0435\u043b\u044c<\/td>\n<td class=\"pr-2 text-right\">Teraflux AH3880<\/td>\n<\/tr>\n<tr class=\"odd:bg-transparent even:bg-gray-1 odd:dark:bg-transparent even:dark:bg-black\/80\">\n<td class=\"min-w-40 py-1 pl-2\">\u0417\u0430\u043f\u0443\u0441\u043a<\/td>\n<td class=\"pr-2 text-right\">Mar 2025<\/td>\n<\/tr>\n<tr class=\"odd:bg-transparent even:bg-gray-1 odd:dark:bg-transparent even:dark:bg-black\/80\">\n<td class=\"min-w-40 py-1 pl-2\">\u0420\u0430\u0437\u043c\u0435\u0440<\/td>\n<td class=\"pr-2 text-right\">350 x 200 x 100mm<\/td>\n<\/tr>\n<tr class=\"odd:bg-transparent even:bg-gray-1 odd:dark:bg-transparent even:dark:bg-black\/80\">\n<td class=\"min-w-40 py-1 pl-2\">\u0412\u0435\u0441<\/td>\n<td class=\"pr-2 text-right\">15500g<\/td>\n<\/tr>\n<tr class=\"odd:bg-transparent even:bg-gray-1 odd:dark:bg-transparent even:dark:bg-black\/80\">\n<td class=\"min-w-40 py-1 pl-2\">Tama\u00f1o del chip<\/td>\n<td class=\"pr-2 text-right\">3nm<\/td>\n<\/tr>\n<tr class=\"odd:bg-transparent even:bg-gray-1 odd:dark:bg-transparent even:dark:bg-black\/80\">\n<td class=\"min-w-40 py-1 pl-2\">\u0423\u0440\u043e\u0432\u0435\u043d\u044c \u0448\u0443\u043c\u0430<\/td>\n<td class=\"pr-2 text-right\">35dB<\/td>\n<\/tr>\n<tr class=\"odd:bg-transparent even:bg-gray-1 odd:dark:bg-transparent even:dark:bg-black\/80\">\n<td class=\"min-w-40 py-1 pl-2\">\u041c\u043e\u0449\u043d\u043e\u0441\u0442\u044c<\/td>\n<td class=\"pr-2 text-right\">8700W<\/td>\n<\/tr>\n<tr class=\"odd:bg-transparent even:bg-gray-1 odd:dark:bg-transparent even:dark:bg-black\/80\">\n<td class=\"min-w-40 py-1 pl-2\">\u041d\u0430\u043f\u0440\u044f\u0436\u0435\u043d\u0438\u0435<\/td>\n<td class=\"pr-2 text-right\">100\u2013250V AC<\/td>\n<\/tr>\n<tr class=\"odd:bg-transparent even:bg-gray-1 odd:dark:bg-transparent even:dark:bg-black\/80\">\n<td class=\"min-w-40 py-1 pl-2\">\u0418\u043d\u0442\u0435\u0440\u0444\u0435\u0439\u0441<\/td>\n<td class=\"pr-2 text-right\">Ethernet<\/td>\n<\/tr>\n<tr class=\"odd:bg-transparent even:bg-gray-1 odd:dark:bg-transparent even:dark:bg-black\/80\">\n<td class=\"min-w-40 py-1 pl-2\">\u0422\u0435\u043c\u043f\u0435\u0440\u0430\u0442\u0443\u0440\u0430<\/td>\n<td class=\"pr-2 text-right\">5 - 45 \u00b0C<\/td>\n<\/tr>\n<tr class=\"odd:bg-transparent even:bg-gray-1 odd:dark:bg-transparent even:dark:bg-black\/80\">\n<td class=\"min-w-40 py-1 pl-2\">\u0412\u043b\u0430\u0436\u043d\u043e\u0441\u0442\u044c<\/td>\n<td class=\"pr-2 text-right\">5 &#8211; 95 %<\/td>\n<\/tr>\n<\/tbody>\n<\/table>","protected":false},"excerpt":{"rendered":"<p>El Auradine Teraflux AH3880 es un minero ASIC dise\u00f1ado para operar con el algoritmo SHA-256, enfocado en la miner\u00eda de Bitcoin (BTC). Ofrece una tasa de hash m\u00e1xima de 600Th\/s con un consumo energ\u00e9tico de 8700W, lo que se traduce en una eficiencia de 14.5\/Th. \ud83d\udd27 Especificaciones T\u00e9cnicas Fabricante Auradine Modelo Teraflux AH3880 Lanzamiento Mar [&hellip;]<\/p>\n","protected":false},"featured_media":19012,"comment_status":"open","ping_status":"closed","template":"","meta":[],"product_brand":[],"product_cat":[19],"product_tag":[244,139],"class_list":{"0":"post-19011","1":"product","2":"type-product","3":"status-publish","4":"has-post-thumbnail","6":"product_cat-mineros","7":"product_tag-gme","8":"product_tag-mineros-para-expertos","10":"first","11":"instock","12":"taxable","13":"shipping-taxable","14":"purchasable","15":"product-type-simple"},"_links":{"self":[{"href":"https:\/\/pruebas.michollo.to\/ru\/wp-json\/wp\/v2\/product\/19011","targetHints":{"allow":["GET"]}}],"collection":[{"href":"https:\/\/pruebas.michollo.to\/ru\/wp-json\/wp\/v2\/product"}],"about":[{"href":"https:\/\/pruebas.michollo.to\/ru\/wp-json\/wp\/v2\/types\/product"}],"replies":[{"embeddable":true,"href":"https:\/\/pruebas.michollo.to\/ru\/wp-json\/wp\/v2\/comments?post=19011"}],"wp:featuredmedia":[{"embeddable":true,"href":"https:\/\/pruebas.michollo.to\/ru\/wp-json\/wp\/v2\/media\/19012"}],"wp:attachment":[{"href":"https:\/\/pruebas.michollo.to\/ru\/wp-json\/wp\/v2\/media?parent=19011"}],"wp:term":[{"taxonomy":"product_brand","embeddable":true,"href":"https:\/\/pruebas.michollo.to\/ru\/wp-json\/wp\/v2\/product_brand?post=19011"},{"taxonomy":"product_cat","embeddable":true,"href":"https:\/\/pruebas.michollo.to\/ru\/wp-json\/wp\/v2\/product_cat?post=19011"},{"taxonomy":"product_tag","embeddable":true,"href":"https:\/\/pruebas.michollo.to\/ru\/wp-json\/wp\/v2\/product_tag?post=19011"}],"curies":[{"name":"wp","href":"https:\/\/api.w.org\/{rel}","templated":true}]}}