{"id":2017,"date":"2023-06-02T05:48:51","date_gmt":"2023-06-02T07:48:51","guid":{"rendered":"https:\/\/www.minandovoy.com\/?post_type=product&#038;p=2017"},"modified":"2025-05-09T14:47:15","modified_gmt":"2025-05-09T12:47:15","slug":"sapphire-pulse-amd-radeon-rx-6400-gaming-4gb-gddr6-graphics-card","status":"publish","type":"product","link":"https:\/\/pruebas.michollo.to\/ru\/product\/\u0432\u0438\u0434\u0435\u043e\u043a\u0430\u0440\u0442\u0430-sapphire-pulse-amd-radeon-rx-6400-gaming-4gb-gddr6\/","title":{"rendered":"Sapphire Pulse AMD Radeon RX 6400 Gaming 4GB GDDR6"},"content":{"rendered":"<p>\u0412\u0438\u0434\u0435\u043e\u043a\u0430\u0440\u0442\u0430 Sapphire Pulse AMD Radeon RX 6400 Gaming 4GB GDDR6 - \u044d\u0442\u043e \u043c\u043e\u0449\u043d\u044b\u0439 \u0432\u0430\u0440\u0438\u0430\u043d\u0442, \u043f\u0440\u0435\u0434\u043d\u0430\u0437\u043d\u0430\u0447\u0435\u043d\u043d\u044b\u0439 \u0434\u043b\u044f \u043e\u0431\u0435\u0441\u043f\u0435\u0447\u0435\u043d\u0438\u044f \u0437\u0430\u0445\u0432\u0430\u0442\u044b\u0432\u0430\u044e\u0449\u0435\u0433\u043e \u0438 \u043f\u043b\u0430\u0432\u043d\u043e\u0433\u043e \u0438\u0433\u0440\u043e\u0432\u043e\u0433\u043e \u043f\u0440\u043e\u0446\u0435\u0441\u0441\u0430. \u0411\u043b\u0430\u0433\u043e\u0434\u0430\u0440\u044f \u0430\u0440\u0445\u0438\u0442\u0435\u043a\u0442\u0443\u0440\u0435 AMD RDNA 2 \u044d\u0442\u0430 \u0432\u0438\u0434\u0435\u043e\u043a\u0430\u0440\u0442\u0430 \u043e\u0431\u0435\u0441\u043f\u0435\u0447\u0438\u0432\u0430\u0435\u0442 \u0438\u0441\u043a\u043b\u044e\u0447\u0438\u0442\u0435\u043b\u044c\u043d\u0443\u044e \u043f\u0440\u043e\u0438\u0437\u0432\u043e\u0434\u0438\u0442\u0435\u043b\u044c\u043d\u043e\u0441\u0442\u044c \u0438 \u043f\u043e\u0442\u0440\u044f\u0441\u0430\u044e\u0449\u0438\u0435 \u0432\u0438\u0437\u0443\u0430\u043b\u044c\u043d\u044b\u0435 \u0432\u043e\u0437\u043c\u043e\u0436\u043d\u043e\u0441\u0442\u0438.<\/p>\n<p>RX 6400 \u043e\u0441\u043d\u0430\u0449\u0435\u043d\u0430 4 \u0413\u0411 \u0432\u044b\u0441\u043e\u043a\u043e\u0441\u043a\u043e\u0440\u043e\u0441\u0442\u043d\u043e\u0439 \u043f\u0430\u043c\u044f\u0442\u0438 GDDR6, \u043e\u0431\u0435\u0441\u043f\u0435\u0447\u0438\u0432\u0430\u044e\u0449\u0435\u0439 \u0431\u044b\u0441\u0442\u0440\u0443\u044e \u0437\u0430\u0433\u0440\u0443\u0437\u043a\u0443 \u0442\u0435\u043a\u0441\u0442\u0443\u0440 \u0438 \u0433\u0440\u0430\u0444\u0438\u0447\u0435\u0441\u043a\u0438\u0445 \u0434\u0430\u043d\u043d\u044b\u0445 \u0434\u043b\u044f \u043f\u043b\u0430\u0432\u043d\u043e\u0433\u043e \u0438 \u0431\u0435\u0441\u043f\u0435\u0440\u0435\u0431\u043e\u0439\u043d\u043e\u0433\u043e \u0432\u043e\u0441\u043f\u0440\u043e\u0438\u0437\u0432\u0435\u0434\u0435\u043d\u0438\u044f. \u041a\u0440\u043e\u043c\u0435 \u0442\u043e\u0433\u043e, \u0442\u0435\u0445\u043d\u043e\u043b\u043e\u0433\u0438\u044f GDDR6 \u043e\u0431\u0435\u0441\u043f\u0435\u0447\u0438\u0432\u0430\u0435\u0442 \u0431\u043e\u043b\u0435\u0435 \u0432\u044b\u0441\u043e\u043a\u0443\u044e \u043f\u0440\u043e\u043f\u0443\u0441\u043a\u043d\u0443\u044e \u0441\u043f\u043e\u0441\u043e\u0431\u043d\u043e\u0441\u0442\u044c \u0438 \u043c\u0435\u043d\u044c\u0448\u0435\u0435 \u044d\u043d\u0435\u0440\u0433\u043e\u043f\u043e\u0442\u0440\u0435\u0431\u043b\u0435\u043d\u0438\u0435 \u043f\u043e \u0441\u0440\u0430\u0432\u043d\u0435\u043d\u0438\u044e \u0441 \u043f\u0440\u0435\u0434\u044b\u0434\u0443\u0449\u0438\u043c\u0438 \u043f\u043e\u043a\u043e\u043b\u0435\u043d\u0438\u044f\u043c\u0438 \u043f\u0430\u043c\u044f\u0442\u0438.<\/p>\n<p>\u0412\u0438\u0434\u0435\u043e\u043a\u0430\u0440\u0442\u0430 SAPPHIRE PULSE \u043e\u0441\u043d\u0430\u0449\u0435\u043d\u0430 \u0443\u0441\u043e\u0432\u0435\u0440\u0448\u0435\u043d\u0441\u0442\u0432\u043e\u0432\u0430\u043d\u043d\u043e\u0439 \u0441\u0438\u0441\u0442\u0435\u043c\u043e\u0439 \u043e\u0445\u043b\u0430\u0436\u0434\u0435\u043d\u0438\u044f, \u043f\u043e\u0437\u0432\u043e\u043b\u044f\u044e\u0449\u0435\u0439 \u0434\u0435\u0440\u0436\u0430\u0442\u044c \u0442\u0435\u043c\u043f\u0435\u0440\u0430\u0442\u0443\u0440\u0443 \u043f\u043e\u0434 \u043a\u043e\u043d\u0442\u0440\u043e\u043b\u0435\u043c \u0434\u0430\u0436\u0435 \u0432\u043e \u0432\u0440\u0435\u043c\u044f \u0438\u043d\u0442\u0435\u043d\u0441\u0438\u0432\u043d\u044b\u0445 \u0438\u0433\u0440\u043e\u0432\u044b\u0445 \u0441\u0435\u0441\u0441\u0438\u0439. \u0414\u0432\u0430 \u0432\u0435\u043d\u0442\u0438\u043b\u044f\u0442\u043e\u0440\u0430 \u0438 \u044d\u0444\u0444\u0435\u043a\u0442\u0438\u0432\u043d\u044b\u0439 \u0442\u0435\u043f\u043b\u043e\u043e\u0442\u0432\u043e\u0434 \u043e\u0431\u0435\u0441\u043f\u0435\u0447\u0438\u0432\u0430\u044e\u0442 \u043f\u0440\u043e\u0445\u043b\u0430\u0434\u043d\u0443\u044e \u0438 \u0442\u0438\u0445\u0443\u044e \u0440\u0430\u0431\u043e\u0442\u0443, \u043f\u0440\u0435\u0434\u043e\u0442\u0432\u0440\u0430\u0449\u0430\u044f \u043f\u0435\u0440\u0435\u0433\u0440\u0435\u0432 \u0438 \u043f\u0440\u043e\u0434\u043b\u0435\u0432\u0430\u044f \u0441\u0440\u043e\u043a \u0441\u043b\u0443\u0436\u0431\u044b \u043a\u0430\u0440\u0442\u044b.<\/p>\n<p>\u0411\u043b\u0430\u0433\u043e\u0434\u0430\u0440\u044f \u043f\u043e\u0434\u0434\u0435\u0440\u0436\u043a\u0435 DirectX 12 Ultimate \u0438 \u0442\u0435\u0445\u043d\u043e\u043b\u043e\u0433\u0438\u0438 AMD FidelityFX, RX 6400 \u043e\u0431\u0435\u0441\u043f\u0435\u0447\u0438\u0432\u0430\u0435\u0442 \u0438\u0441\u043a\u043b\u044e\u0447\u0438\u0442\u0435\u043b\u044c\u043d\u043e\u0435 \u043a\u0430\u0447\u0435\u0441\u0442\u0432\u043e \u0438\u0437\u043e\u0431\u0440\u0430\u0436\u0435\u043d\u0438\u044f \u0438 \u043f\u043e\u0442\u0440\u044f\u0441\u0430\u044e\u0449\u0438\u0435 \u0433\u0440\u0430\u0444\u0438\u0447\u0435\u0441\u043a\u0438\u0435 \u044d\u0444\u0444\u0435\u043a\u0442\u044b. \u0412\u044b \u0441\u043c\u043e\u0436\u0435\u0442\u0435 \u043d\u0430\u0441\u043b\u0430\u0434\u0438\u0442\u044c\u0441\u044f \u0447\u0435\u0442\u043a\u0438\u043c\u0438 \u0438\u0437\u043e\u0431\u0440\u0430\u0436\u0435\u043d\u0438\u044f\u043c\u0438, \u044f\u0440\u043a\u0438\u043c\u0438 \u0446\u0432\u0435\u0442\u0430\u043c\u0438 \u0438 \u043f\u043e\u0442\u0440\u044f\u0441\u0430\u044e\u0449\u0435\u0439 \u0434\u0435\u0442\u0430\u043b\u0438\u0437\u0430\u0446\u0438\u0435\u0439 \u0432 \u0432\u0430\u0448\u0438\u0445 \u043b\u044e\u0431\u0438\u043c\u044b\u0445 \u0438\u0433\u0440\u0430\u0445.<\/p>\n<p>\u041f\u043e\u043c\u0438\u043c\u043e \u0438\u0433\u0440\u043e\u0432\u044b\u0445 \u0432\u043e\u0437\u043c\u043e\u0436\u043d\u043e\u0441\u0442\u0435\u0439, SAPPHIRE PULSE AMD RADEON RX 6400 \u0442\u0430\u043a\u0436\u0435 \u0438\u0434\u0435\u0430\u043b\u044c\u043d\u043e \u043f\u043e\u0434\u0445\u043e\u0434\u0438\u0442 \u0434\u043b\u044f \u0440\u0435\u0434\u0430\u043a\u0442\u0438\u0440\u043e\u0432\u0430\u043d\u0438\u044f \u0432\u0438\u0434\u0435\u043e, \u0433\u0440\u0430\u0444\u0438\u0447\u0435\u0441\u043a\u043e\u0433\u043e \u0434\u0438\u0437\u0430\u0439\u043d\u0430 \u0438 \u0434\u0440\u0443\u0433\u0438\u0445 \u043f\u0440\u0438\u043b\u043e\u0436\u0435\u043d\u0438\u0439 \u0441 \u0438\u043d\u0442\u0435\u043d\u0441\u0438\u0432\u043d\u043e\u0439 \u0433\u0440\u0430\u0444\u0438\u043a\u043e\u0439. \u0412\u043e\u0441\u043f\u043e\u043b\u044c\u0437\u0443\u0439\u0442\u0435\u0441\u044c \u0435\u0435 \u043c\u043e\u0449\u044c\u044e \u0438 \u043f\u0440\u043e\u0438\u0437\u0432\u043e\u0434\u0438\u0442\u0435\u043b\u044c\u043d\u043e\u0441\u0442\u044c\u044e, \u0447\u0442\u043e\u0431\u044b \u043f\u043e\u0434\u043d\u044f\u0442\u044c \u0441\u0432\u043e\u0438 \u0442\u0432\u043e\u0440\u0447\u0435\u0441\u043a\u0438\u0435 \u043f\u0440\u043e\u0435\u043a\u0442\u044b \u043d\u0430 \u043d\u043e\u0432\u044b\u0439 \u0443\u0440\u043e\u0432\u0435\u043d\u044c.<\/p>\n<p>\u041e\u0434\u043d\u0438\u043c \u0441\u043b\u043e\u0432\u043e\u043c, SAPPHIRE PULSE AMD RADEON RX 6400 GAMING 4GB GDDR6 - \u044d\u0442\u043e \u0432\u044b\u0441\u043e\u043a\u043e\u043f\u0440\u043e\u0438\u0437\u0432\u043e\u0434\u0438\u0442\u0435\u043b\u044c\u043d\u0430\u044f \u0432\u0438\u0434\u0435\u043e\u043a\u0430\u0440\u0442\u0430, \u0441\u043e\u0437\u0434\u0430\u043d\u043d\u0430\u044f \u0434\u043b\u044f \u043e\u0431\u0435\u0441\u043f\u0435\u0447\u0435\u043d\u0438\u044f \u043d\u0435\u043f\u0440\u0435\u0432\u0437\u043e\u0439\u0434\u0435\u043d\u043d\u043e\u0433\u043e \u0438\u0433\u0440\u043e\u0432\u043e\u0433\u043e \u043e\u043f\u044b\u0442\u0430 \u0438 \u0438\u0441\u043a\u043b\u044e\u0447\u0438\u0442\u0435\u043b\u044c\u043d\u043e\u0439 \u0433\u0440\u0430\u0444\u0438\u0447\u0435\u0441\u043a\u043e\u0439 \u043f\u0440\u043e\u0438\u0437\u0432\u043e\u0434\u0438\u0442\u0435\u043b\u044c\u043d\u043e\u0441\u0442\u0438 \u0432 \u0448\u0438\u0440\u043e\u043a\u043e\u043c \u0441\u043f\u0435\u043a\u0442\u0440\u0435 \u043f\u0440\u0438\u043b\u043e\u0436\u0435\u043d\u0438\u0439. \u0415\u0441\u043b\u0438 \u0432\u044b \u0438\u0449\u0435\u0442\u0435 \u043c\u043e\u0449\u044c, \u043a\u0430\u0447\u0435\u0441\u0442\u0432\u043e \u0438\u0437\u043e\u0431\u0440\u0430\u0436\u0435\u043d\u0438\u044f \u0438 \u043d\u0430\u0434\u0435\u0436\u043d\u0443\u044e \u043f\u0440\u043e\u0438\u0437\u0432\u043e\u0434\u0438\u0442\u0435\u043b\u044c\u043d\u043e\u0441\u0442\u044c, \u044d\u0442\u0430 \u0432\u0438\u0434\u0435\u043e\u043a\u0430\u0440\u0442\u0430 - \u043e\u0442\u043b\u0438\u0447\u043d\u044b\u0439 \u0432\u044b\u0431\u043e\u0440.<\/p>\n<h2>\u0425\u0430\u0440\u0430\u043a\u0442\u0435\u0440\u0438\u0441\u0442\u0438\u043a\u0438<\/h2>\n<ul>\n<li>\u0410\u0440\u0445\u0438\u0442\u0435\u043a\u0442\u0443\u0440\u0430 AMD RDNA\u2122 2<\/li>\n<li>DirectX\u00ae 12 Ultimate<\/li>\n<li>\u041f\u0430\u043c\u044f\u0442\u044c GDDR6<\/li>\n<li>\u041f\u043e\u0434\u0434\u0435\u0440\u0436\u0438\u0432\u0430\u0435\u0442 PCI\u00ae Express 4.0<\/li>\n<li>\u0422\u0435\u0445\u043d\u043e\u043b\u043e\u0433\u0438\u044f AMD FreeSync\u2122<\/li>\n<li>DisplayPort\u2122 1.4 \u0441 DSC<\/li>\n<li>HDMI\u2122<\/li>\n<li>\u041f\u043e\u0442\u043e\u043a\u043e\u0432\u0430\u044f \u043f\u0435\u0440\u0435\u0434\u0430\u0447\u0430 \u0432\u0438\u0434\u0435\u043e \u0434\u043e 8K<\/li>\n<li>Radeon\u2122 VR Ready Premium<\/li>\n<li>AMD FidelityFX Super Resolution<\/li>\n<li>\u0410\u043f\u043f\u0430\u0440\u0430\u0442\u043d\u0430\u044f \u0442\u0440\u0430\u0441\u0441\u0438\u0440\u043e\u0432\u043a\u0430 \u043b\u0443\u0447\u0435\u0439<\/li>\n<li>\u0423\u0441\u0438\u043b\u0435\u043d\u0438\u0435 \u0440\u0435\u0437\u043a\u043e\u0441\u0442\u0438 \u0438\u0437\u043e\u0431\u0440\u0430\u0436\u0435\u043d\u0438\u044f Radeon\u2122<\/li>\n<li>Radeon\u2122 Anti-Lag<\/li>\n<li>\u041f\u0440\u043e\u0433\u0440\u0430\u043c\u043c\u043d\u043e\u0435 \u043e\u0431\u0435\u0441\u043f\u0435\u0447\u0435\u043d\u0438\u0435 Radeon\u2122<\/li>\n<li>\u041e\u043f\u0442\u0438\u043c\u0438\u0437\u0430\u0446\u0438\u044f \u0438\u0433\u0440\u043e\u0432\u044b\u0445 \u0434\u0440\u0430\u0439\u0432\u0435\u0440\u043e\u0432<\/li>\n<\/ul>\n<h2>\u0422\u0435\u0445\u043d\u0438\u0447\u0435\u0441\u043a\u0438\u0435 \u0445\u0430\u0440\u0430\u043a\u0442\u0435\u0440\u0438\u0441\u0442\u0438\u043a\u0438 Sapphire Pulse AMD Radeon RX 6400 Gaming<\/h2>\n<ul>\n<li>\u0413\u0440\u0430\u0444\u0438\u0447\u0435\u0441\u043a\u0438\u0439 \u043f\u0440\u043e\u0446\u0435\u0441\u0441\u043e\u0440: Radeon\u2122 RX 6400 Graphics<\/li>\n<li>\u041f\u043e\u0442\u043e\u043a\u043e\u0432\u044b\u0435 \u043f\u0440\u043e\u0446\u0435\u0441\u0441\u043e\u0440\u044b: \u0434\u043e 768 \u0435\u0434\u0438\u043d\u0438\u0446<\/li>\n<li>\u0420\u0430\u0441\u0447\u0435\u0442\u043d\u044b\u0435 \u0435\u0434\u0438\u043d\u0438\u0446\u044b: 12<\/li>\n<li>\u041f\u0443\u0447\u043a\u043e\u0432\u044b\u0435 \u0443\u0441\u043a\u043e\u0440\u0438\u0442\u0435\u043b\u0438: 12<\/li>\n<li>\u0411\u0435\u0441\u043a\u043e\u043d\u0435\u0447\u043d\u044b\u0439 \u043a\u044d\u0448: 16<\/li>\n<li>\u0418\u0433\u0440\u043e\u0432\u0430\u044f \u0447\u0430\u0441\u0442\u043e\u0442\u0430: \u0434\u043e 2039 \u041c\u0413\u0446<\/li>\n<li>\u0418\u043c\u043f\u0443\u043b\u044c\u0441\u043d\u044b\u0439 \u0433\u0435\u043d\u0435\u0440\u0430\u0442\u043e\u0440: \u0434\u043e 2321 \u041c\u0413\u0446<\/li>\n<li>\u0421\u043a\u043e\u0440\u043e\u0441\u0442\u044c \u043f\u0430\u043c\u044f\u0442\u0438: 16 \u0413\u0431\u0438\u0442\/\u0441<\/li>\n<li>\u041e\u0431\u044a\u0435\u043c \u043f\u0430\u043c\u044f\u0442\u0438: 4 \u0413\u0411 (4096 \u041c\u0411)<\/li>\n<li>\u0418\u043d\u0442\u0435\u0440\u0444\u0435\u0439\u0441 \u043f\u0430\u043c\u044f\u0442\u0438: 64-\u0431\u0438\u0442\u043d\u044b\u0439 DDR6<\/li>\n<li>\u041f\u0440\u043e\u0448\u0438\u0432\u043a\u0430: UEFI BIOS<\/li>\n<li>\u0424\u043e\u0440\u043c-\u0444\u0430\u043a\u0442\u043e\u0440: \u041e\u0434\u043d\u043e \u0433\u043d\u0435\u0437\u0434\u043e, \u043d\u0438\u0437\u043a\u0438\u0439 \u043f\u0440\u043e\u0444\u0438\u043b\u044c<\/li>\n<li>\u041e\u0445\u043b\u0430\u0436\u0434\u0435\u043d\u0438\u0435: \u043e\u0441\u0435\u0432\u043e\u0439 \u0432\u0435\u043d\u0442\u0438\u043b\u044f\u0442\u043e\u0440<\/li>\n<li>\u041f\u043e\u0434\u0434\u0435\u0440\u0436\u043a\u0430 \u0448\u0438\u043d\u044b: PCIe 4.0 x4<\/li>\n<li>\u0412\u043d\u0435\u0448\u043d\u0438\u0439 \u0438\u0441\u0442\u043e\u0447\u043d\u0438\u043a \u043f\u0438\u0442\u0430\u043d\u0438\u044f: \u0414\u0430<\/li>\n<li>TriXX Boost: \u0414\u0430<\/li>\n<li>\u0420\u0430\u0437\u043c\u0435\u0440\u044b (\u0414 x \u0428 x \u0412): 170 x 56,2 x 17,2 \u043c\u043c<\/li>\n<li>\u041f\u043e\u0434\u0434\u0435\u0440\u0436\u043a\u0430 \u0434\u043e 2 \u043c\u043e\u043d\u0438\u0442\u043e\u0440\u043e\u0432: 1 x DisplayPort \/ 1 x HDMI<\/li>\n<li>\u041c\u0430\u043a\u0441\u0438\u043c\u0430\u043b\u044c\u043d\u043e\u0435 \u0440\u0430\u0437\u0440\u0435\u0448\u0435\u043d\u0438\u0435 \u044d\u043a\u0440\u0430\u043d\u0430:\n<ul>\n<li>HDMI\u2122: 7680\u00d74320<\/li>\n<li>DisplayPort 1.4: 7680 \u00d7 4320<\/li>\n<\/ul>\n<\/li>\n<li>\u0410\u043a\u0441\u0435\u0441\u0441\u0443\u0430\u0440\u044b: \u043a\u0440\u043e\u043d\u0448\u0442\u0435\u0439\u043d ATX<\/li>\n<li>\u0421\u0438\u0441\u0442\u0435\u043c\u043d\u044b\u0435 \u0442\u0440\u0435\u0431\u043e\u0432\u0430\u043d\u0438\u044f:\n<ul>\n<li>PCI\u00ae Express\u00a9-\u0441\u043e\u0432\u043c\u0435\u0441\u0442\u0438\u043c\u0430\u044f \u043c\u0430\u0442\u0435\u0440\u0438\u043d\u0441\u043a\u0430\u044f \u043f\u043b\u0430\u0442\u0430 \u0441 \u043e\u0434\u043d\u0438\u043c \u0441\u043b\u043e\u0442\u043e\u043c PCIe x16<\/li>\n<li>\u041c\u0438\u043d\u0438\u043c\u0430\u043b\u044c\u043d\u0430\u044f \u043c\u043e\u0449\u043d\u043e\u0441\u0442\u044c \u0431\u043b\u043e\u043a\u0430 \u043f\u0438\u0442\u0430\u043d\u0438\u044f 350 \u0412\u0442 \u0438\u043b\u0438 \u0432\u044b\u0448\u0435 \u041f\u0420\u0418\u041c\u0415\u0427\u0410\u041d\u0418\u0415: \u041c\u0438\u043d\u0438\u043c\u0430\u043b\u044c\u043d\u0430\u044f \u0440\u0435\u043a\u043e\u043c\u0435\u043d\u0434\u0443\u0435\u043c\u0430\u044f \u043c\u043e\u0449\u043d\u043e\u0441\u0442\u044c \u0431\u043b\u043e\u043a\u0430 \u043f\u0438\u0442\u0430\u043d\u0438\u044f \u0441\u0438\u0441\u0442\u0435\u043c\u044b \u0437\u0430\u0432\u0438\u0441\u0438\u0442 \u043e\u0442 \u043a\u043e\u043d\u043a\u0440\u0435\u0442\u043d\u043e\u0439 \u0432\u0438\u0434\u0435\u043e\u043a\u0430\u0440\u0442\u044b \u0438 \u0442\u0438\u043f\u0438\u0447\u043d\u044b\u0445 \u0442\u0440\u0435\u0431\u043e\u0432\u0430\u043d\u0438\u0439 \u043a \u043c\u043e\u0449\u043d\u043e\u0441\u0442\u0438 \u0434\u0440\u0443\u0433\u0438\u0445 \u043a\u043e\u043c\u043f\u043e\u043d\u0435\u043d\u0442\u043e\u0432 \u0441\u0438\u0441\u0442\u0435\u043c\u044b. \u0412\u0430\u0448\u0435\u0439 \u0441\u0438\u0441\u0442\u0435\u043c\u0435 \u043c\u043e\u0436\u0435\u0442 \u043f\u043e\u0442\u0440\u0435\u0431\u043e\u0432\u0430\u0442\u044c\u0441\u044f \u0431\u043e\u043b\u044c\u0448\u0435 \u0438\u043b\u0438 \u043c\u0435\u043d\u044c\u0448\u0435 \u043c\u043e\u0449\u043d\u043e\u0441\u0442\u0438. OEM \u0438 \u0434\u0440\u0443\u0433\u0438\u0435 \u043f\u0440\u0435\u0434\u0432\u0430\u0440\u0438\u0442\u0435\u043b\u044c\u043d\u043e \u0441\u043e\u0431\u0440\u0430\u043d\u043d\u044b\u0435 \u041f\u041a \u043c\u043e\u0433\u0443\u0442 \u0438\u043c\u0435\u0442\u044c \u0434\u0440\u0443\u0433\u0438\u0435 \u0442\u0440\u0435\u0431\u043e\u0432\u0430\u043d\u0438\u044f \u043a \u043c\u043e\u0449\u043d\u043e\u0441\u0442\u0438.<\/li>\n<li>\u041c\u0438\u043d\u0438\u043c\u0443\u043c 8 \u0413\u0411 \u0441\u0438\u0441\u0442\u0435\u043c\u043d\u043e\u0439 \u043f\u0430\u043c\u044f\u0442\u0438. \u0420\u0435\u043a\u043e\u043c\u0435\u043d\u0434\u0443\u0435\u0442\u0441\u044f 16 \u0413\u0411<\/li>\n<li>\u0414\u043b\u044f \u0443\u0441\u0442\u0430\u043d\u043e\u0432\u043a\u0438 \u043f\u0440\u043e\u0433\u0440\u0430\u043c\u043c\u044b \u0442\u0440\u0435\u0431\u0443\u044e\u0442\u0441\u044f \u043a\u043b\u0430\u0432\u0438\u0430\u0442\u0443\u0440\u0430, \u043c\u044b\u0448\u044c \u0438 \u044d\u043a\u0440\u0430\u043d.<\/li>\n<li>\u0422\u0440\u0435\u0431\u0443\u0435\u0442\u0441\u044f \u0434\u0438\u0441\u043f\u043b\u0435\u0439 \u0441 HDMI \u0438\u043b\u0438 DisplayPort<\/li>\n<li>\u041f\u043e\u0434\u0434\u0435\u0440\u0436\u0438\u0432\u0430\u0435\u043c\u044b\u0435 \u043e\u043f\u0435\u0440\u0430\u0446\u0438\u043e\u043d\u043d\u044b\u0435 \u0441\u0438\u0441\u0442\u0435\u043c\u044b: Linux\u00ae, Windows 7\/10\/11. \u0422\u0440\u0435\u0431\u0443\u0435\u0442\u0441\u044f 64-\u0440\u0430\u0437\u0440\u044f\u0434\u043d\u0430\u044f \u043e\u043f\u0435\u0440\u0430\u0446\u0438\u043e\u043d\u043d\u0430\u044f \u0441\u0438\u0441\u0442\u0435\u043c\u0430 (Windows 7 \u043d\u0435 \u043f\u043e\u0434\u0434\u0435\u0440\u0436\u0438\u0432\u0430\u0435\u0442 \u0432\u0441\u0435 \u0444\u0443\u043d\u043a\u0446\u0438\u0438, \u0432\u043a\u043b\u044e\u0447\u0430\u044f, \u043d\u043e \u043d\u0435 \u043e\u0433\u0440\u0430\u043d\u0438\u0447\u0438\u0432\u0430\u044f\u0441\u044c \u0430\u043f\u043f\u0430\u0440\u0430\u0442\u043d\u043e\u0439 \u0442\u0440\u0430\u0441\u0441\u0438\u0440\u043e\u0432\u043a\u043e\u0439 \u043b\u0443\u0447\u0435\u0439).<\/li>\n<li>\u041f\u043e\u0434\u0434\u0435\u0440\u0436\u043a\u0430 DirectX\u00ae 12 \u0438 Vulkan\u00ae<\/li>\n<\/ul>\n<\/li>\n<\/ul>","protected":false},"excerpt":{"rendered":"<p>La tarjeta gr\u00e1fica Sapphire Pulse AMD Radeon RX 6400 Gaming 4GB GDDR6 es una potente opci\u00f3n dise\u00f1ada para brindar una experiencia de juego inmersiva y fluida. Con su arquitectura AMD RDNA 2, esta tarjeta gr\u00e1fica ofrece un rendimiento excepcional y capacidades visuales impresionantes. El RX 6400 cuenta con 4GB de memoria GDDR6 de alta velocidad, [&hellip;]<\/p>\n","protected":false},"featured_media":2018,"comment_status":"open","ping_status":"closed","template":"","meta":[],"product_brand":[],"product_cat":[20,18],"product_tag":[240],"class_list":{"0":"post-2017","1":"product","2":"type-product","3":"status-publish","4":"has-post-thumbnail","6":"product_cat-componentes","7":"product_cat-rigs-de-gpu","8":"product_tag-gpu","10":"first","11":"instock","12":"taxable","13":"shipping-taxable","14":"purchasable","15":"product-type-simple"},"_links":{"self":[{"href":"https:\/\/pruebas.michollo.to\/ru\/wp-json\/wp\/v2\/product\/2017","targetHints":{"allow":["GET"]}}],"collection":[{"href":"https:\/\/pruebas.michollo.to\/ru\/wp-json\/wp\/v2\/product"}],"about":[{"href":"https:\/\/pruebas.michollo.to\/ru\/wp-json\/wp\/v2\/types\/product"}],"replies":[{"embeddable":true,"href":"https:\/\/pruebas.michollo.to\/ru\/wp-json\/wp\/v2\/comments?post=2017"}],"wp:featuredmedia":[{"embeddable":true,"href":"https:\/\/pruebas.michollo.to\/ru\/wp-json\/wp\/v2\/media\/2018"}],"wp:attachment":[{"href":"https:\/\/pruebas.michollo.to\/ru\/wp-json\/wp\/v2\/media?parent=2017"}],"wp:term":[{"taxonomy":"product_brand","embeddable":true,"href":"https:\/\/pruebas.michollo.to\/ru\/wp-json\/wp\/v2\/product_brand?post=2017"},{"taxonomy":"product_cat","embeddable":true,"href":"https:\/\/pruebas.michollo.to\/ru\/wp-json\/wp\/v2\/product_cat?post=2017"},{"taxonomy":"product_tag","embeddable":true,"href":"https:\/\/pruebas.michollo.to\/ru\/wp-json\/wp\/v2\/product_tag?post=2017"}],"curies":[{"name":"wp","href":"https:\/\/api.w.org\/{rel}","templated":true}]}}