{"id":20251,"date":"2026-01-05T11:02:56","date_gmt":"2026-01-05T10:02:56","guid":{"rendered":"https:\/\/www.minandovoy.com\/?post_type=product&#038;p=20251"},"modified":"2026-02-23T13:03:44","modified_gmt":"2026-02-23T12:03:44","slug":"bitmain-antminer-s21-225","status":"publish","type":"product","link":"https:\/\/pruebas.michollo.to\/ru\/product\/bitmain-antminer-s21-225\/","title":{"rendered":"Bitmain Antminer S21+ 225Th"},"content":{"rendered":"<p>El Bitmain Antminer S21+ 225th es un minero ASIC dise\u00f1ado para operar con el algoritmo SHA-256, enfocado en la miner\u00eda de Bitcoin (BTC). Alcanza una tasa de hash m\u00e1xima de 225th con un consumo de 3712W, lo que se traduce en una eficiencia energ\u00e9tica de 16.498J\/Th.<\/p>\n<div class=\"mb-4\">\n<h3 class=\"\" data-start=\"166\" data-end=\"198\">\ud83d\udd27 \u0422\u0435\u0445\u043d\u0438\u0447\u0435\u0441\u043a\u0438\u0435 \u0445\u0430\u0440\u0430\u043a\u0442\u0435\u0440\u0438\u0441\u0442\u0438\u043a\u0438<\/h3>\n<\/div>\n<table class=\"w-full\">\n<tbody>\n<tr class=\"odd:bg-transparent even:bg-gray-1 odd:dark:bg-transparent even:dark:bg-black\/80\">\n<td class=\"min-w-40 py-1 pl-2\">\u041f\u0440\u043e\u0438\u0437\u0432\u043e\u0434\u0438\u0442\u0435\u043b\u044c<\/td>\n<td class=\"pr-2 text-right\">Bitmain<\/td>\n<\/tr>\n<tr class=\"odd:bg-transparent even:bg-gray-1 odd:dark:bg-transparent even:dark:bg-black\/80\">\n<td class=\"min-w-40 py-1 pl-2\">\u041c\u043e\u0434\u0435\u043b\u044c<\/td>\n<td class=\"pr-2 text-right\">Antminer S21+ 225Th<\/td>\n<\/tr>\n<tr class=\"odd:bg-transparent even:bg-gray-1 odd:dark:bg-transparent even:dark:bg-black\/80\">\n<td class=\"min-w-40 py-1 pl-2\">\u0417\u0430\u043f\u0443\u0441\u043a<\/td>\n<td class=\"pr-2 text-right\">Jun 2025<\/td>\n<\/tr>\n<tr class=\"odd:bg-transparent even:bg-gray-1 odd:dark:bg-transparent even:dark:bg-black\/80\">\n<td class=\"min-w-40 py-1 pl-2\">\u0420\u0430\u0437\u043c\u0435\u0440<\/td>\n<td class=\"pr-2 text-right\">400 x 195 x 290mm<\/td>\n<\/tr>\n<tr class=\"odd:bg-transparent even:bg-gray-1 odd:dark:bg-transparent even:dark:bg-black\/80\">\n<td class=\"min-w-40 py-1 pl-2\">\u0423\u0440\u043e\u0432\u0435\u043d\u044c \u0448\u0443\u043c\u0430<\/td>\n<td class=\"pr-2 text-right\">75dB<\/td>\n<\/tr>\n<tr class=\"odd:bg-transparent even:bg-gray-1 odd:dark:bg-transparent even:dark:bg-black\/80\">\n<td class=\"min-w-40 py-1 pl-2\">Ventilador(es)<\/td>\n<td class=\"pr-2 text-right\">2<\/td>\n<\/tr>\n<tr class=\"odd:bg-transparent even:bg-gray-1 odd:dark:bg-transparent even:dark:bg-black\/80\">\n<td class=\"min-w-40 py-1 pl-2\">\u041c\u043e\u0449\u043d\u043e\u0441\u0442\u044c<\/td>\n<td class=\"pr-2 text-right\">3712W<\/td>\n<\/tr>\n<tr class=\"odd:bg-transparent even:bg-gray-1 odd:dark:bg-transparent even:dark:bg-black\/80\">\n<td class=\"min-w-40 py-1 pl-2\">\u0418\u043d\u0442\u0435\u0440\u0444\u0435\u0439\u0441<\/td>\n<td class=\"pr-2 text-right\">Ethernet<\/td>\n<\/tr>\n<tr class=\"odd:bg-transparent even:bg-gray-1 odd:dark:bg-transparent even:dark:bg-black\/80\">\n<td class=\"min-w-40 py-1 pl-2\">\u0422\u0435\u043c\u043f\u0435\u0440\u0430\u0442\u0443\u0440\u0430<\/td>\n<td class=\"pr-2 text-right\">10 &#8211; 40 \u00b0C<\/td>\n<\/tr>\n<tr class=\"odd:bg-transparent even:bg-gray-1 odd:dark:bg-transparent even:dark:bg-black\/80\">\n<td class=\"min-w-40 py-1 pl-2\">\u0412\u043b\u0430\u0436\u043d\u043e\u0441\u0442\u044c<\/td>\n<td class=\"pr-2 text-right\">10 &#8211; 90 %<\/td>\n<\/tr>\n<tr class=\"odd:bg-transparent even:bg-gray-1 odd:dark:bg-transparent even:dark:bg-black\/80\">\n<td class=\"min-w-40 py-1 pl-2\">Garantia<\/td>\n<td class=\"pr-2 text-right\">1 a\u00f1o<\/td>\n<\/tr>\n<\/tbody>\n<\/table>","protected":false},"excerpt":{"rendered":"<p>El Bitmain Antminer S21+ 225th es un minero ASIC dise\u00f1ado para operar con el algoritmo SHA-256, enfocado en la miner\u00eda de Bitcoin (BTC). Alcanza una tasa de hash m\u00e1xima de 225th con un consumo de 3712W, lo que se traduce en una eficiencia energ\u00e9tica de 16.498J\/Th. \ud83d\udd27 Especificaciones T\u00e9cnicas Fabricante Bitmain Modelo Antminer S21+ 225Th [&hellip;]<\/p>\n","protected":false},"featured_media":18635,"comment_status":"open","ping_status":"closed","template":"","meta":[],"product_brand":[],"product_cat":[19],"product_tag":[244,138,137,605],"class_list":{"0":"post-20251","1":"product","2":"type-product","3":"status-publish","4":"has-post-thumbnail","6":"product_cat-mineros","7":"product_tag-gme","8":"product_tag-mineros-para-avanzados","9":"product_tag-mineros-para-principiantes","10":"product_tag-top-ventas","12":"first","13":"instock","14":"taxable","15":"shipping-taxable","16":"purchasable","17":"product-type-simple"},"_links":{"self":[{"href":"https:\/\/pruebas.michollo.to\/ru\/wp-json\/wp\/v2\/product\/20251","targetHints":{"allow":["GET"]}}],"collection":[{"href":"https:\/\/pruebas.michollo.to\/ru\/wp-json\/wp\/v2\/product"}],"about":[{"href":"https:\/\/pruebas.michollo.to\/ru\/wp-json\/wp\/v2\/types\/product"}],"replies":[{"embeddable":true,"href":"https:\/\/pruebas.michollo.to\/ru\/wp-json\/wp\/v2\/comments?post=20251"}],"wp:featuredmedia":[{"embeddable":true,"href":"https:\/\/pruebas.michollo.to\/ru\/wp-json\/wp\/v2\/media\/18635"}],"wp:attachment":[{"href":"https:\/\/pruebas.michollo.to\/ru\/wp-json\/wp\/v2\/media?parent=20251"}],"wp:term":[{"taxonomy":"product_brand","embeddable":true,"href":"https:\/\/pruebas.michollo.to\/ru\/wp-json\/wp\/v2\/product_brand?post=20251"},{"taxonomy":"product_cat","embeddable":true,"href":"https:\/\/pruebas.michollo.to\/ru\/wp-json\/wp\/v2\/product_cat?post=20251"},{"taxonomy":"product_tag","embeddable":true,"href":"https:\/\/pruebas.michollo.to\/ru\/wp-json\/wp\/v2\/product_tag?post=20251"}],"curies":[{"name":"wp","href":"https:\/\/api.w.org\/{rel}","templated":true}]}}