{"id":2554,"date":"2023-09-04T13:34:54","date_gmt":"2023-09-04T15:34:54","guid":{"rendered":"https:\/\/www.minandovoy.com\/?post_type=product&#038;p=2554"},"modified":"2026-02-23T13:19:18","modified_gmt":"2026-02-23T12:19:18","slug":"asic-bitmain-antminer-x5-212-kh","status":"publish","type":"product","link":"https:\/\/pruebas.michollo.to\/ru\/product\/asic-bitmain-antminer-antminer-x5-212-kh\/","title":{"rendered":"ASIC Bitmain Antminer X5 - 212 KH\/s"},"content":{"rendered":"<p><strong><img loading=\"lazy\" decoding=\"async\" class=\"alignnone size-medium wp-image-2557\" src=\"https:\/\/www.minandovoy.com\/wp-content\/uploads\/2023\/09\/bitmain-antminer-x5-xmr-300x300.webp\" alt=\"\" width=\"300\" height=\"300\" srcset=\"https:\/\/pruebas.michollo.to\/wp-content\/uploads\/2023\/09\/bitmain-antminer-x5-xmr-300x300.webp 300w, https:\/\/pruebas.michollo.to\/wp-content\/uploads\/2023\/09\/bitmain-antminer-x5-xmr-150x150.webp 150w, https:\/\/pruebas.michollo.to\/wp-content\/uploads\/2023\/09\/bitmain-antminer-x5-xmr-12x12.webp 12w, https:\/\/pruebas.michollo.to\/wp-content\/uploads\/2023\/09\/bitmain-antminer-x5-xmr-100x100.webp 100w, https:\/\/pruebas.michollo.to\/wp-content\/uploads\/2023\/09\/bitmain-antminer-x5-xmr-20x20.webp 20w, https:\/\/pruebas.michollo.to\/wp-content\/uploads\/2023\/09\/bitmain-antminer-x5-xmr-56x56.webp 56w, https:\/\/pruebas.michollo.to\/wp-content\/uploads\/2023\/09\/bitmain-antminer-x5-xmr-28x28.webp 28w, https:\/\/pruebas.michollo.to\/wp-content\/uploads\/2023\/09\/bitmain-antminer-x5-xmr-73x73.webp 73w, https:\/\/pruebas.michollo.to\/wp-content\/uploads\/2023\/09\/bitmain-antminer-x5-xmr-170x170.webp 170w, https:\/\/pruebas.michollo.to\/wp-content\/uploads\/2023\/09\/bitmain-antminer-x5-xmr-65x65.webp 65w, https:\/\/pruebas.michollo.to\/wp-content\/uploads\/2023\/09\/bitmain-antminer-x5-xmr-69x69.webp 69w, https:\/\/pruebas.michollo.to\/wp-content\/uploads\/2023\/09\/bitmain-antminer-x5-xmr-50x50.webp 50w, https:\/\/pruebas.michollo.to\/wp-content\/uploads\/2023\/09\/bitmain-antminer-x5-xmr-60x60.webp 60w, https:\/\/pruebas.michollo.to\/wp-content\/uploads\/2023\/09\/bitmain-antminer-x5-xmr-247x247.webp 247w, https:\/\/pruebas.michollo.to\/wp-content\/uploads\/2023\/09\/bitmain-antminer-x5-xmr-19x19.webp 19w, https:\/\/pruebas.michollo.to\/wp-content\/uploads\/2023\/09\/bitmain-antminer-x5-xmr-284x284.webp 284w, https:\/\/pruebas.michollo.to\/wp-content\/uploads\/2023\/09\/bitmain-antminer-x5-xmr-208x208.webp 208w, https:\/\/pruebas.michollo.to\/wp-content\/uploads\/2023\/09\/bitmain-antminer-x5-xmr.webp 540w\" sizes=\"auto, (max-width: 300px) 100vw, 300px\" \/><\/strong><\/p>\n<p><strong>Bitmain Antminer X5 - 212 KH\/s: \u0432\u0430\u0448 \u043b\u0443\u0447\u0448\u0438\u0439 \u043f\u0430\u0440\u0442\u043d\u0435\u0440 \u043f\u043e \u043c\u0430\u0439\u043d\u0438\u043d\u0433\u0443 \u043a\u0440\u0438\u043f\u0442\u043e\u0432\u0430\u043b\u044e\u0442<\/strong><\/p>\n<p>&nbsp;<\/p>\n<p>\u0414\u043e\u0431\u0440\u043e \u043f\u043e\u0436\u0430\u043b\u043e\u0432\u0430\u0442\u044c \u0432 \u043c\u0438\u0440 \u043a\u0440\u0438\u043f\u0442\u043e\u0432\u0430\u043b\u044e\u0442, \u0433\u0434\u0435 \u0438\u043d\u043d\u043e\u0432\u0430\u0446\u0438\u0438 \u043e\u043f\u0440\u0435\u0434\u0435\u043b\u044f\u044e\u0442 \u0443\u0441\u043f\u0435\u0445. \u041f\u0440\u0435\u0434\u0441\u0442\u0430\u0432\u043b\u044f\u0435\u043c \u0432\u0430\u043c Bitmain Antminer X5 - \u0442\u0435\u0445\u043d\u043e\u043b\u043e\u0433\u0438\u0447\u0435\u0441\u043a\u0438\u0439 \u0448\u0435\u0434\u0435\u0432\u0440, \u043f\u0440\u0438\u0437\u0432\u0430\u043d\u043d\u044b\u0439 \u043f\u043e\u0434\u043d\u044f\u0442\u044c \u0432\u0430\u0448\u0438 \u043c\u0430\u0439\u043d\u0438\u043d\u0433\u043e\u0432\u044b\u0435 \u043e\u043f\u0435\u0440\u0430\u0446\u0438\u0438 \u043d\u0430 \u0438\u0441\u043a\u043b\u044e\u0447\u0438\u0442\u0435\u043b\u044c\u043d\u044b\u0439 \u0443\u0440\u043e\u0432\u0435\u043d\u044c. \u0413\u043e\u0442\u043e\u0432\u044b \u0443\u0437\u043d\u0430\u0442\u044c, \u043f\u043e\u0447\u0435\u043c\u0443 \u044d\u0442\u043e \u0443\u0441\u0442\u0440\u043e\u0439\u0441\u0442\u0432\u043e \u043d\u0435\u043e\u0431\u0445\u043e\u0434\u0438\u043c\u043e \u0434\u043b\u044f \u0432\u0430\u0448\u0435\u0433\u043e \u0431\u0438\u0437\u043d\u0435\u0441\u0430?<\/p>\n<p><strong>\u042d\u0444\u0444\u0435\u043a\u0442\u0438\u0432\u043d\u0430\u044f \u043c\u043e\u0449\u043d\u043e\u0441\u0442\u044c \u0438 \u0432\u044b\u0441\u043e\u043a\u0430\u044f \u044d\u043d\u0435\u0440\u0433\u043e\u044d\u0444\u0444\u0435\u043a\u0442\u0438\u0432\u043d\u043e\u0441\u0442\u044c<\/strong><\/p>\n<p>\u041d\u0443\u0436\u043d\u0430 \u0441\u0442\u0430\u0431\u0438\u043b\u044c\u043d\u0430\u044f \u043f\u0440\u043e\u0438\u0437\u0432\u043e\u0434\u0438\u0442\u0435\u043b\u044c\u043d\u043e\u0441\u0442\u044c? Bitmain Antminer X5 \u043e\u0431\u0435\u0441\u043f\u0435\u0447\u0438\u0432\u0430\u0435\u0442 \u0435\u0435 \u0432 \u044d\u0444\u0444\u0435\u043a\u0442\u0438\u0432\u043d\u043e\u043c \u043a\u043e\u0440\u043f\u0443\u0441\u0435. \u0411\u043b\u0430\u0433\u043e\u0434\u0430\u0440\u044f \u0432\u044b\u0447\u0438\u0441\u043b\u0438\u0442\u0435\u043b\u044c\u043d\u043e\u0439 \u043c\u043e\u0449\u043d\u043e\u0441\u0442\u0438 \u0434\u043e 212 \u041a\u0425\/\u0441 \u044d\u0442\u043e \u0443\u0441\u0442\u0440\u043e\u0439\u0441\u0442\u0432\u043e \u043b\u0435\u0433\u043a\u043e \u0440\u0435\u0448\u0430\u0435\u0442 \u0441\u043b\u043e\u0436\u043d\u044b\u0435 \u0430\u043b\u0433\u043e\u0440\u0438\u0442\u043c\u044b. \u041d\u043e \u0435\u0449\u0435 \u0431\u043e\u043b\u0435\u0435 \u0446\u0435\u043d\u043d\u044b\u043c \u044f\u0432\u043b\u044f\u0435\u0442\u0441\u044f \u0435\u0433\u043e \u044d\u043d\u0435\u0440\u0433\u043e\u044d\u0444\u0444\u0435\u043a\u0442\u0438\u0432\u043d\u043e\u0441\u0442\u044c. \u041f\u043e\u0442\u0440\u0435\u0431\u043b\u044f\u044f \u0432\u0441\u0435\u0433\u043e 1350 \u0412\u0442, \u043e\u043d \u043e\u0431\u0435\u0441\u043f\u0435\u0447\u0438\u0432\u0430\u0435\u0442 \u0438\u0434\u0435\u0430\u043b\u044c\u043d\u044b\u0439 \u0431\u0430\u043b\u0430\u043d\u0441 \u043c\u0435\u0436\u0434\u0443 \u043c\u043e\u0449\u043d\u043e\u0441\u0442\u044c\u044e \u0438 \u0440\u0435\u0441\u0443\u0440\u0441\u0430\u043c\u0438. \u0427\u0442\u043e \u044d\u0442\u043e \u0437\u043d\u0430\u0447\u0438\u0442 \u0434\u043b\u044f \u0432\u0430\u0441? \u0411\u043e\u043b\u044c\u0448\u0435\u0435 \u0432\u043e\u0437\u043d\u0430\u0433\u0440\u0430\u0436\u0434\u0435\u043d\u0438\u0435 \u0438 \u043c\u0435\u043d\u044c\u0448\u0438\u0435 \u044d\u043d\u0435\u0440\u0433\u043e\u0437\u0430\u0442\u0440\u0430\u0442\u044b.<\/p>\n<p>&nbsp;<\/p>\n<p><strong>\u041f\u043e\u0447\u0435\u043c\u0443 \u0441\u0442\u043e\u0438\u0442 \u043e\u0431\u0440\u0430\u0442\u0438\u0442\u044c \u0432\u043d\u0438\u043c\u0430\u043d\u0438\u0435 \u043d\u0430 Antminer X5 \u0432 \u043e\u0431\u043b\u0430\u0441\u0442\u0438 \u043c\u0430\u0439\u043d\u0438\u043d\u0433\u0430 \u043a\u0440\u0438\u043f\u0442\u043e\u0432\u0430\u043b\u044e\u0442?<\/strong><\/p>\n<p>\u041e\u0434\u043d\u0438\u043c \u0441\u043b\u043e\u0432\u043e\u043c, Antminer X5 - \u044d\u0442\u043e \u0432\u0430\u0448 \u043d\u0435\u0437\u0430\u043c\u0435\u043d\u0438\u043c\u044b\u0439 \u0441\u043e\u044e\u0437\u043d\u0438\u043a \u0434\u043b\u044f \u0434\u043e\u0431\u044b\u0447\u0438 \u043a\u0440\u0438\u043f\u0442\u043e\u0432\u0430\u043b\u044e\u0442 MONERO (XMR), QUANTUM R L (QRL) \u0438\u043b\u0438 \u043b\u044e\u0431\u043e\u0439 \u0434\u0440\u0443\u0433\u043e\u0439 \u043a\u0440\u0438\u043f\u0442\u043e\u0432\u0430\u043b\u044e\u0442\u044b, \u0434\u043e\u0431\u044b\u0432\u0430\u0435\u043c\u043e\u0439 \u043f\u043e \u0430\u043b\u0433\u043e\u0440\u0438\u0442\u043c\u0443 RandomX. \u041a\u043e\u043c\u043f\u0430\u043a\u0442\u043d\u044b\u0439 \u0434\u0438\u0437\u0430\u0439\u043d, \u044d\u043d\u0435\u0440\u0433\u043e\u044d\u0444\u0444\u0435\u043a\u0442\u0438\u0432\u043d\u043e\u0441\u0442\u044c, \u0432\u044b\u0447\u0438\u0441\u043b\u0438\u0442\u0435\u043b\u044c\u043d\u0430\u044f \u043c\u043e\u0449\u043d\u043e\u0441\u0442\u044c \u0438 \u0440\u0430\u0441\u0448\u0438\u0440\u0435\u043d\u043d\u044b\u0435 \u0432\u043e\u0437\u043c\u043e\u0436\u043d\u043e\u0441\u0442\u0438 \u043f\u043e\u0434\u043a\u043b\u044e\u0447\u0435\u043d\u0438\u044f \u0434\u0435\u043b\u0430\u044e\u0442 \u0435\u0433\u043e \u043d\u0435\u0437\u0430\u043c\u0435\u043d\u0438\u043c\u044b\u043c \u0432\u044b\u0431\u043e\u0440\u043e\u043c \u0434\u043b\u044f \u0442\u0435\u0445, \u043a\u0442\u043e \u0441\u0442\u0440\u0435\u043c\u0438\u0442\u0441\u044f \u043c\u0430\u043a\u0441\u0438\u043c\u0430\u043b\u044c\u043d\u043e \u0440\u0430\u0441\u043a\u0440\u044b\u0442\u044c \u0441\u0432\u043e\u0439 \u043f\u043e\u0442\u0435\u043d\u0446\u0438\u0430\u043b. \u0413\u043e\u0442\u043e\u0432\u044b \u043f\u043e\u043a\u043e\u0440\u0438\u0442\u044c \u043c\u0438\u0440 \u043a\u0440\u0438\u043f\u0442\u043e\u0432\u0430\u043b\u044e\u0442 \u0441 \u043f\u043e\u043c\u043e\u0449\u044c\u044e Antminer X5? \u041e\u0442\u0432\u0435\u0442 \u043d\u0430 \u044d\u0442\u043e\u0442 \u0432\u043e\u043f\u0440\u043e\u0441 \u043d\u0430\u0445\u043e\u0434\u0438\u0442\u0441\u044f \u0443 \u0432\u0430\u0441 \u043f\u043e\u0434 \u0440\u0443\u043a\u043e\u0439.<\/p>","protected":false},"excerpt":{"rendered":"<p>Bitmain Antminer X5 \u2013 212 KH\/s: Tu Socio Definitivo en la Miner\u00eda de Criptomonedas &nbsp; Bienvenido al mundo de las criptomonedas, donde la innovaci\u00f3n define el \u00e9xito. Presentamos\u00a0 la Bitmain Antminer X5, una obra maestra tecnol\u00f3gica dise\u00f1ada para elevar tus operaciones mineras a niveles excepcionales. \u00bfListo para descubrir por qu\u00e9 este dispositivo es esencial para [&hellip;]<\/p>\n","protected":false},"featured_media":2557,"comment_status":"open","ping_status":"closed","template":"","meta":[],"product_brand":[],"product_cat":[19],"product_tag":[52,244,138],"class_list":{"0":"post-2554","1":"product","2":"type-product","3":"status-publish","4":"has-post-thumbnail","6":"product_cat-mineros","7":"product_tag-asic","8":"product_tag-gme","9":"product_tag-mineros-para-avanzados","11":"first","12":"instock","13":"taxable","14":"shipping-taxable","15":"purchasable","16":"product-type-simple"},"_links":{"self":[{"href":"https:\/\/pruebas.michollo.to\/ru\/wp-json\/wp\/v2\/product\/2554","targetHints":{"allow":["GET"]}}],"collection":[{"href":"https:\/\/pruebas.michollo.to\/ru\/wp-json\/wp\/v2\/product"}],"about":[{"href":"https:\/\/pruebas.michollo.to\/ru\/wp-json\/wp\/v2\/types\/product"}],"replies":[{"embeddable":true,"href":"https:\/\/pruebas.michollo.to\/ru\/wp-json\/wp\/v2\/comments?post=2554"}],"wp:featuredmedia":[{"embeddable":true,"href":"https:\/\/pruebas.michollo.to\/ru\/wp-json\/wp\/v2\/media\/2557"}],"wp:attachment":[{"href":"https:\/\/pruebas.michollo.to\/ru\/wp-json\/wp\/v2\/media?parent=2554"}],"wp:term":[{"taxonomy":"product_brand","embeddable":true,"href":"https:\/\/pruebas.michollo.to\/ru\/wp-json\/wp\/v2\/product_brand?post=2554"},{"taxonomy":"product_cat","embeddable":true,"href":"https:\/\/pruebas.michollo.to\/ru\/wp-json\/wp\/v2\/product_cat?post=2554"},{"taxonomy":"product_tag","embeddable":true,"href":"https:\/\/pruebas.michollo.to\/ru\/wp-json\/wp\/v2\/product_tag?post=2554"}],"curies":[{"name":"wp","href":"https:\/\/api.w.org\/{rel}","templated":true}]}}