{"id":2620,"date":"2023-09-20T06:21:31","date_gmt":"2023-09-20T08:21:31","guid":{"rendered":"https:\/\/www.minandovoy.com\/?post_type=product&#038;p=2620"},"modified":"2025-05-09T14:47:11","modified_gmt":"2025-05-09T12:47:11","slug":"antminer-e9-pro-3-780gh","status":"publish","type":"product","link":"https:\/\/pruebas.michollo.to\/ru\/product\/antminer-e9-pro-3-780gh\/","title":{"rendered":"Antminer E9 PRO 3680Gh"},"content":{"rendered":"<p>\u0421\u0430\u0439\u0442 <b>Antminer<\/b> E9 3.78Gh \u0438\u0437 <b>Bitmain<\/b>\u043a\u043e\u0442\u043e\u0440\u044b\u0439 \u0441\u043f\u0435\u0446\u0438\u0430\u043b\u0438\u0437\u0438\u0440\u0443\u0435\u0442\u0441\u044f \u043d\u0430 \u0434\u043e\u0431\u044b\u0447\u0435 Ethereum Classic, \u0438\u043c\u0435\u0435\u0442 \u0431\u043e\u043b\u0435\u0435 \u0432\u044b\u0441\u043e\u043a\u0443\u044e \u043f\u0440\u043e\u0438\u0437\u0432\u043e\u0434\u0438\u0442\u0435\u043b\u044c\u043d\u043e\u0441\u0442\u044c, \u0447\u0435\u043c \u043b\u044e\u0431\u043e\u0439 \u0434\u0440\u0443\u0433\u043e\u0439 <a href=\"https:\/\/www.minandovoy.com\/categoria\/rigs-de-gpu\/\">GPU<\/a>.\u00a0<b>\u00a0<\/b>\u042d\u0442\u043e\u0442 ASIC \u043f\u0440\u0435\u0434\u043d\u0430\u0437\u043d\u0430\u0447\u0435\u043d \u0434\u043b\u044f \u0434\u043e\u0431\u044b\u0447\u0438 <a href=\"https:\/\/www.minandovoy.com\/categoria\/mineros\/?algoritmos=ethash\">\u0418\u0442\u0430\u0448<\/a>\u0415\u0433\u043e \u043c\u043e\u0449\u043d\u043e\u0441\u0442\u044c \u0441\u043e\u0441\u0442\u0430\u0432\u043b\u044f\u0435\u0442 3780 \u041c\u0413\u0441, \u0430 \u043f\u043e\u0442\u0440\u0435\u0431\u043b\u044f\u0435\u043c\u0430\u044f \u043c\u043e\u0449\u043d\u043e\u0441\u0442\u044c - 2200 \u0412\u0442\/\u0447.<\/p>\n<p>&nbsp;<\/p>\n<div class=\"jnews_inline_related_post_wrapper right\">\n<div class=\"jnews_inline_related_post\">\n<div class=\"jeg_postblock_21 jeg_postblock jeg_module_hook jeg_pagination_disable jeg_col_2o3 jnews_module_337080_0_6385e584c0f23\" data-unique=\"jnews_module_337080_0_6385e584c0f23\">\n<div class=\"jeg_block_heading jeg_block_heading_5 jeg_subcat_right\"><\/div>\n<\/div>\n<\/div>\n<\/div>\n<h3><b>\u0427\u0442\u043e \u0442\u0430\u043a\u043e\u0435 Bitmain?<\/b><\/h3>\n<p><em>Bitmain<\/em> \u044d\u0442\u043e \u043a\u043e\u043c\u043f\u0430\u043d\u0438\u044f, \u0431\u0430\u0437\u0438\u0440\u0443\u044e\u0449\u0430\u044f\u0441\u044f \u0432 \u041f\u0435\u043a\u0438\u043d\u0435, \u041a\u0438\u0442\u0430\u0439. \u041e\u043d\u0430 \u0441\u0447\u0438\u0442\u0430\u0435\u0442\u0441\u044f \u043e\u0434\u043d\u043e\u0439 \u0438\u0437 \u0441\u0430\u043c\u044b\u0445 \u0432\u0430\u0436\u043d\u044b\u0445 \u043a\u043e\u043c\u043f\u0430\u043d\u0438\u0439 \u0432 \u043a\u0440\u0438\u043f\u0442\u043e\u0432\u0430\u043b\u044e\u0442\u043d\u043e\u0439 \u0438\u043d\u0434\u0443\u0441\u0442\u0440\u0438\u0438 \u0431\u043b\u0430\u0433\u043e\u0434\u0430\u0440\u044f \u043f\u0440\u043e\u0438\u0437\u0432\u043e\u0434\u0441\u0442\u0432\u0443 \u0432\u044b\u0441\u043e\u043a\u043e\u043a\u0430\u0447\u0435\u0441\u0442\u0432\u0435\u043d\u043d\u043e\u0433\u043e \u043e\u0431\u043e\u0440\u0443\u0434\u043e\u0432\u0430\u043d\u0438\u044f \u0434\u043b\u044f \u043c\u0430\u0439\u043d\u0438\u043d\u0433\u0430 \u0441 \u043e\u0433\u0440\u043e\u043c\u043d\u044b\u043c\u0438 \u0432\u043e\u0437\u043c\u043e\u0436\u043d\u043e\u0441\u0442\u044f\u043c\u0438 \u0434\u043e\u0431\u044b\u0447\u0438 \u0438 \u0442\u0435\u0445\u043d\u043e\u043b\u043e\u0433\u0438\u0447\u0435\u0441\u043a\u0438\u043c \u0434\u043e\u0441\u0442\u0438\u0436\u0435\u043d\u0438\u044f\u043c. \u042d\u0442\u043e \u043a\u0440\u0443\u043f\u043d\u0435\u0439\u0448\u0438\u0439 \u0432 \u043c\u0438\u0440\u0435 \u0440\u0430\u0437\u0440\u0430\u0431\u043e\u0442\u0447\u0438\u043a \u043e\u0431\u043e\u0440\u0443\u0434\u043e\u0432\u0430\u043d\u0438\u044f. <em>ASIC<\/em>\u00a0\u0434\u043b\u044f \u0434\u043e\u0431\u044b\u0447\u0438 \u043f\u043e\u043b\u0435\u0437\u043d\u044b\u0445 \u0438\u0441\u043a\u043e\u043f\u0430\u0435\u043c\u044b\u0445\u00a0<em>\u0411\u0438\u0442\u043a\u043e\u0438\u043d<\/em>.<\/p>\n<p>\u041a\u043e\u043c\u043f\u0430\u043d\u0438\u044f Bitmain \u0432 \u043e\u0441\u043d\u043e\u0432\u043d\u043e\u043c \u0438\u0437\u0432\u0435\u0441\u0442\u043d\u0430 \u0441\u0432\u043e\u0438\u043c \u043e\u0431\u043e\u0440\u0443\u0434\u043e\u0432\u0430\u043d\u0438\u0435\u043c \u0434\u043b\u044f \u0411\u0438\u0442\u043a\u043e\u0439\u043d\u0430, \u0445\u043e\u0442\u044f \u043e\u043d\u0430 \u0437\u0430\u0438\u043d\u0442\u0435\u0440\u0435\u0441\u043e\u0432\u0430\u043d\u0430 \u0432 \u043f\u0440\u043e\u0435\u043a\u0442\u0430\u0445, \u043a\u043e\u0442\u043e\u0440\u044b\u0435 \u043f\u0440\u0438\u0432\u043d\u043e\u0441\u044f\u0442 \u0441\u043e\u043b\u0438\u0434\u043d\u043e\u0441\u0442\u044c \u0432 \u0435\u0435 \u0431\u0438\u0437\u043d\u0435\u0441, \u0442\u0430\u043a\u0438\u0445 \u043a\u0430\u043a Ethereum\/Ethereum Classic.<\/p>\n<p>&nbsp;<\/p>\n<p>&nbsp;<\/p>\n<h3><strong><a href=\"https:\/\/coinmarketcap.com\/es\/currencies\/ethereum-classic\/\">Ethereum classic<\/a> \u043f\u0440\u043e\u0442\u0438\u0432 Ethereum:<\/strong><\/h3>\n<p>\u042d\u0442\u0430 \u043a\u0440\u0438\u043f\u0442\u043e\u0432\u0430\u043b\u044e\u0442\u0430 \u0431\u044b\u043b\u0430 \u0437\u0430\u043f\u0443\u0449\u0435\u043d\u0430 \u0432 \u0438\u044e\u043b\u0435 2016 \u0433\u043e\u0434\u0430, \u0438 \u0435\u0435 \u043e\u0441\u043d\u043e\u0432\u043d\u0430\u044f \u0444\u0443\u043d\u043a\u0446\u0438\u044f \u0437\u0430\u043a\u043b\u044e\u0447\u0430\u0435\u0442\u0441\u044f \u0432 \u0442\u043e\u043c, \u0447\u0442\u043e\u0431\u044b \u0441\u043b\u0443\u0436\u0438\u0442\u044c \u0441\u0435\u0442\u044c\u044e<br \/>\n\u0441\u043c\u0430\u0440\u0442-\u043a\u043e\u043d\u0442\u0440\u0430\u043a\u0442\u044b, \u0441 \u0432\u043e\u0437\u043c\u043e\u0436\u043d\u043e\u0441\u0442\u044c\u044e \u0445\u0440\u0430\u043d\u0435\u043d\u0438\u044f \u0438 \u043f\u043e\u0434\u0434\u0435\u0440\u0436\u043a\u0438 Dapps.<br \/>\n\u0421 \u043c\u043e\u043c\u0435\u043d\u0442\u0430 \u0437\u0430\u043f\u0443\u0441\u043a\u0430 \u044d\u0442\u043e\u0439 \u043a\u0440\u0438\u043f\u0442\u043e\u0432\u0430\u043b\u044e\u0442\u044b \u043e\u043d\u0430 \u043f\u044b\u0442\u0430\u043b\u0430\u0441\u044c \u043e\u0442\u043b\u0438\u0447\u0438\u0442\u044c\u0441\u044f \u043e\u0442 \u0441\u0432\u043e\u0435\u0433\u043e \u0441\u0442\u0430\u0440\u0448\u0435\u0433\u043e \u0431\u0440\u0430\u0442\u0430, \u0442\u0430\u043a \u043a\u0430\u043a<br \/>\n\u0447\u0442\u043e \u043e\u043d\u0430 \u043f\u043e\u0441\u0442\u0430\u0432\u0438\u043b\u0430 \u043f\u0435\u0440\u0435\u0434 \u0441\u043e\u0431\u043e\u0439 \u0446\u0435\u043b\u044c \u0441\u043e\u0445\u0440\u0430\u043d\u0438\u0442\u044c \u0446\u0435\u043b\u043e\u0441\u0442\u043d\u043e\u0441\u0442\u044c \u0441\u0443\u0449\u0435\u0441\u0442\u0432\u0443\u044e\u0449\u0435\u0433\u043e \u0431\u043b\u043e\u043a\u0447\u0435\u0439\u043d\u0430 ETH.<\/p>\n<p>&nbsp;<\/p>\n<p>\u041d\u0430\u0436\u043c\u0438\u0442\u0435 \u0437\u0434\u0435\u0441\u044c <a href=\"https:\/\/www.youtube.com\/watch?v=BtF49i6Glnc\">\u0437\u0434\u0435\u0441\u044c<\/a> \u0437\u043d\u0430\u0442\u044c \u0440\u0430\u0437\u043d\u0438\u0446\u0443 \u043c\u0435\u0436\u0434\u0443 ASIC \u0438 RIG.<\/p>","protected":false},"excerpt":{"rendered":"<p>El Antminer E9 3.78Gh de Bitmain, especializado en minar Ethereum Classic, tiene un rendimiento mayor que cualquier GPU.\u00a0\u00a0Este ASIC dedicado a la miner\u00eda de Ethash, tiene una potencia de minado de 3780MHs y un consumo de 2200w\/h. &nbsp; \u00bfQu\u00e9 es Bitmain? Bitmain es una compa\u00f1\u00eda con sede en Beijing, China. Se considera una de las [&hellip;]<\/p>\n","protected":false},"featured_media":1047,"comment_status":"open","ping_status":"closed","template":"","meta":[],"product_brand":[],"product_cat":[19],"product_tag":[52,29,244,138,48],"class_list":{"0":"post-2620","1":"product","2":"type-product","3":"status-publish","4":"has-post-thumbnail","6":"product_cat-mineros","7":"product_tag-asic","8":"product_tag-ethereum","9":"product_tag-gme","10":"product_tag-mineros-para-avanzados","11":"product_tag-nuevo","13":"first","14":"outofstock","15":"featured","16":"taxable","17":"shipping-taxable","18":"purchasable","19":"product-type-simple"},"_links":{"self":[{"href":"https:\/\/pruebas.michollo.to\/ru\/wp-json\/wp\/v2\/product\/2620","targetHints":{"allow":["GET"]}}],"collection":[{"href":"https:\/\/pruebas.michollo.to\/ru\/wp-json\/wp\/v2\/product"}],"about":[{"href":"https:\/\/pruebas.michollo.to\/ru\/wp-json\/wp\/v2\/types\/product"}],"replies":[{"embeddable":true,"href":"https:\/\/pruebas.michollo.to\/ru\/wp-json\/wp\/v2\/comments?post=2620"}],"wp:featuredmedia":[{"embeddable":true,"href":"https:\/\/pruebas.michollo.to\/ru\/wp-json\/wp\/v2\/media\/1047"}],"wp:attachment":[{"href":"https:\/\/pruebas.michollo.to\/ru\/wp-json\/wp\/v2\/media?parent=2620"}],"wp:term":[{"taxonomy":"product_brand","embeddable":true,"href":"https:\/\/pruebas.michollo.to\/ru\/wp-json\/wp\/v2\/product_brand?post=2620"},{"taxonomy":"product_cat","embeddable":true,"href":"https:\/\/pruebas.michollo.to\/ru\/wp-json\/wp\/v2\/product_cat?post=2620"},{"taxonomy":"product_tag","embeddable":true,"href":"https:\/\/pruebas.michollo.to\/ru\/wp-json\/wp\/v2\/product_tag?post=2620"}],"curies":[{"name":"wp","href":"https:\/\/api.w.org\/{rel}","templated":true}]}}