{"id":2944,"date":"2023-12-01T10:31:53","date_gmt":"2023-12-01T12:31:53","guid":{"rendered":"https:\/\/www.minandovoy.com\/?post_type=product&#038;p=2944"},"modified":"2026-02-23T13:20:12","modified_gmt":"2026-02-23T12:20:12","slug":"microbt-whatsminer-m63s-360t-390t-18-5j-th-para-hydro-mining-bitcoin","status":"publish","type":"product","link":"https:\/\/pruebas.michollo.to\/ru\/product\/microbt-whatsminer-whatsminer-m63s-360t-390t-18-5j-th-\u0434\u043b\u044f-\u0433\u0438\u0434\u0440\u043e\u0434\u043e\u0431\u044b\u0447\u0438-\u0431\u0438\u0442\u043a\u043e\u0438\u043d\u0430\/","title":{"rendered":"MicroBT Whatsminer M63S 390T 18.5J\/TH \u0434\u043b\u044f \u0433\u0438\u0434\u0440\u043e\u0434\u043e\u0431\u044b\u0447\u0438 \u0431\u0438\u0442\u043a\u043e\u0438\u043d\u0430"},"content":{"rendered":"<div class=\"flex-1 overflow-hidden\">\n<div class=\"react-scroll-to-bottom--css-lbjoq-79elbk h-full\">\n<div class=\"react-scroll-to-bottom--css-lbjoq-1n7m0yu\">\n<div class=\"flex flex-col text-sm gizmo:pb-9 dark:bg-gray-800 gizmo:dark:bg-transparent\">\n<div class=\"w-full text-token-text-primary border-b border-black\/10 gizmo:border-0 dark:border-gray-900\/50 gizmo:dark:border-0 bg-gray-50 gizmo:bg-transparent dark:bg-[#444654] gizmo:dark:bg-transparent\" data-testid=\"conversation-turn-255\">\n<div class=\"p-4 gizmo:py-2 justify-center text-base md:gap-6 md:py-6 m-auto\">\n<div class=\"flex flex-1 gap-4 text-base mx-auto md:gap-6 gizmo:gap-3 gizmo:md:px-5 gizmo:lg:px-1 gizmo:xl:px-5 md:max-w-2xl lg:max-w-[38rem] gizmo:md:max-w-3xl gizmo:lg:max-w-[40rem] gizmo:xl:max-w-[48rem] xl:max-w-3xl } group final-completion\">\n<div class=\"relative flex w-[calc(100%-50px)] flex-col gizmo:w-full lg:w-[calc(100%-115px)] agent-turn\">\n<div class=\"flex-col gap-1 md:gap-3\">\n<div class=\"flex flex-grow flex-col max-w-full gap-3 gizmo:gap-0\">\n<div class=\"min-h-[20px] text-message flex flex-col items-start gap-3 whitespace-pre-wrap break-words [.text-message+&amp;]:mt-5 overflow-x-auto\" data-message-author-role=\"assistant\" data-message-id=\"9f538bd8-a8f9-49a9-93de-e76af7734145\">\n<div class=\"markdown prose w-full break-words dark:prose-invert light\">\n<p>Whatsminer M63S la nueva m\u00e1quina para la<a href=\"https:\/\/www.minandovoy.com\/categoria\/mineros\/?algoritmos=sha-256\"> miner\u00eda de Bitcoin<\/a> (SHA-256) con un poder computacional de 360 y un consumo el\u00e9ctrico de\u00a0 7215W\/Hora.<\/p>\n<p>Las clasificaciones de eficiencia energ\u00e9tica, de 18.5 J\/TH, indican un equilibrio notable entre el hash y el consumo de energ\u00eda. En comparaci\u00f3n con Whatsminer M63, Whatsminer M63S tiene un menor consumo de energ\u00eda.<\/p>\n<div class=\"currency-container d-inline-block\"><div class=\"asicminer-widget-container\" style=\"width: 100%; min-height: 300px;\">\n            <iframe id=\"asicminer-widget-2602\" \n                    src=\"https:\/\/pruebas.michollo.to\/wp-content\/themes\/minandovoy\/proxy-widget.php?miner=microbt\/whatsminer-m63s&#038;type=profit&#038;theme=dark\" \n                    width=\"100%\" \n                    height=\"300\" \n                    frameborder=\"0\"\n                    loading=\"lazy\"\n                    style=\"border: none; overflow: hidden;\"\n                    title=\"ASIC Miner Widget\">\n            <\/iframe>\n        <\/div><\/div>\n<p><strong>UN POCO SOBRE <a href=\"https:\/\/coinmarketcap.com\/es\/currencies\/bitcoin\/\">BITCOIN<\/a><\/strong><\/p>\n<p>Es la primera criptomoneda desarrollada y por lo tanto, la que ha marcado camino a todas las dem\u00e1s que llegaron despu\u00e9s utilizando su tecnolog\u00eda llamada cadena de bloques o Blockchain.<\/p>\n<p>Hay una cantidad de Bitcoins que se emiten cada a\u00f1o y esta cantidad est\u00e1 determinada por su algoritmo, cada 4 a\u00f1os se reduce por dos su producci\u00f3n, para que solo se emitan un total de 21 millones de Bitcoins.<\/p>\n<p>Aqu\u00ed tenemos la gran diferencia con las monedas convencionales, ya que los bancos modifican el valor . Esto ofrece a que la criptomoneda, en este caso el Bitcoin pueda ofrecer m\u00e1s estabilidad mientras que la convencional se deval\u00faa.<\/p>\n<p>A d\u00eda de hoy, se utiliza como m\u00e9todo de pago en muchas plataformas, las criptomonedas, la moneda de cambio en la mayor\u00eda de casos es Bitcoin, ya que so seguros y privados.<\/p>\n<p>&nbsp;<\/p>\n<p><strong>PRINCIPALES VENTAJAS DE BITCOIN<\/strong><\/p>\n<ol>\n<li>Rapidez: Enviarse dinero sin importar la cantidad y el destino, en cuesti\u00f3n de minutos.<\/li>\n<li>Econ\u00f3mico: Al realizar una transferencia por tu banco puede costarte mucho dinero, a trav\u00e9s de Bitcoin el coste es gratuito o de pocos c\u00e9ntimos.<\/li>\n<li>Global: Puedes enviar a cualquier parte del mundo, no tiene fronteras.<\/li>\n<li>Descentralizada: Ning\u00fan gobierno\/banco puede controlarlo, ni en su creaci\u00f3n ni mucho menos en su distribuci\u00f3n.<\/li>\n<li>Propiedad: El dinero te pertenece al 100%, no puede ser intervenido por nadie, eres tu propio banco.<\/li>\n<li>Transparente:\u00a0 Todas las transacciones son p\u00fablicas, pero siempre bajo pseud\u00f3nimos.<\/li>\n<li>Emisi\u00f3n limitada: Nadie puede generar miles de Bitcoins porque le apetezca, estos van apareciendo gracias a la miner\u00eda.<\/li>\n<li>Privado: Bitcoin trata de preservar la privacidad, en un grado muy alto, aunque no es completamente an\u00f3nimo trabaja para serlo.<\/li>\n<\/ol>\n<\/div>\n<\/div>\n<\/div>\n<\/div>\n<\/div>\n<\/div>\n<\/div>\n<\/div>\n<\/div>\n<\/div>\n<\/div>\n<\/div>\n","protected":false},"excerpt":{"rendered":"<p>Whatsminer M63S la nueva m\u00e1quina para la miner\u00eda de Bitcoin (SHA-256) con un poder computacional de 360 y un consumo el\u00e9ctrico de\u00a0 7215W\/Hora. Las clasificaciones de eficiencia energ\u00e9tica, de 18.5 J\/TH, indican un equilibrio notable entre el hash y el consumo de energ\u00eda. En comparaci\u00f3n con Whatsminer M63, Whatsminer M63S tiene un menor consumo de [&hellip;]<\/p>\n","protected":false},"featured_media":2945,"comment_status":"open","ping_status":"closed","template":"","meta":[],"product_brand":[],"product_cat":[15],"product_tag":[],"class_list":{"0":"post-2944","1":"product","2":"type-product","3":"status-publish","4":"has-post-thumbnail","6":"product_cat-sin-categorizar","8":"first","9":"instock","10":"taxable","11":"shipping-taxable","12":"purchasable","13":"product-type-simple"},"_links":{"self":[{"href":"https:\/\/pruebas.michollo.to\/ru\/wp-json\/wp\/v2\/product\/2944","targetHints":{"allow":["GET"]}}],"collection":[{"href":"https:\/\/pruebas.michollo.to\/ru\/wp-json\/wp\/v2\/product"}],"about":[{"href":"https:\/\/pruebas.michollo.to\/ru\/wp-json\/wp\/v2\/types\/product"}],"replies":[{"embeddable":true,"href":"https:\/\/pruebas.michollo.to\/ru\/wp-json\/wp\/v2\/comments?post=2944"}],"wp:featuredmedia":[{"embeddable":true,"href":"https:\/\/pruebas.michollo.to\/ru\/wp-json\/wp\/v2\/media\/2945"}],"wp:attachment":[{"href":"https:\/\/pruebas.michollo.to\/ru\/wp-json\/wp\/v2\/media?parent=2944"}],"wp:term":[{"taxonomy":"product_brand","embeddable":true,"href":"https:\/\/pruebas.michollo.to\/ru\/wp-json\/wp\/v2\/product_brand?post=2944"},{"taxonomy":"product_cat","embeddable":true,"href":"https:\/\/pruebas.michollo.to\/ru\/wp-json\/wp\/v2\/product_cat?post=2944"},{"taxonomy":"product_tag","embeddable":true,"href":"https:\/\/pruebas.michollo.to\/ru\/wp-json\/wp\/v2\/product_tag?post=2944"}],"curies":[{"name":"wp","href":"https:\/\/api.w.org\/{rel}","templated":true}]}}