{"id":334,"date":"2022-10-16T04:29:19","date_gmt":"2022-10-16T08:29:19","guid":{"rendered":"https:\/\/pruebas.michollo.to\/producto\/whatsminer-m30s\/"},"modified":"2025-05-09T14:47:31","modified_gmt":"2025-05-09T12:47:31","slug":"whatsminer-m30s-2","status":"publish","type":"product","link":"https:\/\/pruebas.michollo.to\/ru\/product\/whatsminer-m30s-2\/","title":{"rendered":"Whatsminer M30S+"},"content":{"rendered":"<div style=\"text-align: left;\">WHATSMINER M30S+ \u0438\u043c\u0435\u0435\u0442 \u043c\u043d\u043e\u0436\u0435\u0441\u0442\u0432\u043e \u0432\u0430\u0440\u0438\u0430\u0446\u0438\u0439 \u043c\u043e\u0449\u043d\u043e\u0441\u0442\u0438 \u0434\u043e\u0431\u044b\u0447\u0438, \u043d\u0430\u0447\u0438\u043d\u0430\u044f \u043e\u0442 98T \u0434\u043e 104T \u0434\u043b\u044f \u0441\u0430\u043c\u043e\u0439 \u043c\u043e\u0449\u043d\u043e\u0439 \u043c\u043e\u0434\u0435\u043b\u0438.<\/div>\n<div style=\"text-align: left;\">Asic \u044d\u0442\u043e\u0439 \u043c\u043e\u0434\u0435\u043b\u0438 \u0441 \u0445\u044d\u0448\u0440\u0435\u0439\u0442\u043e\u043c 104T \u043f\u043e\u0442\u0440\u0435\u0431\u043b\u044f\u0435\u0442 3 500 \u0412\u0442\/\u0447.<\/div>\n<div>\u042d\u0442\u0430 \u043c\u0430\u0448\u0438\u043d\u0430 \u043e\u0440\u0438\u0435\u043d\u0442\u0438\u0440\u043e\u0432\u0430\u043d\u0430 \u043d\u0430 \u0434\u043e\u0431\u044b\u0447\u0443 Bitcoin (<a href=\"https:\/\/www.minandovoy.com\/es_es\/categoria\/mineros\/?algoritmos=sha-256\">SHA-256<\/a>).<\/div>\n<div>\n<div class=\"currency-container d-inline-block\"><\/div>\n<h3><strong>\u041d\u0415\u041c\u041d\u041e\u0413\u041e \u041e \u0411\u0418\u0422\u041a\u041e\u0418\u041d\u0415<\/strong><\/h3>\n<p>\u042d\u0442\u043e \u043f\u0435\u0440\u0432\u0430\u044f \u043a\u0440\u0438\u043f\u0442\u043e\u0432\u0430\u043b\u044e\u0442\u0430, \u043a\u043e\u0442\u043e\u0440\u0430\u044f \u0431\u044b\u043b\u0430 \u0440\u0430\u0437\u0440\u0430\u0431\u043e\u0442\u0430\u043d\u0430 \u0438, \u0441\u043b\u0435\u0434\u043e\u0432\u0430\u0442\u0435\u043b\u044c\u043d\u043e, \u043f\u0440\u043e\u043b\u043e\u0436\u0438\u043b\u0430 \u043f\u0443\u0442\u044c \u0434\u043b\u044f \u0432\u0441\u0435\u0445 \u043e\u0441\u0442\u0430\u043b\u044c\u043d\u044b\u0445, \u043a\u043e\u0442\u043e\u0440\u044b\u0435 \u043f\u043e\u044f\u0432\u0438\u043b\u0438\u0441\u044c \u043f\u043e\u0437\u0436\u0435, \u0438\u0441\u043f\u043e\u043b\u044c\u0437\u0443\u044f \u0442\u0435\u0445\u043d\u043e\u043b\u043e\u0433\u0438\u044e \u0431\u043b\u043e\u043a\u0447\u0435\u0439\u043d.<\/p>\n<p>\u0421\u0443\u0449\u0435\u0441\u0442\u0432\u0443\u0435\u0442 \u043a\u043e\u043b\u0438\u0447\u0435\u0441\u0442\u0432\u043e \u0431\u0438\u0442\u043a\u043e\u0439\u043d\u043e\u0432, \u043a\u043e\u0442\u043e\u0440\u043e\u0435 \u0432\u044b\u043f\u0443\u0441\u043a\u0430\u0435\u0442\u0441\u044f \u043a\u0430\u0436\u0434\u044b\u0439 \u0433\u043e\u0434, \u0438 \u044d\u0442\u043e \u043a\u043e\u043b\u0438\u0447\u0435\u0441\u0442\u0432\u043e \u043e\u043f\u0440\u0435\u0434\u0435\u043b\u044f\u0435\u0442\u0441\u044f \u0438\u0445 \u0430\u043b\u0433\u043e\u0440\u0438\u0442\u043c\u043e\u043c, \u043a\u0430\u0436\u0434\u044b\u0435 4 \u0433\u043e\u0434\u0430 \u0438\u0445 \u0432\u044b\u043f\u0443\u0441\u043a \u0441\u043e\u043a\u0440\u0430\u0449\u0430\u0435\u0442\u0441\u044f \u043d\u0430 \u0434\u0432\u0430, \u0442\u0430\u043a \u0447\u0442\u043e \u0432\u0441\u0435\u0433\u043e \u0432\u044b\u043f\u0443\u0441\u043a\u0430\u0435\u0442\u0441\u044f 21 \u043c\u0438\u043b\u043b\u0438\u043e\u043d \u0431\u0438\u0442\u043a\u043e\u0439\u043d\u043e\u0432.<\/p>\n<p>\u0412 \u044d\u0442\u043e\u043c \u0437\u0430\u043a\u043b\u044e\u0447\u0430\u0435\u0442\u0441\u044f \u0441\u0443\u0449\u0435\u0441\u0442\u0432\u0435\u043d\u043d\u043e\u0435 \u043e\u0442\u043b\u0438\u0447\u0438\u0435 \u043e\u0442 \u043e\u0431\u044b\u0447\u043d\u044b\u0445 \u0432\u0430\u043b\u044e\u0442, \u043f\u043e\u0441\u043a\u043e\u043b\u044c\u043a\u0443 \u0431\u0430\u043d\u043a\u0438 \u043c\u0435\u043d\u044f\u044e\u0442 \u0441\u0442\u043e\u0438\u043c\u043e\u0441\u0442\u044c. \u042d\u0442\u043e \u043e\u0437\u043d\u0430\u0447\u0430\u0435\u0442, \u0447\u0442\u043e \u043a\u0440\u0438\u043f\u0442\u043e\u0432\u0430\u043b\u044e\u0442\u0430, \u0432 \u0434\u0430\u043d\u043d\u043e\u043c \u0441\u043b\u0443\u0447\u0430\u0435 \u0431\u0438\u0442\u043a\u043e\u0438\u043d, \u043c\u043e\u0436\u0435\u0442 \u043f\u0440\u0435\u0434\u043b\u043e\u0436\u0438\u0442\u044c \u0431\u043e\u043b\u044c\u0448\u0443\u044e \u0441\u0442\u0430\u0431\u0438\u043b\u044c\u043d\u043e\u0441\u0442\u044c, \u0432 \u0442\u043e \u0432\u0440\u0435\u043c\u044f \u043a\u0430\u043a \u043e\u0431\u044b\u0447\u043d\u044b\u0435 \u0432\u0430\u043b\u044e\u0442\u044b \u043e\u0431\u0435\u0441\u0446\u0435\u043d\u0438\u0432\u0430\u044e\u0442\u0441\u044f.<\/p>\n<p>\u0421\u0435\u0433\u043e\u0434\u043d\u044f \u043a\u0440\u0438\u043f\u0442\u043e\u0432\u0430\u043b\u044e\u0442\u044b \u0438\u0441\u043f\u043e\u043b\u044c\u0437\u0443\u044e\u0442\u0441\u044f \u0432 \u043a\u0430\u0447\u0435\u0441\u0442\u0432\u0435 \u0441\u043f\u043e\u0441\u043e\u0431\u0430 \u043e\u043f\u043b\u0430\u0442\u044b \u043d\u0430 \u043c\u043d\u043e\u0433\u0438\u0445 \u043f\u043b\u0430\u0442\u0444\u043e\u0440\u043c\u0430\u0445, \u0432\u0430\u043b\u044e\u0442\u043e\u0439 \u043e\u0431\u043c\u0435\u043d\u0430 \u0432 \u0431\u043e\u043b\u044c\u0448\u0438\u043d\u0441\u0442\u0432\u0435 \u0441\u043b\u0443\u0447\u0430\u0435\u0432 \u044f\u0432\u043b\u044f\u0435\u0442\u0441\u044f \u0431\u0438\u0442\u043a\u043e\u0438\u043d, \u043f\u043e\u0441\u043a\u043e\u043b\u044c\u043a\u0443 \u043e\u043d\u0438 \u0431\u0435\u0437\u043e\u043f\u0430\u0441\u043d\u044b \u0438 \u043f\u0440\u0438\u0432\u0430\u0442\u043d\u044b.<\/p>\n<p>&nbsp;<\/p>\n<h3><strong>\u041e\u0421\u041d\u041e\u0412\u041d\u042b\u0415 \u041f\u0420\u0415\u0418\u041c\u0423\u0429\u0415\u0421\u0422\u0412\u0410 <a href=\"https:\/\/coinmarketcap.com\/es\/currencies\/bitcoin\/\">\u0411\u0418\u0422\u041a\u041e\u0418\u041d<\/a><\/strong><\/h3>\n<ol>\n<li>\u0421\u043a\u043e\u0440\u043e\u0441\u0442\u044c: \u041e\u0442\u043f\u0440\u0430\u0432\u044c\u0442\u0435 \u0434\u0435\u043d\u044c\u0433\u0438 \u0441\u0430\u043c\u043e\u043c\u0443 \u0441\u0435\u0431\u0435, \u043d\u0435\u0437\u0430\u0432\u0438\u0441\u0438\u043c\u043e \u043e\u0442 \u0441\u0443\u043c\u043c\u044b \u0438 \u043c\u0435\u0441\u0442\u0430 \u043d\u0430\u0437\u043d\u0430\u0447\u0435\u043d\u0438\u044f, \u0432 \u0441\u0447\u0438\u0442\u0430\u043d\u043d\u044b\u0435 \u043c\u0438\u043d\u0443\u0442\u044b.<\/li>\n<li>\u041d\u0435\u0434\u043e\u0440\u043e\u0433\u043e: \u043f\u0440\u0438 \u043e\u0441\u0443\u0449\u0435\u0441\u0442\u0432\u043b\u0435\u043d\u0438\u0438 \u043f\u0435\u0440\u0435\u0432\u043e\u0434\u0430 \u0447\u0435\u0440\u0435\u0437 \u0431\u0430\u043d\u043a \u044d\u0442\u043e \u043c\u043e\u0436\u0435\u0442 \u043e\u0431\u043e\u0439\u0442\u0438\u0441\u044c \u0432\u0430\u043c \u0432 \u043a\u0440\u0443\u0433\u043b\u0435\u043d\u044c\u043a\u0443\u044e \u0441\u0443\u043c\u043c\u0443, \u0430 \u0447\u0435\u0440\u0435\u0437 Bitcoin - \u0431\u0435\u0441\u043f\u043b\u0430\u0442\u043d\u043e \u0438\u043b\u0438 \u0432\u0441\u0435\u0433\u043e \u0437\u0430 \u043d\u0435\u0441\u043a\u043e\u043b\u044c\u043a\u043e \u0446\u0435\u043d\u0442\u043e\u0432.<\/li>\n<li>\u0413\u043b\u043e\u0431\u0430\u043b\u044c\u043d\u044b\u0439: \u0412\u044b \u043c\u043e\u0436\u0435\u0442\u0435 \u043e\u0442\u043f\u0440\u0430\u0432\u0438\u0442\u044c \u0432 \u043b\u044e\u0431\u0443\u044e \u0442\u043e\u0447\u043a\u0443 \u043c\u0438\u0440\u0430, \u043e\u043d \u043d\u0435 \u0438\u043c\u0435\u0435\u0442 \u0433\u0440\u0430\u043d\u0438\u0446.<\/li>\n<li>\u0414\u0435\u0446\u0435\u043d\u0442\u0440\u0430\u043b\u0438\u0437\u043e\u0432\u0430\u043d\u043d\u0430\u044f: \u041d\u0438 \u043e\u0434\u043d\u043e \u043f\u0440\u0430\u0432\u0438\u0442\u0435\u043b\u044c\u0441\u0442\u0432\u043e\/\u0431\u0430\u043d\u043a \u043d\u0435 \u043c\u043e\u0436\u0435\u0442 \u043a\u043e\u043d\u0442\u0440\u043e\u043b\u0438\u0440\u043e\u0432\u0430\u0442\u044c \u0435\u0435 \u043d\u0438 \u043f\u0440\u0438 \u0441\u043e\u0437\u0434\u0430\u043d\u0438\u0438, \u043d\u0438 \u043f\u0440\u0438 \u0440\u0430\u0441\u043f\u0440\u0435\u0434\u0435\u043b\u0435\u043d\u0438\u0438.<\/li>\n<li>\u041f\u0440\u0430\u0432\u043e \u0441\u043e\u0431\u0441\u0442\u0432\u0435\u043d\u043d\u043e\u0441\u0442\u0438: \u0414\u0435\u043d\u044c\u0433\u0438 \u043f\u0440\u0438\u043d\u0430\u0434\u043b\u0435\u0436\u0430\u0442 \u0432\u0430\u043c 100%, \u0438\u0445 \u043d\u0438\u043a\u0442\u043e \u043d\u0435 \u043c\u043e\u0436\u0435\u0442 \u0437\u0430\u0431\u0440\u0430\u0442\u044c, \u0432\u044b \u0441\u0430\u043c\u0438 \u0441\u0435\u0431\u0435 \u0431\u0430\u043d\u043a.<\/li>\n<li>\u041f\u0440\u043e\u0437\u0440\u0430\u0447\u043d\u043e\u0441\u0442\u044c:  \u0412\u0441\u0435 \u0441\u0434\u0435\u043b\u043a\u0438 \u044f\u0432\u043b\u044f\u044e\u0442\u0441\u044f \u043f\u0443\u0431\u043b\u0438\u0447\u043d\u044b\u043c\u0438, \u043d\u043e \u0432\u0441\u0435\u0433\u0434\u0430 \u043f\u043e\u0434 \u043f\u0441\u0435\u0432\u0434\u043e\u043d\u0438\u043c\u0430\u043c\u0438.<\/li>\n<li>\u041e\u0433\u0440\u0430\u043d\u0438\u0447\u0435\u043d\u043d\u0430\u044f \u044d\u043c\u0438\u0441\u0441\u0438\u044f: \u043d\u0438\u043a\u0442\u043e \u043d\u0435 \u043c\u043e\u0436\u0435\u0442 \u0433\u0435\u043d\u0435\u0440\u0438\u0440\u043e\u0432\u0430\u0442\u044c \u0442\u044b\u0441\u044f\u0447\u0438 \u0431\u0438\u0442\u043a\u043e\u0438\u043d\u043e\u0432 \u043f\u0440\u043e\u0441\u0442\u043e \u043f\u043e\u0442\u043e\u043c\u0443, \u0447\u0442\u043e \u0435\u043c\u0443 \u0442\u0430\u043a \u0445\u043e\u0447\u0435\u0442\u0441\u044f, \u043e\u043d\u0438 \u043f\u043e\u044f\u0432\u043b\u044f\u044e\u0442\u0441\u044f \u0431\u043b\u0430\u0433\u043e\u0434\u0430\u0440\u044f \u043c\u0430\u0439\u043d\u0438\u043d\u0433\u0443.<\/li>\n<li>\u041f\u0440\u0438\u0432\u0430\u0442\u043d\u043e\u0441\u0442\u044c: \u0411\u0438\u0442\u043a\u043e\u0439\u043d \u043f\u044b\u0442\u0430\u0435\u0442\u0441\u044f \u0441\u043e\u0445\u0440\u0430\u043d\u0438\u0442\u044c \u043f\u0440\u0438\u0432\u0430\u0442\u043d\u043e\u0441\u0442\u044c \u0432 \u043e\u0447\u0435\u043d\u044c \u0432\u044b\u0441\u043e\u043a\u043e\u0439 \u0441\u0442\u0435\u043f\u0435\u043d\u0438, \u0445\u043e\u0442\u044f \u043e\u043d \u043d\u0435 \u044f\u0432\u043b\u044f\u0435\u0442\u0441\u044f \u043f\u043e\u043b\u043d\u043e\u0441\u0442\u044c\u044e \u0430\u043d\u043e\u043d\u0438\u043c\u043d\u044b\u043c \u0438 \u0440\u0430\u0431\u043e\u0442\u0430\u0435\u0442 \u043d\u0430\u0434 \u0442\u0435\u043c, \u0447\u0442\u043e\u0431\u044b \u0431\u044b\u0442\u044c \u0442\u0430\u043a\u043e\u0432\u044b\u043c.<\/li>\n<\/ol>\n<\/div>","protected":false},"excerpt":{"rendered":"<p>La m\u00e1quina modelo WHATSMINER M30S+ tiene muchas variantes en potencia de minado, yendo desde 98T hasta 104T su modelo m\u00e1s potente. El asic de este modelo con su hashrate en 104T consume 3.500W\/h. Esta m\u00e1quina est\u00e1 orientada a la miner\u00eda de Bitcoin (SHA-256). UN POCO SOBRE BITCOIN Es la primera criptomoneda desarrollada y por lo [&hellip;]<\/p>\n","protected":false},"featured_media":335,"comment_status":"open","ping_status":"closed","template":"","meta":[],"product_brand":[],"product_cat":[19],"product_tag":[138,137],"class_list":{"0":"post-334","1":"product","2":"type-product","3":"status-publish","4":"has-post-thumbnail","6":"product_cat-mineros","7":"product_tag-mineros-para-avanzados","8":"product_tag-mineros-para-principiantes","10":"first","11":"outofstock","12":"taxable","13":"shipping-taxable","14":"purchasable","15":"product-type-simple"},"_links":{"self":[{"href":"https:\/\/pruebas.michollo.to\/ru\/wp-json\/wp\/v2\/product\/334","targetHints":{"allow":["GET"]}}],"collection":[{"href":"https:\/\/pruebas.michollo.to\/ru\/wp-json\/wp\/v2\/product"}],"about":[{"href":"https:\/\/pruebas.michollo.to\/ru\/wp-json\/wp\/v2\/types\/product"}],"replies":[{"embeddable":true,"href":"https:\/\/pruebas.michollo.to\/ru\/wp-json\/wp\/v2\/comments?post=334"}],"wp:featuredmedia":[{"embeddable":true,"href":"https:\/\/pruebas.michollo.to\/ru\/wp-json\/wp\/v2\/media\/335"}],"wp:attachment":[{"href":"https:\/\/pruebas.michollo.to\/ru\/wp-json\/wp\/v2\/media?parent=334"}],"wp:term":[{"taxonomy":"product_brand","embeddable":true,"href":"https:\/\/pruebas.michollo.to\/ru\/wp-json\/wp\/v2\/product_brand?post=334"},{"taxonomy":"product_cat","embeddable":true,"href":"https:\/\/pruebas.michollo.to\/ru\/wp-json\/wp\/v2\/product_cat?post=334"},{"taxonomy":"product_tag","embeddable":true,"href":"https:\/\/pruebas.michollo.to\/ru\/wp-json\/wp\/v2\/product_tag?post=334"}],"curies":[{"name":"wp","href":"https:\/\/api.w.org\/{rel}","templated":true}]}}