{"id":3538,"date":"2024-02-08T15:38:06","date_gmt":"2024-02-08T17:38:06","guid":{"rendered":"https:\/\/www.minandovoy.com\/?post_type=product&#038;p=3538"},"modified":"2025-05-09T14:47:06","modified_gmt":"2025-05-09T12:47:06","slug":"nuevo-asic-ibelink-bm-ks-max-kaspa-kas-10-5-th-s","status":"publish","type":"product","link":"https:\/\/pruebas.michollo.to\/ru\/product\/\u043d\u043e\u0432\u044b\u0439-asic-ibelink-bm-ks-max-kaspa-kas-10-5-th-s\/","title":{"rendered":"\u041d\u043e\u0432\u044b\u0439 iBeLink BM-KS Max KASPA (KAS) - 10,5 TH\/s"},"content":{"rendered":"<p>\u0421\u0430\u0439\u0442 <strong>iBeLink BM-KS Max<\/strong> \u042d\u0442\u043e \u0441\u043f\u0435\u0446\u0438\u0430\u043b\u0438\u0437\u0438\u0440\u043e\u0432\u0430\u043d\u043d\u044b\u0439 ASIC-\u043c\u0430\u0439\u043d\u0435\u0440, \u0440\u0430\u0437\u0440\u0430\u0431\u043e\u0442\u0430\u043d\u043d\u044b\u0439 \u0441\u043f\u0435\u0446\u0438\u0430\u043b\u044c\u043d\u043e \u0434\u043b\u044f \u0434\u043e\u0431\u044b\u0447\u0438 Kaspa (KAS), \u043a\u0440\u0438\u043f\u0442\u043e\u0432\u0430\u043b\u044e\u0442\u044b, \u043f\u0440\u0438\u0437\u043d\u0430\u043d\u043d\u043e\u0439 \u0437\u0430 \u0441\u0432\u043e\u044e \u0438\u043d\u043d\u043e\u0432\u0430\u0446\u0438\u043e\u043d\u043d\u0443\u044e \u0442\u0435\u0445\u043d\u043e\u043b\u043e\u0433\u0438\u044e \u0431\u043b\u043e\u043a\u0447\u0435\u0439\u043d\u0430 \u043d\u0430 \u043e\u0441\u043d\u043e\u0432\u0435 DAG.<\/p>\n<p>\u0421 \u043c\u0430\u043a\u0441\u0438\u043c\u0430\u043b\u044c\u043d\u043e\u0439 \u0441\u043a\u043e\u0440\u043e\u0441\u0442\u044c\u044e \u0445\u044d\u0448\u0438\u0440\u043e\u0432\u0430\u043d\u0438\u044f<strong> 10,5 \u0422\/\u0441<\/strong>iBeLink BM-KS MAX \u043e\u0431\u043b\u0430\u0434\u0430\u0435\u0442 \u0438\u0441\u043a\u043b\u044e\u0447\u0438\u0442\u0435\u043b\u044c\u043d\u043e\u0439 \u043f\u0440\u043e\u0438\u0437\u0432\u043e\u0434\u0438\u0442\u0435\u043b\u044c\u043d\u043e\u0441\u0442\u044c\u044e, \u043e\u0431\u0435\u0441\u043f\u0435\u0447\u0438\u0432\u0430\u044e\u0449\u0435\u0439 \u0432\u044b\u0441\u043e\u043a\u0443\u044e \u0440\u0435\u043d\u0442\u0430\u0431\u0435\u043b\u044c\u043d\u043e\u0441\u0442\u044c \u0434\u043e\u0431\u044b\u0447\u0438 \u0432 \u041a\u0430\u0441\u043f\u0435. \u042d\u0442\u043e \u0443\u0441\u0442\u0440\u043e\u0439\u0441\u0442\u0432\u043e \u0434\u043b\u044f \u0434\u043e\u0431\u044b\u0447\u0438 \u043f\u043e\u043b\u0435\u0437\u043d\u044b\u0445 \u0438\u0441\u043a\u043e\u043f\u0430\u0435\u043c\u044b\u0445 \u043e\u0442\u043b\u0438\u0447\u0430\u0435\u0442\u0441\u044f \u044d\u043d\u0435\u0440\u0433\u043e\u044d\u0444\u0444\u0435\u043a\u0442\u0438\u0432\u043d\u043e\u0441\u0442\u044c\u044e \u0438 \u043a\u043e\u043c\u043f\u0430\u043a\u0442\u043d\u044b\u043c \u0434\u0438\u0437\u0430\u0439\u043d\u043e\u043c, \u0447\u0442\u043e \u0434\u0435\u043b\u0430\u0435\u0442 \u0435\u0433\u043e \u043f\u0440\u0438\u0432\u043b\u0435\u043a\u0430\u0442\u0435\u043b\u044c\u043d\u044b\u043c \u0432\u0430\u0440\u0438\u0430\u043d\u0442\u043e\u043c \u043a\u0430\u043a \u0434\u043b\u044f \u043d\u0430\u0447\u0438\u043d\u0430\u044e\u0449\u0438\u0445, \u0442\u0430\u043a \u0438 \u0434\u043b\u044f \u043e\u043f\u044b\u0442\u043d\u044b\u0445 \u0448\u0430\u0445\u0442\u0435\u0440\u043e\u0432.<\/p>\n<p>\u0421\u043e\u0447\u0435\u0442\u0430\u043d\u0438\u0435 \u0432\u044b\u0441\u043e\u043a\u043e\u0433\u043e \u0445\u044d\u0448\u0440\u0435\u0439\u0442\u0430 \u0438 \u044d\u043d\u0435\u0440\u0433\u043e\u044d\u0444\u0444\u0435\u043a\u0442\u0438\u0432\u043d\u043e\u0441\u0442\u0438 iBeLink BM-KS Max \u043f\u043e\u0437\u0432\u043e\u043b\u044f\u0435\u0442 \u043c\u0430\u0439\u043d\u0435\u0440\u0430\u043c \u043c\u0430\u043a\u0441\u0438\u043c\u0430\u043b\u044c\u043d\u043e \u0443\u0432\u0435\u043b\u0438\u0447\u0438\u0442\u044c \u0441\u0432\u043e\u0439 \u043c\u0430\u0439\u043d\u0438\u043d\u0433\u043e\u0432\u044b\u0439 \u043f\u043e\u0442\u0435\u043d\u0446\u0438\u0430\u043b \u043f\u0440\u0438 \u043c\u0438\u043d\u0438\u043c\u0430\u043b\u044c\u043d\u043e\u043c \u044d\u043d\u0435\u0440\u0433\u043e\u043f\u043e\u0442\u0440\u0435\u0431\u043b\u0435\u043d\u0438\u0438. \u0415\u0441\u043b\u0438 \u0432\u044b \u0442\u043e\u043b\u044c\u043a\u043e \u043d\u0430\u0447\u0438\u043d\u0430\u0435\u0442\u0435 \u0437\u0430\u043d\u0438\u043c\u0430\u0442\u044c\u0441\u044f \u043c\u0430\u0439\u043d\u0438\u043d\u0433\u043e\u043c \u043a\u0440\u0438\u043f\u0442\u043e\u0432\u0430\u043b\u044e\u0442 \u0438\u043b\u0438 \u0445\u043e\u0442\u0438\u0442\u0435 \u043e\u0431\u043d\u043e\u0432\u0438\u0442\u044c \u0441\u0443\u0449\u0435\u0441\u0442\u0432\u0443\u044e\u0449\u0443\u044e \u0438\u043d\u0444\u0440\u0430\u0441\u0442\u0440\u0443\u043a\u0442\u0443\u0440\u0443, iBeLink BM-KS Max \u043f\u0440\u0435\u0434\u043b\u0430\u0433\u0430\u0435\u0442 \u0431\u0435\u0441\u043f\u0440\u0435\u0446\u0435\u0434\u0435\u043d\u0442\u043d\u0443\u044e \u043f\u0440\u043e\u0438\u0437\u0432\u043e\u0434\u0438\u0442\u0435\u043b\u044c\u043d\u043e\u0441\u0442\u044c \u0438 \u0438\u0441\u043a\u043b\u044e\u0447\u0438\u0442\u0435\u043b\u044c\u043d\u0443\u044e \u044d\u043a\u043e\u043d\u043e\u043c\u0438\u0447\u0435\u0441\u043a\u0443\u044e \u044d\u0444\u0444\u0435\u043a\u0442\u0438\u0432\u043d\u043e\u0441\u0442\u044c \u0432 \u043c\u0430\u0439\u043d\u0438\u043d\u0433\u0435 Kaspa.<\/p>","protected":false},"excerpt":{"rendered":"<p>El iBeLink BM-KS Max es un minero ASIC especializado dise\u00f1ado espec\u00edficamente para la miner\u00eda de Kaspa (KAS), una criptomoneda reconocida por su innovadora tecnolog\u00eda de cadena de bloques basada en DAG. Con una tasa de hash m\u00e1xima de 10.5 Th\/s, el iBeLink BM-KS MAX ofrece un rendimiento excepcional que garantiza una alta rentabilidad en la [&hellip;]<\/p>\n","protected":false},"featured_media":3539,"comment_status":"open","ping_status":"closed","template":"","meta":[],"product_brand":[],"product_cat":[19],"product_tag":[54,241,138],"class_list":{"0":"post-3538","1":"product","2":"type-product","3":"status-publish","4":"has-post-thumbnail","6":"product_cat-mineros","7":"product_tag-ibelink","8":"product_tag-kaspa","9":"product_tag-mineros-para-avanzados","11":"first","12":"outofstock","13":"taxable","14":"shipping-taxable","15":"purchasable","16":"product-type-simple"},"_links":{"self":[{"href":"https:\/\/pruebas.michollo.to\/ru\/wp-json\/wp\/v2\/product\/3538","targetHints":{"allow":["GET"]}}],"collection":[{"href":"https:\/\/pruebas.michollo.to\/ru\/wp-json\/wp\/v2\/product"}],"about":[{"href":"https:\/\/pruebas.michollo.to\/ru\/wp-json\/wp\/v2\/types\/product"}],"replies":[{"embeddable":true,"href":"https:\/\/pruebas.michollo.to\/ru\/wp-json\/wp\/v2\/comments?post=3538"}],"wp:featuredmedia":[{"embeddable":true,"href":"https:\/\/pruebas.michollo.to\/ru\/wp-json\/wp\/v2\/media\/3539"}],"wp:attachment":[{"href":"https:\/\/pruebas.michollo.to\/ru\/wp-json\/wp\/v2\/media?parent=3538"}],"wp:term":[{"taxonomy":"product_brand","embeddable":true,"href":"https:\/\/pruebas.michollo.to\/ru\/wp-json\/wp\/v2\/product_brand?post=3538"},{"taxonomy":"product_cat","embeddable":true,"href":"https:\/\/pruebas.michollo.to\/ru\/wp-json\/wp\/v2\/product_cat?post=3538"},{"taxonomy":"product_tag","embeddable":true,"href":"https:\/\/pruebas.michollo.to\/ru\/wp-json\/wp\/v2\/product_tag?post=3538"}],"curies":[{"name":"wp","href":"https:\/\/api.w.org\/{rel}","templated":true}]}}