{"id":3561,"date":"2024-02-13T14:19:31","date_gmt":"2024-02-13T16:19:31","guid":{"rendered":"https:\/\/www.minandovoy.com\/?post_type=product&#038;p=3561"},"modified":"2025-05-09T14:47:06","modified_gmt":"2025-05-09T12:47:06","slug":"ipollo-g1-36gps-psu-incluida","status":"publish","type":"product","link":"https:\/\/pruebas.michollo.to\/ru\/product\/ipollo-g1-36gps-\u0431\u043b\u043e\u043a-\u043f\u0438\u0442\u0430\u043d\u0438\u044f-\u0432-\u043a\u043e\u043c\u043f\u043b\u0435\u043a\u0442\u0435\/","title":{"rendered":"IPollo G1 36GPS - \u0431\u043b\u043e\u043a \u043f\u0438\u0442\u0430\u043d\u0438\u044f \u0432 \u043a\u043e\u043c\u043f\u043b\u0435\u043a\u0442\u0435"},"content":{"rendered":"<div class=\"flex-1 overflow-hidden\">\n<div class=\"react-scroll-to-bottom--css-qlbxs-79elbk h-full\">\n<div class=\"react-scroll-to-bottom--css-qlbxs-1n7m0yu\">\n<div class=\"flex flex-col pb-9 text-sm\">\n<div class=\"w-full text-token-text-primary\" data-testid=\"conversation-turn-7\">\n<div class=\"px-4 py-2 justify-center text-base md:gap-6 m-auto\">\n<div class=\"flex flex-1 text-base mx-auto gap-3 md:px-5 lg:px-1 xl:px-5 md:max-w-3xl lg:max-w-[40rem] xl:max-w-[48rem] group final-completion\">\n<div class=\"relative flex w-full flex-col lg:w-[calc(100%-115px)] agent-turn\">\n<div class=\"flex-col gap-1 md:gap-3\">\n<div class=\"flex flex-grow flex-col max-w-full\">\n<div class=\"min-h-[20px] text-message flex flex-col items-start gap-3 whitespace-pre-wrap break-words [.text-message+&amp;]:mt-5 overflow-x-auto\" data-message-author-role=\"assistant\" data-message-id=\"83e87eeb-3513-4fa1-8f4c-a900e8d3a6d5\">\n<div class=\"markdown prose w-full break-words dark:prose-invert light\">\n<p><strong>IPollo G1<\/strong> grin miner tiene una tasa de hash de 160H\/s (\u00b15%) para CC31+ y 42H\/s (\u00b15%) para CC32+, con un consumo de energ\u00eda de 2800W. El IPollo G1 est\u00e1 dise\u00f1ado para obtener resultados \u00f3ptimos como un minero rentable y potente, con una tasa de hash y eficiencia varias veces mejor que cualquier competencia en el mercado. El IPollo G1 Miner tiene costos operativos muy bajos, alto retorno de inversi\u00f3n y una larga vida \u00fatil. Con un factor de forma peque\u00f1o y bajo nivel de ruido, el IPollo G1 est\u00e1 dise\u00f1ado para ayudar a descentralizar la red con energ\u00eda renovada y lealtad. El IPollo G1 tiene m\u00e1s del triple de potencia y el doble de eficiencia que cualquier otro minero en el mercado. Cada minero est\u00e1 dise\u00f1ado para los algoritmos Cuckatoo31+ y Cuckatoo32+, asegurando proporcionar m\u00e1s tasa de hash y eficiencia que cualquier otro minero de grin fabricado hasta la fecha<\/p>\n<\/div>\n<\/div>\n<\/div>\n<div class=\"mt-1 flex justify-start gap-3 empty:hidden\">\n<div class=\"text-gray-400 flex self-end lg:self-center justify-center lg:justify-start mt-0 -ml-1 visible\">\n<h3><strong>VAMOS A HABLAR DE IPOLLO<\/strong><\/h3>\n<p>Ipollo es una empresa que dise\u00f1a equipos electr\u00f3nicos, m\u00e1s orientado, quiz\u00e1s al \u00e1mbito de las criptomonedas. Esta empresa ha creado diferentes m\u00e1quinas para la miner\u00eda de criptomonedas como pueden ser:<br \/>\n\u2013 Ethereum: Ipollo V1<br \/>\n\u2013 Bitcoin: Ipollo B1L<br \/>\n\u2013 Grin: Ipollo G1<br \/>\nAunque tambi\u00e9n disponen de equipos para FileCoin, Chia, Swarm\u2026 Ipollo est\u00e1 tratando de aumentar la potencia de c\u00e1lculo y reducir el consumo de energ\u00eda, y todo esto gracias a su crecimiento y acogida en el mercado.<\/p>\n<p>&nbsp;<\/p>\n<\/div>\n<\/div>\n<\/div>\n<div class=\"absolute\">\n<div class=\"flex w-full gap-2 items-center justify-center\"><\/div>\n<\/div>\n<\/div>\n<\/div>\n<\/div>\n<\/div>\n<\/div>\n<\/div>\n<\/div>\n<\/div>\n<div class=\"w-full pt-2 md:pt-0 dark:border-white\/20 md:border-transparent md:dark:border-transparent md:w-[calc(100%-.5rem)]\">\n<div class=\"relative flex h-full flex-1 items-stretch md:flex-col\">\n<div class=\"flex w-full items-center\"><\/div>\n<\/div>\n<\/div>\n","protected":false},"excerpt":{"rendered":"<p>IPollo G1 grin miner tiene una tasa de hash de 160H\/s (\u00b15%) para CC31+ y 42H\/s (\u00b15%) para CC32+, con un consumo de energ\u00eda de 2800W. El IPollo G1 est\u00e1 dise\u00f1ado para obtener resultados \u00f3ptimos como un minero rentable y potente, con una tasa de hash y eficiencia varias veces mejor que cualquier competencia en [&hellip;]<\/p>\n","protected":false},"featured_media":3562,"comment_status":"open","ping_status":"closed","template":"","meta":[],"product_brand":[],"product_cat":[19],"product_tag":[297,138,137],"class_list":{"0":"post-3561","1":"product","2":"type-product","3":"status-publish","4":"has-post-thumbnail","6":"product_cat-mineros","7":"product_tag-ipollo","8":"product_tag-mineros-para-avanzados","9":"product_tag-mineros-para-principiantes","11":"first","12":"outofstock","13":"taxable","14":"shipping-taxable","15":"purchasable","16":"product-type-simple"},"_links":{"self":[{"href":"https:\/\/pruebas.michollo.to\/ru\/wp-json\/wp\/v2\/product\/3561","targetHints":{"allow":["GET"]}}],"collection":[{"href":"https:\/\/pruebas.michollo.to\/ru\/wp-json\/wp\/v2\/product"}],"about":[{"href":"https:\/\/pruebas.michollo.to\/ru\/wp-json\/wp\/v2\/types\/product"}],"replies":[{"embeddable":true,"href":"https:\/\/pruebas.michollo.to\/ru\/wp-json\/wp\/v2\/comments?post=3561"}],"wp:featuredmedia":[{"embeddable":true,"href":"https:\/\/pruebas.michollo.to\/ru\/wp-json\/wp\/v2\/media\/3562"}],"wp:attachment":[{"href":"https:\/\/pruebas.michollo.to\/ru\/wp-json\/wp\/v2\/media?parent=3561"}],"wp:term":[{"taxonomy":"product_brand","embeddable":true,"href":"https:\/\/pruebas.michollo.to\/ru\/wp-json\/wp\/v2\/product_brand?post=3561"},{"taxonomy":"product_cat","embeddable":true,"href":"https:\/\/pruebas.michollo.to\/ru\/wp-json\/wp\/v2\/product_cat?post=3561"},{"taxonomy":"product_tag","embeddable":true,"href":"https:\/\/pruebas.michollo.to\/ru\/wp-json\/wp\/v2\/product_tag?post=3561"}],"curies":[{"name":"wp","href":"https:\/\/api.w.org\/{rel}","templated":true}]}}