{"id":392,"date":"2022-10-16T04:34:22","date_gmt":"2022-10-16T06:34:22","guid":{"rendered":"https:\/\/pruebas.michollo.to\/producto\/innosilicon-a11-pro-1500m\/"},"modified":"2025-05-09T14:47:28","modified_gmt":"2025-05-09T12:47:28","slug":"innosilicon-a11-pro-1500m","status":"publish","type":"product","link":"https:\/\/pruebas.michollo.to\/ru\/product\/innosilicon-a11-pro-1500m\/","title":{"rendered":"Innosilicon A11 pro 1500mhs"},"content":{"rendered":"<div style=\"text-align: left;\">Innosilicon - \u043e\u0434\u0438\u043d \u0438\u0437 \u043b\u0443\u0447\u0448\u0438\u0445 ASIC-\u043c\u0430\u0439\u043d\u0435\u0440\u043e\u0432 ETH \u043d\u0430 \u0440\u044b\u043d\u043a\u0435. Innosilicon A11 pro 1500mhs 8G - \u044d\u0442\u043e \u043d\u043e\u0432\u0435\u0439\u0448\u0438\u0439 \u0438 \u0441\u0430\u043c\u044b\u0439 \u043f\u0435\u0440\u0435\u0434\u043e\u0432\u043e\u0439 ASIC-\u043c\u0430\u0439\u043d\u0435\u0440. \u041f\u043e \u0441\u0440\u0430\u0432\u043d\u0435\u043d\u0438\u044e \u0441 \u043f\u043b\u0430\u0442\u0444\u043e\u0440\u043c\u0430\u043c\u0438 <a href=\"https:\/\/www.minandovoy.com\/es_es\/categoria\/mineros\/?algoritmos=ethash\">\u0414\u043e\u0431\u044b\u0447\u0430 ETH<\/a> \u043e\u0441\u043d\u0430\u0449\u0435\u043d\u043d\u044b\u0439 \u0433\u0440\u0430\u0444\u0438\u0447\u0435\u0441\u043a\u0438\u043c \u043f\u0440\u043e\u0446\u0435\u0441\u0441\u043e\u0440\u043e\u043c, Innosilicon A11 \u0431\u043e\u043b\u0435\u0435 \u044d\u043d\u0435\u0440\u0433\u043e\u044d\u0444\u0444\u0435\u043a\u0442\u0438\u0432\u0435\u043d \u0438 \u043a\u043e\u043c\u043f\u0430\u043a\u0442\u0435\u043d.<\/div>\n<div style=\"text-align: left;\"><\/div>\n<div style=\"text-align: left;\">\u0421 \u0445\u044d\u0448\u0440\u0435\u0439\u0442\u043e\u043c 1500M \u044d\u0442\u043e \u043e\u0434\u043d\u0430 \u0438\u0437 \u0441\u0430\u043c\u044b\u0445 \u044d\u043a\u043e\u043d\u043e\u043c\u0438\u0447\u043d\u044b\u0445 \u043c\u043e\u0434\u0435\u043b\u0435\u0439 \u0434\u043b\u044f \u043c\u0430\u0439\u043d\u0438\u043d\u0433\u0430. \u0423\u0447\u0438\u0442\u044b\u0432\u0430\u044f \u0440\u0430\u0441\u0442\u0443\u0449\u0438\u0439 \u0440\u0430\u0437\u043c\u0435\u0440 \u0444\u0430\u0439\u043b\u043e\u0432 ETH DAG, Innosilicon A11 \u0438\u043c\u0435\u0435\u0442 \u0435\u043c\u043a\u043e\u0441\u0442\u044c \u0444\u043b\u044d\u0448-\u043f\u0430\u043c\u044f\u0442\u0438 8 \u0413\u0411.<\/div>\n<div style=\"text-align: left;\"><\/div>\n<div style=\"text-align: left;\">\u041d\u0430\u0447\u0438\u043d\u0430\u044e\u0449\u0438\u043c \u043c\u0430\u0439\u043d\u0435\u0440\u0430\u043c \u0441\u043b\u0435\u0434\u0443\u0435\u0442 \u0441\u043d\u0430\u0447\u0430\u043b\u0430 \u043f\u0440\u043e\u0432\u0435\u0440\u0438\u0442\u044c \u043d\u0430\u043b\u0438\u0447\u0438\u0435 ETH2.0 \u043f\u0435\u0440\u0435\u0434 \u043f\u043e\u043a\u0443\u043f\u043a\u043e\u0439 \u044d\u0442\u043e\u0433\u043e \u043e\u0431\u043e\u0440\u0443\u0434\u043e\u0432\u0430\u043d\u0438\u044f \u0434\u043b\u044f \u043c\u0430\u0439\u043d\u0438\u043d\u0433\u0430. A11 \u0441\u043c\u043e\u0436\u0435\u0442 \u0434\u043e\u0431\u044b\u0432\u0430\u0442\u044c ETC \u0441 \u043e\u0431\u043d\u043e\u0432\u043b\u0435\u043d\u0438\u0435\u043c \u043f\u0440\u043e\u0448\u0438\u0432\u043a\u0438. \u041f\u0440\u043e\u0448\u0438\u0432\u043a\u0430 \u0431\u0443\u0434\u0435\u0442 \u0432\u044b\u043f\u0443\u0449\u0435\u043d\u0430 \u043f\u043e\u0441\u043b\u0435 \u0432\u044b\u0445\u043e\u0434\u0430 EPF 2.0.<\/div>\n<div style=\"text-align: center;\"><strong><img decoding=\"async\" src=\"https:\/\/c.tenor.com\/gON6g6pAbsgAAAAC\/ethereum.gif\" alt=\"Ethereum GIFs - Ethereum - Discover &amp; Share GIFs\" \/><\/strong><\/div>\n<div style=\"text-align: center;\"><\/div>\n<h2><b>\u041c\u043e\u043d\u0435\u0442\u044b, \u043a\u043e\u0442\u043e\u0440\u044b\u0435 \u043c\u043e\u0436\u043d\u043e \u0434\u043e\u0431\u044b\u0442\u044c \u0441 \u043f\u043e\u043c\u043e\u0449\u044c\u044e Innosilicon A11 pro 1500mhs<\/b><\/h2>\n<p><span style=\"font-weight: 400;\">\u041c\u044b \u0438\u0437\u043b\u043e\u0436\u0438\u043b\u0438 \u0435\u0433\u043e \u0432 \u043f\u043e\u043d\u044f\u0442\u043d\u043e\u0439 \u0444\u043e\u0440\u043c\u0435, \u0447\u0442\u043e\u0431\u044b \u0432\u044b \u043c\u043e\u0433\u043b\u0438 \u043f\u043e\u043d\u044f\u0442\u044c \u0435\u0433\u043e \u0431\u0435\u0437 \u043e\u0441\u043b\u043e\u0436\u043d\u0435\u043d\u0438\u0439. \u041d\u0438\u0436\u0435 \u043f\u0440\u0435\u0434\u0441\u0442\u0430\u0432\u043b\u0435\u043d\u044b \u043d\u0430\u0438\u0431\u043e\u043b\u0435\u0435 \u0432\u0430\u0436\u043d\u044b\u0435 \u043c\u043e\u043d\u0435\u0442\u044b \u0434\u043b\u044f \u0430\u043b\u0433\u043e\u0440\u0438\u0442\u043c\u0430 EtHash \u043c\u0430\u0439\u043d\u0435\u0440\u0430 Innosilicon A11.<\/span><\/p>\n<ul>\n<li style=\"font-weight: 400;\"><a href=\"https:\/\/coinmarketcap.com\/es\/currencies\/ethereum-classic\/\"><span style=\"font-weight: 400;\">Ethereum Classic (ETC)<\/span><\/a><\/li>\n<li style=\"font-weight: 400;\"><span style=\"font-weight: 400;\">\u041c\u0443\u0437\u044b\u043a\u043e\u0438\u043d (MUSIC)<\/span><\/li>\n<li style=\"font-weight: 400;\"><span style=\"font-weight: 400;\">Ubiq (UBQ)<\/span><\/li>\n<\/ul>\n<h3><b><i>\u0425\u0430\u0440\u0430\u043a\u0442\u0435\u0440\u0438\u0441\u0442\u0438\u043a\u0438\u00a0<\/i><\/b><\/h3>\n<ul>\n<li style=\"font-weight: 400;\"><span style=\"font-weight: 400;\">\u041f\u0440\u043e\u0438\u0437\u0432\u043e\u0434\u0438\u0442\u0435\u043b\u044c Innosilicion<\/span><\/li>\n<li style=\"font-weight: 400;\"><span style=\"font-weight: 400;\">\u041c\u043e\u0434\u0435\u043b\u044c A11 Pro ETH (1500Mh)<\/span><\/li>\n<li style=\"font-weight: 400;\"><span style=\"font-weight: 400;\">\u0422\u0430\u043a\u0436\u0435 \u0438\u0437\u0432\u0435\u0441\u0442\u0435\u043d \u043a\u0430\u043a A11 Pro ETHMiner 8G 1500Mh<\/span><\/li>\n<li style=\"font-weight: 400;\"><span style=\"font-weight: 400;\">\u0420\u0435\u043b\u0438\u0437<\/span> <span style=\"font-weight: 400;\">\u043d\u043e\u044f\u0431\u0440\u044c 2021 \u0433\u043e\u0434\u0430<\/span><\/li>\n<li style=\"font-weight: 400;\"><span style=\"font-weight: 400;\">\u0423\u0440\u043e\u0432\u0435\u043d\u044c \u0448\u0443\u043c\u0430 75 \u0434\u0411<\/span><\/li>\n<li style=\"font-weight: 400;\"><span style=\"font-weight: 400;\">\u0412\u0435\u043d\u0442\u0438\u043b\u044f\u0442\u043e\u0440(\u044b) 4<\/span><\/li>\n<li style=\"font-weight: 400;\"><span style=\"font-weight: 400;\">\u041c\u043e\u0449\u043d\u043e\u0441\u0442\u044c 2350 \u0412\u0442<\/span><\/li>\n<li style=\"font-weight: 400;\"><span style=\"font-weight: 400;\">\u041d\u0430\u043f\u0440\u044f\u0436\u0435\u043d\u0438\u0435 12 \u0412<\/span><\/li>\n<li style=\"font-weight: 400;\"><span style=\"font-weight: 400;\">\u0418\u043d\u0442\u0435\u0440\u0444\u0435\u0439\u0441 Ethernet<\/span><\/li>\n<li style=\"font-weight: 400;\"><span style=\"font-weight: 400;\">\u041f\u0430\u043c\u044f\u0442\u044c 8 \u0413\u0431<\/span><\/li>\n<li style=\"font-weight: 400;\"><span style=\"font-weight: 400;\">\u0422\u0435\u043c\u043f\u0435\u0440\u0430\u0442\u0443\u0440\u0430 5 - 45 \u00b0C.<\/span><\/li>\n<li style=\"font-weight: 400;\"><span style=\"font-weight: 400;\">\u0412\u043b\u0430\u0436\u043d\u043e\u0441\u0442\u044c 5 - 95 %<\/span><\/li>\n<\/ul>\n<h3><b><i>\u0422\u0435\u0445\u043d\u0438\u0447\u0435\u0441\u043a\u0438\u0435 \u0445\u0430\u0440\u0430\u043a\u0442\u0435\u0440\u0438\u0441\u0442\u0438\u043a\u0438 \u043f\u0440\u043e\u0434\u0443\u043a\u0442\u0430<\/i><\/b><\/h3>\n<ul>\n<li style=\"font-weight: 400;\"><span style=\"font-weight: 400;\">\u041d\u0430\u0437\u0432\u0430\u043d\u0438\u0435 \u043f\u0440\u043e\u0434\u0443\u043a\u0442\u0430 A11 Pro ETH<\/span><\/li>\n<li style=\"font-weight: 400;\"><span style=\"font-weight: 400;\">Hashrate 1500MH\/s \u00b15% 25 \u00b0C.<\/span><\/li>\n<li style=\"font-weight: 400;\"><span style=\"font-weight: 400;\">2000MH\/s \u00b15% 25 \u00b0C.<\/span><\/li>\n<li style=\"font-weight: 400;\"><span style=\"font-weight: 400;\">\u042d\u043d\u0435\u0440\u0433\u043e\u044d\u0444\u0444\u0435\u043a\u0442\u0438\u0432\u043d\u043e\u0441\u0442\u044c \u043d\u0430 \u0441\u0442\u0435\u043d\u0435 1,25 \u0414\u0436\/\u041c\u041d 25 \u00b0C.<\/span><\/li>\n<li style=\"font-weight: 400;\"><span style=\"font-weight: 400;\">1,567 \u0414\u0416\/\u041c\u0427 25 \u00b0C.<\/span><\/li>\n<li style=\"font-weight: 400;\"><span style=\"font-weight: 400;\">\u041c\u043e\u0449\u043d\u043e\u0441\u0442\u044c \u043d\u0430 \u0441\u0442\u0435\u043d\u0435 2000MH\/s \u00b15% 25 \u00b0C.<\/span><\/li>\n<li style=\"font-weight: 400;\"><span style=\"font-weight: 400;\">1500MH\/s \u00b15% 25 \u00b0C.<\/span><\/li>\n<li style=\"font-weight: 400;\"><span style=\"font-weight: 400;\">\u0422\u0430\u043a\u0436\u0435 \u0438\u0437\u0432\u0435\u0441\u0442\u0435\u043d \u043a\u0430\u043a \u0448\u0430\u0445\u0442\u0435\u0440 ETH King 11 Pro<\/span><\/li>\n<li style=\"font-weight: 400;\"><span style=\"font-weight: 400;\">\u0420\u0430\u0431\u043e\u0447\u0430\u044f \u0442\u0435\u043c\u043f\u0435\u0440\u0430\u0442\u0443\u0440\u0430<\/span> <span style=\"font-weight: 400;\">5-40 \u00b0C<\/span><\/li>\n<li style=\"font-weight: 400;\"><span style=\"font-weight: 400;\">8 \u0413\u0431 \u043f\u0430\u043c\u044f\u0442\u0438 8 \u0413\u0431<\/span><\/li>\n<li style=\"font-weight: 400;\"><span style=\"font-weight: 400;\">\u0421\u0435\u0442\u0435\u0432\u043e\u0439 \u0438\u043d\u0442\u0435\u0440\u0444\u0435\u0439\u0441 RJ45 Ethernet 10\/100M<\/span><\/li>\n<li style=\"font-weight: 400;\"><span style=\"font-weight: 400;\">\u0422\u0435\u043c\u043f\u0435\u0440\u0430\u0442\u0443\u0440\u0430 \u0445\u0440\u0430\u043d\u0435\u043d\u0438\u044f 5-45 \u00b0C<\/span><\/li>\n<li style=\"font-weight: 400;\"><span style=\"font-weight: 400;\">\u0420\u0430\u0431\u043e\u0447\u0430\u044f \u0432\u043b\u0430\u0436\u043d\u043e\u0441\u0442\u044c (\u0431\u0435\u0437 \u043a\u043e\u043d\u0434\u0435\u043d\u0441\u0430\u0446\u0438\u0438), DCH. 5%~95%<\/span><\/li>\n<\/ul>\n<h3><b><i>\u00a0\u041f\u0440\u0438\u043c\u0435\u0447\u0430\u043d\u0438\u0435<\/i><\/b> <b><i>\u00a0<\/i><\/b><\/h3>\n<ol>\n<li style=\"font-weight: 400;\"><span style=\"font-weight: 400;\">\u0412\u043a\u043b\u044e\u0447\u0430\u044f \u0440\u0430\u0437\u043c\u0435\u0440 \u0438\u0441\u0442\u043e\u0447\u043d\u0438\u043a\u0430 \u043f\u0438\u0442\u0430\u043d\u0438\u044f<\/span><\/li>\n<li style=\"font-weight: 400;\"><span style=\"font-weight: 400;\">\u0412\u043a\u043b\u044e\u0447\u0430\u044f \u0432\u0435\u0441 \u0431\u043b\u043e\u043a\u0430 \u043f\u0438\u0442\u0430\u043d\u0438\u044f<\/span><\/li>\n<\/ol>\n<h2><b>\u041e\u0431 \u0418\u043d\u043d\u043e\u0441\u0438\u043b\u0438\u043a\u043e\u043d\u0435<\/b><\/h2>\n<p><span style=\"font-weight: 400;\">Innosilicon - \u044d\u0442\u043e \u043a\u043e\u043c\u043f\u0430\u043d\u0438\u044f \u0441 15-\u043b\u0435\u0442\u043d\u0438\u043c \u043e\u043f\u044b\u0442\u043e\u043c \u0432 \u043e\u0431\u043b\u0430\u0441\u0442\u0438 \u0440\u0430\u0437\u0440\u0430\u0431\u043e\u0442\u043a\u0438 \u0418\u0421, \u0432\u044b\u0441\u043e\u043a\u043e\u043f\u0440\u043e\u0438\u0437\u0432\u043e\u0434\u0438\u0442\u0435\u043b\u044c\u043d\u044b\u0445 \u0432\u044b\u0447\u0438\u0441\u043b\u0435\u043d\u0438\u0439, \u043a\u0440\u0438\u043f\u0442\u043e\u0433\u0440\u0430\u0444\u0438\u0438, \u043c\u0430\u043b\u043e\u043c\u043e\u0449\u043d\u044b\u0445 \u043e\u0431\u043b\u0430\u0447\u043d\u044b\u0445 \u0442\u0435\u0445\u043d\u043e\u043b\u043e\u0433\u0438\u0439 AI \u0438 IoT, \u0443\u043b\u0443\u0447\u0448\u0435\u043d\u0438\u044f \u0448\u0438\u0440\u043e\u043a\u043e\u043f\u043e\u043b\u043e\u0441\u043d\u043e\u0439 \u0441\u0432\u044f\u0437\u0438 \u0438, \u043a\u043e\u043d\u0435\u0447\u043d\u043e \u0436\u0435, ASIC-\u043f\u0440\u043e\u0434\u0443\u043a\u0442\u043e\u0432 \u043d\u043e\u0432\u043e\u0433\u043e \u043f\u043e\u043a\u043e\u043b\u0435\u043d\u0438\u044f.<\/span><\/p>\n<p><span style=\"font-weight: 400;\">\u042d\u0442\u043e \u0435\u0434\u0438\u043d\u0441\u0442\u0432\u0435\u043d\u043d\u0430\u044f \u043a\u0438\u0442\u0430\u0439\u0441\u043a\u0430\u044f \u0442\u0435\u0445\u043d\u043e\u043b\u043e\u0433\u0438\u0447\u0435\u0441\u043a\u0430\u044f \u043a\u043e\u043c\u043f\u0430\u043d\u0438\u044f, \u0438\u043c\u0435\u044e\u0449\u0430\u044f \u0434\u043e\u0441\u0442\u0443\u043f \u043a 5-\u043d\u043c \u043f\u0440\u043e\u0446\u0435\u0441\u0441\u043e\u0440\u0430\u043c Samsung \u0438 TMSC. \u041e\u043d\u0438 \u0442\u0430\u043a\u0436\u0435 \u0440\u0430\u0431\u043e\u0442\u0430\u043b\u0438 \u0441 \u0442\u0430\u043a\u0438\u043c\u0438 \u0438\u0437\u0432\u0435\u0441\u0442\u043d\u044b\u043c\u0438 \u043a\u043e\u043c\u043f\u0430\u043d\u0438\u044f\u043c\u0438, \u043a\u0430\u043a Amazon, Google, Microchip, Micron, Microsoft \u0438 OnSemi.<\/span><\/p>\n<p><span style=\"font-weight: 400;\">\u041f\u0435\u0440\u0441\u043f\u0435\u043a\u0442\u0438\u0432\u043d\u0430\u044f \u043a\u043e\u043c\u043f\u0430\u043d\u0438\u044f \u043f\u0440\u043e\u0434\u043e\u043b\u0436\u0430\u0435\u0442 \u0440\u0430\u0431\u043e\u0442\u0430\u0442\u044c \u043d\u0430\u0434 \u0441\u043e\u0432\u0435\u0440\u0448\u0435\u043d\u0441\u0442\u0432\u043e\u0432\u0430\u043d\u0438\u0435\u043c \u0442\u0435\u0445\u043d\u043e\u043b\u043e\u0433\u0438\u0439 IP \u0438 ASIC. \u0422\u043e, \u0447\u0442\u043e \u0434\u0435\u043b\u0430\u0435\u0442 \u043a\u043e\u043c\u043f\u0430\u043d\u0438\u044e \u044d\u043a\u0441\u043f\u0435\u0440\u0442\u043e\u043c \u0432 \u044d\u0442\u043e\u0439 \u043e\u0431\u043b\u0430\u0441\u0442\u0438, - \u044d\u0442\u043e \u0435\u0435 \u0441\u043e\u0431\u0441\u0442\u0432\u0435\u043d\u043d\u044b\u0435 \u0434\u043e\u0441\u0442\u0438\u0436\u0435\u043d\u0438\u044f:<\/span><\/p>\n<ul>\n<li style=\"font-weight: 400;\"><span style=\"font-weight: 400;\">\u0412 2018 \u0433\u043e\u0434\u0443 \u043a\u043e\u043c\u043f\u0430\u043d\u0438\u044f Innosilicon \u043f\u0435\u0440\u0432\u043e\u0439 \u043f\u0440\u0435\u043e\u0434\u043e\u043b\u0435\u043b\u0430 \u043a\u043b\u044e\u0447\u0435\u0432\u044b\u0435 \u0442\u0435\u0445\u043d\u0438\u0447\u0435\u0441\u043a\u0438\u0435 \u043f\u0440\u0435\u043f\u044f\u0442\u0441\u0442\u0432\u0438\u044f \u0434\u043b\u044f \u043f\u0430\u043c\u044f\u0442\u0438 GDDR6 \u0441 \u0432\u044b\u0441\u043e\u043a\u043e\u0439 \u043f\u0440\u043e\u043f\u0443\u0441\u043a\u043d\u043e\u0439 \u0441\u043f\u043e\u0441\u043e\u0431\u043d\u043e\u0441\u0442\u044c\u044e \u0438 \u0434\u043e\u0441\u0442\u0438\u0433\u043b\u0430 \u043c\u0430\u0441\u0441\u043e\u0432\u043e\u0433\u043e \u043f\u0440\u043e\u0438\u0437\u0432\u043e\u0434\u0441\u0442\u0432\u0430 \u0433\u0440\u0430\u0444\u0438\u0447\u0435\u0441\u043a\u0438\u0445 \u043f\u0440\u043e\u0446\u0435\u0441\u0441\u043e\u0440\u043e\u0432 \u0434\u043b\u044f \u0432\u044b\u0441\u043e\u043a\u043e\u043f\u0440\u043e\u0438\u0437\u0432\u043e\u0434\u0438\u0442\u0435\u043b\u044c\u043d\u044b\u0445 \u0432\u044b\u0447\u0438\u0441\u043b\u0435\u043d\u0438\u0439.<\/span><\/li>\n<li style=\"font-weight: 400;\"><span style=\"font-weight: 400;\">\u0412 2019 \u0433\u043e\u0434\u0443 \u043a\u043e\u043c\u043f\u0430\u043d\u0438\u044f Innosilicon \u043e\u0431\u044a\u044f\u0432\u0438\u043b\u0430 \u043e \u0434\u043e\u0441\u0442\u0443\u043f\u043d\u043e\u0441\u0442\u0438 \u0418\u0421 HDMI 2.1 \u0441 \u043f\u043e\u0434\u0434\u0435\u0440\u0436\u043a\u043e\u0439 \u0434\u0438\u0441\u043f\u043b\u0435\u0435\u0432 4K\/8K \u0438 \u0418\u0421 SerDes \u0441 \u0432\u044b\u0441\u043e\u043a\u043e\u0439 \u0441\u043a\u043e\u0440\u043e\u0441\u0442\u044c\u044e 32 \u0413\u0431\u0438\u0442\/\u0441.<\/span><\/li>\n<li style=\"font-weight: 400;\"><span style=\"font-weight: 400;\">\u0412 2020 \u0433\u043e\u0434\u0443 \u043e\u043d\u0438 \u043f\u0440\u0435\u0434\u0441\u0442\u0430\u0432\u0438\u043b\u0438 HBM2e \u0438 INNOLINK Chiplet, \u043a\u0438\u0442\u0430\u0439\u0441\u043a\u0443\u044e \u0441\u0442\u0430\u043d\u0434\u0430\u0440\u0442\u043d\u0443\u044e \u043f\u043b\u0430\u0442\u0444\u043e\u0440\u043c\u0443 \u0434\u043b\u044f \u0432\u044b\u0441\u043e\u043a\u043e\u043f\u0440\u043e\u0438\u0437\u0432\u043e\u0434\u0438\u0442\u0435\u043b\u044c\u043d\u044b\u0445 \u0432\u044b\u0447\u0438\u0441\u043b\u0435\u043d\u0438\u0439 (CPU\/GPU\/NPU).<\/span><\/li>\n<li style=\"font-weight: 400;\"><span style=\"font-weight: 400;\">\u0412 2021 \u0433\u043e\u0434\u0443 \u043a\u043e\u043c\u043f\u0430\u043d\u0438\u044f Innosilicon \u0432\u044b\u043f\u0443\u0441\u0442\u0438\u0442 \u043f\u0435\u0440\u0432\u044b\u0439 IP-\u043a\u043e\u043d\u0442\u0440\u043e\u043b\u043b\u0435\u0440 GDDR6X \u0438 \u043f\u0435\u0440\u0432\u044b\u0439 \u043f\u0440\u043e\u0432\u0435\u0440\u0435\u043d\u043d\u044b\u0439 \u0432\u043d\u0443\u0442\u0440\u0438 \u043a\u0440\u0435\u043c\u043d\u0438\u044f PHY \u043d\u0430 \u0431\u0430\u0437\u0435 \u0447\u0438\u043f\u043e\u0432 \u043f\u0430\u043c\u044f\u0442\u0438 GDDR6X \u043a\u043e\u043c\u043f\u0430\u043d\u0438\u0438 Micron.<\/span><\/li>\n<\/ul>\n<p><span style=\"font-weight: 400;\">\u0418\u0445 \u043c\u043d\u043e\u0433\u043e\u043b\u0435\u0442\u043d\u0438\u0439 \u043e\u043f\u044b\u0442 \u043f\u043e\u043c\u043e\u0433 \u0440\u0430\u0441\u0448\u0438\u0440\u0438\u0442\u044c \u0432\u043e\u0437\u043c\u043e\u0436\u043d\u043e\u0441\u0442\u0438 \u043c\u0438\u043b\u043b\u0438\u043e\u043d\u043e\u0432 \u043b\u044e\u0434\u0435\u0439 \u0441 \u043f\u043e\u043c\u043e\u0449\u044c\u044e \u043f\u0435\u0440\u0435\u0434\u043e\u0432\u044b\u0445 \u0442\u0435\u0445\u043d\u043e\u043b\u043e\u0433\u0438\u0439.<\/span><\/p>","protected":false},"excerpt":{"rendered":"<p>Innosilicon es uno de los mejores mineros ETH ASIC del mercado. El Innosilicon A11 pro 1500mhs 8G es el \u00faltimo y m\u00e1s avanzado minero ASIC. En comparaci\u00f3n con las plataformas de miner\u00eda ETH equipadas con GPU, Innosilicon A11 es m\u00e1s eficiente energ\u00e9ticamente y compacto. Con un Hashrate de 1500M lo convierte en uno de los [&hellip;]<\/p>\n","protected":false},"featured_media":393,"comment_status":"open","ping_status":"closed","template":"","meta":[],"product_brand":[],"product_cat":[19],"product_tag":[138,139],"class_list":{"0":"post-392","1":"product","2":"type-product","3":"status-publish","4":"has-post-thumbnail","6":"product_cat-mineros","7":"product_tag-mineros-para-avanzados","8":"product_tag-mineros-para-expertos","10":"first","11":"outofstock","12":"taxable","13":"shipping-taxable","14":"purchasable","15":"product-type-simple"},"_links":{"self":[{"href":"https:\/\/pruebas.michollo.to\/ru\/wp-json\/wp\/v2\/product\/392","targetHints":{"allow":["GET"]}}],"collection":[{"href":"https:\/\/pruebas.michollo.to\/ru\/wp-json\/wp\/v2\/product"}],"about":[{"href":"https:\/\/pruebas.michollo.to\/ru\/wp-json\/wp\/v2\/types\/product"}],"replies":[{"embeddable":true,"href":"https:\/\/pruebas.michollo.to\/ru\/wp-json\/wp\/v2\/comments?post=392"}],"wp:featuredmedia":[{"embeddable":true,"href":"https:\/\/pruebas.michollo.to\/ru\/wp-json\/wp\/v2\/media\/393"}],"wp:attachment":[{"href":"https:\/\/pruebas.michollo.to\/ru\/wp-json\/wp\/v2\/media?parent=392"}],"wp:term":[{"taxonomy":"product_brand","embeddable":true,"href":"https:\/\/pruebas.michollo.to\/ru\/wp-json\/wp\/v2\/product_brand?post=392"},{"taxonomy":"product_cat","embeddable":true,"href":"https:\/\/pruebas.michollo.to\/ru\/wp-json\/wp\/v2\/product_cat?post=392"},{"taxonomy":"product_tag","embeddable":true,"href":"https:\/\/pruebas.michollo.to\/ru\/wp-json\/wp\/v2\/product_tag?post=392"}],"curies":[{"name":"wp","href":"https:\/\/api.w.org\/{rel}","templated":true}]}}