{"id":3921,"date":"2024-03-15T13:44:01","date_gmt":"2024-03-15T15:44:01","guid":{"rendered":"https:\/\/www.minandovoy.com\/?post_type=product&#038;p=3921"},"modified":"2025-05-09T14:47:05","modified_gmt":"2025-05-09T12:47:05","slug":"goldshell-ka-box-kaspa-miner-1-18-th400-w-y-35-db","status":"publish","type":"product","link":"https:\/\/pruebas.michollo.to\/ru\/product\/goldshell-ka-box-kaspa-miner-1-18-th400-w-y-35-db\/","title":{"rendered":"Goldshell KA Box Kaspa Miner 1.18 Th, 400 W \u0438 35 Db"},"content":{"rendered":"<p>\u0421\u0430\u0439\u0442 <strong>Goldshell KA BOX<\/strong> \u044f\u0432\u043b\u044f\u0435\u0442\u0441\u044f \u0432\u0435\u0440\u0448\u0438\u043d\u043e\u0439 \u043e\u0442\u0435\u0447\u0435\u0441\u0442\u0432\u0435\u043d\u043d\u043e\u0439 \u0433\u043e\u0440\u043d\u043e\u0434\u043e\u0431\u044b\u0432\u0430\u044e\u0449\u0435\u0439 \u043f\u0440\u043e\u043c\u044b\u0448\u043b\u0435\u043d\u043d\u043e\u0441\u0442\u0438 \u0434\u043b\u044f \u043a\u043e\u043c\u043f\u0430\u043d\u0438\u0438 KASPA.<\/p>\n<p>\u042d\u0442\u043e \u043f\u0435\u0440\u0435\u0434\u043e\u0432\u043e\u0435 \u0440\u0435\u0448\u0435\u043d\u0438\u0435 \u0434\u043b\u044f \u044d\u043d\u0442\u0443\u0437\u0438\u0430\u0441\u0442\u043e\u0432 \u043a\u0440\u0438\u043f\u0442\u043e\u0432\u0430\u043b\u044e\u0442\u044b Kaspa. \u0411\u043b\u0430\u0433\u043e\u0434\u0430\u0440\u044f \u0432\u043f\u0435\u0447\u0430\u0442\u043b\u044f\u044e\u0449\u0435\u0439 \u044d\u0444\u0444\u0435\u043a\u0442\u0438\u0432\u043d\u043e\u0441\u0442\u0438 \u0438 \u0431\u0435\u0441\u0448\u0443\u043c\u043d\u043e\u0439 \u0440\u0430\u0431\u043e\u0442\u0435 \u044d\u0442\u043e\u0442 \u043c\u0430\u0439\u043d\u0435\u0440 \u0441\u0442\u0430\u043d\u0435\u0442 \u043e\u0442\u043b\u0438\u0447\u043d\u044b\u043c \u0434\u043e\u043f\u043e\u043b\u043d\u0435\u043d\u0438\u0435\u043c \u043a \u043b\u044e\u0431\u043e\u0439 \u0434\u043e\u043c\u0430\u0448\u043d\u0435\u0439 \u043c\u0430\u0439\u043d\u0438\u043d\u0433\u043e\u0432\u043e\u0439 \u0443\u0441\u0442\u0430\u043d\u043e\u0432\u043a\u0435. \u041e\u0446\u0435\u043d\u0438\u0442\u0435 \u043c\u043e\u0449\u044c<strong> 1,18 TH\/s<\/strong> \u0442\u043e\u043b\u044c\u043a\u043e \u0441<strong> 400 W<\/strong>\u0418 \u0432\u0441\u0435 \u044d\u0442\u043e \u0432 \u043a\u043e\u043c\u043f\u0430\u043a\u0442\u043d\u043e\u043c \u0438 \u044d\u043b\u0435\u0433\u0430\u043d\u0442\u043d\u043e\u043c \u0444\u043e\u0440\u043c\u0430\u0442\u0435.<\/p>\n<p>&nbsp;<\/p>\n<p>\u041e\u043d \u0438\u0437\u0434\u0430\u0435\u0442 \u0448\u0443\u043c \u0432\u0441\u0435\u0433\u043e \u0432 35 \u0414\u0431. \u042d\u0442\u0430 \u043a\u043e\u0440\u043e\u0431\u043a\u0430 \u0432\u044b\u0439\u0434\u0435\u0442 \u0432 \u043c\u0430\u0440\u0442\u0435 \u0438 \u0431\u0443\u0434\u0435\u0442 \u0438\u0434\u0435\u0430\u043b\u044c\u043d\u044b\u043c \u0441\u0440\u0435\u0434\u043d\u0438\u043c \u0432\u0430\u0440\u0438\u0430\u043d\u0442\u043e\u043c \u043c\u0435\u0436\u0434\u0443 ks0 \u0438 ks3m.<\/p>","protected":false},"excerpt":{"rendered":"<p>El Goldshell KA BOX es la c\u00faspide de la miner\u00eda dom\u00e9stica para KASPA. Se trata de una soluci\u00f3n avanzada para los entusiastas de las criptomonedas de Kaspa. Con su impresionante eficiencia y funcionamiento silencioso, este minero es un complemento excelente para cualquier configuraci\u00f3n de miner\u00eda dom\u00e9stica. Experimenta la potencia de 1.18 TH\/s con tan solo [&hellip;]<\/p>\n","protected":false},"featured_media":3936,"comment_status":"open","ping_status":"closed","template":"","meta":[],"product_brand":[],"product_cat":[19],"product_tag":[138,137],"class_list":{"0":"post-3921","1":"product","2":"type-product","3":"status-publish","4":"has-post-thumbnail","6":"product_cat-mineros","7":"product_tag-mineros-para-avanzados","8":"product_tag-mineros-para-principiantes","10":"first","11":"outofstock","12":"taxable","13":"shipping-taxable","14":"purchasable","15":"product-type-simple"},"_links":{"self":[{"href":"https:\/\/pruebas.michollo.to\/ru\/wp-json\/wp\/v2\/product\/3921","targetHints":{"allow":["GET"]}}],"collection":[{"href":"https:\/\/pruebas.michollo.to\/ru\/wp-json\/wp\/v2\/product"}],"about":[{"href":"https:\/\/pruebas.michollo.to\/ru\/wp-json\/wp\/v2\/types\/product"}],"replies":[{"embeddable":true,"href":"https:\/\/pruebas.michollo.to\/ru\/wp-json\/wp\/v2\/comments?post=3921"}],"wp:featuredmedia":[{"embeddable":true,"href":"https:\/\/pruebas.michollo.to\/ru\/wp-json\/wp\/v2\/media\/3936"}],"wp:attachment":[{"href":"https:\/\/pruebas.michollo.to\/ru\/wp-json\/wp\/v2\/media?parent=3921"}],"wp:term":[{"taxonomy":"product_brand","embeddable":true,"href":"https:\/\/pruebas.michollo.to\/ru\/wp-json\/wp\/v2\/product_brand?post=3921"},{"taxonomy":"product_cat","embeddable":true,"href":"https:\/\/pruebas.michollo.to\/ru\/wp-json\/wp\/v2\/product_cat?post=3921"},{"taxonomy":"product_tag","embeddable":true,"href":"https:\/\/pruebas.michollo.to\/ru\/wp-json\/wp\/v2\/product_tag?post=3921"}],"curies":[{"name":"wp","href":"https:\/\/api.w.org\/{rel}","templated":true}]}}