{"id":400,"date":"2022-10-16T04:34:41","date_gmt":"2022-10-16T06:34:41","guid":{"rendered":"https:\/\/pruebas.michollo.to\/producto\/rig-rooky\/"},"modified":"2025-05-09T14:47:28","modified_gmt":"2025-05-09T12:47:28","slug":"rig-rooky","status":"publish","type":"product","link":"https:\/\/pruebas.michollo.to\/ru\/product\/\u043d\u043e\u0432\u0438\u0447\u043e\u043a\/","title":{"rendered":"\u041d\u043e\u0432\u0438\u0447\u043e\u043a - \u0434\u0432\u043e\u0439\u043d\u0430\u044f \u0434\u043e\u0431\u044b\u0447\u0430 ETHF + KAS, NEOXA, ETC, FLUX"},"content":{"rendered":"<p data-sanitized-data-mce-fragment=\"1\"><em>*\u0426\u0415\u041d\u0410 \u0411\u0415\u0417 \u041d\u0414\u0421, \u0423\u0422\u041e\u0427\u041d\u042f\u0419\u0422\u0415 \u0423\u0421\u041b\u041e\u0412\u0418\u042f<\/em><\/p>\n<p data-sanitized-data-mce-fragment=\"1\">\u041d\u0430\u0448 \u043f\u043b\u0430\u043d \u0441\u043e\u0441\u0442\u043e\u0438\u0442 \u0432 \u0442\u043e\u043c, \u0447\u0442\u043e\u0431\u044b \u0440\u0430\u0437\u0434\u0435\u043b\u0438\u0442\u044c \u0438\u043d\u0432\u0435\u0441\u0442\u0438\u0446\u0438\u043e\u043d\u043d\u0443\u044e \u0443\u0441\u0442\u0430\u043d\u043e\u0432\u043a\u0443 \u043c\u0435\u0436\u0434\u0443 \u043b\u0443\u0447\u0448\u0438\u043c\u0438 \u0430\u043b\u0433\u043e\u0440\u0438\u0442\u043c\u0430\u043c\u0438 \u043d\u0430 \u043e\u0441\u043d\u043e\u0432\u0435 \u0438\u0445 \u0442\u0435\u043a\u0443\u0449\u0435\u0439 \u043f\u0440\u0438\u0431\u044b\u043b\u044c\u043d\u043e\u0441\u0442\u0438, \u0447\u0442\u043e\u0431\u044b \u0441\u043e\u043a\u0440\u0430\u0442\u0438\u0442\u044c \u0432\u0440\u0435\u043c\u044f \u043e\u043a\u0443\u043f\u0430\u0435\u043c\u043e\u0441\u0442\u0438.<\/p>\n<p data-sanitized-data-mce-fragment=\"1\">\u041f\u043e\u0441\u043b\u0435 \u0441\u043b\u0438\u044f\u043d\u0438\u044f \u043f\u043e\u044f\u0432\u0438\u043b\u0438\u0441\u044c \u043d\u043e\u0432\u044b\u0435 \u0432\u043e\u0437\u043c\u043e\u0436\u043d\u043e\u0441\u0442\u0438 \u0434\u043b\u044f \u043c\u0430\u0439\u043d\u0438\u043d\u0433\u0430, \u0442\u0430\u043a\u0438\u0435 \u043a\u0430\u043a Ravencoin, Beam, Flux, Ergo, Alephium, Conflux, Neoxa \u0438\u043b\u0438 Kaspa. \u042d\u0442\u0438 \u043a\u0440\u0438\u043f\u0442\u043e\u0432\u0430\u043b\u044e\u0442\u044b \u043c\u043e\u0436\u043d\u043e \u043e\u0431\u044a\u0435\u0434\u0438\u043d\u0438\u0442\u044c \u0432 \u0434\u0432\u043e\u0439\u043d\u043e\u0439 \u043c\u0430\u0439\u043d\u0438\u043d\u0433, \u0447\u0442\u043e\u0431\u044b \u043c\u0430\u043a\u0441\u0438\u043c\u0438\u0437\u0438\u0440\u043e\u0432\u0430\u0442\u044c \u043f\u0440\u043e\u0438\u0437\u0432\u043e\u0434\u0438\u0442\u0435\u043b\u044c\u043d\u043e\u0441\u0442\u044c \u0432\u0430\u0448\u0435\u0439 \u0443\u0441\u0442\u0430\u043d\u043e\u0432\u043a\u0438.<\/p>\n<p data-sanitized-data-mce-fragment=\"1\"><img decoding=\"async\" src=\"https:\/\/cdn.shopify.com\/s\/files\/1\/0531\/4877\/8652\/files\/Disenosintitulo_2_1024x1024.png?v=1666164826\" alt=\"\" \/><\/p>\n<p data-sanitized-data-mce-fragment=\"1\"><img loading=\"lazy\" decoding=\"async\" class=\"alignleft\" style=\"display: block; margin-left: auto; margin-right: auto;\" src=\"https:\/\/cdn.shopify.com\/s\/files\/1\/0531\/4877\/8652\/files\/Imagen1_480x480.png?v=1645536577\" alt=\"\" width=\"380\" height=\"114\" data-sanitized-data-mce-src=\"https:\/\/cdn.shopify.com\/s\/files\/1\/0531\/4877\/8652\/files\/Imagen1_480x480.png?v=1645536577\" data-sanitized-data-mce-style=\"display: block; margin-left: auto; margin-right: auto;\" \/><\/p>\n<p>&nbsp;<\/p>\n<p>&nbsp;<\/p>\n<p>&nbsp;<\/p>\n<p>&nbsp;<\/p>\n<ul>\n<li><strong>\u0415\u0436\u0435\u043c\u0435\u0441\u044f\u0447\u043d\u0430\u044f \u0434\u043e\u0445\u043e\u0434\u043d\u043e\u0441\u0442\u044c 30$-50$ (DUAL MINING, ETHF+KAS, ETC+KAS NEOXA,RVN)<\/strong><\/li>\n<li><em>*\u0414\u043e\u0445\u043e\u0434\u043d\u043e\u0441\u0442\u044c \u043e\u0441\u043d\u043e\u0432\u0430\u043d\u0430 \u043d\u0430 \u0442\u0435\u043a\u0443\u0449\u0435\u043c \u0440\u044b\u043d\u043a\u0435. \u0412 \u0441\u0440\u0435\u0434\u043d\u0435\u0441\u0440\u043e\u0447\u043d\u043e\u0439 \u043f\u0435\u0440\u0441\u043f\u0435\u043a\u0442\u0438\u0432\u0435 \u043e\u0436\u0438\u0434\u0430\u0435\u0442\u0441\u044f \u0437\u043d\u0430\u0447\u0438\u0442\u0435\u043b\u044c\u043d\u044b\u0439 \u0440\u043e\u0441\u0442.<\/em><\/li>\n<li><em data-sanitized-data-mce-fragment=\"1\">\u041f\u043e\u0442\u0440\u0435\u0431\u043b\u0435\u043d\u0438\u0435 \u0412\u0442\/\u0447\u0430\u0441:<strong data-sanitized-data-mce-fragment=\"1\">\u00a0400w<\/strong><\/em><\/li>\n<li>\u041c\u043e\u0449\u043d\u043e\u0441\u0442\u044c \u043c\u0430\u0439\u043d\u0438\u043d\u0433\u0430 \u0432 \u0430\u043b\u0433\u043e\u0440\u0438\u0442\u043c\u0435 Ethash:<strong>\u00a0120 \u043c\u0447\u0441<\/strong><\/li>\n<li data-sanitized-data-mce-fragment=\"1\">\u0412\u043e\u0437\u043c\u043e\u0436\u043d\u043e\u0441\u0442\u044c \u043c\u043e\u043d\u0442\u0430\u0436\u0430 \u0441: 4 \u0431\u043b\u043e\u043a\u0430\u043c\u0438 rx6600XT<\/li>\n<\/ul>\n<p data-sanitized-data-mce-fragment=\"1\">\u0422\u0435\u043a\u0443\u0449\u0430\u044f \u0446\u0435\u043b\u044c - \u043d\u0430\u043a\u043e\u043f\u0438\u0442\u044c \u043a\u0430\u043a \u043c\u043e\u0436\u043d\u043e \u0431\u043e\u043b\u044c\u0448\u0435 \u043a\u0440\u0438\u043f\u0442\u043e\u0432\u0430\u043b\u044e\u0442, \u0447\u0442\u043e\u0431\u044b \u0443\u043c\u043d\u043e\u0436\u0438\u0442\u044c \u0442\u0435\u043a\u0443\u0449\u0443\u044e \u0434\u043e\u0445\u043e\u0434\u043d\u043e\u0441\u0442\u044c, \u043a\u043e\u0433\u0434\u0430 \u043e\u043d\u0438 \u0432\u044b\u0440\u0430\u0441\u0442\u0443\u0442 \u0432 \u0446\u0435\u043d\u0435. \u042d\u0442\u0438 \u0440\u0430\u0437\u0432\u0438\u0432\u0430\u044e\u0449\u0438\u0435\u0441\u044f \u043a\u0440\u0438\u043f\u0442\u043e\u0432\u0430\u043b\u044e\u0442\u044b \u043e\u0447\u0435\u043d\u044c \u0438\u043d\u0442\u0435\u0440\u0435\u0441\u043d\u044b \u0434\u043b\u044f \u0434\u043e\u0431\u044b\u0447\u0438 \u0438\u0437-\u0437\u0430 \u0431\u043e\u043b\u044c\u0448\u043e\u0433\u043e \u0437\u0430\u043f\u0430\u0441\u0430 \u0440\u043e\u0441\u0442\u0430 \u0441\u0442\u043e\u0438\u043c\u043e\u0441\u0442\u0438 \u0438 \u043e\u0447\u0435\u043d\u044c \u0438\u043d\u0442\u0435\u0440\u0435\u0441\u043d\u044b\u0445 \u043f\u0440\u043e\u0435\u043a\u0442\u043e\u0432 \u0441 \u043e\u0447\u0435\u043d\u044c \u043f\u043e\u043b\u0435\u0437\u043d\u044b\u043c\u0438 \u043f\u0440\u0438\u043b\u043e\u0436\u0435\u043d\u0438\u044f\u043c\u0438 \u0434\u043b\u044f\u00a0<span data-sanitized-data-mce-fragment=\"1\">\u0411\u043b\u043e\u043a\u0447\u0435\u0439\u043d.<\/span><\/p>\n<p data-sanitized-data-mce-fragment=\"1\">\u0412\u043a\u043b\u044e\u0447\u0435\u043d\u043e \u0432 \u0441\u0442\u043e\u0438\u043c\u043e\u0441\u0442\u044c:<\/p>\n<ul>\n<li><strong>\u041a\u043e\u043d\u0444\u0438\u0433\u0443\u0440\u0430\u0446\u0438\u044f<\/strong>\u041a\u043e\u043d\u0444\u0438\u0433\u0443\u0440\u0430\u0446\u0438\u044f \u0438 \u043c\u043e\u043d\u0442\u0430\u0436 \u043a\u0430\u0436\u0434\u043e\u0433\u043e RIG \u0432\u043a\u043b\u044e\u0447\u0435\u043d\u044b \u0432 \u0441\u0442\u043e\u0438\u043c\u043e\u0441\u0442\u044c.<\/li>\n<li><strong>\u041f\u043e\u0434\u0434\u0435\u0440\u0436\u043a\u0430 \u0438 \u043f\u043e\u0441\u043b\u0435\u0434\u0443\u044e\u0449\u0438\u0435 \u0434\u0435\u0439\u0441\u0442\u0432\u0438\u044f<\/strong>: \u0412\u043a\u043b\u044e\u0447\u0430\u0435\u0442 \u0432 \u0441\u0435\u0431\u044f \u0432\u043e \u0432\u0440\u0435\u043c\u044f\u00a0<strong>\u0448\u0435\u0441\u0442\u044c \u043c\u0435\u0441\u044f\u0446\u0435\u0432<\/strong>\u00a0\u043f\u043e\u0434\u0434\u0435\u0440\u0436\u043a\u0430 \u0432 \u0441\u043b\u0443\u0447\u0430\u0435 \u0432\u043e\u0437\u043d\u0438\u043a\u043d\u043e\u0432\u0435\u043d\u0438\u044f \u043b\u044e\u0431\u043e\u0433\u043e \u0438\u043d\u0446\u0438\u0434\u0435\u043d\u0442\u0430 (\u0417\u0410 \u0418\u0421\u041a\u041b\u042e\u0427\u0415\u041d\u0418\u0415\u041c \u0442\u043e\u0433\u043e, \u0447\u0442\u043e \u0443\u043a\u0430\u0437\u0430\u043d\u043e \u043a\u0430\u043a \u0432\u044b\u0445\u043e\u0434\u044f\u0449\u0435\u0435 \u0437\u0430 \u0440\u0430\u043c\u043a\u0438 \u0413\u0410\u0420\u0410\u041d\u0422\u0418\u0418).<\/li>\n<li><strong>\u0413\u0430\u0440\u0430\u043d\u0442\u0438\u044f<\/strong>: \u0412\u0441\u0435 \u043c\u0430\u0448\u0438\u043d\u044b \u0438\u043c\u0435\u044e\u0442\u00a0<strong>\u0422\u0420\u0418<\/strong>\u00a0\u0433\u043e\u0434\u044b \u0433\u0430\u0440\u0430\u043d\u0442\u0438\u0438.<\/li>\n<\/ul>\n<p><img decoding=\"async\" style=\"display: block; margin-left: auto; margin-right: auto;\" src=\"https:\/\/cdn.shopify.com\/s\/files\/1\/0531\/4877\/8652\/files\/IMG_0567_480x480.gif?v=1643969114\" alt=\"\" \/><\/p>","protected":false},"excerpt":{"rendered":"<p>*PRECIO SIN IVA, CONSULTAR CONDICIONES Nuestro plan consiste en dividir el montaje de la inversi\u00f3n entre los mejores algoritmos bas\u00e1ndonos en su rentabilidad actual para acortar el tiempo de recuperaci\u00f3n de la inversi\u00f3n. Tras el Merge surgieron nuevas oportunidades de minado como: Ravencoin, Beam, Flux, Ergo, Alephium, Conflux, Neoxa o Kaspa. Estas criptomonedas se puede [&hellip;]<\/p>\n","protected":false},"featured_media":401,"comment_status":"open","ping_status":"closed","template":"","meta":[],"product_brand":[],"product_cat":[18],"product_tag":[29,48,73],"class_list":{"0":"post-400","1":"product","2":"type-product","3":"status-publish","4":"has-post-thumbnail","6":"product_cat-rigs-de-gpu","7":"product_tag-ethereum","8":"product_tag-nuevo","9":"product_tag-toncoin","11":"first","12":"outofstock","13":"taxable","14":"shipping-taxable","15":"purchasable","16":"product-type-simple"},"_links":{"self":[{"href":"https:\/\/pruebas.michollo.to\/ru\/wp-json\/wp\/v2\/product\/400","targetHints":{"allow":["GET"]}}],"collection":[{"href":"https:\/\/pruebas.michollo.to\/ru\/wp-json\/wp\/v2\/product"}],"about":[{"href":"https:\/\/pruebas.michollo.to\/ru\/wp-json\/wp\/v2\/types\/product"}],"replies":[{"embeddable":true,"href":"https:\/\/pruebas.michollo.to\/ru\/wp-json\/wp\/v2\/comments?post=400"}],"wp:featuredmedia":[{"embeddable":true,"href":"https:\/\/pruebas.michollo.to\/ru\/wp-json\/wp\/v2\/media\/401"}],"wp:attachment":[{"href":"https:\/\/pruebas.michollo.to\/ru\/wp-json\/wp\/v2\/media?parent=400"}],"wp:term":[{"taxonomy":"product_brand","embeddable":true,"href":"https:\/\/pruebas.michollo.to\/ru\/wp-json\/wp\/v2\/product_brand?post=400"},{"taxonomy":"product_cat","embeddable":true,"href":"https:\/\/pruebas.michollo.to\/ru\/wp-json\/wp\/v2\/product_cat?post=400"},{"taxonomy":"product_tag","embeddable":true,"href":"https:\/\/pruebas.michollo.to\/ru\/wp-json\/wp\/v2\/product_tag?post=400"}],"curies":[{"name":"wp","href":"https:\/\/api.w.org\/{rel}","templated":true}]}}