{"id":4817,"date":"2024-05-27T06:58:47","date_gmt":"2024-05-27T08:58:47","guid":{"rendered":"https:\/\/www.minandovoy.com\/?post_type=product&#038;p=4817"},"modified":"2026-02-23T13:18:53","modified_gmt":"2026-02-23T12:18:53","slug":"asic-iceriver-ks5m-minero-especializado-para-criptomoneda-kaspa-kas-15-th-s","status":"publish","type":"product","link":"https:\/\/pruebas.michollo.to\/ru\/product\/asic-iceriver-ks5m-\u0441\u043f\u0435\u0446\u0438\u0430\u043b\u0438\u0437\u0438\u0440\u043e\u0432\u0430\u043d\u043d\u044b\u0439-\u043c\u0430\u0439\u043d\u0435\u0440-\u0434\u043b\u044f-\u043a\u0440\/","title":{"rendered":"ASIC ICERIVER KS5M 15 TH\/s"},"content":{"rendered":"<h2>\u041e\u043f\u0438\u0441\u0430\u043d\u0438\u0435<\/h2>\n<div class=\"desc_content\">\n<p><strong>Asic IceRiver KS5M: \u0432\u0430\u0448 \u043b\u0443\u0447\u0448\u0438\u0439 \u043f\u0430\u0440\u0442\u043d\u0435\u0440 \u043f\u043e \u043c\u0430\u0439\u043d\u0438\u043d\u0433\u0443 \u043a\u0440\u0438\u043f\u0442\u043e\u0432\u0430\u043b\u044e\u0442<\/strong><\/p>\n<p>\u0414\u043e\u0431\u0440\u043e \u043f\u043e\u0436\u0430\u043b\u043e\u0432\u0430\u0442\u044c \u0432 \u043c\u0438\u0440 \u043a\u0440\u0438\u043f\u0442\u043e\u0432\u0430\u043b\u044e\u0442, \u0433\u0434\u0435 \u0438\u043d\u043d\u043e\u0432\u0430\u0446\u0438\u0438 \u043e\u043f\u0440\u0435\u0434\u0435\u043b\u044f\u044e\u0442 \u0443\u0441\u043f\u0435\u0445. \u041f\u0440\u0435\u0434\u0441\u0442\u0430\u0432\u043b\u044f\u0435\u043c Asic IceRiver KS5M - \u0442\u0435\u0445\u043d\u043e\u043b\u043e\u0433\u0438\u0447\u0435\u0441\u043a\u0438\u0439 \u0448\u0435\u0434\u0435\u0432\u0440, \u043f\u0440\u0438\u0437\u0432\u0430\u043d\u043d\u044b\u0439 \u043f\u043e\u0434\u043d\u044f\u0442\u044c \u0432\u0430\u0448\u0438 \u043c\u0430\u0439\u043d\u0438\u043d\u0433\u043e\u0432\u044b\u0435 \u043e\u043f\u0435\u0440\u0430\u0446\u0438\u0438 \u043d\u0430 \u0438\u0441\u043a\u043b\u044e\u0447\u0438\u0442\u0435\u043b\u044c\u043d\u044b\u0439 \u0443\u0440\u043e\u0432\u0435\u043d\u044c. \u0413\u043e\u0442\u043e\u0432\u044b \u0443\u0437\u043d\u0430\u0442\u044c, \u043f\u043e\u0447\u0435\u043c\u0443 \u044d\u0442\u043e \u0443\u0441\u0442\u0440\u043e\u0439\u0441\u0442\u0432\u043e \u043d\u0435\u043e\u0431\u0445\u043e\u0434\u0438\u043c\u043e \u0434\u043b\u044f \u0432\u0430\u0448\u0435\u0433\u043e \u0431\u0438\u0437\u043d\u0435\u0441\u0430?<\/p>\n<p><strong>\u042d\u0444\u0444\u0435\u043a\u0442\u0438\u0432\u043d\u0430\u044f \u043c\u043e\u0449\u043d\u043e\u0441\u0442\u044c \u0438 \u0432\u044b\u0441\u043e\u043a\u0430\u044f \u044d\u043d\u0435\u0440\u0433\u043e\u044d\u0444\u0444\u0435\u043a\u0442\u0438\u0432\u043d\u043e\u0441\u0442\u044c<\/strong><\/p>\n<p>\u0412\u0430\u043c \u043d\u0443\u0436\u043d\u0430 \u0441\u0442\u0430\u0431\u0438\u043b\u044c\u043d\u0430\u044f \u043f\u0440\u043e\u0438\u0437\u0432\u043e\u0434\u0438\u0442\u0435\u043b\u044c\u043d\u043e\u0441\u0442\u044c? Asic IceRiver KS5M \u043e\u0431\u0435\u0441\u043f\u0435\u0447\u0438\u0432\u0430\u0435\u0442 \u0435\u0435 \u0432 \u044d\u0444\u0444\u0435\u043a\u0442\u0438\u0432\u043d\u043e\u043c \u043a\u043e\u0440\u043f\u0443\u0441\u0435. \u0411\u043b\u0430\u0433\u043e\u0434\u0430\u0440\u044f \u0432\u044b\u0447\u0438\u0441\u043b\u0438\u0442\u0435\u043b\u044c\u043d\u043e\u0439 \u043c\u043e\u0449\u043d\u043e\u0441\u0442\u0438 \u0434\u043e 15 TH\/s \u044d\u0442\u043e \u0443\u0441\u0442\u0440\u043e\u0439\u0441\u0442\u0432\u043e \u0441 \u043b\u0435\u0433\u043a\u043e\u0441\u0442\u044c\u044e \u0440\u0435\u0448\u0430\u0435\u0442 \u0441\u043b\u043e\u0436\u043d\u044b\u0435 \u0430\u043b\u0433\u043e\u0440\u0438\u0442\u043c\u044b. \u041d\u043e \u0447\u0442\u043e \u0434\u0435\u043b\u0430\u0435\u0442 \u0435\u0433\u043e \u0435\u0449\u0435 \u0431\u043e\u043b\u0435\u0435 \u0446\u0435\u043d\u043d\u044b\u043c, \u0442\u0430\u043a \u044d\u0442\u043e \u044d\u043d\u0435\u0440\u0433\u043e\u044d\u0444\u0444\u0435\u043a\u0442\u0438\u0432\u043d\u043e\u0441\u0442\u044c. \u041f\u043e\u0442\u0440\u0435\u0431\u043b\u044f\u044f \u0432\u0441\u0435\u0433\u043e 3400 \u0412\u0442, \u043e\u043d \u043e\u0431\u0435\u0441\u043f\u0435\u0447\u0438\u0432\u0430\u0435\u0442 \u0438\u0434\u0435\u0430\u043b\u044c\u043d\u044b\u0439 \u0431\u0430\u043b\u0430\u043d\u0441 \u043c\u0435\u0436\u0434\u0443 \u043c\u043e\u0449\u043d\u043e\u0441\u0442\u044c\u044e \u0438 \u0440\u0435\u0441\u0443\u0440\u0441\u0430\u043c\u0438. \u0427\u0442\u043e \u044d\u0442\u043e \u0437\u043d\u0430\u0447\u0438\u0442 \u0434\u043b\u044f \u0432\u0430\u0441? \u0411\u043e\u043b\u044c\u0448\u0435 \u0432\u043e\u0437\u043d\u0430\u0433\u0440\u0430\u0436\u0434\u0435\u043d\u0438\u044f \u0438 \u043c\u0435\u043d\u044c\u0448\u0435 \u0437\u0430\u0442\u0440\u0430\u0442 \u044d\u043d\u0435\u0440\u0433\u0438\u0438.<\/p>\n<div class=\"asicminer-widget-container\" style=\"width: 100%; min-height: 300px;\">\n            <iframe id=\"asicminer-widget-4401\" \n                    src=\"https:\/\/pruebas.michollo.to\/wp-content\/themes\/minandovoy\/proxy-widget.php?miner=iceriver\/ks5m&#038;type=profit&#038;theme=dark\" \n                    width=\"100%\" \n                    height=\"300\" \n                    frameborder=\"0\"\n                    loading=\"lazy\"\n                    style=\"border: none; overflow: hidden;\"\n                    title=\"ASIC Miner Widget\">\n            <\/iframe>\n        <\/div>\n<p><strong>\u041f\u043e\u0447\u0435\u043c\u0443 \u0441\u0442\u043e\u0438\u0442 \u043e\u0431\u0440\u0430\u0442\u0438\u0442\u044c \u0432\u043d\u0438\u043c\u0430\u043d\u0438\u0435 \u043d\u0430 Asic IceRiver KS5M \u0432 \u0441\u0444\u0435\u0440\u0435 \u043c\u0430\u0439\u043d\u0438\u043d\u0433\u0430 \u043a\u0440\u0438\u043f\u0442\u043e\u0432\u0430\u043b\u044e\u0442?<\/strong><\/p>\n<p>\u041e\u0434\u043d\u0438\u043c \u0441\u043b\u043e\u0432\u043e\u043c, Asic IceRiver KS5M - \u0432\u0430\u0448 \u043d\u0435\u0437\u0430\u043c\u0435\u043d\u0438\u043c\u044b\u0439 \u0441\u043e\u044e\u0437\u043d\u0438\u043a \u0432 \u0434\u043e\u0431\u044b\u0447\u0435 \u043a\u0440\u0438\u043f\u0442\u043e\u0432\u0430\u043b\u044e\u0442\u044b. \u0411\u043b\u0430\u0433\u043e\u0434\u0430\u0440\u044f \u0432\u043e\u0437\u043c\u043e\u0436\u043d\u043e\u0441\u0442\u0438 \u0434\u043e\u0431\u044b\u0447\u0438 Kaspa \u0441 \u043f\u043e\u043c\u043e\u0449\u044c\u044e \u0430\u043b\u0433\u043e\u0440\u0438\u0442\u043c\u0430 KHeavyHash \u043e\u043d \u043e\u0442\u043a\u0440\u044b\u0432\u0430\u0435\u0442 \u0434\u0432\u0435\u0440\u0438 \u043a \u0437\u043d\u0430\u0447\u0438\u0442\u0435\u043b\u044c\u043d\u044b\u043c \u0432\u043e\u0437\u043d\u0430\u0433\u0440\u0430\u0436\u0434\u0435\u043d\u0438\u044f\u043c. \u041a\u043e\u043c\u043f\u0430\u043a\u0442\u043d\u044b\u0439 \u0434\u0438\u0437\u0430\u0439\u043d, \u044d\u043d\u0435\u0440\u0433\u043e\u044d\u0444\u0444\u0435\u043a\u0442\u0438\u0432\u043d\u043e\u0441\u0442\u044c, \u0432\u044b\u0447\u0438\u0441\u043b\u0438\u0442\u0435\u043b\u044c\u043d\u0430\u044f \u043c\u043e\u0449\u043d\u043e\u0441\u0442\u044c \u0438 \u0440\u0430\u0441\u0448\u0438\u0440\u0435\u043d\u043d\u044b\u0435 \u0432\u043e\u0437\u043c\u043e\u0436\u043d\u043e\u0441\u0442\u0438 \u043f\u043e\u0434\u043a\u043b\u044e\u0447\u0435\u043d\u0438\u044f \u0434\u0435\u043b\u0430\u044e\u0442 \u0435\u0433\u043e \u043d\u0435\u0437\u0430\u043c\u0435\u043d\u0438\u043c\u044b\u043c \u0432\u044b\u0431\u043e\u0440\u043e\u043c \u0434\u043b\u044f \u0442\u0435\u0445, \u043a\u0442\u043e \u0441\u0442\u0440\u0435\u043c\u0438\u0442\u0441\u044f \u043c\u0430\u043a\u0441\u0438\u043c\u0430\u043b\u044c\u043d\u043e \u0440\u0430\u0441\u043a\u0440\u044b\u0442\u044c \u0441\u0432\u043e\u0439 \u043f\u043e\u0442\u0435\u043d\u0446\u0438\u0430\u043b. \u0413\u043e\u0442\u043e\u0432\u044b \u043f\u043e\u043a\u043e\u0440\u0438\u0442\u044c \u043c\u0438\u0440 \u043a\u0440\u0438\u043f\u0442\u043e\u0432\u0430\u043b\u044e\u0442 \u0441 \u043f\u043e\u043c\u043e\u0449\u044c\u044e Asic IceRiver KS5M? \u041e\u0442\u0432\u0435\u0442 \u0443\u0436\u0435 \u043d\u0430 \u043a\u043e\u043d\u0447\u0438\u043a\u0430\u0445 \u0432\u0430\u0448\u0438\u0445 \u043f\u0430\u043b\u044c\u0446\u0435\u0432.<\/p>\n<\/div>","protected":false},"excerpt":{"rendered":"<p>Descripci\u00f3n Asic IceRiver KS5M : Tu Socio Definitivo en la Miner\u00eda de Criptomonedas Bienvenido al mundo de las criptomonedas, donde la innovaci\u00f3n define el \u00e9xito. Presentamos el Asic IceRiver KS5M , una obra maestra tecnol\u00f3gica dise\u00f1ada para elevar tus operaciones mineras a niveles excepcionales. \u00bfListo para descubrir por qu\u00e9 este dispositivo es esencial para tu [&hellip;]<\/p>\n","protected":false},"featured_media":2564,"comment_status":"open","ping_status":"closed","template":"","meta":[],"product_brand":[],"product_cat":[15,19],"product_tag":[52,244,241,138],"class_list":{"0":"post-4817","1":"product","2":"type-product","3":"status-publish","4":"has-post-thumbnail","6":"product_cat-sin-categorizar","7":"product_cat-mineros","8":"product_tag-asic","9":"product_tag-gme","10":"product_tag-kaspa","11":"product_tag-mineros-para-avanzados","13":"first","14":"instock","15":"featured","16":"taxable","17":"shipping-taxable","18":"purchasable","19":"product-type-simple"},"_links":{"self":[{"href":"https:\/\/pruebas.michollo.to\/ru\/wp-json\/wp\/v2\/product\/4817","targetHints":{"allow":["GET"]}}],"collection":[{"href":"https:\/\/pruebas.michollo.to\/ru\/wp-json\/wp\/v2\/product"}],"about":[{"href":"https:\/\/pruebas.michollo.to\/ru\/wp-json\/wp\/v2\/types\/product"}],"replies":[{"embeddable":true,"href":"https:\/\/pruebas.michollo.to\/ru\/wp-json\/wp\/v2\/comments?post=4817"}],"wp:featuredmedia":[{"embeddable":true,"href":"https:\/\/pruebas.michollo.to\/ru\/wp-json\/wp\/v2\/media\/2564"}],"wp:attachment":[{"href":"https:\/\/pruebas.michollo.to\/ru\/wp-json\/wp\/v2\/media?parent=4817"}],"wp:term":[{"taxonomy":"product_brand","embeddable":true,"href":"https:\/\/pruebas.michollo.to\/ru\/wp-json\/wp\/v2\/product_brand?post=4817"},{"taxonomy":"product_cat","embeddable":true,"href":"https:\/\/pruebas.michollo.to\/ru\/wp-json\/wp\/v2\/product_cat?post=4817"},{"taxonomy":"product_tag","embeddable":true,"href":"https:\/\/pruebas.michollo.to\/ru\/wp-json\/wp\/v2\/product_tag?post=4817"}],"curies":[{"name":"wp","href":"https:\/\/api.w.org\/{rel}","templated":true}]}}