{"id":5206,"date":"2024-07-03T13:36:46","date_gmt":"2024-07-03T15:36:46","guid":{"rendered":"https:\/\/www.minandovoy.com\/?post_type=product&#038;p=5206"},"modified":"2025-08-06T10:56:46","modified_gmt":"2025-08-06T08:56:46","slug":"nueva-antminer-s21-xp-immersion-300th","status":"publish","type":"product","link":"https:\/\/pruebas.michollo.to\/ru\/product\/\u043d\u043e\u0432\u044b\u0439-antminer-s21-xp-immersion-300th\/","title":{"rendered":"Antminer S21 XP IMMERSION 300TH"},"content":{"rendered":"<h2>Antminer S21 XP IMMERSION 300TH<\/h2>\n<p>Antminer S21 \u043d\u043e\u0432\u0430\u044f \u043c\u0430\u0448\u0438\u043d\u0430 \u0434\u043b\u044f <a href=\"https:\/\/www.minandovoy.com\/categoria\/mineros\/?algoritmos=sha-256\">\u041c\u0430\u0439\u043d\u0438\u043d\u0433 \u0431\u0438\u0442\u043a\u043e\u0438\u043d\u0430<\/a> (SHA-256) \u0441 \u0432\u044b\u0447\u0438\u0441\u043b\u0438\u0442\u0435\u043b\u044c\u043d\u043e\u0439 \u043c\u043e\u0449\u043d\u043e\u0441\u0442\u044c\u044e 300 \u0422 \u0438 \u044d\u043d\u0435\u0440\u0433\u043e\u043f\u043e\u0442\u0440\u0435\u0431\u043b\u0435\u043d\u0438\u0435\u043c 3645 \u0412\u0442\/\u0447\u0430\u0441.<\/p>\n<p>Este minero se emitir\u00e1 en Octubre de 2024.<\/p>\n<p>\u041e\u043d\u0430 \u0438\u043c\u0435\u0435\u0442 \u0433\u0438\u0434\u0440\u0430\u0432\u043b\u0438\u0447\u0435\u0441\u043a\u043e\u0435 \u043e\u0445\u043b\u0430\u0436\u0434\u0435\u043d\u0438\u0435, \u0447\u0442\u043e \u043f\u043e\u0437\u0432\u043e\u043b\u044f\u0435\u0442 \u0438\u0437\u0431\u0435\u0436\u0430\u0442\u044c \u043f\u0435\u0440\u0435\u0433\u0440\u0435\u0432\u0430 \u043c\u0430\u0448\u0438\u043d\u044b \u0438 \u043f\u0440\u0430\u043a\u0442\u0438\u0447\u0435\u0441\u043a\u0438 \u043d\u0435 \u0441\u043e\u0437\u0434\u0430\u0435\u0442 \u0448\u0443\u043c\u0430, \u0442\u0430\u043a \u043a\u0430\u043a \u0432 \u043d\u0435\u0439 \u043d\u0435 \u0443\u0441\u0442\u0430\u043d\u043e\u0432\u043b\u0435\u043d\u044b \u0432\u0435\u043d\u0442\u0438\u043b\u044f\u0442\u043e\u0440\u044b \u0432\u044b\u0441\u043e\u043a\u043e\u0433\u043e \u0434\u0430\u0432\u043b\u0435\u043d\u0438\u044f.<\/p>\n<div class=\"asicminer-widget-container\" style=\"width: 100%; min-height: 300px;\">\n            <iframe id=\"asicminer-widget-2305\" \n                    src=\"https:\/\/pruebas.michollo.to\/wp-content\/themes\/minandovoy\/proxy-widget.php?miner=bitmain\/antminer-s21-xp-immersion-300th&#038;type=profit&#038;theme=dark\" \n                    width=\"100%\" \n                    height=\"300\" \n                    frameborder=\"0\"\n                    loading=\"lazy\"\n                    style=\"border: none; overflow: hidden;\"\n                    title=\"ASIC Miner Widget\">\n            <\/iframe>\n        <\/div>\n<h3><b>\u0427\u0442\u043e \u0442\u0430\u043a\u043e\u0435 Bitmain?<\/b><\/h3>\n<p><em>Bitmain<\/em>\u00a0\u044d\u0442\u043e \u043a\u043e\u043c\u043f\u0430\u043d\u0438\u044f, \u0431\u0430\u0437\u0438\u0440\u0443\u044e\u0449\u0430\u044f\u0441\u044f \u0432 \u041f\u0435\u043a\u0438\u043d\u0435, \u041a\u0438\u0442\u0430\u0439. \u041e\u043d\u0430 \u0441\u0447\u0438\u0442\u0430\u0435\u0442\u0441\u044f \u043e\u0434\u043d\u043e\u0439 \u0438\u0437 \u0441\u0430\u043c\u044b\u0445 \u0432\u0430\u0436\u043d\u044b\u0445 \u043a\u043e\u043c\u043f\u0430\u043d\u0438\u0439 \u0432 \u043a\u0440\u0438\u043f\u0442\u043e\u0432\u0430\u043b\u044e\u0442\u043d\u043e\u0439 \u0438\u043d\u0434\u0443\u0441\u0442\u0440\u0438\u0438 \u0431\u043b\u0430\u0433\u043e\u0434\u0430\u0440\u044f \u043f\u0440\u043e\u0438\u0437\u0432\u043e\u0434\u0441\u0442\u0432\u0443 \u0432\u044b\u0441\u043e\u043a\u043e\u043a\u0430\u0447\u0435\u0441\u0442\u0432\u0435\u043d\u043d\u043e\u0433\u043e \u043e\u0431\u043e\u0440\u0443\u0434\u043e\u0432\u0430\u043d\u0438\u044f \u0434\u043b\u044f \u043c\u0430\u0439\u043d\u0438\u043d\u0433\u0430 \u0441 \u043e\u0433\u0440\u043e\u043c\u043d\u044b\u043c\u0438 \u0432\u043e\u0437\u043c\u043e\u0436\u043d\u043e\u0441\u0442\u044f\u043c\u0438 \u0434\u043e\u0431\u044b\u0447\u0438 \u0438 \u0442\u0435\u0445\u043d\u043e\u043b\u043e\u0433\u0438\u0447\u0435\u0441\u043a\u0438\u043c \u0434\u043e\u0441\u0442\u0438\u0436\u0435\u043d\u0438\u044f\u043c. \u042d\u0442\u043e \u043a\u0440\u0443\u043f\u043d\u0435\u0439\u0448\u0438\u0439 \u0432 \u043c\u0438\u0440\u0435 \u0440\u0430\u0437\u0440\u0430\u0431\u043e\u0442\u0447\u0438\u043a \u043e\u0431\u043e\u0440\u0443\u0434\u043e\u0432\u0430\u043d\u0438\u044f \u0434\u043b\u044f \u043c\u0430\u0439\u043d\u0438\u043d\u0433\u0430 \u043a\u0440\u0438\u043f\u0442\u043e\u0432\u0430\u043b\u044e\u0442.\u00a0<em>ASIC<\/em>\u00a0\u0434\u043b\u044f \u0434\u043e\u0431\u044b\u0447\u0438 \u043f\u043e\u043b\u0435\u0437\u043d\u044b\u0445 \u0438\u0441\u043a\u043e\u043f\u0430\u0435\u043c\u044b\u0445\u00a0<em>\u0411\u0438\u0442\u043a\u043e\u0438\u043d<\/em>.<\/p>\n<p>\u041a\u043e\u043c\u043f\u0430\u043d\u0438\u044f Bitmain \u0432 \u043e\u0441\u043d\u043e\u0432\u043d\u043e\u043c \u0438\u0437\u0432\u0435\u0441\u0442\u043d\u0430 \u0441\u0432\u043e\u0438\u043c \u043e\u0431\u043e\u0440\u0443\u0434\u043e\u0432\u0430\u043d\u0438\u0435\u043c \u0434\u043b\u044f \u0411\u0438\u0442\u043a\u043e\u0439\u043d\u0430, \u0445\u043e\u0442\u044f \u043e\u043d\u0430 \u0437\u0430\u0438\u043d\u0442\u0435\u0440\u0435\u0441\u043e\u0432\u0430\u043d\u0430 \u0432 \u043f\u0440\u043e\u0435\u043a\u0442\u0430\u0445, \u043a\u043e\u0442\u043e\u0440\u044b\u0435 \u043f\u0440\u0438\u0432\u043d\u043e\u0441\u044f\u0442 \u0441\u043e\u043b\u0438\u0434\u043d\u043e\u0441\u0442\u044c \u0432 \u0435\u0435 \u0431\u0438\u0437\u043d\u0435\u0441, \u0442\u0430\u043a\u0438\u0445 \u043a\u0430\u043a Ethereum\/Ethereum Classic.<\/p>\n<p>\u0412 \u0430\u043f\u0440\u0435\u043b\u0435 2021 \u0433\u043e\u0434\u0430 \u043a\u0440\u0443\u043f\u043d\u044b\u0439 \u043f\u0440\u043e\u0438\u0437\u0432\u043e\u0434\u0438\u0442\u0435\u043b\u044c \u043e\u0431\u044a\u044f\u0432\u0438\u043b \u043e \u0432\u044b\u043f\u0443\u0441\u043a\u0435 \u043c\u0430\u0448\u0438\u043d\u044b \u0434\u043b\u044f \u0434\u043e\u0431\u044b\u0447\u0438 \u044d\u0444\u0438\u0440\u0430 - Antminer E9. \u042d\u0442\u043e\u0442 \u043d\u0430\u0441\u0442\u043e\u044f\u0449\u0438\u0439 \u0437\u0432\u0435\u0440\u044c \u043e\u0431\u043b\u0430\u0434\u0430\u0435\u0442 \u043c\u043e\u0449\u043d\u043e\u0441\u0442\u044c\u044e, \u044d\u043a\u0432\u0438\u0432\u0430\u043b\u0435\u043d\u0442\u043d\u043e\u0439 25 GPU Nvidia RTX 3080.<\/p>\n<p>&nbsp;<\/p>\n<h3><strong>\u041d\u0415\u041c\u041d\u041e\u0413\u041e \u041e <a href=\"https:\/\/coinmarketcap.com\/es\/currencies\/bitcoin\/\">\u0411\u0418\u0422\u041a\u041e\u0418\u041d<\/a><\/strong><\/h3>\n<p>\u042d\u0442\u043e \u043f\u0435\u0440\u0432\u0430\u044f \u043a\u0440\u0438\u043f\u0442\u043e\u0432\u0430\u043b\u044e\u0442\u0430, \u043a\u043e\u0442\u043e\u0440\u0430\u044f \u0431\u044b\u043b\u0430 \u0440\u0430\u0437\u0440\u0430\u0431\u043e\u0442\u0430\u043d\u0430 \u0438, \u0441\u043b\u0435\u0434\u043e\u0432\u0430\u0442\u0435\u043b\u044c\u043d\u043e, \u043f\u0440\u043e\u043b\u043e\u0436\u0438\u043b\u0430 \u043f\u0443\u0442\u044c \u0434\u043b\u044f \u0432\u0441\u0435\u0445 \u043e\u0441\u0442\u0430\u043b\u044c\u043d\u044b\u0445, \u043a\u043e\u0442\u043e\u0440\u044b\u0435 \u043f\u043e\u044f\u0432\u0438\u043b\u0438\u0441\u044c \u043f\u043e\u0437\u0436\u0435, \u0438\u0441\u043f\u043e\u043b\u044c\u0437\u0443\u044f \u0442\u0435\u0445\u043d\u043e\u043b\u043e\u0433\u0438\u044e \u0431\u043b\u043e\u043a\u0447\u0435\u0439\u043d.<\/p>\n<p>\u0421\u0443\u0449\u0435\u0441\u0442\u0432\u0443\u0435\u0442 \u043a\u043e\u043b\u0438\u0447\u0435\u0441\u0442\u0432\u043e \u0431\u0438\u0442\u043a\u043e\u0439\u043d\u043e\u0432, \u043a\u043e\u0442\u043e\u0440\u043e\u0435 \u0432\u044b\u043f\u0443\u0441\u043a\u0430\u0435\u0442\u0441\u044f \u043a\u0430\u0436\u0434\u044b\u0439 \u0433\u043e\u0434, \u0438 \u044d\u0442\u043e \u043a\u043e\u043b\u0438\u0447\u0435\u0441\u0442\u0432\u043e \u043e\u043f\u0440\u0435\u0434\u0435\u043b\u044f\u0435\u0442\u0441\u044f \u0438\u0445 \u0430\u043b\u0433\u043e\u0440\u0438\u0442\u043c\u043e\u043c, \u043a\u0430\u0436\u0434\u044b\u0435 4 \u0433\u043e\u0434\u0430 \u0438\u0445 \u0432\u044b\u043f\u0443\u0441\u043a \u0441\u043e\u043a\u0440\u0430\u0449\u0430\u0435\u0442\u0441\u044f \u043d\u0430 \u0434\u0432\u0430, \u0442\u0430\u043a \u0447\u0442\u043e \u0432\u0441\u0435\u0433\u043e \u0432\u044b\u043f\u0443\u0441\u043a\u0430\u0435\u0442\u0441\u044f 21 \u043c\u0438\u043b\u043b\u0438\u043e\u043d \u0431\u0438\u0442\u043a\u043e\u0439\u043d\u043e\u0432.<\/p>\n<p>\u0412 \u044d\u0442\u043e\u043c \u0437\u0430\u043a\u043b\u044e\u0447\u0430\u0435\u0442\u0441\u044f \u0441\u0443\u0449\u0435\u0441\u0442\u0432\u0435\u043d\u043d\u043e\u0435 \u043e\u0442\u043b\u0438\u0447\u0438\u0435 \u043e\u0442 \u043e\u0431\u044b\u0447\u043d\u044b\u0445 \u0432\u0430\u043b\u044e\u0442, \u043f\u043e\u0441\u043a\u043e\u043b\u044c\u043a\u0443 \u0431\u0430\u043d\u043a\u0438 \u043c\u0435\u043d\u044f\u044e\u0442 \u0441\u0442\u043e\u0438\u043c\u043e\u0441\u0442\u044c. \u042d\u0442\u043e \u043e\u0437\u043d\u0430\u0447\u0430\u0435\u0442, \u0447\u0442\u043e \u043a\u0440\u0438\u043f\u0442\u043e\u0432\u0430\u043b\u044e\u0442\u0430, \u0432 \u0434\u0430\u043d\u043d\u043e\u043c \u0441\u043b\u0443\u0447\u0430\u0435 \u0431\u0438\u0442\u043a\u043e\u0438\u043d, \u043c\u043e\u0436\u0435\u0442 \u043f\u0440\u0435\u0434\u043b\u043e\u0436\u0438\u0442\u044c \u0431\u043e\u043b\u044c\u0448\u0443\u044e \u0441\u0442\u0430\u0431\u0438\u043b\u044c\u043d\u043e\u0441\u0442\u044c, \u0432 \u0442\u043e \u0432\u0440\u0435\u043c\u044f \u043a\u0430\u043a \u043e\u0431\u044b\u0447\u043d\u044b\u0435 \u0432\u0430\u043b\u044e\u0442\u044b \u043e\u0431\u0435\u0441\u0446\u0435\u043d\u0438\u0432\u0430\u044e\u0442\u0441\u044f.<\/p>\n<p>\u0421\u0435\u0433\u043e\u0434\u043d\u044f \u043a\u0440\u0438\u043f\u0442\u043e\u0432\u0430\u043b\u044e\u0442\u044b \u0438\u0441\u043f\u043e\u043b\u044c\u0437\u0443\u044e\u0442\u0441\u044f \u0432 \u043a\u0430\u0447\u0435\u0441\u0442\u0432\u0435 \u0441\u043f\u043e\u0441\u043e\u0431\u0430 \u043e\u043f\u043b\u0430\u0442\u044b \u043d\u0430 \u043c\u043d\u043e\u0433\u0438\u0445 \u043f\u043b\u0430\u0442\u0444\u043e\u0440\u043c\u0430\u0445, \u0432\u0430\u043b\u044e\u0442\u043e\u0439 \u043e\u0431\u043c\u0435\u043d\u0430 \u0432 \u0431\u043e\u043b\u044c\u0448\u0438\u043d\u0441\u0442\u0432\u0435 \u0441\u043b\u0443\u0447\u0430\u0435\u0432 \u044f\u0432\u043b\u044f\u0435\u0442\u0441\u044f \u0431\u0438\u0442\u043a\u043e\u0438\u043d, \u043f\u043e\u0441\u043a\u043e\u043b\u044c\u043a\u0443 \u043e\u043d\u0438 \u0431\u0435\u0437\u043e\u043f\u0430\u0441\u043d\u044b \u0438 \u043f\u0440\u0438\u0432\u0430\u0442\u043d\u044b.<\/p>\n<p>Garant\u00eda total de 1 a\u00f1o.Protege tanto piezas como mano de obra y te da acceso a nuestro soporte t\u00e9cnico especializado. Ante cualquier incidencia, solo tienes que abrir un ticket en tu \u00e1rea de cliente: nos ocupamos de la reparaci\u00f3n o sustituci\u00f3n sin coste a\u00f1adido.<\/p>\n<h3><strong>\u041e\u0421\u041d\u041e\u0412\u041d\u042b\u0415 \u041f\u0420\u0415\u0418\u041c\u0423\u0429\u0415\u0421\u0422\u0412\u0410 \u0411\u0418\u0422\u041a\u041e\u0418\u041d\u0410<\/strong><\/h3>\n<ol>\n<li>\u0421\u043a\u043e\u0440\u043e\u0441\u0442\u044c: \u041e\u0442\u043f\u0440\u0430\u0432\u044c\u0442\u0435 \u0434\u0435\u043d\u044c\u0433\u0438 \u0441\u0430\u043c\u043e\u043c\u0443 \u0441\u0435\u0431\u0435, \u043d\u0435\u0437\u0430\u0432\u0438\u0441\u0438\u043c\u043e \u043e\u0442 \u0441\u0443\u043c\u043c\u044b \u0438 \u043c\u0435\u0441\u0442\u0430 \u043d\u0430\u0437\u043d\u0430\u0447\u0435\u043d\u0438\u044f, \u0432 \u0441\u0447\u0438\u0442\u0430\u043d\u043d\u044b\u0435 \u043c\u0438\u043d\u0443\u0442\u044b.<\/li>\n<li>\u041d\u0435\u0434\u043e\u0440\u043e\u0433\u043e: \u043f\u0440\u0438 \u043e\u0441\u0443\u0449\u0435\u0441\u0442\u0432\u043b\u0435\u043d\u0438\u0438 \u043f\u0435\u0440\u0435\u0432\u043e\u0434\u0430 \u0447\u0435\u0440\u0435\u0437 \u0431\u0430\u043d\u043a \u044d\u0442\u043e \u043c\u043e\u0436\u0435\u0442 \u043e\u0431\u043e\u0439\u0442\u0438\u0441\u044c \u0432\u0430\u043c \u0432 \u043a\u0440\u0443\u0433\u043b\u0435\u043d\u044c\u043a\u0443\u044e \u0441\u0443\u043c\u043c\u0443, \u0430 \u0447\u0435\u0440\u0435\u0437 Bitcoin - \u0431\u0435\u0441\u043f\u043b\u0430\u0442\u043d\u043e \u0438\u043b\u0438 \u0432\u0441\u0435\u0433\u043e \u0437\u0430 \u043d\u0435\u0441\u043a\u043e\u043b\u044c\u043a\u043e \u0446\u0435\u043d\u0442\u043e\u0432.<\/li>\n<li>\u0413\u043b\u043e\u0431\u0430\u043b\u044c\u043d\u044b\u0439: \u0412\u044b \u043c\u043e\u0436\u0435\u0442\u0435 \u043e\u0442\u043f\u0440\u0430\u0432\u0438\u0442\u044c \u0432 \u043b\u044e\u0431\u0443\u044e \u0442\u043e\u0447\u043a\u0443 \u043c\u0438\u0440\u0430, \u043e\u043d \u043d\u0435 \u0438\u043c\u0435\u0435\u0442 \u0433\u0440\u0430\u043d\u0438\u0446.<\/li>\n<li>\u0414\u0435\u0446\u0435\u043d\u0442\u0440\u0430\u043b\u0438\u0437\u043e\u0432\u0430\u043d\u043d\u0430\u044f: \u041d\u0438 \u043e\u0434\u043d\u043e \u043f\u0440\u0430\u0432\u0438\u0442\u0435\u043b\u044c\u0441\u0442\u0432\u043e\/\u0431\u0430\u043d\u043a \u043d\u0435 \u043c\u043e\u0436\u0435\u0442 \u043a\u043e\u043d\u0442\u0440\u043e\u043b\u0438\u0440\u043e\u0432\u0430\u0442\u044c \u0435\u0435 \u043d\u0438 \u043f\u0440\u0438 \u0441\u043e\u0437\u0434\u0430\u043d\u0438\u0438, \u043d\u0438 \u043f\u0440\u0438 \u0440\u0430\u0441\u043f\u0440\u0435\u0434\u0435\u043b\u0435\u043d\u0438\u0438.<\/li>\n<li>\u041f\u0440\u0430\u0432\u043e \u0441\u043e\u0431\u0441\u0442\u0432\u0435\u043d\u043d\u043e\u0441\u0442\u0438: \u0414\u0435\u043d\u044c\u0433\u0438 \u043f\u0440\u0438\u043d\u0430\u0434\u043b\u0435\u0436\u0430\u0442 \u0432\u0430\u043c 100%, \u0438\u0445 \u043d\u0438\u043a\u0442\u043e \u043d\u0435 \u043c\u043e\u0436\u0435\u0442 \u0437\u0430\u0431\u0440\u0430\u0442\u044c, \u0432\u044b \u0441\u0430\u043c\u0438 \u0441\u0435\u0431\u0435 \u0431\u0430\u043d\u043a.<\/li>\n<li>\u041f\u0440\u043e\u0437\u0440\u0430\u0447\u043d\u043e\u0441\u0442\u044c:  \u0412\u0441\u0435 \u0441\u0434\u0435\u043b\u043a\u0438 \u044f\u0432\u043b\u044f\u044e\u0442\u0441\u044f \u043f\u0443\u0431\u043b\u0438\u0447\u043d\u044b\u043c\u0438, \u043d\u043e \u0432\u0441\u0435\u0433\u0434\u0430 \u043f\u043e\u0434 \u043f\u0441\u0435\u0432\u0434\u043e\u043d\u0438\u043c\u0430\u043c\u0438.<\/li>\n<li>\u041e\u0433\u0440\u0430\u043d\u0438\u0447\u0435\u043d\u043d\u0430\u044f \u044d\u043c\u0438\u0441\u0441\u0438\u044f: \u043d\u0438\u043a\u0442\u043e \u043d\u0435 \u043c\u043e\u0436\u0435\u0442 \u0433\u0435\u043d\u0435\u0440\u0438\u0440\u043e\u0432\u0430\u0442\u044c \u0442\u044b\u0441\u044f\u0447\u0438 \u0431\u0438\u0442\u043a\u043e\u0438\u043d\u043e\u0432 \u043f\u0440\u043e\u0441\u0442\u043e \u043f\u043e\u0442\u043e\u043c\u0443, \u0447\u0442\u043e \u0435\u043c\u0443 \u0442\u0430\u043a \u0445\u043e\u0447\u0435\u0442\u0441\u044f, \u043e\u043d\u0438 \u043f\u043e\u044f\u0432\u043b\u044f\u044e\u0442\u0441\u044f \u0431\u043b\u0430\u0433\u043e\u0434\u0430\u0440\u044f \u043c\u0430\u0439\u043d\u0438\u043d\u0433\u0443.<\/li>\n<li>\u041f\u0440\u0438\u0432\u0430\u0442\u043d\u043e\u0441\u0442\u044c: \u0411\u0438\u0442\u043a\u043e\u0439\u043d \u043f\u044b\u0442\u0430\u0435\u0442\u0441\u044f \u0441\u043e\u0445\u0440\u0430\u043d\u0438\u0442\u044c \u043f\u0440\u0438\u0432\u0430\u0442\u043d\u043e\u0441\u0442\u044c \u0432 \u043e\u0447\u0435\u043d\u044c \u0432\u044b\u0441\u043e\u043a\u043e\u0439 \u0441\u0442\u0435\u043f\u0435\u043d\u0438, \u0445\u043e\u0442\u044f \u043e\u043d \u043d\u0435 \u044f\u0432\u043b\u044f\u0435\u0442\u0441\u044f \u043f\u043e\u043b\u043d\u043e\u0441\u0442\u044c\u044e \u0430\u043d\u043e\u043d\u0438\u043c\u043d\u044b\u043c \u0438 \u0440\u0430\u0431\u043e\u0442\u0430\u0435\u0442 \u043d\u0430\u0434 \u0442\u0435\u043c, \u0447\u0442\u043e\u0431\u044b \u0431\u044b\u0442\u044c \u0442\u0430\u043a\u043e\u0432\u044b\u043c.<\/li>\n<\/ol>","protected":false},"excerpt":{"rendered":"<p>Antminer S21 XP IMMERSION 300TH Antminer S21 la nueva m\u00e1quina para la miner\u00eda de Bitcoin (SHA-256) con un poder computacional de 300T y un consumo el\u00e9ctrico de\u00a0 3645W\/Hora. Este minero se emitir\u00e1 en Octubre de 2024. Tiene refrigeraci\u00f3n hidr\u00e1ulica, la gran ventaja es que evitas el sobrecalentamiento de la m\u00e1quina y el ruido que genera [&hellip;]<\/p>\n","protected":false},"featured_media":5207,"comment_status":"open","ping_status":"closed","template":"","meta":[],"product_brand":[],"product_cat":[19],"product_tag":[52,244,241,138,139],"class_list":{"0":"post-5206","1":"product","2":"type-product","3":"status-publish","4":"has-post-thumbnail","6":"product_cat-mineros","7":"product_tag-asic","8":"product_tag-gme","9":"product_tag-kaspa","10":"product_tag-mineros-para-avanzados","11":"product_tag-mineros-para-expertos","13":"first","14":"instock","15":"featured","16":"taxable","17":"shipping-taxable","18":"purchasable","19":"product-type-simple"},"_links":{"self":[{"href":"https:\/\/pruebas.michollo.to\/ru\/wp-json\/wp\/v2\/product\/5206","targetHints":{"allow":["GET"]}}],"collection":[{"href":"https:\/\/pruebas.michollo.to\/ru\/wp-json\/wp\/v2\/product"}],"about":[{"href":"https:\/\/pruebas.michollo.to\/ru\/wp-json\/wp\/v2\/types\/product"}],"replies":[{"embeddable":true,"href":"https:\/\/pruebas.michollo.to\/ru\/wp-json\/wp\/v2\/comments?post=5206"}],"wp:featuredmedia":[{"embeddable":true,"href":"https:\/\/pruebas.michollo.to\/ru\/wp-json\/wp\/v2\/media\/5207"}],"wp:attachment":[{"href":"https:\/\/pruebas.michollo.to\/ru\/wp-json\/wp\/v2\/media?parent=5206"}],"wp:term":[{"taxonomy":"product_brand","embeddable":true,"href":"https:\/\/pruebas.michollo.to\/ru\/wp-json\/wp\/v2\/product_brand?post=5206"},{"taxonomy":"product_cat","embeddable":true,"href":"https:\/\/pruebas.michollo.to\/ru\/wp-json\/wp\/v2\/product_cat?post=5206"},{"taxonomy":"product_tag","embeddable":true,"href":"https:\/\/pruebas.michollo.to\/ru\/wp-json\/wp\/v2\/product_tag?post=5206"}],"curies":[{"name":"wp","href":"https:\/\/api.w.org\/{rel}","templated":true}]}}