{"id":5303,"date":"2024-07-11T07:36:41","date_gmt":"2024-07-11T09:36:41","guid":{"rendered":"https:\/\/www.minandovoy.com\/?post_type=product&#038;p=5303"},"modified":"2026-02-23T13:17:41","modified_gmt":"2026-02-23T12:17:41","slug":"nerdaxe-ultra-microminero-asic-de-bitcoin","status":"publish","type":"product","link":"https:\/\/pruebas.michollo.to\/ru\/product\/nerdaxe-ultra-bitcoin-asic-microminero\/","title":{"rendered":"NerdAxe Ultra 550 GH\/s - \u043c\u0438\u043a\u0440\u043e\u043c\u0430\u0439\u043d\u0435\u0440 Bitcoin ASIC"},"content":{"rendered":"<h3>\u041f\u043e\u0434\u043d\u0438\u043c\u0438\u0442\u0435 \u0441\u0432\u043e\u0439 \u043c\u0430\u0439\u043d\u0438\u043d\u0433 \u043d\u0430 \u043d\u043e\u0432\u044b\u0439 \u0443\u0440\u043e\u0432\u0435\u043d\u044c: \u043c\u0430\u043a\u0441\u0438\u043c\u0430\u043b\u044c\u043d\u043e\u0435 \u0440\u0430\u0437\u0432\u0438\u0442\u0438\u0435 \u0434\u043b\u044f \u044d\u043d\u0442\u0443\u0437\u0438\u0430\u0441\u0442\u043e\u0432 \u0438 \u043f\u0440\u043e\u0444\u0435\u0441\u0441\u0438\u043e\u043d\u0430\u043b\u043e\u0432<\/h3>\n<p>\u041f\u0440\u0438\u0433\u043e\u0442\u043e\u0432\u044c\u0442\u0435\u0441\u044c \u0438\u0437\u043c\u0435\u043d\u0438\u0442\u044c \u0441\u0432\u043e\u0439 \u043e\u043f\u044b\u0442 \u043c\u0430\u0439\u043d\u0438\u043d\u0433\u0430! \u042d\u0442\u043e \u0441\u043e\u0432\u0440\u0435\u043c\u0435\u043d\u043d\u043e\u0435 ASIC-\u0443\u0441\u0442\u0440\u043e\u0439\u0441\u0442\u0432\u043e, \u043e\u0441\u043d\u0430\u0449\u0435\u043d\u043d\u043e\u0435 \u0438\u043d\u043d\u043e\u0432\u0430\u0446\u0438\u043e\u043d\u043d\u044b\u043c \u0447\u0438\u043f\u043e\u043c BM1366, \u0440\u0430\u0437\u0440\u0430\u0431\u043e\u0442\u0430\u043d\u043d\u044b\u043c \u043a\u043e\u043c\u043f\u0430\u043d\u0438\u0435\u0439 Bitmaker, \u043f\u0435\u0440\u0435\u0441\u043c\u0430\u0442\u0440\u0438\u0432\u0430\u0435\u0442 \u0441\u0442\u0430\u043d\u0434\u0430\u0440\u0442\u044b \u043f\u0440\u043e\u0438\u0437\u0432\u043e\u0434\u0438\u0442\u0435\u043b\u044c\u043d\u043e\u0441\u0442\u0438 \u0438 \u044d\u0444\u0444\u0435\u043a\u0442\u0438\u0432\u043d\u043e\u0441\u0442\u0438 \u0432 \u043c\u0430\u0439\u043d\u0438\u043d\u0433\u0435 \u0431\u0438\u0442\u043a\u043e\u0438\u043d\u043e\u0432. \u042d\u0442\u043e \u0438\u0434\u0435\u0430\u043b\u044c\u043d\u043e\u0435 \u0440\u0435\u0448\u0435\u043d\u0438\u0435 \u0434\u043b\u044f \u0442\u0435\u0445, \u043a\u0442\u043e \u0445\u043e\u0447\u0435\u0442 \u043e\u043f\u0442\u0438\u043c\u0438\u0437\u0438\u0440\u043e\u0432\u0430\u0442\u044c \u0441\u0432\u043e\u044e \u0441\u0438\u0441\u0442\u0435\u043c\u0443 \u0438 \u0432\u044b\u0439\u0442\u0438 \u043d\u0430 \u043d\u043e\u0432\u044b\u0439 \u0443\u0440\u043e\u0432\u0435\u043d\u044c \u043f\u0440\u0438\u0431\u044b\u043b\u044c\u043d\u043e\u0441\u0442\u0438.<\/p>\n<h4><strong>\u041d\u0435\u043f\u0440\u0435\u0432\u0437\u043e\u0439\u0434\u0435\u043d\u043d\u0430\u044f \u043c\u043e\u0449\u043d\u043e\u0441\u0442\u044c \u0438 \u044d\u0444\u0444\u0435\u043a\u0442\u0438\u0432\u043d\u043e\u0441\u0442\u044c<\/strong><\/h4>\n<p>\u0415\u0441\u043b\u0438 \u0443 \u0432\u0430\u0441 \u0443\u0436\u0435 \u0435\u0441\u0442\u044c \u043e\u0431\u043e\u0440\u0443\u0434\u043e\u0432\u0430\u043d\u0438\u0435 \u0434\u043b\u044f \u043c\u0430\u0439\u043d\u0438\u043d\u0433\u0430, \u044d\u0442\u043e\u0442 \u043a\u043e\u043c\u043f\u043b\u0435\u043a\u0442 \u043c\u043e\u0434\u0435\u0440\u043d\u0438\u0437\u0430\u0446\u0438\u0438 \u0443\u0432\u0435\u043b\u0438\u0447\u0438\u0442 \u0441\u043a\u043e\u0440\u043e\u0441\u0442\u044c \u043e\u0431\u0440\u0430\u0431\u043e\u0442\u043a\u0438 \u0434\u0430\u043d\u043d\u044b\u0445 \u0441 75 KH\/s \u0434\u043e \u0432\u043f\u0435\u0447\u0430\u0442\u043b\u044f\u044e\u0449\u0438\u0445 75 KH\/s. <strong>550 GH\/s<\/strong>\u0443\u0432\u0435\u043b\u0438\u0447\u0438\u0432\u0430\u044f \u043f\u0440\u043e\u0438\u0437\u0432\u043e\u0434\u0438\u0442\u0435\u043b\u044c\u043d\u043e\u0441\u0442\u044c \u043c\u0430\u0439\u043d\u0438\u043d\u0433\u0430 \u043f\u043e\u0447\u0442\u0438 \u0432 9 \u043c\u0438\u043b\u043b\u0438\u043e\u043d\u043e\u0432 \u0440\u0430\u0437. \u041e\u043d \u0442\u0430\u043a\u0436\u0435 \u0434\u043e\u0441\u0442\u0443\u043f\u0435\u043d \u0432 \u0432\u0438\u0434\u0435 \u0433\u043e\u0442\u043e\u0432\u043e\u0433\u043e \u0440\u0435\u0448\u0435\u043d\u0438\u044f, \u0432\u043a\u043b\u044e\u0447\u0430\u044e\u0449\u0435\u0433\u043e \u043d\u043e\u0432\u0443\u044e \u043f\u043b\u0430\u0442\u0443 \u0438 \u0434\u0438\u0441\u043f\u043b\u0435\u0439, \u0442\u0430\u043a \u0447\u0442\u043e \u0432\u044b \u0441\u043c\u043e\u0436\u0435\u0442\u0435 \u0441\u043e\u0437\u0434\u0430\u0442\u044c \u0432\u044b\u0441\u043e\u043a\u043e\u043f\u0440\u043e\u0438\u0437\u0432\u043e\u0434\u0438\u0442\u0435\u043b\u044c\u043d\u0443\u044e \u0441\u0438\u0441\u0442\u0435\u043c\u0443 \u043f\u0440\u044f\u043c\u043e \u0438\u0437 \u043a\u043e\u0440\u043e\u0431\u043a\u0438.<\/p>\n<p>\u042d\u0442\u0430 \u043c\u0430\u0448\u0438\u043d\u0430 \u0438\u0434\u0435\u0430\u043b\u044c\u043d\u043e \u043f\u043e\u0434\u0445\u043e\u0434\u0438\u0442 \u0434\u043b\u044f \u043d\u0435\u0437\u0430\u0432\u0438\u0441\u0438\u043c\u044b\u0445 \u043c\u0430\u0439\u043d\u0435\u0440\u043e\u0432, \u043a\u043e\u0442\u043e\u0440\u044b\u0435 \u0445\u043e\u0442\u044f\u0442 \u043f\u043e\u0431\u043e\u0440\u043e\u0442\u044c\u0441\u044f \u0437\u0430 \u0432\u043e\u0437\u043d\u0430\u0433\u0440\u0430\u0436\u0434\u0435\u043d\u0438\u0435 \u0437\u0430 \u0431\u043b\u043e\u043a \u0431\u0438\u0442\u043a\u043e\u0438\u043d\u0430 \u0432 \u0440\u0430\u0437\u043c\u0435\u0440\u0435 3 125 BTC. \u0411\u043b\u0430\u0433\u043e\u0434\u0430\u0440\u044f \u044d\u0444\u0444\u0435\u043a\u0442\u0438\u0432\u043d\u043e\u043c\u0443 \u0438 \u043a\u043e\u043c\u043f\u0430\u043a\u0442\u043d\u043e\u043c\u0443 \u0434\u0438\u0437\u0430\u0439\u043d\u0443 \u044d\u0442\u043e \u0438\u0434\u0435\u0430\u043b\u044c\u043d\u044b\u0439 \u0441\u043e\u044e\u0437\u043d\u0438\u043a \u0434\u043b\u044f \u043c\u0430\u043a\u0441\u0438\u043c\u0430\u043b\u044c\u043d\u043e\u0433\u043e \u0440\u0430\u0441\u043a\u0440\u044b\u0442\u0438\u044f \u0432\u0430\u0448\u0435\u0433\u043e \u043f\u043e\u0442\u0435\u043d\u0446\u0438\u0430\u043b\u0430 \u0434\u043e\u0431\u044b\u0447\u0438 \u043a\u0440\u0438\u043f\u0442\u043e\u0432\u0430\u043b\u044e\u0442\u044b.<\/p>\n<h4><strong>\u041e\u0441\u043d\u043e\u0432\u043d\u044b\u0435 \u0445\u0430\u0440\u0430\u043a\u0442\u0435\u0440\u0438\u0441\u0442\u0438\u043a\u0438<\/strong><\/h4>\n<ul>\n<li><strong>\u041e\u043f\u0442\u0438\u043c\u0438\u0437\u0438\u0440\u043e\u0432\u0430\u043d\u043d\u043e\u0435 \u043f\u043e\u0442\u0440\u0435\u0431\u043b\u0435\u043d\u0438\u0435 \u044d\u043d\u0435\u0440\u0433\u0438\u0438<\/strong>\u041f\u0440\u0438 \u043f\u043e\u0442\u0440\u0435\u0431\u043b\u044f\u0435\u043c\u043e\u0439 \u043c\u043e\u0449\u043d\u043e\u0441\u0442\u0438 \u0432\u0441\u0435\u0433\u043e 12 \u0412\u0442 \u044d\u0442\u0430 \u043c\u0430\u0448\u0438\u043d\u0430 \u043e\u0431\u0435\u0441\u043f\u0435\u0447\u0438\u0432\u0430\u0435\u0442 \u043f\u0440\u043e\u0438\u0437\u0432\u043e\u0434\u0438\u0442\u0435\u043b\u044c\u043d\u043e\u0441\u0442\u044c \u0434\u043e 550 GH\/s. \u0415\u0433\u043e \u044d\u0444\u0444\u0435\u043a\u0442\u0438\u0432\u043d\u0430\u044f \u043a\u043e\u043d\u0441\u0442\u0440\u0443\u043a\u0446\u0438\u044f \u0438\u0434\u0435\u0430\u043b\u044c\u043d\u043e \u043f\u043e\u0434\u0445\u043e\u0434\u0438\u0442 \u0434\u043b\u044f \u0434\u043e\u043c\u0430\u0448\u043d\u0438\u0445 \u043c\u0430\u0439\u043d\u0435\u0440\u043e\u0432, \u043a\u043e\u0442\u043e\u0440\u044b\u043c \u043d\u0443\u0436\u043d\u044b \u0440\u0435\u0437\u0443\u043b\u044c\u0442\u0430\u0442\u044b \u0431\u0435\u0437 \u043b\u0438\u0448\u043d\u0438\u0445 \u0437\u0430\u0442\u0440\u0430\u0442 \u043d\u0430 \u044d\u043b\u0435\u043a\u0442\u0440\u043e\u044d\u043d\u0435\u0440\u0433\u0438\u044e.<\/li>\n<li><strong>\u0420\u0430\u0441\u0448\u0438\u0440\u0435\u043d\u043d\u0430\u044f \u043d\u0430\u0441\u0442\u0440\u043e\u0439\u043a\u0430<\/strong>AXE OS: \u0420\u0430\u0431\u043e\u0442\u0430\u0435\u0442 \u043d\u0430 AXE OS, \u043e\u043f\u0435\u0440\u0430\u0446\u0438\u043e\u043d\u043d\u043e\u0439 \u0441\u0438\u0441\u0442\u0435\u043c\u0435 \u0441 \u043e\u0442\u043a\u0440\u044b\u0442\u044b\u043c \u0438\u0441\u0445\u043e\u0434\u043d\u044b\u043c \u043a\u043e\u0434\u043e\u043c, \u043a\u043e\u0442\u043e\u0440\u0430\u044f \u0434\u0430\u0435\u0442 \u0432\u0430\u043c \u043f\u043e\u043b\u043d\u044b\u0439 \u043a\u043e\u043d\u0442\u0440\u043e\u043b\u044c \u043d\u0430\u0434 \u043e\u043f\u0435\u0440\u0430\u0446\u0438\u044f\u043c\u0438. \u041d\u0430\u0441\u0442\u0440\u0430\u0438\u0432\u0430\u0439\u0442\u0435 \u043f\u0430\u0440\u0430\u043c\u0435\u0442\u0440\u044b, \u043e\u043f\u0442\u0438\u043c\u0438\u0437\u0438\u0440\u0443\u0439\u0442\u0435 \u043f\u0440\u043e\u0438\u0437\u0432\u043e\u0434\u0438\u0442\u0435\u043b\u044c\u043d\u043e\u0441\u0442\u044c \u0438 \u0434\u0435\u043b\u0438\u0442\u0435\u0441\u044c \u0437\u043d\u0430\u043d\u0438\u044f\u043c\u0438 \u0441 \u0441\u043e\u043e\u0431\u0449\u0435\u0441\u0442\u0432\u043e\u043c \u043f\u043e\u043b\u044c\u0437\u043e\u0432\u0430\u0442\u0435\u043b\u0435\u0439 \u043d\u0430 \u0441\u0430\u0439\u0442\u0435 Bitaxe.org \u0438 \u0441\u0435\u0440\u0432\u0435\u0440\u0435 Discord.<\/li>\n<\/ul>\n<h4><strong>\u0421\u043e\u0434\u0435\u0440\u0436\u0430\u043d\u0438\u0435 \u043f\u0430\u043a\u0435\u0442\u0430<\/strong><\/h4>\n<ul>\n<li>\u041f\u043e\u043b\u043d\u043e\u0441\u0442\u044c\u044e \u0441\u043e\u0431\u0440\u0430\u043d\u043d\u043e\u0435 \u043e\u0431\u043e\u0440\u0443\u0434\u043e\u0432\u0430\u043d\u0438\u0435<\/li>\n<li>\u0411\u043b\u043e\u043a \u043f\u0438\u0442\u0430\u043d\u0438\u044f 5V\/5A (\u0441\u043e\u0432\u043c\u0435\u0441\u0442\u0438\u043c \u0441 110-230V)<\/li>\n<li>\u041f\u0440\u0438\u043c\u0435\u0447\u0430\u043d\u0438\u0435: \u0412\u0430\u043c \u043c\u043e\u0436\u0435\u0442 \u043f\u043e\u043d\u0430\u0434\u043e\u0431\u0438\u0442\u044c\u0441\u044f \u043a\u0430\u0431\u0435\u043b\u044c \u043f\u0438\u0442\u0430\u043d\u0438\u044f, \u0430\u0434\u0430\u043f\u0442\u0438\u0440\u043e\u0432\u0430\u043d\u043d\u044b\u0439 \u0434\u043b\u044f \u0432\u0430\u0448\u0435\u0433\u043e \u0440\u0435\u0433\u0438\u043e\u043d\u0430.<\/li>\n<\/ul>\n<h4><strong>\u0428\u0430\u0433 \u0432\u043f\u0435\u0440\u0435\u0434 \u0432 \u043e\u0431\u043b\u0430\u0441\u0442\u0438 \u044d\u0444\u0444\u0435\u043a\u0442\u0438\u0432\u043d\u043e\u0439 \u0434\u043e\u0431\u044b\u0447\u0438 \u043f\u043e\u043b\u0435\u0437\u043d\u044b\u0445 \u0438\u0441\u043a\u043e\u043f\u0430\u0435\u043c\u044b\u0445<\/strong><\/h4>\n<p>\u041a\u043e\u043c\u043f\u0430\u043a\u0442\u043d\u0430\u044f, \u0442\u0438\u0445\u0430\u044f \u0438 \u0432\u044b\u0441\u043e\u043a\u043e\u044d\u0444\u0444\u0435\u043a\u0442\u0438\u0432\u043d\u0430\u044f, \u044d\u0442\u0430 \u043c\u0430\u0448\u0438\u043d\u0430 \u0441\u043e\u0437\u0434\u0430\u043d\u0430 \u0434\u043b\u044f \u0442\u0435\u0445, \u043a\u0442\u043e \u0445\u043e\u0447\u0435\u0442 \u043f\u043e\u043b\u0443\u0447\u0438\u0442\u044c \u0438\u0441\u043a\u043b\u044e\u0447\u0438\u0442\u0435\u043b\u044c\u043d\u0443\u044e \u043f\u0440\u043e\u0438\u0437\u0432\u043e\u0434\u0438\u0442\u0435\u043b\u044c\u043d\u043e\u0441\u0442\u044c \u0431\u0435\u0437 \u043b\u0438\u0448\u043d\u0438\u0445 \u0445\u043b\u043e\u043f\u043e\u0442. \u042d\u0442\u043e \u0431\u0443\u0434\u0443\u0449\u0435\u0435 \u043a\u0440\u0438\u043f\u0442\u043e\u0432\u0430\u043b\u044e\u0442\u043d\u043e\u0433\u043e \u043c\u0438\u043a\u0440\u043e\u043c\u0430\u0439\u043d\u0438\u043d\u0433\u0430, \u0441\u043e\u0447\u0435\u0442\u0430\u044e\u0449\u0435\u0435 \u0432 \u0441\u0435\u0431\u0435 \u043f\u0440\u043e\u0441\u0442\u043e\u0442\u0443 \u0438\u0441\u043f\u043e\u043b\u044c\u0437\u043e\u0432\u0430\u043d\u0438\u044f \u0438 \u043f\u0435\u0440\u0435\u0434\u043e\u0432\u044b\u0435 \u0442\u0435\u0445\u043d\u043e\u043b\u043e\u0433\u0438\u0438.<\/p>\n<p><strong>\u041f\u043e\u043b\u0443\u0447\u0438\u0442\u0435 \u0441\u0432\u043e\u0439 \u0438 \u043f\u043e\u0434\u043d\u0438\u043c\u0438\u0442\u0435 \u0441\u0432\u043e\u044e \u0434\u043e\u0431\u044b\u0447\u0443 \u043d\u0430 \u043d\u043e\u0432\u0443\u044e \u0432\u044b\u0441\u043e\u0442\u0443 \u0443\u0436\u0435 \u0441\u0435\u0433\u043e\u0434\u043d\u044f!<\/strong><\/p>","protected":false},"excerpt":{"rendered":"<p>Lleva tu miner\u00eda al siguiente nivel: la evoluci\u00f3n definitiva para entusiastas y profesionales \u00a1Prep\u00e1rate para transformar tu experiencia de miner\u00eda! Este dispositivo ASIC de \u00faltima generaci\u00f3n, equipado con el innovador chip BM1366 desarrollado por Bitmaker, redefine el est\u00e1ndar de rendimiento y eficiencia en la miner\u00eda de Bitcoin. Es la soluci\u00f3n ideal para quienes buscan optimizar [&hellip;]<\/p>\n","protected":false},"featured_media":5304,"comment_status":"open","ping_status":"closed","template":"","meta":[],"product_brand":[],"product_cat":[19,15],"product_tag":[52,244,137],"class_list":{"0":"post-5303","1":"product","2":"type-product","3":"status-publish","4":"has-post-thumbnail","6":"product_cat-mineros","7":"product_cat-sin-categorizar","8":"product_tag-asic","9":"product_tag-gme","10":"product_tag-mineros-para-principiantes","12":"first","13":"instock","14":"taxable","15":"shipping-taxable","16":"purchasable","17":"product-type-simple"},"_links":{"self":[{"href":"https:\/\/pruebas.michollo.to\/ru\/wp-json\/wp\/v2\/product\/5303","targetHints":{"allow":["GET"]}}],"collection":[{"href":"https:\/\/pruebas.michollo.to\/ru\/wp-json\/wp\/v2\/product"}],"about":[{"href":"https:\/\/pruebas.michollo.to\/ru\/wp-json\/wp\/v2\/types\/product"}],"replies":[{"embeddable":true,"href":"https:\/\/pruebas.michollo.to\/ru\/wp-json\/wp\/v2\/comments?post=5303"}],"wp:featuredmedia":[{"embeddable":true,"href":"https:\/\/pruebas.michollo.to\/ru\/wp-json\/wp\/v2\/media\/5304"}],"wp:attachment":[{"href":"https:\/\/pruebas.michollo.to\/ru\/wp-json\/wp\/v2\/media?parent=5303"}],"wp:term":[{"taxonomy":"product_brand","embeddable":true,"href":"https:\/\/pruebas.michollo.to\/ru\/wp-json\/wp\/v2\/product_brand?post=5303"},{"taxonomy":"product_cat","embeddable":true,"href":"https:\/\/pruebas.michollo.to\/ru\/wp-json\/wp\/v2\/product_cat?post=5303"},{"taxonomy":"product_tag","embeddable":true,"href":"https:\/\/pruebas.michollo.to\/ru\/wp-json\/wp\/v2\/product_tag?post=5303"}],"curies":[{"name":"wp","href":"https:\/\/api.w.org\/{rel}","templated":true}]}}