{"id":6081,"date":"2024-09-10T13:55:48","date_gmt":"2024-09-10T11:55:48","guid":{"rendered":"https:\/\/www.minandovoy.com\/?post_type=product&#038;p=6081"},"modified":"2025-08-06T17:55:16","modified_gmt":"2025-08-06T15:55:16","slug":"goldshell-e-al1m","status":"publish","type":"product","link":"https:\/\/pruebas.michollo.to\/ru\/product\/\u0433\u043e\u043b\u0434\u0448\u0435\u043b\u043b-\u044d-\u0430\u043b1\u043c\/","title":{"rendered":"Goldshell E-AL1M"},"content":{"rendered":"<p>\u0421\u0430\u0439\u0442<strong> Goldshell E-AL1M<\/strong> \u0438\u043c\u0435\u0435\u0442 \u0445\u044d\u0448\u0440\u0435\u0439\u0442 4.4Th. \u041f\u0440\u0435\u0434\u043d\u0430\u0437\u043d\u0430\u0447\u0435\u043d \u0434\u043b\u044f \u0434\u043e\u0431\u044b\u0447\u0438 \u043c\u043e\u043d\u0435\u0442.<strong> ALPH<\/strong>ASIC-\u043c\u0430\u0439\u043d\u0435\u0440 Goldshell E-AL1M <strong>4.4\u0422\u0447\/\u0441 1.100\u0412\u0442<\/strong> \u043e\u0442\u043b\u0438\u0447\u0430\u0435\u0442\u0441\u044f \u0441\u0432\u043e\u0435\u0439 \u044d\u0444\u0444\u0435\u043a\u0442\u0438\u0432\u043d\u043e\u0441\u0442\u044c\u044e \u043f\u0440\u0438 \u043f\u0440\u043e\u0432\u0435\u0434\u0435\u043d\u0438\u0438 \u0433\u043e\u0440\u043d\u044b\u0445 \u0440\u0430\u0431\u043e\u0442 \u0432 \u0434\u043e\u043c\u0430\u0448\u043d\u0438\u0445 \u0443\u0441\u043b\u043e\u0432\u0438\u044f\u0445. \u0421\u043e\u0447\u0435\u0442\u0430\u043d\u0438\u0435 \u043c\u043e\u0449\u043d\u043e\u0439 \u043f\u0440\u043e\u0438\u0437\u0432\u043e\u0434\u0438\u0442\u0435\u043b\u044c\u043d\u043e\u0441\u0442\u0438 \u0438 \u044d\u043d\u0435\u0440\u0433\u043e\u044d\u0444\u0444\u0435\u043a\u0442\u0438\u0432\u043d\u043e\u0441\u0442\u0438 \u0434\u0435\u043b\u0430\u0435\u0442 \u0435\u0433\u043e \u043e\u0442\u043b\u0438\u0447\u043d\u044b\u043c \u0432\u044b\u0431\u043e\u0440\u043e\u043c \u0434\u043b\u044f \u0442\u0435\u0445, \u043a\u0442\u043e \u0441\u0442\u0440\u0435\u043c\u0438\u0442\u0441\u044f \u043f\u043e\u0432\u044b\u0441\u0438\u0442\u044c \u0440\u0435\u043d\u0442\u0430\u0431\u0435\u043b\u044c\u043d\u043e\u0441\u0442\u044c \u0438 \u0441\u043d\u0438\u0437\u0438\u0442\u044c \u044d\u043a\u0441\u043f\u043b\u0443\u0430\u0442\u0430\u0446\u0438\u043e\u043d\u043d\u044b\u0435 \u0440\u0430\u0441\u0445\u043e\u0434\u044b.<\/p>\n<div class=\"asicminer-widget-container\" style=\"width: 100%; min-height: 300px;\">\n            <iframe id=\"asicminer-widget-1320\" \n                    src=\"https:\/\/pruebas.michollo.to\/wp-content\/themes\/minandovoy\/proxy-widget.php?miner=goldshell\/e-al1m&#038;type=profit&#038;theme=dark\" \n                    width=\"100%\" \n                    height=\"300\" \n                    frameborder=\"0\"\n                    loading=\"lazy\"\n                    style=\"border: none; overflow: hidden;\"\n                    title=\"ASIC Miner Widget\">\n            <\/iframe>\n        <\/div>\n<p>\u0422\u0435\u0445\u043d\u0438\u0447\u0435\u0441\u043a\u0438\u0435 \u0445\u0430\u0440\u0430\u043a\u0442\u0435\u0440\u0438\u0441\u0442\u0438\u043a\u0438<br \/>\n\u041f\u0440\u043e\u0438\u0437\u0432\u043e\u0434\u0438\u0442\u0435\u043b\u044c: Goldshell<br \/>\n\u041c\u043e\u0434\u0435\u043b\u044c: E-AL1M<br \/>\n\u0422\u0430\u043a\u0436\u0435 \u0438\u0437\u0432\u0435\u0441\u0442\u0435\u043d \u043a\u0430\u043a: Goldshell E-AL1M - ALPH (Alephium) Miner<br \/>\n\u0414\u0430\u0442\u0430 \u0437\u0430\u043f\u0443\u0441\u043a\u0430: \u0441\u0435\u043d\u0442\u044f\u0431\u0440\u044c 2024 \u0433\u043e\u0434\u0430<br \/>\n\u0420\u0430\u0437\u043c\u0435\u0440: 443 x 360 x 135 \u043c\u043c<br \/>\n\u0412\u0435\u0441: 18,5 \u043a\u0433<br \/>\n\u0423\u0440\u043e\u0432\u0435\u043d\u044c \u0448\u0443\u043c\u0430: 45 \u0434\u0411<br \/>\n\u0421\u043a\u043e\u0440\u043e\u0441\u0442\u044c \u0445\u044d\u0448\u0438\u0440\u043e\u0432\u0430\u043d\u0438\u044f: 4,4 TH<br \/>\n\u041f\u043e\u0442\u0440\u0435\u0431\u043b\u044f\u0435\u043c\u0430\u044f \u043c\u043e\u0449\u043d\u043e\u0441\u0442\u044c: 1 100 \u0412\u0442<br \/>\n\u041f\u043e\u0434\u043a\u043b\u044e\u0447\u0435\u043d\u0438\u0435: Ethernet<br \/>\n\u0420\u0430\u0431\u043e\u0447\u0430\u044f \u0442\u0435\u043c\u043f\u0435\u0440\u0430\u0442\u0443\u0440\u0430: 0 - 35 \u00b0C<\/p>","protected":false},"excerpt":{"rendered":"<p>El Goldshell E-AL1M cuenta con un hashrate de 4.4Th. Dise\u00f1ado para la miner\u00eda de monedas ALPH, el minero ASIC Goldshell E-AL1M 4.4Th\/s 1.100W destaca por su eficiencia para las operaciones mineras dom\u00e9sticas. Su combinaci\u00f3n de rendimiento potente y eficiencia energ\u00e9tica lo convierte en una opci\u00f3n excelente para quienes buscan mejorar la rentabilidad y al mismo [&hellip;]<\/p>\n","protected":false},"featured_media":16205,"comment_status":"open","ping_status":"closed","template":"","meta":[],"product_brand":[],"product_cat":[19],"product_tag":[244,53,138,137],"class_list":{"0":"post-6081","1":"product","2":"type-product","3":"status-publish","4":"has-post-thumbnail","6":"product_cat-mineros","7":"product_tag-gme","8":"product_tag-goldshell-miner","9":"product_tag-mineros-para-avanzados","10":"product_tag-mineros-para-principiantes","12":"first","13":"outofstock","14":"featured","15":"taxable","16":"shipping-taxable","17":"purchasable","18":"product-type-simple"},"_links":{"self":[{"href":"https:\/\/pruebas.michollo.to\/ru\/wp-json\/wp\/v2\/product\/6081","targetHints":{"allow":["GET"]}}],"collection":[{"href":"https:\/\/pruebas.michollo.to\/ru\/wp-json\/wp\/v2\/product"}],"about":[{"href":"https:\/\/pruebas.michollo.to\/ru\/wp-json\/wp\/v2\/types\/product"}],"replies":[{"embeddable":true,"href":"https:\/\/pruebas.michollo.to\/ru\/wp-json\/wp\/v2\/comments?post=6081"}],"wp:featuredmedia":[{"embeddable":true,"href":"https:\/\/pruebas.michollo.to\/ru\/wp-json\/wp\/v2\/media\/16205"}],"wp:attachment":[{"href":"https:\/\/pruebas.michollo.to\/ru\/wp-json\/wp\/v2\/media?parent=6081"}],"wp:term":[{"taxonomy":"product_brand","embeddable":true,"href":"https:\/\/pruebas.michollo.to\/ru\/wp-json\/wp\/v2\/product_brand?post=6081"},{"taxonomy":"product_cat","embeddable":true,"href":"https:\/\/pruebas.michollo.to\/ru\/wp-json\/wp\/v2\/product_cat?post=6081"},{"taxonomy":"product_tag","embeddable":true,"href":"https:\/\/pruebas.michollo.to\/ru\/wp-json\/wp\/v2\/product_tag?post=6081"}],"curies":[{"name":"wp","href":"https:\/\/api.w.org\/{rel}","templated":true}]}}