{"id":728,"date":"2022-10-27T12:44:56","date_gmt":"2022-10-27T14:44:56","guid":{"rendered":"https:\/\/pruebas.michollo.to\/?post_type=product&#038;p=728"},"modified":"2025-05-09T14:47:21","modified_gmt":"2025-05-09T12:47:21","slug":"sudadera-de-minando-voy","status":"publish","type":"product","link":"https:\/\/pruebas.michollo.to\/ru\/product\/\u0442\u043e\u043b\u0441\u0442\u043e\u0432\u043a\u0430-minando-voy\/","title":{"rendered":"\u0422\u043e\u043b\u0441\u0442\u043e\u0432\u043a\u0430 Minando Voy"},"content":{"rendered":"<p>\u0412\u043e\u0437\u043c\u043e\u0436\u043d\u043e, \u0441\u0442\u0438\u043b\u044c\u043d\u0430\u044f \u0442\u043e\u043b\u0441\u0442\u043e\u0432\u043a\u0430 - \u044d\u0442\u043e \u0442\u043e, \u0447\u0442\u043e \u0432\u044b \u0438\u0449\u0435\u0442\u0435... Minando Voy \u043f\u0440\u0435\u0434\u043b\u0430\u0433\u0430\u0435\u0442 \u0435\u0435 \u0432\u0430\u043c!<\/p>\n<p>\u0421 \u044d\u0442\u043e\u0439 \u0442\u043e\u043b\u0441\u0442\u043e\u0432\u043a\u043e\u0439 \u0432\u044b \u043d\u0435 \u0442\u043e\u043b\u044c\u043a\u043e \u0431\u0443\u0434\u0435\u0442\u0435 \u0437\u0430\u0449\u0438\u0449\u0435\u043d\u044b \u043e\u0442 \u0445\u043e\u043b\u043e\u0434\u0430, \u043d\u043e \u0438 \u0431\u0443\u0434\u0435\u0442\u0435 \u0432\u044b\u0433\u043b\u044f\u0434\u0435\u0442\u044c \u043a\u0430\u043a \u0431\u043e\u043b\u044c\u0448\u043e\u0439 \u043f\u043e\u0431\u0435\u0434\u0438\u0442\u0435\u043b\u044c.<\/p>\n<p>\u042d\u0442\u0430 \u043e\u0434\u0435\u0436\u0434\u0430 \u0446\u0432\u0435\u0442\u0430 Minando Voy \u043f\u043e\u0437\u0432\u043e\u043b\u0438\u0442 \u0432\u0430\u043c \u0432\u044b\u0433\u043b\u044f\u0434\u0435\u0442\u044c \u0443\u0441\u043f\u0435\u0448\u043d\u044b\u043c \u0447\u0435\u043b\u043e\u0432\u0435\u043a\u043e\u043c \u0438, \u043a\u043e\u043d\u0435\u0447\u043d\u043e \u0436\u0435, \u0443\u0432\u043b\u0435\u0447\u0435\u043d\u043d\u044b\u043c \u043a\u0440\u0438\u043f\u0442\u043e\u0432\u0430\u043b\u044e\u0442\u0430\u043c\u0438.<\/p>\n<p>\u042d\u0442\u0430 \u0443\u0434\u043e\u0431\u043d\u0430\u044f, \u043d\u043e \u0441\u0442\u0438\u043b\u044c\u043d\u0430\u044f \u0442\u043e\u043b\u0441\u0442\u043e\u0432\u043a\u0430 \u0438\u043c\u0435\u0435\u0442 \u0432 \u0441\u0432\u043e\u0435\u043c \u0441\u043e\u0441\u0442\u0430\u0432\u0435 \u0445\u043b\u043e\u043f\u043e\u043a 100%, \u043a\u043e\u0442\u043e\u0440\u044b\u0439 \u043f\u043e\u043c\u043e\u0433\u0430\u0435\u0442 \u0438\u0437\u043e\u043b\u0438\u0440\u043e\u0432\u0430\u0442\u044c \u0432\u0430\u0441 \u043e\u0442 \u0445\u043e\u043b\u043e\u0434\u0430 \u0438 \u0432\u043b\u0430\u0433\u0438, \u044f\u0432\u043b\u044f\u0435\u0442\u0441\u044f \u0433\u0438\u043f\u043e\u0430\u043b\u043b\u0435\u0440\u0433\u0435\u043d\u043d\u044b\u043c, \u043a\u043e\u043c\u0444\u043e\u0440\u0442\u043d\u044b\u043c \u0438 \u0434\u043e\u043b\u0433\u043e\u0432\u0435\u0447\u043d\u044b\u043c.<\/p>\n<p>&nbsp;<\/p>\n<p>\u0425\u043e\u0442\u0438\u0442\u0435 \u0443\u0437\u043d\u0430\u0442\u044c, \u043a\u0430\u043a\u043e\u0439 \u0440\u0430\u0437\u043c\u0435\u0440 \u043f\u043e\u0434\u0445\u043e\u0434\u0438\u0442 \u0438\u043c\u0435\u043d\u043d\u043e \u0412\u0430\u043c? \u041f\u043e\u0441\u043c\u043e\u0442\u0440\u0438\u0442\u0435 \u043d\u0438\u0436\u0435:<\/p>\n<p><img loading=\"lazy\" decoding=\"async\" class=\"alignnone size-medium wp-image-729\" src=\"https:\/\/pruebas.michollo.to\/wp-content\/uploads\/2022\/10\/A__1_-removebg-preview-300x300.png\" alt=\"\u0442\u043e\u043b\u0441\u0442\u043e\u0432\u043a\u0430 minando voy\" width=\"300\" height=\"300\" srcset=\"https:\/\/pruebas.michollo.to\/wp-content\/uploads\/2022\/10\/A__1_-removebg-preview-300x300.png 300w, https:\/\/pruebas.michollo.to\/wp-content\/uploads\/2022\/10\/A__1_-removebg-preview-150x150.png 150w, https:\/\/pruebas.michollo.to\/wp-content\/uploads\/2022\/10\/A__1_-removebg-preview-100x100.png 100w, https:\/\/pruebas.michollo.to\/wp-content\/uploads\/2022\/10\/A__1_-removebg-preview-20x20.png 20w, https:\/\/pruebas.michollo.to\/wp-content\/uploads\/2022\/10\/A__1_-removebg-preview-56x56.png 56w, https:\/\/pruebas.michollo.to\/wp-content\/uploads\/2022\/10\/A__1_-removebg-preview-28x28.png 28w, https:\/\/pruebas.michollo.to\/wp-content\/uploads\/2022\/10\/A__1_-removebg-preview-73x73.png 73w, https:\/\/pruebas.michollo.to\/wp-content\/uploads\/2022\/10\/A__1_-removebg-preview-170x170.png 170w, https:\/\/pruebas.michollo.to\/wp-content\/uploads\/2022\/10\/A__1_-removebg-preview-65x65.png 65w, https:\/\/pruebas.michollo.to\/wp-content\/uploads\/2022\/10\/A__1_-removebg-preview-69x69.png 69w, https:\/\/pruebas.michollo.to\/wp-content\/uploads\/2022\/10\/A__1_-removebg-preview-50x50.png 50w, https:\/\/pruebas.michollo.to\/wp-content\/uploads\/2022\/10\/A__1_-removebg-preview-247x247.png 247w, https:\/\/pruebas.michollo.to\/wp-content\/uploads\/2022\/10\/A__1_-removebg-preview-19x19.png 19w, https:\/\/pruebas.michollo.to\/wp-content\/uploads\/2022\/10\/A__1_-removebg-preview-284x284.png 284w, https:\/\/pruebas.michollo.to\/wp-content\/uploads\/2022\/10\/A__1_-removebg-preview.png 500w\" sizes=\"auto, (max-width: 300px) 100vw, 300px\" \/><\/p>\n<table>\n<tbody>\n<tr>\n<td width=\"142\"><strong>\u0420\u0410\u0417\u041c\u0415\u0420<\/strong><\/td>\n<td width=\"142\"><strong>\u0414\u041b\u0418\u041d\u0410 \u0412 \u0421\u041c (A)<\/strong><\/td>\n<td width=\"142\"><strong>\u0428\u0418\u0420\u0418\u041d\u0410 \u0412 \u0421\u041c (B)<\/strong><\/td>\n<\/tr>\n<tr>\n<td width=\"142\">S<\/td>\n<td width=\"142\">89-94<\/td>\n<td width=\"142\">81<\/td>\n<\/tr>\n<tr>\n<td width=\"142\">M<\/td>\n<td width=\"142\">96.5-101.5<\/td>\n<td width=\"142\">86<\/td>\n<\/tr>\n<tr>\n<td width=\"142\">L<\/td>\n<td width=\"142\">104-109<\/td>\n<td width=\"142\">91.5<\/td>\n<\/tr>\n<tr>\n<td width=\"142\">XL<\/td>\n<td width=\"142\">112-117<\/td>\n<td width=\"142\">96.5<\/td>\n<\/tr>\n<tr>\n<td width=\"142\">XXL<\/td>\n<td width=\"142\">119.5-124.5<\/td>\n<td width=\"142\">101.5<\/td>\n<\/tr>\n<tr>\n<td width=\"142\"><\/td>\n<td width=\"142\"><\/td>\n<td width=\"142\"><\/td>\n<\/tr>\n<\/tbody>\n<\/table>\n<p>&nbsp;<\/p>\n<p><strong>\u041f\u041e\u0414\u0420\u041e\u0411\u041d\u041e\u0421\u0422\u0418 \u0421\u0422\u0418\u0420\u041a\u0418 \u0424\u0423\u0422\u0411\u041e\u041b\u041e\u041a<\/strong><\/p>\n<ul>\n<li>\u041c\u0430\u043a\u0441\u0438\u043c\u0430\u043b\u044c\u043d\u0430\u044f \u0441\u0442\u0438\u0440\u043a\u0430 \u043f\u0440\u0438 40\u00baC<\/li>\n<li>\u041d\u0435 \u0438\u0441\u043f\u043e\u043b\u044c\u0437\u0443\u0439\u0442\u0435 \u043e\u0442\u0431\u0435\u043b\u0438\u0432\u0430\u0442\u0435\u043b\u044c<\/li>\n<li>\u041d\u0435 \u0441\u0443\u0448\u0438\u0442\u044c \u0432 \u0431\u0430\u0440\u0430\u0431\u0430\u043d\u0435<\/li>\n<li>\u0423\u0442\u044e\u0433 \u043f\u0440\u0438 \u043c\u0430\u043a\u0441\u0438\u043c\u0430\u043b\u044c\u043d\u043e\u0439 \u0442\u0435\u043c\u043f\u0435\u0440\u0430\u0442\u0443\u0440\u0435 150\u00baC<\/li>\n<li>\u041d\u0435 \u043f\u043e\u0434\u0432\u0435\u0440\u0433\u0430\u0442\u044c \u0441\u0443\u0445\u043e\u0439 \u0447\u0438\u0441\u0442\u043a\u0435<\/li>\n<\/ul>\n<p>&nbsp;<\/p>","protected":false},"excerpt":{"rendered":"<p>\u00bfCrees que le falta algo a tu armario? \u00a1Quiz\u00e1s una sudadera con estilo sea lo que est\u00e1s buscando\u2026 Minando Voy te lo trae! Con esta sudadera, no solo estar\u00e1s resguardado del fr\u00edo, si no que tambi\u00e9n lucir\u00e1s como un gran triunfador. Esta prenda con los colores de Minando Voy te har\u00e1 ver como una persona [&hellip;]<\/p>\n","protected":false},"featured_media":730,"comment_status":"open","ping_status":"closed","template":"","meta":[],"product_brand":[],"product_cat":[133],"product_tag":[],"class_list":{"0":"post-728","1":"product","2":"type-product","3":"status-publish","4":"has-post-thumbnail","6":"product_cat-accesorios","8":"first","9":"onbackorder","10":"taxable","11":"shipping-taxable","12":"purchasable","13":"product-type-simple"},"_links":{"self":[{"href":"https:\/\/pruebas.michollo.to\/ru\/wp-json\/wp\/v2\/product\/728","targetHints":{"allow":["GET"]}}],"collection":[{"href":"https:\/\/pruebas.michollo.to\/ru\/wp-json\/wp\/v2\/product"}],"about":[{"href":"https:\/\/pruebas.michollo.to\/ru\/wp-json\/wp\/v2\/types\/product"}],"replies":[{"embeddable":true,"href":"https:\/\/pruebas.michollo.to\/ru\/wp-json\/wp\/v2\/comments?post=728"}],"wp:featuredmedia":[{"embeddable":true,"href":"https:\/\/pruebas.michollo.to\/ru\/wp-json\/wp\/v2\/media\/730"}],"wp:attachment":[{"href":"https:\/\/pruebas.michollo.to\/ru\/wp-json\/wp\/v2\/media?parent=728"}],"wp:term":[{"taxonomy":"product_brand","embeddable":true,"href":"https:\/\/pruebas.michollo.to\/ru\/wp-json\/wp\/v2\/product_brand?post=728"},{"taxonomy":"product_cat","embeddable":true,"href":"https:\/\/pruebas.michollo.to\/ru\/wp-json\/wp\/v2\/product_cat?post=728"},{"taxonomy":"product_tag","embeddable":true,"href":"https:\/\/pruebas.michollo.to\/ru\/wp-json\/wp\/v2\/product_tag?post=728"}],"curies":[{"name":"wp","href":"https:\/\/api.w.org\/{rel}","templated":true}]}}