{"id":8614,"date":"2024-09-30T16:00:25","date_gmt":"2024-09-30T14:00:25","guid":{"rendered":"https:\/\/www.minandovoy.com\/?post_type=product&#038;p=8614"},"modified":"2025-08-06T18:16:46","modified_gmt":"2025-08-06T16:16:46","slug":"asic-iceriver-alph-al2-lite-alephium-2-th-s","status":"publish","type":"product","link":"https:\/\/pruebas.michollo.to\/ru\/product\/asic-iceriver-alph-al2-lite-alephium-2-th-s\/","title":{"rendered":"ASIC ICERIVER ALPH AL2 LITE (ALEPHIUM) - 2 TH\/s"},"content":{"rendered":"<p>\u0421\u0430\u0439\u0442 <strong>Iceriver Al2 Lite(2Th) \u043e\u0442 Iceriver\u00a0 <\/strong>\u044d\u0442\u043e \u0432\u044b\u0441\u043e\u043a\u043e\u043f\u0440\u043e\u0438\u0437\u0432\u043e\u0434\u0438\u0442\u0435\u043b\u044c\u043d\u044b\u0439 ASIC-\u043c\u0430\u0439\u043d\u0435\u0440, \u0440\u0430\u0437\u0440\u0430\u0431\u043e\u0442\u0430\u043d\u043d\u044b\u0439 \u0441\u043f\u0435\u0446\u0438\u0430\u043b\u044c\u043d\u043e \u0434\u043b\u044f \u0430\u043b\u0433\u043e\u0440\u0438\u0442\u043c\u0430 <strong>\u0411\u043b\u0435\u0439\u043a3<\/strong>. \u0421 \u043c\u0430\u043a\u0441\u0438\u043c\u0430\u043b\u044c\u043d\u044b\u043c \u0445\u044d\u0448\u0440\u0435\u0439\u0442\u043e\u043c <strong>2 \u0422\/\u0441<\/strong> \u0438 \u043f\u043e\u0442\u0440\u0435\u0431\u043b\u0435\u043d\u0438\u0435 \u044d\u043d\u0435\u0440\u0433\u0438\u0438 <strong>500w<\/strong>\u042d\u0442\u0430 \u043c\u0430\u0448\u0438\u043d\u0430 \u043f\u043e\u0437\u0438\u0446\u0438\u043e\u043d\u0438\u0440\u0443\u0435\u0442\u0441\u044f \u043a\u0430\u043a \u043e\u0434\u043d\u0430 \u0438\u0437 \u0441\u0430\u043c\u044b\u0445 \u044d\u0444\u0444\u0435\u043a\u0442\u0438\u0432\u043d\u044b\u0445 \u0438 \u043f\u0440\u0438\u0431\u044b\u043b\u044c\u043d\u044b\u0445 \u043d\u0430 \u0440\u044b\u043d\u043a\u0435. \u0418\u0434\u0435\u0430\u043b\u044c\u043d\u043e \u043f\u043e\u0434\u0445\u043e\u0434\u0438\u0442 \u0434\u043b\u044f \u0442\u0435\u0445, \u043a\u0442\u043e \u0445\u043e\u0447\u0435\u0442 \u043c\u0430\u043a\u0441\u0438\u043c\u0438\u0437\u0438\u0440\u043e\u0432\u0430\u0442\u044c \u0441\u0432\u043e\u0439 \u0434\u043e\u0445\u043e\u0434 \u043e\u0442 \u0434\u043e\u0431\u044b\u0447\u0438 \u043a\u0440\u0438\u043f\u0442\u043e\u0432\u0430\u043b\u044e\u0442\u044b. \u042d\u0442\u0430 \u043c\u043e\u0434\u0435\u043b\u044c \u0432\u043f\u0435\u0440\u0432\u044b\u0435 \u043f\u043e\u044f\u0432\u0438\u0442\u0441\u044f \u0432 \u043f\u0440\u043e\u0434\u0430\u0436\u0435 \u0432<strong> \u041e\u043a\u0442\u044f\u0431\u0440\u044c 2024 \u0433\u043e\u0434\u0430.<\/strong><\/p>\n<div class=\"asicminer-widget-container\" style=\"width: 100%; min-height: 300px;\">\n            <iframe id=\"asicminer-widget-3437\" \n                    src=\"https:\/\/pruebas.michollo.to\/wp-content\/themes\/minandovoy\/proxy-widget.php?miner=iceriver\/al2-lite&#038;type=profit&#038;theme=dark\" \n                    width=\"100%\" \n                    height=\"300\" \n                    frameborder=\"0\"\n                    loading=\"lazy\"\n                    style=\"border: none; overflow: hidden;\"\n                    title=\"ASIC Miner Widget\">\n            <\/iframe>\n        <\/div>\n<h4>\u0422\u0435\u0445\u043d\u0438\u0447\u0435\u0441\u043a\u0438\u0435 \u0445\u0430\u0440\u0430\u043a\u0442\u0435\u0440\u0438\u0441\u0442\u0438\u043a\u0438<\/h4>\n<ul>\n<li><strong>\u041f\u0440\u043e\u0438\u0437\u0432\u043e\u0434\u0438\u0442\u0435\u043b\u044c:<\/strong> Iceriver<\/li>\n<li><strong>\u041c\u043e\u0434\u0435\u043b\u044c:<\/strong> IceRiver AL2 Lite Alephium Miner (2Th\/s)<\/li>\n<li><strong>\u0422\u0430\u043a\u0436\u0435 \u0438\u0437\u0432\u0435\u0441\u0442\u0435\u043d \u043a\u0430\u043a:<\/strong> IceRiver AL2 Lite<\/li>\n<li><strong>\u0417\u0430\u043f\u0443\u0441\u043a:<\/strong> \u041e\u043a\u0442\u044f\u0431\u0440\u044c2024<\/li>\n<li><strong>\u0420\u0430\u0437\u043c\u0435\u0440:<\/strong> 198 x 201 x 110 (\u043c\u043c)<\/li>\n<li><strong>\u0412\u0435\u0441:<\/strong> 5000g<\/li>\n<li><strong>\u0423\u0440\u043e\u0432\u0435\u043d\u044c \u0448\u0443\u043c\u0430:<\/strong> 75 \u0434\u0411<\/li>\n<li><strong>\u041e\u0445\u043b\u0430\u0436\u0434\u0435\u043d\u0438\u0435:<\/strong> \u0412\u043e\u0437\u0434\u0443\u0445<\/li>\n<li><strong>\u0424\u0430\u043d\u0430\u0442\u044b:<\/strong> 4<\/li>\n<li><strong>\u041f\u043e\u0442\u0440\u0435\u0431\u043b\u0435\u043d\u0438\u0435 \u044d\u043d\u0435\u0440\u0433\u0438\u0438:<\/strong> 500W<\/li>\n<li><strong>\u0418\u043d\u0442\u0435\u0440\u0444\u0435\u0439\u0441:<\/strong> Ethernet<\/li>\n<li><strong>\u0420\u0430\u0431\u043e\u0447\u0430\u044f \u0442\u0435\u043c\u043f\u0435\u0440\u0430\u0442\u0443\u0440\u0430:<\/strong> 5 - 45 \u00b0C<\/li>\n<li><strong>\u0412\u043b\u0430\u0436\u043d\u043e\u0441\u0442\u044c:<\/strong> 5 &#8211; 95%<\/li>\n<\/ul>\n<h4>\u0420\u0430\u0437\u043c\u0438\u043d\u0438\u0440\u0443\u0435\u043c\u044b\u0435 \u043c\u043e\u043d\u0435\u0442\u044b<\/h4>\n<p><strong>ALPH (\u0410\u043b\u0435\u0444\u0438\u0443\u043c)<\/strong><\/p>\n<p><strong>DCR (Decred)<\/strong><\/p>\n<p>\u041e\u043f\u0442\u0438\u043c\u0438\u0437\u0438\u0440\u0443\u0439\u0442\u0435 \u0441\u0432\u043e\u0438 \u0433\u043e\u0440\u043d\u044b\u0435 \u0440\u0430\u0431\u043e\u0442\u044b \u0441 \u043f\u043e\u043c\u043e\u0449\u044c\u044e <strong>Iceriver Al2 Lite(2Th) <\/strong> \u0438 \u043c\u0430\u043a\u0441\u0438\u043c\u0430\u043b\u044c\u043d\u043e \u0438\u0441\u043f\u043e\u043b\u044c\u0437\u043e\u0432\u0430\u0442\u044c \u0435\u0433\u043e \u043c\u043e\u0449\u043d\u043e\u0441\u0442\u044c \u0438 \u044d\u0444\u0444\u0435\u043a\u0442\u0438\u0432\u043d\u043e\u0441\u0442\u044c!<\/p>","protected":false},"excerpt":{"rendered":"<p>El Iceriver Al2 Lite(2Th) de Iceriver\u00a0 es un minero ASIC de alta gama, dise\u00f1ado espec\u00edficamente para el algoritmo Blake3. Con un hashrate m\u00e1ximo de 2 Th\/s y un consumo de energ\u00eda de 500w, esta m\u00e1quina se posiciona como una de las m\u00e1s eficientes y rentables del mercado. Ideal para quienes buscan maximizar sus ingresos en [&hellip;]<\/p>\n","protected":false},"featured_media":8616,"comment_status":"open","ping_status":"closed","template":"","meta":[],"product_brand":[],"product_cat":[19],"product_tag":[244,138,137],"class_list":{"0":"post-8614","1":"product","2":"type-product","3":"status-publish","4":"has-post-thumbnail","6":"product_cat-mineros","7":"product_tag-gme","8":"product_tag-mineros-para-avanzados","9":"product_tag-mineros-para-principiantes","10":"product_shipping_class-internacional","12":"first","13":"instock","14":"featured","15":"taxable","16":"shipping-taxable","17":"purchasable","18":"product-type-simple"},"_links":{"self":[{"href":"https:\/\/pruebas.michollo.to\/ru\/wp-json\/wp\/v2\/product\/8614","targetHints":{"allow":["GET"]}}],"collection":[{"href":"https:\/\/pruebas.michollo.to\/ru\/wp-json\/wp\/v2\/product"}],"about":[{"href":"https:\/\/pruebas.michollo.to\/ru\/wp-json\/wp\/v2\/types\/product"}],"replies":[{"embeddable":true,"href":"https:\/\/pruebas.michollo.to\/ru\/wp-json\/wp\/v2\/comments?post=8614"}],"wp:featuredmedia":[{"embeddable":true,"href":"https:\/\/pruebas.michollo.to\/ru\/wp-json\/wp\/v2\/media\/8616"}],"wp:attachment":[{"href":"https:\/\/pruebas.michollo.to\/ru\/wp-json\/wp\/v2\/media?parent=8614"}],"wp:term":[{"taxonomy":"product_brand","embeddable":true,"href":"https:\/\/pruebas.michollo.to\/ru\/wp-json\/wp\/v2\/product_brand?post=8614"},{"taxonomy":"product_cat","embeddable":true,"href":"https:\/\/pruebas.michollo.to\/ru\/wp-json\/wp\/v2\/product_cat?post=8614"},{"taxonomy":"product_tag","embeddable":true,"href":"https:\/\/pruebas.michollo.to\/ru\/wp-json\/wp\/v2\/product_tag?post=8614"}],"curies":[{"name":"wp","href":"https:\/\/api.w.org\/{rel}","templated":true}]}}