{"id":938,"date":"2022-11-15T09:32:09","date_gmt":"2022-11-15T11:32:09","guid":{"rendered":"https:\/\/www.minandovoy.com\/?post_type=product&#038;p=938"},"modified":"2025-05-09T14:47:21","modified_gmt":"2025-05-09T12:47:21","slug":"blackminer-l1","status":"publish","type":"product","link":"https:\/\/pruebas.michollo.to\/ru\/product\/blackminer-l1\/","title":{"rendered":"Bluestar Blackminer L1"},"content":{"rendered":"<p>\u042d\u0442\u0430 \u043c\u0430\u0448\u0438\u043d\u0430 \u043d\u0430\u0445\u043e\u0434\u0438\u0442\u0441\u044f \u0432 \u043f\u0440\u0435\u0434\u0435\u043b\u0430\u0445 <a href=\"https:\/\/www.asicminervalue.com\/\">\u0422\u041e\u041f-10<\/a> \u0431\u043e\u043b\u0435\u0435 \u044d\u043a\u043e\u043d\u043e\u043c\u0438\u0447\u043d\u044b\u0445 \u043c\u0430\u0448\u0438\u043d, \u0437\u0430\u043d\u0438\u043c\u0430\u044e\u0449\u0438\u0445<br \/>\n9-\u0435 \u043c\u0435\u0441\u0442\u043e \u0437\u0430\u043d\u0438\u043c\u0430\u0435\u0442 4,3 Gh Blackminer L1. \u0412\u044b\u0448\u0435 \u043d\u0435\u0433\u043e \u043d\u0430\u0445\u043e\u0434\u0438\u0442\u0441\u044f Antminer S19 Pro Hyd 177Th Bitcoin, \u043f\u043e\u044d\u0442\u043e\u043c\u0443 \u043c\u044b \u043c\u043e\u0436\u0435\u043c \u0441\u043a\u0430\u0437\u0430\u0442\u044c, \u0447\u0442\u043e<br \/>\n\u042d\u0442\u0430 \u043c\u0430\u0448\u0438\u043d\u0430 \u0432\u0445\u043e\u0434\u0438\u0442 \u0432 \u0422\u041e\u041f-10.<br \/>\n\u0414\u0430\u0432\u0430\u0439\u0442\u0435 \u043f\u043e\u0433\u043e\u0432\u043e\u0440\u0438\u043c \u0432 \u043e\u0431\u0449\u0438\u0445 \u0447\u0435\u0440\u0442\u0430\u0445 \u043e\u0431 \u043e\u0441\u043e\u0431\u0435\u043d\u043d\u043e\u0441\u0442\u044f\u0445 Blackminer L1.<br \/>\n\u041d\u0430 \u0434\u0430\u043d\u043d\u044b\u0439 \u043c\u043e\u043c\u0435\u043d\u0442 \u044d\u0442\u043e \u043e\u0434\u0438\u043d \u0438\u0437 \u0441\u0430\u043c\u044b\u0445 \u043c\u043e\u0449\u043d\u044b\u0445 \u043a\u043e\u043c\u0431\u0438\u043d\u0438\u0440\u043e\u0432\u0430\u043d\u043d\u044b\u0445 ASIC \u0434\u043b\u044f \u043c\u0430\u0439\u043d\u0438\u043d\u0433\u0430 \u043d\u0430 \u0440\u044b\u043d\u043a\u0435, \u043c\u044b \u0433\u043e\u0432\u043e\u0440\u0438\u043c \u043e<br \/>\nLITECOIN + DOGECOIN.<\/p>\n<h4><em><strong>\u0412\u0441\u0435 \u043c\u044b \u0437\u043d\u0430\u0435\u043c \u0431\u0438\u0442\u043a\u043e\u0439\u043d, \u043d\u0435 \u0442\u0430\u043a \u043b\u0438? \u0412\u043e\u0437\u043c\u043e\u0436\u043d\u043e, \u0432\u0430\u0441 \u0437\u0430\u0438\u043d\u0442\u0435\u0440\u0435\u0441\u0443\u0435\u0442 \u044d\u0442\u043e.<\/strong><\/em><\/h4>\n<p>LiteCoin \u0438\u0437\u043d\u0430\u0447\u0430\u043b\u044c\u043d\u043e \u0431\u044b\u043b \u0444\u043e\u0440\u043a\u043e\u043c \u0431\u0438\u0442\u043a\u043e\u0438\u043d\u0430 \u0438 \u044f\u0432\u043b\u044f\u0435\u0442\u0441\u044f \u043e\u0434\u043d\u0438\u043c \u0438\u0437 \u0441\u0430\u043c\u044b\u0445 \u0440\u0430\u0441\u043f\u0440\u043e\u0441\u0442\u0440\u0430\u043d\u0435\u043d\u043d\u044b\u0445 \u0444\u043e\u0440\u043a\u043e\u0432 \u0431\u0438\u0442\u043a\u043e\u0438\u043d\u0430.<br \/>\n\u043a\u0440\u0438\u043f\u0442\u043e\u0432\u0430\u043b\u044e\u0442\u044b, \u043a\u043e\u0442\u043e\u0440\u044b\u0435, \u0431\u043b\u0430\u0433\u043e\u0434\u0430\u0440\u044f \u043c\u0430\u0439\u043d\u0438\u043d\u0433\u0443 \u0441 \u043f\u043e\u043c\u043e\u0449\u044c\u044e ASIC, \u043c\u043e\u0433\u0443\u0442 \u0433\u0430\u0440\u0430\u043d\u0442\u0438\u0440\u043e\u0432\u0430\u0442\u044c \u043f\u0440\u0438\u0431\u044b\u043b\u044c\u043d\u043e\u0441\u0442\u044c \u0434\u043b\u044f<br \/>\n\u043e\u043f\u0435\u0440\u0430\u0442\u043e\u0440.<\/p>\n<h3><strong>\u0421\u041a\u0420\u0418\u041f\u0422 \u041c\u0410\u0419\u041d\u0418\u041d\u0413:<\/strong><\/h3>\n<p><a href=\"https:\/\/www.minandovoy.com\/categoria\/mineros\/?algoritmos=scrypt\">Scrypt<\/a> \u0432\u044b\u043f\u043e\u043b\u043d\u044f\u0435\u0442 \u0445\u0435\u0448\u0438\u0440\u043e\u0432\u0430\u043d\u0438\u0435, \u0438\u0441\u043f\u043e\u043b\u044c\u0437\u0443\u044f \u043a\u043b\u044e\u0447 \u0438 \u0441\u0435\u0440\u0438\u044e \u0442\u043e\u0447\u0435\u043a, \u043e\u0442\u043c\u0435\u0447\u0435\u043d\u043d\u044b\u0445 \u0432 \u0430\u043b\u0433\u043e\u0440\u0438\u0442\u043c\u0435,<br \/>\n\u0434\u043e\u0431\u0430\u0432\u043b\u0435\u043d\u0438\u0435 \u0431\u043e\u043b\u044c\u0448\u043e\u0433\u043e \u043a\u043e\u043b\u0438\u0447\u0435\u0441\u0442\u0432\u0430 \u0448\u0443\u043c\u0430. \u0428\u0443\u043c - \u044d\u0442\u043e \u0441\u043b\u0443\u0447\u0430\u0439\u043d\u044b\u0435 \u0447\u0438\u0441\u043b\u0430, \u0433\u0435\u043d\u0435\u0440\u0438\u0440\u0443\u0435\u043c\u044b\u0435<br \/>\n\u0430\u043b\u0433\u043e\u0440\u0438\u0442\u043c \u0438 \u0441\u043e\u0445\u0440\u0430\u043d\u044f\u0435\u0442\u0441\u044f \u0432 \u043f\u0430\u043c\u044f\u0442\u0438.<br \/>\n\u0426\u0435\u043b\u044c \u044d\u0442\u0438\u0445 \u0446\u0438\u0444\u0440 - \u0437\u0430\u043c\u0430\u0441\u043a\u0438\u0440\u043e\u0432\u0430\u0442\u044c \u043e\u0441\u043d\u043e\u0432\u043d\u044b\u0435 \u0434\u0430\u043d\u043d\u044b\u0435, \u0447\u0442\u043e\u0431\u044b \u0443\u0441\u043b\u043e\u0436\u043d\u0438\u0442\u044c \u0438\u0445 \u0440\u0430\u0437\u0431\u0438\u0432\u043a\u0443 \u043d\u0430 \u0447\u0430\u0441\u0442\u0438<br \/>\n\u0445\u044d\u0448-\u0431\u043b\u043e\u043a\u043e\u0432. \u0412 \u043a\u043e\u043d\u0435\u0447\u043d\u043e\u043c \u0441\u0447\u0435\u0442\u0435, \u044d\u0442\u043e \u0437\u0430\u0449\u0438\u0442\u043d\u0430\u044f \u043c\u0435\u0440\u0430, \u043a\u043e\u0442\u043e\u0440\u0430\u044f \u043d\u0435 \u043f\u043e\u0437\u0432\u043e\u043b\u044f\u0435\u0442 \u043e\u0442\u0434\u0435\u043b\u044c\u043d\u044b\u043c \u043b\u0438\u0446\u0430\u043c<br \/>\n\u0437\u043b\u043e\u0443\u043c\u044b\u0448\u043b\u0435\u043d\u043d\u0438\u043a\u0438 \u043c\u043e\u0433\u0443\u0442 \u043f\u043e\u043b\u0443\u0447\u0438\u0442\u044c \u0434\u043e\u0441\u0442\u0443\u043f \u043a \u0434\u0430\u043d\u043d\u044b\u043c, \u0437\u0430\u0449\u0438\u0449\u0435\u043d\u043d\u044b\u043c \u0441 \u043f\u043e\u043c\u043e\u0449\u044c\u044e Scrypt.<\/p>\n<h3><strong>LITECOIN:<\/strong><\/h3>\n<p>LiteCoin - \u044d\u0442\u043e \u043a\u0440\u0438\u043f\u0442\u043e\u0432\u0430\u043b\u044e\u0442\u0430, \u0441\u043e\u0437\u0434\u0430\u043d\u043d\u0430\u044f \u0434\u043b\u044f \u043e\u0431\u0435\u0441\u043f\u0435\u0447\u0435\u043d\u0438\u044f \u0431\u0435\u0437\u043e\u043f\u0430\u0441\u043d\u044b\u0445, \u0434\u0435\u0448\u0435\u0432\u044b\u0445 \u0438 \u0431\u044b\u0441\u0442\u0440\u044b\u0445 \u043f\u043b\u0430\u0442\u0435\u0436\u0435\u0439,<br \/>\n\u0431\u043b\u0430\u0433\u043e\u0434\u0430\u0440\u044f \u0442\u0435\u0445\u043d\u043e\u043b\u043e\u0433\u0438\u0438 \u0431\u043b\u043e\u043a\u0447\u0435\u0439\u043d.<br \/>\n\u041a\u043e\u0433\u0434\u0430 \u043c\u044b \u0433\u043e\u0432\u043e\u0440\u0438\u043c, \u0447\u0442\u043e \u044d\u0442\u043e \u0444\u043e\u0440\u043a \u0411\u0438\u0442\u043a\u043e\u0439\u043d\u0430, \u044d\u0442\u043e \u0431\u0443\u043a\u0432\u0430\u043b\u044c\u043d\u043e \u043e\u0437\u043d\u0430\u0447\u0430\u0435\u0442, \u0447\u0442\u043e \u044d\u0442\u043e \u0442\u0430\u043a.<br \/>\n\u043a\u0430\u043a \"\u043b\u0430\u0439\u0442\", \u043c\u0430\u043b\u0435\u043d\u044c\u043a\u0430\u044f \u0432\u0435\u0440\u0441\u0438\u044f \u0431\u043e\u043b\u044c\u0448\u043e\u0439 \u043a\u0440\u0438\u043f\u0442\u043e\u0432\u0430\u043b\u044e\u0442\u044b.<br \/>\n\u042d\u0442\u0430 \u0441\u0435\u0442\u044c \u0431\u044b\u043b\u0430 \u0437\u0430\u043f\u0443\u0449\u0435\u043d\u0430 13 \u043e\u043a\u0442\u044f\u0431\u0440\u044f 2011 \u0433\u043e\u0434\u0430.<br \/>\n\u0418\u043c\u0435\u044f 11-\u043b\u0435\u0442\u043d\u0438\u0439 \u043e\u043f\u044b\u0442 \u0440\u0430\u0431\u043e\u0442\u044b, \u043e\u043d\u0430 \u0441\u0443\u043c\u0435\u043b\u0430 \u0437\u0430\u0432\u043e\u0435\u0432\u0430\u0442\u044c \u043f\u0440\u0438\u0437\u043d\u0430\u043d\u0438\u0435 \u0441\u0440\u0435\u0434\u0438 \u0442\u0440\u0435\u0439\u0434\u0435\u0440\u043e\u0432 \u0438<br \/>\n\u0432\u043e\u0448\u043b\u0430 \u0432 \u0434\u0435\u0441\u044f\u0442\u043a\u0443 \u043b\u0443\u0447\u0448\u0438\u0445 \u043a\u0440\u0438\u043f\u0442\u043e\u0432\u0430\u043b\u044e\u0442 \u043f\u043e \u0440\u044b\u043d\u043e\u0447\u043d\u043e\u0439 \u043a\u0430\u043f\u0438\u0442\u0430\u043b\u0438\u0437\u0430\u0446\u0438\u0438<br \/>\n\u043d\u0430 \u043f\u0440\u043e\u0442\u044f\u0436\u0435\u043d\u0438\u0438 \u0431\u043e\u043b\u044c\u0448\u0435\u0439 \u0447\u0430\u0441\u0442\u0438 \u0441\u0432\u043e\u0435\u0433\u043e \u0441\u0443\u0449\u0435\u0441\u0442\u0432\u043e\u0432\u0430\u043d\u0438\u044f.<\/p>\n<h3><strong>\u0414\u041e\u0413\u0415\u041a\u041e\u0418\u041d:<\/strong><\/h3>\n<p>\u042d\u0442\u0430 \u043a\u0440\u0438\u043f\u0442\u043e\u0432\u0430\u043b\u044e\u0442\u0430 \u043f\u043e\u044f\u0432\u0438\u043b\u0430\u0441\u044c \u043d\u0430 \u0440\u044b\u043d\u043a\u0435 \u043a\u0430\u043a \u0447\u0430\u0441\u0442\u044c \u043c\u0435\u043c\u0430 \u0432 2013 \u0433\u043e\u0434\u0443, \u043d\u043e \u0431\u043e\u043b\u0435\u0435<br \/>\n\u043f\u043e\u0437\u0436\u0435 \u0435\u0433\u043e \u0441\u043e\u043e\u0431\u0449\u0435\u0441\u0442\u0432\u043e \u043f\u0440\u0438\u043d\u044f\u043b\u043e \u0440\u0435\u0448\u0435\u043d\u0438\u0435 \u0438\u0437\u043c\u0435\u043d\u0438\u0442\u044c \u0441\u0435\u0442\u044c \u043d\u0430 AUXPOW, \u0442\u0435\u043c \u0441\u0430\u043c\u044b\u043c \u043e\u0431\u044a\u0435\u0434\u0438\u043d\u0438\u0432 \u0441\u0435\u0442\u044c AUXPOW \u0441 \u0441\u0435\u0442\u044c\u044e AUXPOW.<br \/>\n\u0441 \u0441\u0435\u0442\u044c\u044e LTC \u0432 \u0441\u0435\u043d\u0442\u044f\u0431\u0440\u0435 2014 \u0433\u043e\u0434\u0430. \u042d\u0442\u043e\u0442 \u0448\u0430\u0433 \u043e\u0437\u043d\u0430\u0447\u0430\u043b, \u0447\u0442\u043e \u0441\u0442\u043e\u0438\u043c\u043e\u0441\u0442\u044c Dogecoin<br \/>\n\u0412\u0441\u0435\u0433\u043e \u0437\u0430 \u043d\u0435\u0441\u043a\u043e\u043b\u044c\u043a\u043e \u043d\u0435\u0434\u0435\u043b\u044c \u043a\u043e\u043b\u0438\u0447\u0435\u0441\u0442\u0432\u043e \u043d\u043e\u0432\u044b\u0445 \u0440\u0430\u0431\u043e\u0447\u0438\u0445 \u043c\u0435\u0441\u0442 \u0443\u0432\u0435\u043b\u0438\u0447\u0438\u0442\u0441\u044f \u0431\u043e\u043b\u0435\u0435 \u0447\u0435\u043c \u043d\u0430 180%.<br \/>\nLiteCoin \u0437\u0430\u043d\u0438\u043c\u0430\u0435\u0442 7-\u0435 \u043c\u0435\u0441\u0442\u043e \u043f\u043e \u0440\u044b\u043d\u043e\u0447\u043d\u043e\u0439 \u043a\u0430\u043f\u0438\u0442\u0430\u043b\u0438\u0437\u0430\u0446\u0438\u0438 \u0441\u0440\u0435\u0434\u0438 \u0441\u0430\u043c\u044b\u0445 \u0440\u0430\u0441\u043f\u0440\u043e\u0441\u0442\u0440\u0430\u043d\u0435\u043d\u043d\u044b\u0445 \u043a\u0440\u0438\u043f\u0442\u043e\u0432\u0430\u043b\u044e\u0442,<br \/>\n\u042d\u0442\u043e \u043f\u043e\u0437\u0432\u043e\u043b\u0438\u043b\u043e \u043a\u043e\u043c\u043f\u0430\u043d\u0438\u0438 Doge \u0437\u043d\u0430\u0447\u0438\u0442\u0435\u043b\u044c\u043d\u043e \u043f\u043e\u0432\u044b\u0441\u0438\u0442\u044c \u0443\u0440\u043e\u0432\u0435\u043d\u044c \u0431\u0435\u0437\u043e\u043f\u0430\u0441\u043d\u043e\u0441\u0442\u0438, \u0442\u0430\u043a \u043a\u0430\u043a \u043e\u043d\u0430 \u0438\u043c\u0435\u0435\u0442<br \/>\n\u0433\u043e\u0440\u0430\u0437\u0434\u043e \u0431\u043e\u043b\u0435\u0435 \u0432\u044b\u0441\u043e\u043a\u0443\u044e \u0432\u044b\u0447\u0438\u0441\u043b\u0438\u0442\u0435\u043b\u044c\u043d\u0443\u044e \u043c\u043e\u0449\u043d\u043e\u0441\u0442\u044c.<\/p>\n<p>BLACKMINER L1 4.3GH:<br \/>\n\u041c\u043e\u0434\u0435\u043b\u044c 4.3GH \u043e\u0431\u0440\u0430\u0431\u0430\u0442\u044b\u0432\u0430\u0435\u0442 \u0430\u043b\u0433\u043e\u0440\u0438\u0442\u043c Scrypt, \u043f\u043e\u0442\u0440\u0435\u0431\u043b\u044f\u044f \u043f\u0440\u0438 \u044d\u0442\u043e\u043c 3 450 \u0412\u0442\/\u0447\u0430\u0441.<br \/>\n\u041a\u0440\u043e\u043c\u0435 \u0442\u043e\u0433\u043e, \u043e\u043d \u043e\u0442\u043d\u043e\u0441\u0438\u0442\u0441\u044f \u043a \u043f\u0440\u043e\u043c\u044b\u0448\u043b\u0435\u043d\u043d\u043e\u0439 \u043a\u0430\u0442\u0435\u0433\u043e\u0440\u0438\u0438 \u0438\u0437-\u0437\u0430 \u0443\u0440\u043e\u0432\u043d\u044f \u0448\u0443\u043c\u0430, \u043f\u0440\u0435\u0432\u044b\u0448\u0430\u044e\u0449\u0435\u0433\u043e 70 \u0434\u0411.<br \/>\n18\/10\/22 \u0412 \u043d\u0430\u0441\u0442\u043e\u044f\u0449\u0435\u0435 \u0432\u0440\u0435\u043c\u044f \u0433\u0435\u043d\u0435\u0440\u0438\u0440\u0443\u0435\u0442\u0441\u044f \u0432 \u0434\u0435\u043d\u044c: 0.06443292 LTC + 112.6541 DOGE<\/p>\n<p><iframe loading=\"lazy\" title=\"\u0412\u0438\u0434\u0435\u043e\u043f\u043b\u0435\u0435\u0440 YouTube\" src=\"https:\/\/www.youtube.com\/embed\/RbVABNdXT1c\" width=\"560\" height=\"315\" frameborder=\"0\" allowfullscreen=\"allowfullscreen\"><\/iframe><\/p>","protected":false},"excerpt":{"rendered":"<p>Esta m\u00e1quina, se encuentra dentro del TOP 10 de m\u00e1quinas m\u00e1s rentables, ocupando de el puesto n\u00famero 9 siendo este puesto correspondiente a la Blackminer L1\u00a0 de 4.3 Gh Por encima est\u00e1 la Antminer S19 Pro Hyd\u00a0 177Th de Bitcoin, por lo que podemos decir que dentro del TOP 10 se encuentra esta m\u00e1quina. Vamos [&hellip;]<\/p>\n","protected":false},"featured_media":939,"comment_status":"open","ping_status":"closed","template":"","meta":[],"product_brand":[],"product_cat":[19],"product_tag":[138],"class_list":{"0":"post-938","1":"product","2":"type-product","3":"status-publish","4":"has-post-thumbnail","6":"product_cat-mineros","7":"product_tag-mineros-para-avanzados","9":"first","10":"outofstock","11":"sold-individually","12":"taxable","13":"shipping-taxable","14":"purchasable","15":"product-type-simple"},"_links":{"self":[{"href":"https:\/\/pruebas.michollo.to\/ru\/wp-json\/wp\/v2\/product\/938","targetHints":{"allow":["GET"]}}],"collection":[{"href":"https:\/\/pruebas.michollo.to\/ru\/wp-json\/wp\/v2\/product"}],"about":[{"href":"https:\/\/pruebas.michollo.to\/ru\/wp-json\/wp\/v2\/types\/product"}],"replies":[{"embeddable":true,"href":"https:\/\/pruebas.michollo.to\/ru\/wp-json\/wp\/v2\/comments?post=938"}],"wp:featuredmedia":[{"embeddable":true,"href":"https:\/\/pruebas.michollo.to\/ru\/wp-json\/wp\/v2\/media\/939"}],"wp:attachment":[{"href":"https:\/\/pruebas.michollo.to\/ru\/wp-json\/wp\/v2\/media?parent=938"}],"wp:term":[{"taxonomy":"product_brand","embeddable":true,"href":"https:\/\/pruebas.michollo.to\/ru\/wp-json\/wp\/v2\/product_brand?post=938"},{"taxonomy":"product_cat","embeddable":true,"href":"https:\/\/pruebas.michollo.to\/ru\/wp-json\/wp\/v2\/product_cat?post=938"},{"taxonomy":"product_tag","embeddable":true,"href":"https:\/\/pruebas.michollo.to\/ru\/wp-json\/wp\/v2\/product_tag?post=938"}],"curies":[{"name":"wp","href":"https:\/\/api.w.org\/{rel}","templated":true}]}}