{"id":176,"date":"2022-10-14T06:26:27","date_gmt":"2022-10-14T10:26:27","guid":{"rendered":"https:\/\/pruebas.michollo.to\/?page_id=176"},"modified":"2022-10-14T06:29:34","modified_gmt":"2022-10-14T10:29:34","slug":"preguntas-frecuentes","status":"publish","type":"page","link":"https:\/\/pruebas.michollo.to\/zh\/%e5%b8%b8%e9%97%ae%e9%97%ae%e9%a2%98\/","title":{"rendered":"\u5e38\u89c1\u95ee\u9898"},"content":{"rendered":"<h2 class=\"wp-block-heading\"><strong>\u4ec0\u4e48\u662f\u91c7\u77ff\u673a\uff1f<\/strong><\/h2>\n\n\n\n<p>\u4ece\u672c\u8d28\u4e0a\u8bb2\uff0c\u6316\u77ff\u8bbe\u5907\u662f\u7531\u51e0\u4e2a\u663e\u5361\uff08GPU\uff09\u7ec4\u6210\u7684\u8ba1\u7b97\u673a\uff0c\u8fd9\u4e9b\u663e\u5361\u4f7f\u7528\u5176VRAM\u548cCPU\u5171\u540c\u5de5\u4f5c\uff0c\u9a8c\u8bc1\u52a0\u5bc6\u8d27\u5e01\u7f51\u7edc\u5185\u7684\u4f20\u8f93\uff0c\u4ee5\u83b7\u5f97\u5956\u52b1\u3002<\/p>\n\n\n\n<p>\u56fe\u5f62\u5361\u7684\u6570\u91cf\u548c\u5b83\u4eec\u7684\u529f\u7387\u53d7\u88c5\u5907\u7684\u5176\u4ed6\u7ec4\u4ef6\u9650\u5236\uff1a\u4e3b\u677f\u3001\u7535\u6e90\u3002\u5141\u8bb8\u94bb\u673a\u6700\u591a\u670913\u5757\u663e\u5361\u3002<\/p>\n\n\n\n<p>\u4e0eASIC\u76f8\u6bd4\uff0c\u5b83\u4eec\u7684\u4e3b\u8981\u4f18\u70b9\u662f\uff1a\u529f\u8017\u4f4e\uff0c\u566a\u97f3\u5c0f\uff0c\u53ef\u4ee5\u5b89\u88c5\u5728\u5bb6\u91cc\uff0c\u800c\u4e14\u53ef\u4ee5\u5f00\u91c7\u5404\u79cd\u52a0\u5bc6\u8d27\u5e01\u3002<\/p>\n\n\n\n<h2 class=\"wp-block-heading\"><strong>\u5728\u4ec0\u4e48\u5730\u65b9\u3001\u4ec0\u4e48\u6761\u4ef6\u4e0b\u5b89\u88c5\u91c7\u77ff\u673a\uff1f<\/strong><\/h2>\n\n\n\n<p>\u5728\u5b89\u88c5\u94bb\u673a\u4e4b\u524d\uff0c\u6211\u4eec\u5fc5\u987b\u8003\u8651\u5b83\u9700\u8981\u5728\u4ec0\u4e48\u6761\u4ef6\u4e0b\u8fdb\u884c\u3002\u4e00\u4e2a\u6316\u77ff\u8bbe\u5907\u662f\u57fa\u4e8e\u51e0\u4e2a\u663e\u5361\u548c\u5176\u4ed6\u4ea7\u751f\u70ed\u91cf\u7684\u8ba1\u7b97\u673a\u90e8\u4ef6\uff0c\u6211\u4eec\u5b89\u88c5\u7684\u663e\u5361\u8d8a\u591a\uff0c\u4ea7\u751f\u7684\u70ed\u91cf\u5c31\u8d8a\u591a\u3002<\/p>\n\n\n\n<p>\u6709\u5fc5\u8981\u8003\u8651\u5230\uff0c\u516c\u5bd3\u6216\u4f4f\u5b85\u4e2d\u7684\u94bb\u673a\u5fc5\u987b\u653e\u5728\u6e29\u5ea6\u57289\u00ba\u81f327\u00ba\u4e4b\u95f4\u7684\u623f\u95f4\u91cc\uff0c\u5e76\u4e14\u5fc5\u987b\u6709\u4e00\u6761\u4e0e\u8def\u7531\u5668\u6216\u4ea4\u6362\u673a\u76f4\u63a5\u8fde\u63a5\u7684\u7a33\u5b9a\u7684\u4e92\u8054\u7f51\u7535\u7f06\u3002<\/p>\n\n\n\n<p>\u94bb\u673a\u653e\u51fa\u7684\u70ed\u91cf\u53ef\u4ee5\u90e8\u5206\u7528\u4e8e\u52a0\u70ed\u516c\u5bd3\u6216\u623f\u5c4b\uff0c\u56e0\u4e3a\u5b83\u662f\u4e00\u4e2a\u76f8\u5f53\u4e8e1500W\u81f32500W\u4e4b\u95f4\u7684\u708a\u5177\u7684\u70ed\u6e90\u3002<\/p>\n\n\n\n<h2 class=\"wp-block-heading\">\u6211\u53ef\u4ee5\u7528Minando Voy\u94bb\u673a\u5f00\u91c7\u54ea\u4e9b\u52a0\u5bc6\u8d27\u5e01\u548c\u7b97\u6cd5\uff1f<\/h2>\n\n\n\n<p>\u4f60\u53ef\u4ee5\u5f00\u91c7\u8fd9\u4e9b\u52a0\u5bc6\u8d27\u5e01\uff0c\u4ee5\u53ca\u5176\u4ed6\u4e00\u4e9b\u8d27\u5e01\uff1a<\/p>\n\n\n\n<ul class=\"wp-block-list\"><li>RVN - RavenCOIN<\/li><li>ERGO<\/li><li>\u6bd4\u7279\u5e01\u9ec4\u91d1\u3002<\/li><li>\u4ee5\u592a\u574a\u548c\u4ee5\u592a\u574a\u7ecf\u5178\u3002<\/li><li>Zcash<\/li><li>\u6469\u5c3c\u7f57<\/li><li>ZenClass\u548cZClassic<\/li><li>\u5e15\u65af\u5361\u5c14-\u79d1\u6069\u3002<\/li><li>\u7678\u5df3\u5e74<\/li><li>\u76ae\u5c14<\/li><li>\u827e\u62c9\u4e3b\u4e49<\/li><li>\u4f18\u5fc5\u514b<\/li><li>\u6269\u5f20<\/li><li>\u01de\u01de\u01de<\/li><li>\u7384\u5e7b\u4e16\u754c<\/li><li>\u7985\u5b97<\/li><li>\u7535\u5b50\u7434<\/li><li>\u6bd4\u7279\u5e01<\/li><li>\u77fd\u8c37\u5e01<\/li><li>LBRY<\/li><\/ul>\n\n\n\n<p><\/p>\n\n\n\n<p>\u8fd8\u6709\u7b97\u6cd5\uff1a<\/p>\n\n\n\n<ul class=\"wp-block-list\"><li>\u5174\u53d1xf187\u5728\u7ebf\u5a31\u4e50NeoScrypt<\/li><li>\u5bc6\u7801\u4e4b\u591c<\/li><li>\u01de\u01de\u01de<\/li><li>\u4e59\u57fa\u8102\u80aa(Ethash)<\/li><li>\u5e15\u65af\u5361\u5c14<\/li><li>\u5929\u74342REv2<\/li><li>\u5e03\u96f7\u514b<\/li><\/ul>\n\n\n\n<h2 class=\"wp-block-heading\">\u6211\u662f\u5426\u5e94\u8be5\u6210\u4e3a\u81ea\u8425\u804c\u4e1a\u8005\u6765\u5f00\u91c7\u52a0\u5bc6\u8d27\u5e01\uff1f<\/h2>\n\n\n\n<p><strong>\u8d2d\u4e70\u52a0\u5bc6\u8d27\u5e01\u5e76\u4e0d\u610f\u5473\u7740\u6709\u4e49\u52a1\u5bf9\u5176\u8fdb\u884c\u7533\u62a5\u3002\u00a0<\/strong>\u5728\u6536\u5165\u4e2d\u3002\u5b83\u4eec\u53ea\u6709\u5728\u51fa\u552e\u65f6\u624d\u9700\u8981\u7533\u62a5\uff0c\u56e0\u6b64\uff0c\u5982\u679c\u6240\u8d2d\u8d27\u5e01\u6ca1\u6709\u53d8\u52a8\uff0c\u5c31\u4e0d\u9700\u8981\u7f34\u7a0e\uff0c\u56e0\u4e3a\u6ca1\u6709\u6536\u76ca\u6216\u635f\u5931\u3002<\/p>\n\n\n\n<p>\u52a0\u5bc6\u8d27\u5e01\u4ea4\u6613\u5c06\u88ab\u7eb3\u5165&nbsp;<strong>\u65b9\u6846 389<\/strong>&nbsp;\u7684\u62a5\u7a0e\u3002<\/p>\n\n\n\n<p>\u01de\u01de\u01de&nbsp;<strong>\u635f\u5931<\/strong>&nbsp;\u5728\u9500\u552e\u52a0\u5bc6\u8d27\u5e01\u7684\u8fc7\u7a0b\u4e2d\uff0c\u5c06\u80fd\u591f&nbsp;<strong>\u8d54\u507f\u989d\u6700\u9ad8\u53ef\u8fbe25%<\/strong>.\u5982\u679c\u51fa\u552e\u52a0\u5bc6\u8d27\u5e01\u5bfc\u81f4\u4e8f\u635f\uff0c\u8fd9\u4e9b\u53ef\u4ee5\u4e0e\u5176\u4ed6\u8f6c\u8ba9\u7684\u6536\u76ca\u76f8\u62b5\u6d88\uff0c\u5982\u679c\u603b\u4f53\u7ed3\u679c\u662f\u4e8f\u635f\uff0c\u5b83\u4eec\u53ef\u4ee5\u4e0e\u8d44\u672c\u6536\u76ca\u76f8\u62b5\u6d88\uff0c\u6700\u9ad8\u53ef\u8fbe25%\uff08\u5982\u679c\u6ca1\u6709\u6536\u76ca\uff0c\u4e0d\u80fd\u62b5\u6d88\uff09\u3002<\/p>\n\n\n\n<p>\u01de\u01de\u01de&nbsp;<strong>\u6316\u6398\u52a0\u5bc6\u8d27\u5e01\u5e76\u4e0d\u6d89\u53ca\u81ea\u8425\u804c\u4e1a<\/strong>.\u6316\u6398\u52a0\u5bc6\u8d27\u5e01\u610f\u5473\u7740\u63d0\u4f9b\u8ba1\u7b97\u673a\u7684\u5904\u7406\u80fd\u529b\uff0c\u5e2e\u52a9\u8fdb\u884c\u8ba1\u7b97\u548c\u9a8c\u8bc1\u6570\u5b57\u8d27\u5e01\u4ea4\u6613\u3002\u7531\u4e8e\u8fd9\u662f\u4e00\u79cd\u88ab\u540c\u5316\u4e3a\u4efb\u4f55\u5176\u4ed6\u6709\u507f\u5de5\u4f5c\u7684\u7ecf\u6d4e\u6d3b\u52a8\uff0c\u5373\u4f7f\u662f\u4ee5\u52a0\u5bc6\u8d27\u5e01\u652f\u4ed8\uff0c\u4e5f\u5fc5\u987b\u9075\u5b88\u9002\u7528\u4e8e\u8fd9\u79cd\u7c7b\u578b\u5de5\u4eba\u7684\u4e49\u52a1\uff0c\u5e76\u901a\u8fc7\u63d0\u4ea4720\u8868\u7533\u62a5\u6536\u5165\u3002<\/p>\n\n\n\n<p><strong>\u5efa\u8bae\u63d0\u4ea4720\u8868<\/strong>&nbsp;\u5982\u679c\u52a0\u5bc6\u8d27\u5e01\u7684\u4ef7\u503c\uff08\u6216\u52a0\u5bc6\u8d27\u5e01\u4e0e\u5b58\u653e\u5728\u56fd\u5916\u91d1\u878d\u673a\u6784\u7684\u8d44\u91d1\u6216\u8bc1\u5238\u7684\u603b\u548c\uff09\u8d85\u8fc750,000\u6b27\u5143\u3002<\/p>\n\n\n\n<p>\u5728\u6709\u4e49\u52a1\u7533\u62a5\u8d22\u5bcc\u7a0e\u7684\u60c5\u51b5\u4e0b\uff0c\u52a0\u5bc6\u8d27\u5e01\u7684\u4ef7\u503c\u5fc5\u987b\u5728\u62a5\u7a0e\u65f6\u5305\u62ec\u5728\u5185\uff0c\u5e76\u6309\u7167\u9002\u7528\u7684\u7a0e\u7387\u652f\u4ed8\u3002\u8be5\u7a0e\u79cd\u7684\u6700\u4f4e\u514d\u7a0e\u989d\u4e3a50\u4e07\u6b27\u5143\uff08\u8fd9\u56e0\u81ea\u6cbb\u533a\u800c\u5f02\uff09\uff0c\u8fd9\u610f\u5473\u7740\u9664\u975e\u4f60\u6709\u66f4\u9ad8\u7684\u51c0\u8d44\u4ea7\uff0c\u5426\u5219\u4f60\u4e0d\u5fc5\u7533\u62a5\u3002\u4ee5\u592a\u574a2.0\u8fdb\u5165\u540e\u4f1a\u53d1\u751f\u4ec0\u4e48\uff1f<\/p>\n\n\n\n<p>\u5f53\u4ee5\u592a\u574a\u4ece\u5de5\u4f5c\u8bc1\u660e\uff08PoW\uff09\u53d8\u4e3a\u80a1\u6743\u8bc1\u660e\uff08PoS\uff09\u65f6\u3001<\/p>\n\n\n\n<p>\u9664\u4e86\u94bb\u673a\u914d\u7f6e\u7684\u7b80\u5355\u53d8\u5316\u5916\uff0c\u6ca1\u6709\u4efb\u4f55\u5176\u4ed6\u5f71\u54cd\u3002<\/p>\n\n\n\n<p>\u5176\u4ed6\u52a0\u5bc6\u8d27\u5e01\u7684\u91c7\u77ff\u64cd\u4f5c\u662f\u76f8\u540c\u7684\uff0c\u5176\u6027\u80fd\u6709\u65f6\u751a\u81f3\u66f4\u4f18\u3002<\/p>\n\n\n\n<p>\u9664\u4e86\u4ee5\u592a\u5e01\u6316\u77ff\u4e4b\u5916\uff0c\u8fd8\u6709\u5f88\u591a\u5176\u4ed6\u7684\u9009\u62e9\uff0c\u5f53\u6211\u4eec\u628a\u94bb\u673a\u4f5c\u4e3a\u4e00\u9879\u957f\u671f\u6295\u8d44\u65f6\uff0c\u4ee5\u592a\u5e01\u6316\u77ff\u7684\u7ed3\u675f\u4e0d\u5e94\u8be5\u5f71\u54cd\u6211\u4eec\u3002<\/p>\n\n\n\n<p>\u5176\u4e2d\u4e00\u4e9b\u4f8b\u5b50\u662f\u91c7\u77ff\uff1aTonCoin, Alephium, Ergo, Ravencoin, Flux\u7b49\u3002<\/p>\n\n\n\n<p>\u9664\u4e86\u53cc\u77ff\u65b9\u6848\u4e4b\u5916\u3002<\/p>\n\n\n\n<h2 class=\"wp-block-heading\">\u4ec0\u4e48\u662f\u53cc\u91cd\u91c7\u77ff\uff1f<\/h2>\n\n\n\n<p>\u53cc\u91cd\u91c7\u77ff\u7684\u540d\u79f0\u4e0d\u8a00\u81ea\u660e\uff1a\u5b83\u662f\u4e00\u79cd\u5e73\u884c\u5f00\u91c7\u4e24\u79cd\u4e0d\u540c\u52a0\u5bc6\u8d27\u5e01\u7684\u5f62\u5f0f\u3002\u77ff\u5de5\u5fc5\u987b\u9009\u62e9\u7b2c\u4e00\u79cd\uff0c\u5373\u4e3b\u5e01\u548c\u7b2c\u4e8c\u79cd\u3002\u8d1f\u8377\u7684\u589e\u52a0\u4f7f\u5f97GPU\u7684\u5de5\u4f5c\u8d1f\u8377\u66f4\u9ad8\uff0c\u4f46\u6536\u76ca\u572825%\u548c40%\u4e4b\u95f4\u6709\u975e\u5e38\u660e\u663e\u7684\u589e\u52a0\u3002\u8fd9\u5927\u5927\u964d\u4f4e\u4e86\u94bb\u673a\u7684\u6295\u8d44\u56de\u62a5\u65f6\u95f4\uff08ROI\uff09\uff0c\u6b64\u5916\u8fd8\u4f7f\u6211\u4eec\u5728\u52a0\u5bc6\u8d27\u5e01\u4e16\u754c\u7684\u8d4c\u6ce8\u591a\u6837\u5316\u3002<\/p>\n\n\n\n<p>\u6709\u53ef\u80fd\u4f7f\u7528\u4e00\u53f0\u94bb\u673a\u540c\u65f6\u83b7\u5f97\u4e24\u79cd\u4e0d\u540c\u7684\u8d27\u5e01\uff0c\u8fd9\u4e5f\u662f\u8fd9\u79cd\u65b9\u6cd5\u7684\u4e3b\u8981\u4f18\u52bf\uff0c\u4f7f\u5f97\u5b83\u5bf9\u6700\u5927\u9650\u5ea6\u5730\u63d0\u9ad8\u94bb\u673a\u7684\u6027\u80fd\u975e\u5e38\u6709\u5438\u5f15\u529b\u3002<\/p>\n\n\n\n<p>\u76ee\u524d\u6700\u6709\u5229\u53ef\u56fe\u7684\u7ec4\u5408\u662f\u4ee5\u592a\u5e01+\u5428\u5e01\u548c\u4ee5\u592a\u5e01+Alephium\u7684\u53cc\u91cd\u5f00\u91c7\u3002<br>\u00a0<\/p>","protected":false},"excerpt":{"rendered":"<p>\u00bfQu\u00e9 es un rig de miner\u00eda? Esencialmente un rig de miner\u00eda es un ordenador compuesto por varias tarjetas gr\u00e1ficas ( GPU\u00b4s) que trabajan en conjunto utilizando su memoria VRAM y CPU para validar las transferencias dentro de la red de una criptomoneda y obtener as\u00ed una recompensa. La cantidad de tarjetas gr\u00e1ficas y su potencia [&hellip;]<\/p>\n","protected":false},"author":1,"featured_media":0,"parent":0,"menu_order":0,"comment_status":"closed","ping_status":"closed","template":"page-faq.php","meta":{"footnotes":""},"class_list":["post-176","page","type-page","status-publish","hentry"],"_links":{"self":[{"href":"https:\/\/pruebas.michollo.to\/zh\/wp-json\/wp\/v2\/pages\/176","targetHints":{"allow":["GET"]}}],"collection":[{"href":"https:\/\/pruebas.michollo.to\/zh\/wp-json\/wp\/v2\/pages"}],"about":[{"href":"https:\/\/pruebas.michollo.to\/zh\/wp-json\/wp\/v2\/types\/page"}],"author":[{"embeddable":true,"href":"https:\/\/pruebas.michollo.to\/zh\/wp-json\/wp\/v2\/users\/1"}],"replies":[{"embeddable":true,"href":"https:\/\/pruebas.michollo.to\/zh\/wp-json\/wp\/v2\/comments?post=176"}],"version-history":[{"count":0,"href":"https:\/\/pruebas.michollo.to\/zh\/wp-json\/wp\/v2\/pages\/176\/revisions"}],"wp:attachment":[{"href":"https:\/\/pruebas.michollo.to\/zh\/wp-json\/wp\/v2\/media?parent=176"}],"curies":[{"name":"wp","href":"https:\/\/api.w.org\/{rel}","templated":true}]}}