{"id":183,"date":"2022-10-14T06:31:27","date_gmt":"2022-10-14T10:31:27","guid":{"rendered":"https:\/\/pruebas.michollo.to\/?page_id=183"},"modified":"2022-10-14T06:31:28","modified_gmt":"2022-10-14T10:31:28","slug":"politica-de-cookies","status":"publish","type":"page","link":"https:\/\/pruebas.michollo.to\/zh\/%e9%a5%bc%e5%b9%b2%e6%94%bf%e7%ad%96\/","title":{"rendered":"\u997c\u5e72\u653f\u7b56"},"content":{"rendered":"<p>\u997c\u5e72\u653f\u7b56<\/p>\n\n\n\n<p>\u6700\u540e\u66f4\u65b0: 3\/22\/2022<\/p>\n\n\n\n<p>\u6458\u8981<\/p>\n\n\n\n<p>- \u4f7f\u7528\u7684Cookies\uff1a\u4e13\u6709\u7684\u548c\u7b2c\u4e09\u65b9\u7684Cookies<\/p>\n\n\n\n<p>- \u5b83\u4eec\u662f\u5426\u7528\u4e8e\u7edf\u8ba1\uff1f\u662f\u7684<\/p>\n\n\n\n<p>- \u5b83\u4eec\u662f\u7528\u6765\u505a\u5e7f\u544a\u7684\u5417\uff1f\u6ca1\u6709<\/p>\n\n\n\n<p>- \u901a\u8fc7\u672c\u7f51\u7ad9\u5b89\u88c5cookies\u7684\u7b2c\u4e09\u65b9\u670d\u52a1\uff1a\u8c37\u6b4c\u5206\u6790\u3001<br>\u8d2d\u7269<\/p>\n\n\n\n<p>\u5982\u4f55\u8bbe\u7f6e\u548c\u7981\u7528cookies<\/p>\n\n\n\n<p>\u4f60\u53ef\u4ee5\u4ece\u4f60\u7684\u6d4f\u89c8\u5668\u5141\u8bb8\u3001\u963b\u6b62\u6216\u5220\u9664\u5b89\u88c5\u5728\u4f60\u8bbe\u5907\u4e0a\u7684cookies\u3002<br>\u7f51\u7edc\u3002\u5982\u679c\u4f60\u4e0d\u5141\u8bb8\u5728\u4f60\u7684\u8bbe\u5907\u4e0a\u8bbe\u7f6ecookies\uff0c\u4f60\u5728\u6211\u4eec\u7f51\u7ad9\u4e0a\u7684\u4f53\u9a8c\u53ef\u80fd\u4e0d\u4f1a\u90a3\u4e48\u987a\u5229\u3002<br>\u5bfc\u822a\u7684\u60c5\u51b5\u6076\u5316\u3002\u4e0b\u9762\u4f60\u53ef\u4ee5\u4e86\u89e3\u5230\u5982\u4f55\u5728\u4ee5\u4e0b\u5404\u65b9\u9762\u914d\u7f6ecookies<br>\u6d4f\u89c8\u5668\uff1a<\/p>\n\n\n\n<p>- \u8fb9\u7f18<br>- \u8c37\u6b4c\u6d4f\u89c8\u5668<br>- \u8c37\u6b4c\u5b89\u5353\u7cfb\u7edf<br>- Internet Explorer 7\u548c8<br>- Internet Explorer 9<br>- Internet Explorer 10<br>- Internet Explorer 11<br>- \u706b\u72d0\u6d4f\u89c8\u5668<br>\u2013 Opera<br>- \u91ce\u751f\u52a8\u7269\u56ed<br>- Safari\u624b\u673a\u7248<\/p>\n\n\n\n<p>1.- \u7c7b\u578b\u548c\u7528\u9014<\/p>\n\n\n\n<p>\u672c\u670d\u52a1\u4f7f\u7528\u81ea\u5df1\u7684\u548c\u7b2c\u4e09\u65b9\u7684cookies\u6765\u6539\u5584\u5bfc\u822a\uff0c\u63d0\u4f9b\u670d\u52a1\u548c\u83b7\u5f97\u7edf\u8ba1\u6570\u636e\u3002<br>\u5173\u4e8e\u7f51\u7ad9\u7684\u4f7f\u7528\u3002<\/p>\n\n\n\n<p>2.- \u4ec0\u4e48\u662fcookie\uff0c\u5b83\u7684\u7528\u9014\u662f\u4ec0\u4e48\uff1f<\/p>\n\n\n\n<p>Cookie\u662f\u4e00\u4e2a\u6587\u672c\u6587\u4ef6\uff0c\u5b83\u88ab\u53d1\u9001\u5230\u4f60\u7684\u7535\u8111\u3001\u624b\u673a\u6216\u5e73\u677f\u7535\u8111\u7684\u7f51\u7edc\u6d4f\u89c8\u5668\uff0c\u7528\u4e8e<br>\u5b58\u50a8\u548c\u68c0\u7d22\u6709\u5173\u4f60\u7684\u6d4f\u89c8\u6d3b\u52a8\u7684\u4fe1\u606f\u3002\u4f8b\u5982\uff0c\u8bb0\u4f4f\u4f60\u7684\u7528\u6237\u540d\u548c<br>\u5bc6\u7801\u6216\u4f60\u7684\u4e2a\u4eba\u8d44\u6599\u504f\u597d\u3002<br><br>3.- \u6709\u54ea\u4e9b\u7c7b\u578b\u7684cookies\uff1f<\/p>\n\n\n\n<p>\u8fd9\u53d6\u51b3\u4e8e\u8c01\u6765\u7ba1\u7406\u4ed6\u4eec\uff1a<\/p>\n\n\n\n<p>- \u81ea\u5df1\u7684cookies\uff1b\u5b83\u4eec\u4ece\u6211\u4eec\u7684\u8ba1\u7b97\u673a\u6216\u7f51\u7edc\u57df\u53d1\u9001\u5230\u4f60\u7684\u6d4f\u89c8\u5668\u3002<\/p>\n\n\n\n<p>- \u7b2c\u4e09\u65b9cookie\uff1b\u8fd9\u4e9bcookie\u662f\u7531\u4e0d\u7531\u6211\u4eec\u7ba1\u7406\u7684\u8ba1\u7b97\u673a\u6216\u7f51\u57df\u53d1\u9001\u5230\u60a8\u7684\u6d4f\u89c8\u5668\u3002<br>\u76f4\u63a5\uff0c\u800c\u662f\u7b2c\u4e09\u65b9\u5b9e\u4f53\uff0c\u5982\u8c37\u6b4c\u3002<\/p>\n\n\n\n<p>\u6839\u636e\u4ed6\u4eec\u7684\u6d3b\u52a8\u65f6\u95f4\uff0c\u6709\uff1a<\/p>\n\n\n\n<p>- \u4f1a\u8bddcookie\uff1b\u5b83\u4eec\u4fdd\u7559\u5728\u60a8\u6d4f\u89c8\u5668\u7684cookie\u6587\u4ef6\u4e2d\uff0c\u76f4\u5230\u60a8\u79bb\u5f00\u7f51\u7ad9\u3001<br>\u8fd9\u6837\uff0c\u4f60\u7684\u8bbe\u5907\u4e0a\u5c31\u4e0d\u4f1a\u6709\u4efb\u4f55\u6b8b\u7559\u3002<\/p>\n\n\n\n<p>- \u6301\u4e45\u6027cookies\uff1b\u5b83\u4eec\u4fdd\u7559\u5728\u60a8\u7684\u8bbe\u5907\u4e0a\uff0c\u6211\u4eec\u7684\u7f51\u7ad9\u5728\u60a8\u6bcf\u6b21\u8fdb\u884c\u65b0\u7684\u8bbf\u95ee\u65f6\u90fd\u4f1a\u8bfb\u53d6\u5b83\u4eec\u3002<br>\u8bbf\u95ee\u3002\u8fd9\u4e9bcookies\u5728\u67d0\u4e2a\u65e5\u671f\u540e\u505c\u6b62\u5de5\u4f5c\u3002<\/p>\n\n\n\n<p>\u6700\u540e\uff0c\u6839\u636e\u4ed6\u4eec\u7684\u76ee\u7684\uff0c\u6211\u4eec\u6709\uff1a<\/p>\n\n\n\n<p>- \u6280\u672f\u6027cookies\uff1b\u5b83\u4eec\u53ef\u4ee5\u6539\u5584\u6d4f\u89c8\u548c\u7f51\u7ad9\u7684\u6b63\u5e38\u8fd0\u4f5c\u3002<\/p>\n\n\n\n<p>- \u4e2a\u6027\u5316\u997c\u5e72\uff1b\u5b83\u4eec\u5141\u8bb8\u6839\u636e\u4ee5\u4e0b\u56e0\u7d20\u4ee5\u9884\u5b9a\u4e49\u7684\u7279\u5f81\u6765\u8bbf\u95ee\u670d\u52a1<br>\u4e00\u7cfb\u5217\u7684\u6807\u51c6\u3002<\/p>\n\n\n\n<p>- \u5206\u6790cookies\uff1b\u5b83\u4eec\u80fd\u591f\u5bf9\u6240\u63d0\u4f9b\u670d\u52a1\u7684\u4f7f\u7528\u60c5\u51b5\u8fdb\u884c\u7edf\u8ba1\u6d4b\u91cf\u548c\u5206\u6790\u3002<\/p>\n\n\n\n<p>\u540d\u79f0 \u8d77\u6e90 \u76ee\u7684 \u7c7b\u578b \u8fc7\u671f<br>secure_customer_sig minandovoy.com\u529f\u80fd\u6027\u7b2c\u4e09\u65b9 1\u5e74<\/p>\n\n\n\n<p>\u672c\u5730\u5316 minandovoy.com \u5206\u6790 \u7b2c\u4e09 2 \u5468<br>\u548c.minandovoy.com\u7b2c\u4e09\u65b9\u5206\u6790 1\u5e74<br>_shopify_y .minandovoy.com \u7b2c\u4e09\u65b9\u5206\u6790 1\u5e74<br>_shopify_sa_t .minandovoy.com \u7b2c\u4e09\u65b9\u5206\u6790 1\u5206\u949f<br>_shopify_sa_p .minandovoy.com \u7b2c\u4e09\u65b9\u5206\u6790 1\u5206\u949f<br>_shopify_s .minandovoy.com\u5206\u6790\u7b2c\u4e09\u65b9 1\u5206\u949f<br>_s .minandovoy.com \u7b2c\u4e09\u65b9\u5206\u6790 1\u5206\u949f<br>_orig_referrer .minandovoy.com\u5206\u6790 \u7b2c\u4e09 2 \u5468<br>_landing_page .minandovoy.com\u5206\u6790 \u7b2c\u4e09 2 \u5468<br>_gid .minandovoy.com\u5206\u6790 \u7b2c\u4e09 1 \u5929<br>_ga .minandovoy.com \u7b2c\u4e09\u65b9\u5206\u6790 7\u5929<\/p>\n\n\n\n<p>\u8c37\u6b4c\u5206\u6790\uff1a\u5176\"_ga \"cookie\u5141\u8bb8\u4f60\u8ba1\u7b97\u7528\u6237\u8bbf\u95ee\u7f51\u7ad9\u7684\u6b21\u6570\u3001<br>\u5b83\u5982\u4f55\u3001\u4f55\u65f6\u548c\u4ece\u4f55\u5904\u8fdb\u884c\uff0c\u5176\"_gid \"cookie\u88ab\u7528\u6765\u533a\u5206\u7528\u6237\u3002<br>\u5728\u4efb\u4f55\u60c5\u51b5\u4e0b\uff0c\u4f60\u90fd\u53ef\u4ee5\u5728\u8fd9\u91cc\u7981\u7528\u8c37\u6b4c\u5206\u6790\u7684cookies\u3002<br>\u8c37\u6b4c\uff1a\u5728\u4efb\u4f55\u60c5\u51b5\u4e0b\uff0c\u4f60\u90fd\u53ef\u4ee5\u5728\u8fd9\u91cc\u627e\u5230\u66f4\u591a\u5173\u4e8e\u6211\u4eec\u4f7f\u7528\u7684cookies\u7c7b\u578b\u7684\u4fe1\u606f\u3002<br>\u5728\u5176\u591a\u79cd\u670d\u52a1\u4e2d\u4f7f\u7528\u8c37\u6b4c\u3002<br>\u4f60\u53ef\u4ee5\u5728\u8fd9\u91cc\u627e\u5230\u66f4\u591a\u5173\u4e8eShopify cookies\u7684\u4fe1\u606f\u3002<\/p>","protected":false},"excerpt":{"rendered":"<p>Pol\u00edtica de Cookies \u00daltima actualizaci\u00f3n: 3\/22\/2022 Sumario \u2022 Cookies usadas: Propias y de Terceros \u2022 \u00bfSe usan para obtener estad\u00edsticas? S\u00ed \u2022 \u00bfSe usan para publicidad? No \u2022 Servicios de terceros que instalan cookies a trav\u00e9s de esta web: Google Analytics,Shopify C\u00f3mo configurar y deshabilitar las cookies Puedes permitir, bloquear o eliminar las cookies instaladas [&hellip;]<\/p>\n","protected":false},"author":1,"featured_media":0,"parent":0,"menu_order":0,"comment_status":"closed","ping_status":"closed","template":"","meta":{"footnotes":""},"class_list":["post-183","page","type-page","status-publish","hentry"],"_links":{"self":[{"href":"https:\/\/pruebas.michollo.to\/zh\/wp-json\/wp\/v2\/pages\/183","targetHints":{"allow":["GET"]}}],"collection":[{"href":"https:\/\/pruebas.michollo.to\/zh\/wp-json\/wp\/v2\/pages"}],"about":[{"href":"https:\/\/pruebas.michollo.to\/zh\/wp-json\/wp\/v2\/types\/page"}],"author":[{"embeddable":true,"href":"https:\/\/pruebas.michollo.to\/zh\/wp-json\/wp\/v2\/users\/1"}],"replies":[{"embeddable":true,"href":"https:\/\/pruebas.michollo.to\/zh\/wp-json\/wp\/v2\/comments?post=183"}],"version-history":[{"count":0,"href":"https:\/\/pruebas.michollo.to\/zh\/wp-json\/wp\/v2\/pages\/183\/revisions"}],"wp:attachment":[{"href":"https:\/\/pruebas.michollo.to\/zh\/wp-json\/wp\/v2\/media?parent=183"}],"curies":[{"name":"wp","href":"https:\/\/api.w.org\/{rel}","templated":true}]}}