{"id":189,"date":"2022-10-14T06:35:20","date_gmt":"2022-10-14T10:35:20","guid":{"rendered":"https:\/\/pruebas.michollo.to\/?page_id=189"},"modified":"2022-10-14T06:35:21","modified_gmt":"2022-10-14T10:35:21","slug":"normas-garantia-asic","status":"publish","type":"page","link":"https:\/\/pruebas.michollo.to\/zh\/%e4%ba%9a%e4%bf%a1-%e6%8b%85%e4%bf%9d-%e6%a0%87%e5%87%86\/","title":{"rendered":"\u6807\u51c6 ASIC\u4fdd\u8bc1"},"content":{"rendered":"<p>\u4e27\u5931\u4fdd\u8bc1\u7684\u5efa\u8bae\uff1a<\/p>\n\n\n\n<p>- \u8bbe\u5907\u4e0d\u80fd\u653e\u5728\u73af\u5883\u6e29\u5ea6\u8d85\u8fc716\u6444\u6c0f\u5ea6\u7684\u5730\u65b9\uff0c\u56e0\u4e3a\u8fd9\u5c06\u5bfc\u81f4\u673a\u5668\u8fc7\u70ed\uff0c\u635f\u5bb3\u8bbe\u5907\u7684\u6b63\u5e38\u529f\u80fd\u3002<\/p>\n\n\n\n<p>- \u7531\u4e8e\u677f\u6750\u5bf9\u6c34\u7684\u8010\u53d7\u7a0b\u5ea6\u4f4e\uff0c\u8bbe\u5907\u7684\u64cd\u4f5c\u573a\u6240\u4e0d\u80fd\u662f\u6f6e\u6e7f\u7684\u5730\u65b9\u3002<\/p>\n\n\n\n<p>- \u5fc5\u987b\u68c0\u67e5\u5411\u8bbe\u5907\u4f9b\u7535\u7684\u5b89\u57f9\u6570\uff0c\u56e0\u4e3a\u5b83\u53ef\u80fd\u5bfc\u81f4ASIC\u7684\u77ed\u8def\uff0c\u4ece\u800c\u5bfc\u81f4\u673a\u5668\u7684\u6545\u969c\u3002<\/p>\n\n\n\n<p>- \u4efb\u4f55\u5bf9ASIC\u7684\u914d\u7f6e\u6216\u4fee\u6539\u90fd\u5fc5\u987b\u7ecf\u8fc7MINANDOVOY\u6280\u672f\u670d\u52a1\u7684\u9a8c\u8bc1\u548c\u6279\u51c6\uff0c\u6211\u4eec\u5bf9\u5176\u4ed6\u516c\u53f8\u6216\u5ba2\u6237\u7684\u4fee\u6539\u4e0d\u8d1f\u8d23\u4efb\u3002<\/p>\n\n\n\n<p>- \u8bbe\u5907\u4e0d\u80fd\u88ab\u6572\u6253\u6216\u6389\u843d\uff0c\u56e0\u4e3a\u8fd9\u5c06\u7531\u4e8e\u5ba2\u6237\u7684\u758f\u5ffd\u800c\u5bfc\u81f4\u4fdd\u4fee\u5931\u6548\u3002<\/p>\n\n\n\n<p>- \u5982\u679cASIC\u51fa\u73b0\u4efb\u4f55\u6545\u969c\uff0c\u4f60\u5fc5\u987b\u8054\u7cfb\u670d\u52a1\u56e2\u961f\uff0c\u4e0d\u8981\u81ea\u5df1\u8fdb\u884c\u7ef4\u4fee\uff0c\u56e0\u4e3a\u62c6\u5378\u3001\u7be1\u6539\u6216\u62c6\u9664ASIC\u5916\u58f3\u5c06\u5bfc\u81f4\u7acb\u5373\u5931\u53bb\u4fdd\u4fee\u3002<\/p>\n\n\n\n<p>- \u5982\u679c\u673a\u5668\u5728\u8fd0\u8f93\u8fc7\u7a0b\u4e2d\u906d\u53d7\u4efb\u4f55\u635f\u574f\uff0c\u6216\u4efb\u4f55\u90e8\u4ef6\u7531\u4e8e\u673a\u5668\u5236\u9020\u7684\u6545\u969c\u800c\u505c\u6b62\u5de5\u4f5c\uff0cMINANDO VOY\u5c06\u8d1f\u8d23\u7ef4\u4fee\uff08\u603b\u662f\u5728\u4fdd\u4fee\u671f\u5185\uff09\u3002\u5ba2\u6237\u5fc5\u987b\u5728\u826f\u597d\u7684\u5305\u88c5\u6761\u4ef6\u4e0b\u53d1\u9001\u673a\u5668\uff0c\u5b89\u5168\u5e76\u6709\u4fdd\u62a4\u63aa\u65bd\u3002\u5982\u679c\u673a\u5668\u5230\u8fbe\u65f6\u6ca1\u6709\u4fdd\u62a4\u63aa\u65bd\u548c\u5305\u88c5\u4e0d\u826f\uff0cMINANDO VOY\u5c06\u4e0d\u8d1f\u8d23\u7ef4\u4fee\u3002<\/p>\n\n\n\n<p>- \u968f\u7740\u65f6\u95f4\u7684\u63a8\u79fb\uff0c\u8be5\u8bbe\u5907\u9700\u8981\u957f\u671f\u7ef4\u62a4\uff08\u5efa\u8bae\u6bcf\u5e742\u81f33\u6b21\uff09\u3002\u5982\u679c\u4efb\u4f55\u90e8\u4ef6\u56e0\u672a\u8fdb\u884c\u6b64\u7c7b\u7ef4\u62a4\u800c\u635f\u574f\uff0c\u5219\u89c4\u5b9a\u4e3a\u4e0d\u5728\u4fdd\u4fee\u671f\u5185\u3002\u8bf7\u8bb0\u4f4f\uff0c\u6211\u4eec\u662f\u6765\u5e2e\u52a9\u4f60\u7684\uff0c\u8bf7\u8054\u7cfb\u6211\u4eec\u83b7\u5f97\u4e13\u4e1a\u5efa\u8bae\uff0c\u4e0d\u8981\u72af\u4e0a\u9762\u63d0\u5230\u7684\u4efb\u4f55\u9519\u8bef\u3002<\/p>","protected":false},"excerpt":{"rendered":"<p>RECOMENDACIONES POR P\u00c9RDIDA DE GARANT\u00cdA: \u2022 El equipo no puede estar en un lugar con una temperatura ambiente de m\u00e1s de 16 grados Celsius, esto ocasionar\u00eda recalentamiento de la m\u00e1quina, lo cual perjudica el funcionamiento adecuado del equipo. \u2022 El lugar de funcionamiento del equipo no puede ser un lugar h\u00famedo, debido al bajo nivel [&hellip;]<\/p>\n","protected":false},"author":1,"featured_media":0,"parent":0,"menu_order":0,"comment_status":"closed","ping_status":"closed","template":"","meta":{"footnotes":""},"class_list":["post-189","page","type-page","status-publish","hentry"],"_links":{"self":[{"href":"https:\/\/pruebas.michollo.to\/zh\/wp-json\/wp\/v2\/pages\/189","targetHints":{"allow":["GET"]}}],"collection":[{"href":"https:\/\/pruebas.michollo.to\/zh\/wp-json\/wp\/v2\/pages"}],"about":[{"href":"https:\/\/pruebas.michollo.to\/zh\/wp-json\/wp\/v2\/types\/page"}],"author":[{"embeddable":true,"href":"https:\/\/pruebas.michollo.to\/zh\/wp-json\/wp\/v2\/users\/1"}],"replies":[{"embeddable":true,"href":"https:\/\/pruebas.michollo.to\/zh\/wp-json\/wp\/v2\/comments?post=189"}],"version-history":[{"count":0,"href":"https:\/\/pruebas.michollo.to\/zh\/wp-json\/wp\/v2\/pages\/189\/revisions"}],"wp:attachment":[{"href":"https:\/\/pruebas.michollo.to\/zh\/wp-json\/wp\/v2\/media?parent=189"}],"curies":[{"name":"wp","href":"https:\/\/api.w.org\/{rel}","templated":true}]}}