{"id":1032,"date":"2022-11-28T09:57:07","date_gmt":"2022-11-28T11:57:07","guid":{"rendered":"https:\/\/www.minandovoy.com\/?post_type=product&#038;p=1032"},"modified":"2025-09-04T10:35:51","modified_gmt":"2025-09-04T08:35:51","slug":"fuente-de-alimentacion-2-000w","status":"publish","type":"product","link":"https:\/\/pruebas.michollo.to\/zh\/product\/fuente-de-alimentacion-2-000w\/","title":{"rendered":"\u7535\u6e902.000W"},"content":{"rendered":"<p><span class=\"a-list-item\">\u8be5\u7535\u6e90\u9002\u7528\u4e8eBTC ETH ETC ZEC ZCASH DGB XMR\u77ff\u673a\uff0c\u517c\u5bb9Antminers S9\u3001L3+\u548c\u5176\u4ed6\u54c1\u724c\u7684\u77ff\u673a\u3002<\/span><\/p>\n<ul>\n<li><span class=\"a-list-item\">2000W\u673a\u5668\u7684\u7535\u6e90\uff1a10 * 6PIN <\/span><\/li>\n<li><span class=\"a-list-item\">\u5355\u673a\u5c3a\u5bf8\uff1a240\u6beb\u7c73*110\u7c73*60\u6beb\u7c73<\/span><\/li>\n<\/ul>\n<p><span class=\"a-list-item\">\u00a0\u8be5\u77ff\u673a\u7535\u6e90\u7684\u989d\u5b9a\u8f93\u51fa\u529f\u7387\u4e3a2000W\uff0c\u7535\u538b\u4e3a110-240V\uff0c\u8f6c\u6362\u6548\u7387\u9ad8\u8fbe95 %\u3002\u98ce\u6247\u8f6c\u901f\u9ad8\u8fbe1500RPM\uff0c\u517c\u5bb9\u8d28\u91cf\u3001\u6548\u7387\u548c\u7a33\u5b9a\u6027\u7684\u5e73\u8861\uff0c\u5b9e\u73b0\u8fde\u7eed\u7684\u6709\u529f\u529f\u7387\u8f93\u51fa\uff0c\u8282\u7ea6\u6210\u672c\u3002<\/span><\/p>\n<p><span class=\"a-list-item\">\u8be5\u77ff\u7528\u7535\u6e90\u670918\u79cd\u7eaf\u94dc\u8f93\u51fa\u7ebf\uff0c\u5e76\u914d\u6709\u591a\u79cd\u7535\u6e90\u4fdd\u62a4\u88c5\u7f6e\u3002\u5f53\u7535\u6e90\u7535\u8def\u51fa\u73b0\u6545\u969c\u6216\u7535\u6e90\u5185\u90e8\u6e29\u5ea6\u8fc7\u9ad8\u65f6\uff0c\u4f1a\u81ea\u52a8\u5173\u673a\u4ee5\u4fdd\u62a4\u77ff\u5de5\u3002<\/span><\/p>","protected":false},"excerpt":{"rendered":"<p>Esta fuente alimentaci\u00f3n a es adecuada para m\u00e1quinas mineras BTC ETH ETC ZEC ZEC ZCASH DGB XMR compatibles con Antminers S9, L3+ y otras m\u00e1quinas mineras de marca. La fuente de alimentaci\u00f3n de las m\u00e1quinas 2000W: 10 * 6PIN Tama\u00f1o de unidad \u00fanica: 240 mm * 110 m * 60 mm \u00a0La fuente de alimentaci\u00f3n [&hellip;]<\/p>\n","protected":false},"featured_media":1033,"comment_status":"open","ping_status":"closed","template":"","meta":[],"product_brand":[],"product_cat":[20],"product_tag":[52,244,138],"class_list":{"0":"post-1032","1":"product","2":"type-product","3":"status-publish","4":"has-post-thumbnail","6":"product_cat-componentes","7":"product_tag-asic","8":"product_tag-gme","9":"product_tag-mineros-para-avanzados","11":"first","12":"instock","13":"taxable","14":"shipping-taxable","15":"purchasable","16":"product-type-simple"},"_links":{"self":[{"href":"https:\/\/pruebas.michollo.to\/zh\/wp-json\/wp\/v2\/product\/1032","targetHints":{"allow":["GET"]}}],"collection":[{"href":"https:\/\/pruebas.michollo.to\/zh\/wp-json\/wp\/v2\/product"}],"about":[{"href":"https:\/\/pruebas.michollo.to\/zh\/wp-json\/wp\/v2\/types\/product"}],"replies":[{"embeddable":true,"href":"https:\/\/pruebas.michollo.to\/zh\/wp-json\/wp\/v2\/comments?post=1032"}],"wp:featuredmedia":[{"embeddable":true,"href":"https:\/\/pruebas.michollo.to\/zh\/wp-json\/wp\/v2\/media\/1033"}],"wp:attachment":[{"href":"https:\/\/pruebas.michollo.to\/zh\/wp-json\/wp\/v2\/media?parent=1032"}],"wp:term":[{"taxonomy":"product_brand","embeddable":true,"href":"https:\/\/pruebas.michollo.to\/zh\/wp-json\/wp\/v2\/product_brand?post=1032"},{"taxonomy":"product_cat","embeddable":true,"href":"https:\/\/pruebas.michollo.to\/zh\/wp-json\/wp\/v2\/product_cat?post=1032"},{"taxonomy":"product_tag","embeddable":true,"href":"https:\/\/pruebas.michollo.to\/zh\/wp-json\/wp\/v2\/product_tag?post=1032"}],"curies":[{"name":"wp","href":"https:\/\/api.w.org\/{rel}","templated":true}]}}