{"id":1268,"date":"2023-02-01T08:43:49","date_gmt":"2023-02-01T10:43:49","guid":{"rendered":"https:\/\/www.minandovoy.com\/?post_type=product&#038;p=1268"},"modified":"2025-09-04T10:29:14","modified_gmt":"2025-09-04T08:29:14","slug":"antminer-hs3-9t","status":"publish","type":"product","link":"https:\/\/pruebas.michollo.to\/zh\/product\/antminer-hs3-9t\/","title":{"rendered":"Antminer HS3 9th"},"content":{"rendered":"<p>\u4f60\u77e5\u9053HANDSHAKE\u6316\u77ff\u5417\uff1f\u4f60\u80af\u5b9a\u542c\u8bf4\u8fc7\uff0c\u65b0\u53d1\u5e03\u7684Antminer HS3 9T\u5c06\u8bf4\u670d\u4f60\u60f3\u8981\u5f00\u91c7\u8fd9\u79cd\u52a0\u5bc6\u8d27\u5e01\u3002<\/p>\n<p>\u5bf9\u4e8e\u8fd9\u53f0\u673a\u5668\u6765\u8bf4\u662f\u6700\u7b26\u5408\u6210\u672c\u6548\u76ca\u7684\u91c7\u77ff\u7b97\u6cd5\u3002 <a href=\"https:\/\/coinmarketcap.com\/es\/currencies\/handshake\/\"><b>\u63e1\u624b<\/b><\/a>\u91c7\u77ff\u529f\u7387\u4e3a\u6bcf\u79d29TH\uff0c\u529f\u8017\u4e3a2,079W\/\u5c0f\u65f6\u3002<\/p>\n<p>\u5b83\u662fANTMINER HS3 9T\u3002<\/p>\n<div class=\"asicminer-widget-container\" style=\"width: 100%; min-height: 300px;\">\n            <iframe id=\"asicminer-widget-9642\" \n                    src=\"https:\/\/pruebas.michollo.to\/wp-content\/themes\/minandovoy\/proxy-widget.php?miner=bitmain\/antminer-hs3-9th&#038;type=profit&#038;theme=dark\" \n                    width=\"100%\" \n                    height=\"300\" \n                    frameborder=\"0\"\n                    loading=\"lazy\"\n                    style=\"border: none; overflow: hidden;\"\n                    title=\"ASIC Miner Widget\">\n            <\/iframe>\n        <\/div>\n<h3><b>\u4ec0\u4e48\u662fBitmain\uff1f<\/b><\/h3>\n<p><em>\u6bd4\u7279\u66fc<\/em>\u00a0\u662f\u4e00\u5bb6\u4f4d\u4e8e\u4e2d\u56fd\u5317\u4eac\u7684\u516c\u53f8\u3002\u5b83\u88ab\u8ba4\u4e3a\u662f\u52a0\u5bc6\u8d27\u5e01\u884c\u4e1a\u4e2d\u6700\u91cd\u8981\u7684\u516c\u53f8\u4e4b\u4e00\uff0c\u56e0\u4e3a\u5b83\u751f\u4ea7\u5177\u6709\u5de8\u5927\u91c7\u77ff\u80fd\u529b\u7684\u9ad8\u8d28\u91cf\u91c7\u77ff\u786c\u4ef6\uff0c\u800c\u4e14\u6280\u672f\u5148\u8fdb\u3002\u8be5\u516c\u53f8\u662f\u4e16\u754c\u4e0a\u6700\u5927\u7684\u91c7\u77ff\u786c\u4ef6\u8bbe\u8ba1\u516c\u53f8\u3002\u00a0<a href=\"https:\/\/www.minandovoy.com\/categoria\/mineros\/\">\u8bbe\u5907\u00a0<em>ASIC<\/em><\/a>\u00a0\u7528\u4e8e\u91c7\u77ff\u00a0<em>\u6bd4\u7279\u5e01<\/em>.<\/p>\n<p>Bitmain\u4e3b\u8981\u4ee5\u5176\u6bd4\u7279\u5e01\u786c\u4ef6\u800c\u95fb\u540d\uff0c\u5c3d\u7ba1\u5b83\u5bf9\u4e3a\u5176\u4e1a\u52a1\u5e26\u6765\u7a33\u56fa\u6027\u7684\u9879\u76ee\u611f\u5174\u8da3\uff0c\u5982\u4ee5\u592a\u574a\/\u4ee5\u592a\u574a\u7ecf\u5178\u3002<\/p>\n<p>2021\u5e744\u6708\uff0c\u8fd9\u5bb6\u5927\u578b\u5236\u9020\u5546\u5ba3\u5e03\u63a8\u51fa\u4e00\u6b3e\u5c06\u88ab\u547d\u540d\u4e3aEthreum\u7684\u91c7\u77ff\u673a\u3002\u00a0<a href=\"https:\/\/www.asicminervalue.com\/miners\/bitmain\/antminer-e9-2-4gh\" target=\"_blank\" rel=\"noopener\">Antminer E9<\/a>.\u8fd9\u4e2a\u771f\u6b63\u7684\u91ce\u517d\u62e5\u6709\u76f8\u5f53\u4e8e25\u4e2aNvidia RTX 3080 GPU\u7684\u80fd\u529b\u3002<\/p>\n<p>&nbsp;<\/p>\n<h2>\u5c0f\u7f16\u4e86\u89e3\u5230 <a href=\"https:\/\/www.minandovoy.com\/tienda\/?algoritmos=handshake\">\u63e1\u624b\u4f1a<\/a> \u5e76\u7528\u65b0\u7684Antminer HS3 9T\u8fdb\u884c\u91c7\u77ff\uff1a<\/h2>\n<p>Handshake\u662f\u4e00\u4e2a\u533a\u5757\u94fe\u9879\u76ee\uff0c\u8be5\u56e2\u961f\u5c06\u5176\u5b9a\u4e49\u4e3a\u4e00\u4e2a \"\u533a\u5757\u94fe\u9879\u76ee\"\u3002<strong>\u4e0eDNS\u517c\u5bb9\u7684\u53bb\u4e2d\u5fc3\u5316\u3001\u65e0\u6743\u9650\u7684\u547d\u540d\u534f\u8bae<\/strong>\u00a0\u5176\u4e2d\u6bcf\u4e2a\u5bf9\u7b49\u4f53\u90fd\u5728\u9a8c\u8bc1\u5e76\u8d1f\u8d23\u7ba1\u7406\u6839\u533a\uff0c\u76ee\u7684\u662f\u521b\u9020\u4e00\u4e2a\u66ff\u4ee3\u73b0\u6709\u8ba4\u8bc1\u673a\u6784\u7684\u65b9\u6cd5\"\u3002<\/p>\n<p>\u63e1\u624b\u4f1a\u7684\u76ee\u7684\u662f\u4e3a\u4e86 <strong>\u5c06\u6839\u533a\u57df\u6587\u4ef6\u548c\u6839\u670d\u52a1\u5668\u66ff\u6362\u4e3a\u516c\u5171\u7269\u54c1<\/strong>.\u901a\u8fc7\u8fd9\u79cd\u65b9\u5f0f\uff0c\u5176\u534f\u8bae\u4ee5\u5206\u6563\u7684\u65b9\u5f0f\u7ef4\u62a4\u6839\u533a\u6587\u4ef6\u3002<\/p>\n<p>\u63e1\u624b\u4f1a\u7684\u76ee\u7684\u662f <strong>\u66ff\u6362\u76ee\u524d\u9a8c\u8bc1\u7f51\u7edc\u652f\u4ed8\u7684\u6570\u5b57\u5b9e\u4f53<\/strong>.\u6b64\u5916\uff0c\u5b83\u7684\u76ee\u7684\u662f\u5956\u52b1\u90a3\u4e9b\u4e3a\u4e92\u8054\u7f51\u7684\u57fa\u672c\u57fa\u7840\u8bbe\u65bd\u4f5c\u51fa\u8d21\u732e\u7684\u4eba\u3002<\/p>\n<p>&nbsp;<\/p>","protected":false},"excerpt":{"rendered":"<p>\u00bfConoces la miner\u00eda de HANDSHAKE? Seguro que alguna vez has escuchado hablar de ella, el nuevo lanzamiento, Antminer HS3 9T te convencer\u00e1 de querer minar esta criptomoneda. Pues esta m\u00e1quina es la m\u00e1s rentable para la miner\u00eda del algoritmo Handshake, con una potencia de minado de 9TH por segundo y un consumo de 2.079W\/Hora. Se [&hellip;]<\/p>\n","protected":false},"featured_media":1269,"comment_status":"open","ping_status":"closed","template":"","meta":[],"product_brand":[],"product_cat":[19],"product_tag":[],"class_list":{"0":"post-1268","1":"product","2":"type-product","3":"status-publish","4":"has-post-thumbnail","6":"product_cat-mineros","8":"first","9":"outofstock","10":"taxable","11":"shipping-taxable","12":"purchasable","13":"product-type-simple"},"_links":{"self":[{"href":"https:\/\/pruebas.michollo.to\/zh\/wp-json\/wp\/v2\/product\/1268","targetHints":{"allow":["GET"]}}],"collection":[{"href":"https:\/\/pruebas.michollo.to\/zh\/wp-json\/wp\/v2\/product"}],"about":[{"href":"https:\/\/pruebas.michollo.to\/zh\/wp-json\/wp\/v2\/types\/product"}],"replies":[{"embeddable":true,"href":"https:\/\/pruebas.michollo.to\/zh\/wp-json\/wp\/v2\/comments?post=1268"}],"wp:featuredmedia":[{"embeddable":true,"href":"https:\/\/pruebas.michollo.to\/zh\/wp-json\/wp\/v2\/media\/1269"}],"wp:attachment":[{"href":"https:\/\/pruebas.michollo.to\/zh\/wp-json\/wp\/v2\/media?parent=1268"}],"wp:term":[{"taxonomy":"product_brand","embeddable":true,"href":"https:\/\/pruebas.michollo.to\/zh\/wp-json\/wp\/v2\/product_brand?post=1268"},{"taxonomy":"product_cat","embeddable":true,"href":"https:\/\/pruebas.michollo.to\/zh\/wp-json\/wp\/v2\/product_cat?post=1268"},{"taxonomy":"product_tag","embeddable":true,"href":"https:\/\/pruebas.michollo.to\/zh\/wp-json\/wp\/v2\/product_tag?post=1268"}],"curies":[{"name":"wp","href":"https:\/\/api.w.org\/{rel}","templated":true}]}}