{"id":1406,"date":"2023-02-20T13:41:52","date_gmt":"2023-02-20T15:41:52","guid":{"rendered":"https:\/\/www.minandovoy.com\/?post_type=product&#038;p=1406"},"modified":"2026-02-23T13:21:50","modified_gmt":"2026-02-23T12:21:50","slug":"antminer-k7-58th","status":"publish","type":"product","link":"https:\/\/pruebas.michollo.to\/zh\/product\/antminer-k7-58th\/","title":{"rendered":"\u5229\u7528 Bitmain \u7684 Antminer K7 58T \u6700\u5927\u9650\u5ea6\u5730\u53d1\u6325\u60a8\u7684\u6316\u77ff\u6f5c\u529b"},"content":{"rendered":"<h2 id=\"h-consecuencias-del-merge-de-ethereum\">Antminer k7 58t\u662f\u6bd4\u7279\u66fc\u516c\u53f8\u7684\u65b0\u4ea7\u54c1\u3002<\/h2>\n<p>\u4f60\u8ba4\u4e3a\u6211\u4eec\u4e0d\u80fd\u7ed9\u4f60\u5e26\u6765\u60ca\u559c\u5417\uff1f \u7b49\u4e00\u4e0b\uff0c\u7559\u4e0b\u6765\u770b\u770b\u6240\u6709\u7684\u5185\u5bb9\u5427<br \/>\n\u65b0\u673a\u5668\u7528\u4e8e <a href=\"https:\/\/www.minandovoy.com\/antminer-k7-nuevo-lanzamiento-de-bitmain\/\">Bitmain ANTMINER K7 63.5T<\/a>!<\/p>\n<p>\u5b83\u4eec\u6bcf\u5c0f\u65f6\u6d88\u80173080W\uff0c\u4ea7\u751f35%\u7684\u80fd\u91cf\u3002<strong>$<\/strong> \u6bcf\u4e00\u5929\u3002<br \/>\n\u8fd9\u4e2aASIC\u6316\u6398EAGLESONG\u7b97\u6cd5\uff0c\u5176\u552f\u4e00\u7684\u8d27\u5e01\u662f\u8457\u540d\u7684Nervos\u3002<br \/>\n\u6211\u4eec\u544a\u8bc9\u4f60\u66f4\u591a\u5173\u4e8e\u5b83\u7684\u4fe1\u606f\u3002<\/p>\n<p><strong>Nervos\u7f51\u7edc\u548c\u5b83\u7684CKB\u4ee3\u5e01<\/strong><br \/>\nNervos\u662f\u4e00\u4e2a\u533a\u5757\u94fe\u5e73\u53f0\uff0c\u5b83\u5305\u542b\u4e86\u4e00\u4e2a \"\u534f\u8bae\u96c6\u5408\"\uff0c\u5373<br \/>\n\u80dc\u8fc7\u5176\u4ed6\u533a\u5757\u94fe\uff0c\u5982\u6bd4\u7279\u5e01\u548c\u4ee5\u592a\u574a\u3002<\/p>\n<p>\u7f51\u7edc\u5c42\u5206\u4e3a\uff1a\u3002<\/p>\n<p>\u7b2c1\u5c42\uff1aCKB\uff08\u516c\u5171\u77e5\u8bc6\u5e93\uff09\u795e\u7ecf\u3002\u8fd9\u5145\u5f53\u4e86\u533a\u5757\u94fe\u7684\u4f5c\u7528<br \/>\n\u5728\u751f\u6001\u7cfb\u7edf\u5185\u6d4b\u8bd5\u5de5\u4f5c\u3002<\/p>\n<p>\u7b2c2\u5c42\u3002\u5728\u8fd9\u4e2a\u7f51\u7edc\u4e2d\uff0c\u6709\u591a\u4e2a\u7b2c2\u5c42\uff0c\u5b83\u4eec\u63d0\u4f9b\u4e86\u6709\u7528\u7684\u89e3\u51b3\u65b9\u6848\uff0c\u5982<br \/>\n\u4e3a\u5f00\u53d1\u8005\u548c\u7528\u6237\u63d0\u4f9b\u667a\u80fd\u5408\u7ea6\u3002<\/p>\n<p>\u7b2c2\u5c42\u89e3\u51b3\u65b9\u6848\u4f7f\u7f51\u7edc\u80fd\u591f\u63d0\u4f9b\u51e0\u4e4e\u65e0\u9650\u7684\u4ea4\u6613\u7ed9<br \/>\n\u6700\u4f4e\u6210\u672c\u3002<\/p>\n<p><strong>CKB\u4ee4\u724c<\/strong><br \/>\nCKB\u662f\u8be5\u7f51\u7edc\u7684\u4ee3\u5e01\uff0c\u5728\u63a8\u51fa\u65f6\u5176\u4ef7\u683c\u4e3a0.01123$\u3002<br \/>\n\u5b83\u5728\u5e02\u503c\u6392\u540d\u4e2d\u7684\u4f4d\u6b21\u662f <a href=\"https:\/\/coinmarketcap.com\/es\/currencies\/nervos-network\/\">coinmarketcap.com<\/a> \u8be5\u804c\u4f4d<br \/>\n157.<\/p>\n<p>\u5176\u603b\u53d1\u884c\u91cf\u4e3a36,680,680,992CKB\uff0c\u5176\u4e2d33.34\u4ebfCKB\u5df2\u7ecf\u8fdb\u5165\u5e02\u573a\u3002<br \/>\n\u6d41\u901a\u3002<\/p>\n<p><b>\u4ec0\u4e48\u662fBitmain\uff1f<\/b><\/p>\n<p><em>\u6bd4\u7279\u66fc<\/em>\u00a0\u662f\u4e00\u5bb6\u4f4d\u4e8e\u4e2d\u56fd\u5317\u4eac\u7684\u516c\u53f8\u3002\u5b83\u88ab\u8ba4\u4e3a\u662f\u52a0\u5bc6\u8d27\u5e01\u884c\u4e1a\u4e2d\u6700\u91cd\u8981\u7684\u516c\u53f8\u4e4b\u4e00\uff0c\u56e0\u4e3a\u5b83\u751f\u4ea7\u5177\u6709\u5de8\u5927\u91c7\u77ff\u80fd\u529b\u7684\u9ad8\u8d28\u91cf\u91c7\u77ff\u786c\u4ef6\uff0c\u800c\u4e14\u6280\u672f\u5148\u8fdb\u3002\u8be5\u516c\u53f8\u662f\u4e16\u754c\u4e0a\u6700\u5927\u7684\u91c7\u77ff\u786c\u4ef6\u8bbe\u8ba1\u516c\u53f8\u3002\u00a0<a href=\"https:\/\/www.minandovoy.com\/categoria\/mineros\/\">\u8bbe\u5907\u00a0<em>ASIC<\/em><\/a>\u00a0\u7528\u4e8e\u91c7\u77ff\u00a0<em>\u6bd4\u7279\u5e01<\/em>.<\/p>\n<p>Bitmain\u4e3b\u8981\u4ee5\u5176\u6bd4\u7279\u5e01\u786c\u4ef6\u800c\u95fb\u540d\uff0c\u5c3d\u7ba1\u5b83\u5bf9\u4e3a\u5176\u4e1a\u52a1\u5e26\u6765\u7a33\u56fa\u6027\u7684\u9879\u76ee\u611f\u5174\u8da3\uff0c\u5982\u4ee5\u592a\u574a\/\u4ee5\u592a\u574a\u7ecf\u5178\u3002<\/p>\n<p>2021\u5e744\u6708\uff0c\u8fd9\u5bb6\u5927\u578b\u5236\u9020\u5546\u5ba3\u5e03\u63a8\u51fa\u4e00\u6b3e\u5c06\u88ab\u547d\u540d\u4e3aEthreum\u7684\u91c7\u77ff\u673a\u3002\u00a0<a href=\"https:\/\/www.asicminervalue.com\/miners\/bitmain\/antminer-e9-2-4gh\" target=\"_blank\" rel=\"noopener\">Antminer E9<\/a>.\u8fd9\u4e2a\u771f\u6b63\u7684\u91ce\u517d\u62e5\u6709\u76f8\u5f53\u4e8e25\u4e2aNvidia RTX 3080 GPU\u7684\u80fd\u529b\u3002<\/p>\n<p>&nbsp;<\/p>","protected":false},"excerpt":{"rendered":"<p>ANTMINER K7 58T EL NUEVO LANZAMIENTO DE BITMAIN \u00bfCrees que no podemos sorprenderte? \u00a1Espera, qu\u00e9date a leer todo sobre esta nueva m\u00e1quina de Bitmain ANTMINER K7 63.5T! Cuentan con un consumo de 3080W a la hora,\u00a0 est\u00e1 generando 35$ al d\u00eda. Este ASIC mina el algoritmo EAGLESONG, cuya \u00fanica moneda es la conocida Nervos. Os [&hellip;]<\/p>\n","protected":false},"featured_media":1269,"comment_status":"open","ping_status":"closed","template":"","meta":[],"product_brand":[],"product_cat":[19],"product_tag":[244,138],"class_list":{"0":"post-1406","1":"product","2":"type-product","3":"status-publish","4":"has-post-thumbnail","6":"product_cat-mineros","7":"product_tag-gme","8":"product_tag-mineros-para-avanzados","10":"first","11":"instock","12":"taxable","13":"shipping-taxable","14":"purchasable","15":"product-type-simple"},"_links":{"self":[{"href":"https:\/\/pruebas.michollo.to\/zh\/wp-json\/wp\/v2\/product\/1406","targetHints":{"allow":["GET"]}}],"collection":[{"href":"https:\/\/pruebas.michollo.to\/zh\/wp-json\/wp\/v2\/product"}],"about":[{"href":"https:\/\/pruebas.michollo.to\/zh\/wp-json\/wp\/v2\/types\/product"}],"replies":[{"embeddable":true,"href":"https:\/\/pruebas.michollo.to\/zh\/wp-json\/wp\/v2\/comments?post=1406"}],"wp:featuredmedia":[{"embeddable":true,"href":"https:\/\/pruebas.michollo.to\/zh\/wp-json\/wp\/v2\/media\/1269"}],"wp:attachment":[{"href":"https:\/\/pruebas.michollo.to\/zh\/wp-json\/wp\/v2\/media?parent=1406"}],"wp:term":[{"taxonomy":"product_brand","embeddable":true,"href":"https:\/\/pruebas.michollo.to\/zh\/wp-json\/wp\/v2\/product_brand?post=1406"},{"taxonomy":"product_cat","embeddable":true,"href":"https:\/\/pruebas.michollo.to\/zh\/wp-json\/wp\/v2\/product_cat?post=1406"},{"taxonomy":"product_tag","embeddable":true,"href":"https:\/\/pruebas.michollo.to\/zh\/wp-json\/wp\/v2\/product_tag?post=1406"}],"curies":[{"name":"wp","href":"https:\/\/api.w.org\/{rel}","templated":true}]}}