{"id":17882,"date":"2025-04-29T16:27:23","date_gmt":"2025-04-29T14:27:23","guid":{"rendered":"https:\/\/www.minandovoy.com\/?post_type=product&#038;p=17882"},"modified":"2025-08-06T17:46:21","modified_gmt":"2025-08-06T15:46:21","slug":"goldshell-ae-max","status":"publish","type":"product","link":"https:\/\/pruebas.michollo.to\/zh\/product\/goldshell-ae-max\/","title":{"rendered":"Goldshell AE Max"},"content":{"rendered":"<p>La Goldshell AE Max es una excelente opci\u00f3n para quienes desean iniciarse o ampliar su operaci\u00f3n en la miner\u00eda de Aeternity. Dise\u00f1ada para ofrecer alto rendimiento con un funcionamiento estable y confiable, esta m\u00e1quina destaca por su facilidad de uso y bajo mantenimiento. Su dise\u00f1o compacto y eficiente la hace ideal tanto para entornos dom\u00e9sticos como para instalaciones m\u00e1s grandes. Una soluci\u00f3n lista para conectar y empezar a generar recompensas desde el primer d\u00eda.<\/p>\n<p>Goldshell AE Max es un minero ASIC dise\u00f1ado para el algoritmo zkSNARK, dirigido espec\u00edficamente a ALEO (Aleo).<\/p>\n<div class=\"asicminer-widget-container\" style=\"width: 100%; min-height: 300px;\">\n            <iframe id=\"asicminer-widget-8221\" \n                    src=\"https:\/\/pruebas.michollo.to\/wp-content\/themes\/minandovoy\/proxy-widget.php?miner=goldshell\/ae-max&#038;type=profit&#038;theme=dark\" \n                    width=\"100%\" \n                    height=\"300\" \n                    frameborder=\"0\"\n                    loading=\"lazy\"\n                    style=\"border: none; overflow: hidden;\"\n                    title=\"ASIC Miner Widget\">\n            <\/iframe>\n        <\/div>\n<h2 class=\"\" data-start=\"202\" data-end=\"233\">\ud83d\udd27 Especificaciones T\u00e9cnicas<\/h2>\n<table class=\"w-full\">\n<tbody>\n<tr class=\"odd:bg-transparent even:bg-gray-1 odd:dark:bg-transparent even:dark:bg-black\/80\">\n<td class=\"min-w-40 py-1 pl-2\">\u5236\u9020\u5546<\/td>\n<td class=\"pr-2 text-right\">\u91d1\u8d1d\u58f3<\/td>\n<\/tr>\n<tr class=\"odd:bg-transparent even:bg-gray-1 odd:dark:bg-transparent even:dark:bg-black\/80\">\n<td class=\"min-w-40 py-1 pl-2\">\u6a21\u578b<\/td>\n<td class=\"pr-2 text-right\">AE Max<\/td>\n<\/tr>\n<tr class=\"odd:bg-transparent even:bg-gray-1 odd:dark:bg-transparent even:dark:bg-black\/80\">\n<td class=\"min-w-40 py-1 pl-2\">Tambi\u00e9n conocido como<\/td>\n<td class=\"pr-2 text-right\">Goldshell AE Max ALEO Miner<\/td>\n<\/tr>\n<tr class=\"odd:bg-transparent even:bg-gray-1 odd:dark:bg-transparent even:dark:bg-black\/80\">\n<td class=\"min-w-40 py-1 pl-2\">\u542f\u52a8<\/td>\n<td class=\"pr-2 text-right\">May 2025<\/td>\n<\/tr>\n<tr class=\"odd:bg-transparent even:bg-gray-1 odd:dark:bg-transparent even:dark:bg-black\/80\">\n<td class=\"min-w-40 py-1 pl-2\">Tama\u00f1o<\/td>\n<td class=\"pr-2 text-right\">264 x 200 x 290mm<\/td>\n<\/tr>\n<tr class=\"odd:bg-transparent even:bg-gray-1 odd:dark:bg-transparent even:dark:bg-black\/80\">\n<td class=\"min-w-40 py-1 pl-2\">\u91cd\u91cf<\/td>\n<td class=\"pr-2 text-right\">11100g<\/td>\n<\/tr>\n<tr class=\"odd:bg-transparent even:bg-gray-1 odd:dark:bg-transparent even:dark:bg-black\/80\">\n<td class=\"min-w-40 py-1 pl-2\">Nivel de ruido<\/td>\n<td class=\"pr-2 text-right\">85dB<\/td>\n<\/tr>\n<tr class=\"odd:bg-transparent even:bg-gray-1 odd:dark:bg-transparent even:dark:bg-black\/80\">\n<td class=\"min-w-40 py-1 pl-2\">Ventilador(es)<\/td>\n<td class=\"pr-2 text-right\">4<\/td>\n<\/tr>\n<tr class=\"odd:bg-transparent even:bg-gray-1 odd:dark:bg-transparent even:dark:bg-black\/80\">\n<td class=\"min-w-40 py-1 pl-2\">\u6743\u529b<\/td>\n<td class=\"pr-2 text-right\">3300W<\/td>\n<\/tr>\n<tr class=\"odd:bg-transparent even:bg-gray-1 odd:dark:bg-transparent even:dark:bg-black\/80\">\n<td class=\"min-w-40 py-1 pl-2\">\u7535\u538b<\/td>\n<td class=\"pr-2 text-right\">200-240V<\/td>\n<\/tr>\n<tr class=\"odd:bg-transparent even:bg-gray-1 odd:dark:bg-transparent even:dark:bg-black\/80\">\n<td class=\"min-w-40 py-1 pl-2\">\u4ecb\u9762<\/td>\n<td class=\"pr-2 text-right\">\u4ee5\u592a\u7f51<\/td>\n<\/tr>\n<tr class=\"odd:bg-transparent even:bg-gray-1 odd:dark:bg-transparent even:dark:bg-black\/80\">\n<td class=\"min-w-40 py-1 pl-2\">\u6e29\u5ea6<\/td>\n<td class=\"pr-2 text-right\">5 &#8211; 35 \u00b0C<\/td>\n<\/tr>\n<tr class=\"odd:bg-transparent even:bg-gray-1 odd:dark:bg-transparent even:dark:bg-black\/80\">\n<td class=\"min-w-40 py-1 pl-2\">\u6e7f\u5ea6<\/td>\n<td class=\"pr-2 text-right\">5 &#8211; 65 %<\/td>\n<\/tr>\n<\/tbody>\n<\/table>","protected":false},"excerpt":{"rendered":"<p>La Goldshell AE Max es una excelente opci\u00f3n para quienes desean iniciarse o ampliar su operaci\u00f3n en la miner\u00eda de Aeternity. Dise\u00f1ada para ofrecer alto rendimiento con un funcionamiento estable y confiable, esta m\u00e1quina destaca por su facilidad de uso y bajo mantenimiento. Su dise\u00f1o compacto y eficiente la hace ideal tanto para entornos dom\u00e9sticos [&hellip;]<\/p>\n","protected":false},"featured_media":17883,"comment_status":"open","ping_status":"closed","template":"","meta":[],"product_brand":[],"product_cat":[19],"product_tag":[244,138],"class_list":{"0":"post-17882","1":"product","2":"type-product","3":"status-publish","4":"has-post-thumbnail","6":"product_cat-mineros","7":"product_tag-gme","8":"product_tag-mineros-para-avanzados","10":"first","11":"instock","12":"taxable","13":"shipping-taxable","14":"purchasable","15":"product-type-simple"},"_links":{"self":[{"href":"https:\/\/pruebas.michollo.to\/zh\/wp-json\/wp\/v2\/product\/17882","targetHints":{"allow":["GET"]}}],"collection":[{"href":"https:\/\/pruebas.michollo.to\/zh\/wp-json\/wp\/v2\/product"}],"about":[{"href":"https:\/\/pruebas.michollo.to\/zh\/wp-json\/wp\/v2\/types\/product"}],"replies":[{"embeddable":true,"href":"https:\/\/pruebas.michollo.to\/zh\/wp-json\/wp\/v2\/comments?post=17882"}],"wp:featuredmedia":[{"embeddable":true,"href":"https:\/\/pruebas.michollo.to\/zh\/wp-json\/wp\/v2\/media\/17883"}],"wp:attachment":[{"href":"https:\/\/pruebas.michollo.to\/zh\/wp-json\/wp\/v2\/media?parent=17882"}],"wp:term":[{"taxonomy":"product_brand","embeddable":true,"href":"https:\/\/pruebas.michollo.to\/zh\/wp-json\/wp\/v2\/product_brand?post=17882"},{"taxonomy":"product_cat","embeddable":true,"href":"https:\/\/pruebas.michollo.to\/zh\/wp-json\/wp\/v2\/product_cat?post=17882"},{"taxonomy":"product_tag","embeddable":true,"href":"https:\/\/pruebas.michollo.to\/zh\/wp-json\/wp\/v2\/product_tag?post=17882"}],"curies":[{"name":"wp","href":"https:\/\/api.w.org\/{rel}","templated":true}]}}