{"id":17912,"date":"2025-04-30T12:55:46","date_gmt":"2025-04-30T10:55:46","guid":{"rendered":"https:\/\/www.minandovoy.com\/?post_type=product&#038;p=17912"},"modified":"2026-02-23T13:10:58","modified_gmt":"2026-02-23T12:10:58","slug":"antminer-l7-con-hosting","status":"publish","type":"product","link":"https:\/\/pruebas.michollo.to\/zh\/product\/antminer-l7-con-hosting\/","title":{"rendered":"Antminer L7 + HOSTING"},"content":{"rendered":"<p>El Antminer L7 9Gh de Bitmain es una excelente elecci\u00f3n para quienes buscan una soluci\u00f3n profesional y confiable en miner\u00eda. Fabricado por uno de los l\u00edderes del sector, ofrece un equilibrio ideal entre potencia y eficiencia. Su dise\u00f1o est\u00e1 pensado para brindar estabilidad en operaciones continuas, ya sea en instalaciones grandes o peque\u00f1os proyectos. Ideal para quienes quieren rendimiento sin complicaciones.<\/p>\n<p>Costes incluidos:<br \/>\n\u2013 Antminer L7 9 Gh: 2256\u20ac<br \/>\n\u2013 Dos meses de luz por adelantado: 317,42\u20ac<br \/>\n\u2013 Deposito o fianza: 158,71\u20ac<br \/>\n\u2013 Gastos de instalaci\u00f3n: 80,07 \u20ac (Pago \u00fanico).<br \/>\n\u2013 Gastos de tramitaci\u00f3n y gestor\u00eda: 60 \u20ac\/a\u00f1o.<br \/>\n\u2013 Envio a Emiratos Arabes: 200\u20ac<br \/>\n\u2013 Envio interno a la granja 100\u20ac<\/p>","protected":false},"excerpt":{"rendered":"<p>El Antminer L7 9Gh de Bitmain es una excelente elecci\u00f3n para quienes buscan una soluci\u00f3n profesional y confiable en miner\u00eda. Fabricado por uno de los l\u00edderes del sector, ofrece un equilibrio ideal entre potencia y eficiencia. Su dise\u00f1o est\u00e1 pensado para brindar estabilidad en operaciones continuas, ya sea en instalaciones grandes o peque\u00f1os proyectos. Ideal [&hellip;]<\/p>\n","protected":false},"featured_media":17913,"comment_status":"open","ping_status":"closed","template":"","meta":[],"product_brand":[],"product_cat":[19],"product_tag":[244,138,139],"class_list":{"0":"post-17912","1":"product","2":"type-product","3":"status-publish","4":"has-post-thumbnail","6":"product_cat-mineros","7":"product_tag-gme","8":"product_tag-mineros-para-avanzados","9":"product_tag-mineros-para-expertos","11":"first","12":"instock","13":"downloadable","14":"virtual","15":"taxable","16":"purchasable","17":"product-type-simple"},"_links":{"self":[{"href":"https:\/\/pruebas.michollo.to\/zh\/wp-json\/wp\/v2\/product\/17912","targetHints":{"allow":["GET"]}}],"collection":[{"href":"https:\/\/pruebas.michollo.to\/zh\/wp-json\/wp\/v2\/product"}],"about":[{"href":"https:\/\/pruebas.michollo.to\/zh\/wp-json\/wp\/v2\/types\/product"}],"replies":[{"embeddable":true,"href":"https:\/\/pruebas.michollo.to\/zh\/wp-json\/wp\/v2\/comments?post=17912"}],"wp:featuredmedia":[{"embeddable":true,"href":"https:\/\/pruebas.michollo.to\/zh\/wp-json\/wp\/v2\/media\/17913"}],"wp:attachment":[{"href":"https:\/\/pruebas.michollo.to\/zh\/wp-json\/wp\/v2\/media?parent=17912"}],"wp:term":[{"taxonomy":"product_brand","embeddable":true,"href":"https:\/\/pruebas.michollo.to\/zh\/wp-json\/wp\/v2\/product_brand?post=17912"},{"taxonomy":"product_cat","embeddable":true,"href":"https:\/\/pruebas.michollo.to\/zh\/wp-json\/wp\/v2\/product_cat?post=17912"},{"taxonomy":"product_tag","embeddable":true,"href":"https:\/\/pruebas.michollo.to\/zh\/wp-json\/wp\/v2\/product_tag?post=17912"}],"curies":[{"name":"wp","href":"https:\/\/api.w.org\/{rel}","templated":true}]}}