{"id":1961,"date":"2023-06-02T05:38:09","date_gmt":"2023-06-02T07:38:09","guid":{"rendered":"https:\/\/www.minandovoy.com\/?post_type=product&#038;p=1961"},"modified":"2025-05-09T14:47:16","modified_gmt":"2025-05-09T12:47:16","slug":"powercolor-fighter-amd-radeon-rx-6600-8gb-gddr6","status":"publish","type":"product","link":"https:\/\/pruebas.michollo.to\/zh\/product\/powercolor-fighter-amd-radeon-rx-6600-8gb-gddr6\/","title":{"rendered":"PowerColor Fighter AMD Radeon RX 6600 8GB GDDR6"},"content":{"rendered":"<p>PowerColor RX 6600 8GB \u662f\u77e5\u540d\u663e\u5361\u5236\u9020\u5546 PowerColor \u751f\u4ea7\u7684 AMD Radeon RX 6600 \u663e\u5361\u7684\u7279\u5b9a\u7248\u672c\u3002\u4e0b\u9762\u662f\u8be5\u663e\u5361\u529f\u80fd\u7684\u8be6\u7ec6\u4ecb\u7ecd\uff1a<\/p>\n<ol>\n<li>\u56fe\u5f62\u5904\u7406\u5668\uff1aPowerColor RX 6600 \u914d\u5907\u4e86\u57fa\u4e8e AMD RDNA 2 \u67b6\u6784\u7684 AMD Radeon RX 6600 \u56fe\u5f62\u5904\u7406\u5668\u3002\u4e0e\u524d\u51e0\u4ee3\u4ea7\u54c1\u76f8\u6bd4\uff0c\u8be5\u67b6\u6784\u5728\u6027\u80fd\u548c\u80fd\u6548\u65b9\u9762\u5747\u6709\u5927\u5e45\u63d0\u5347\uff0c\u53ef\u786e\u4fdd\u5728\u6e38\u620f\u548c\u591a\u5a92\u4f53\u5e94\u7528\u4e2d\u53d1\u6325\u7a33\u5b9a\u7684\u6027\u80fd\u3002<\/li>\n<li>\u663e\u5b58\uff1a\u8be5\u663e\u5361\u914d\u5907 8GB GDDR6 \u663e\u5b58\u3002 GDDR6 \u663e\u5b58\u901f\u5ea6\u5feb\u3001\u6548\u7387\u9ad8\uff0c\u53ef\u5b9e\u73b0\u6d41\u7545\u7684\u6e38\u620f\u6027\u80fd\u548c\u9ad8\u8d28\u91cf\u7684\u89c6\u9891\u64ad\u653e\u3002<\/li>\n<li>\u5185\u5b58\u63a5\u53e3\uff1aPowerColor RX 6600 \u91c7\u7528 128 \u4f4d\u5185\u5b58\u63a5\u53e3\uff0c\u53ef\u5728 GPU \u548c\u5185\u5b58\u4e4b\u95f4\u5feb\u901f\u9ad8\u6548\u5730\u4f20\u8f93\u6570\u636e\u3002<\/li>\n<li>\u5185\u6838\u548c\u65f6\u949f\uff1aRX 6600 \u62e5\u6709 1792 \u4e2a\u5904\u7406\u5185\u6838\uff0c\u57fa\u672c\u65f6\u949f\u9891\u7387\u4e3a 1670 MHz\u3002\u5728\u63d0\u5347\u6a21\u5f0f\u4e0b\uff0c\u5b83\u8fd8\u80fd\u8fbe\u5230\u66f4\u9ad8\u7684\u65f6\u949f\u901f\u5ea6\uff0c\u4ece\u800c\u5728\u8981\u6c42\u82db\u523b\u7684\u5e94\u7528\u4e2d\u63d0\u9ad8\u6027\u80fd\u3002<\/li>\n<li>\u5206\u8fa8\u7387\u548c\u591a\u663e\u793a\u5668\u652f\u6301\uff1a\u8be5\u663e\u5361\u652f\u6301\u9ad8\u8fbe 4K \u7684\u5206\u8fa8\u7387\uff0c\u5e26\u6765\u8eab\u4e34\u5176\u5883\u7684\u6e38\u620f\u4f53\u9a8c\u548c\u9ad8\u54c1\u8d28\u7684\u591a\u5a92\u4f53\u5185\u5bb9\u64ad\u653e\u3002\u6b64\u5916\uff0c\u5b83\u8fd8\u652f\u6301\u591a\u53f0\u663e\u793a\u5668\uff0c\u4ee5\u5b9e\u73b0\u6269\u5c55\u6216\u955c\u50cf\u663e\u793a\u914d\u7f6e\u3002<\/li>\n<li>\u8fde\u63a5\u6027\uff1aPowerColor RX 6600 \u914d\u5907\u4e86\u591a\u4e2a\u8fde\u63a5\u7aef\u53e3\uff0c\u5305\u62ec\u4e09\u4e2a DisplayPort 1.4 \u7aef\u53e3\u548c\u4e00\u4e2a HDMI 2.1 \u7aef\u53e3\u3002\u901a\u8fc7\u8fd9\u4e9b\u7aef\u53e3\uff0c\u60a8\u53ef\u4ee5\u5c06\u663e\u5361\u8fde\u63a5\u5230\u663e\u793a\u5668\u3001\u7535\u89c6\u6216\u5176\u4ed6\u517c\u5bb9\u7684\u663e\u793a\u8bbe\u5907\u4e0a\u3002<\/li>\n<li>\u51b7\u5374\u7cfb\u7edf\u8be5\u663e\u5361\u914d\u5907\u9ad8\u6548\u7684\u51b7\u5374\u7cfb\u7edf\uff0c\u53ef\u5728\u957f\u65f6\u95f4\u548c\u82db\u523b\u7684\u4f7f\u7528\u6761\u4ef6\u4e0b\u63a7\u5236\u6e29\u5ea6\u3002\u8fd9\u6709\u52a9\u4e8e\u786e\u4fdd\u6700\u4f73\u6027\u80fd\u548c\u66f4\u957f\u7684\u663e\u5361\u5bff\u547d\u3002<\/li>\n<\/ol>\n<p>\u603b\u4e4b\uff0cPowerColor RX 6600 8GB \u662f\u4e00\u6b3e\u6027\u80fd\u7a33\u5b9a\u3001\u529f\u80fd\u5f3a\u5927\u7684\u4e2d\u7aef\u663e\u5361\uff0c\u9002\u5408\u6e38\u620f\u548c\u591a\u5a92\u4f53\u5e94\u7528\u3002\u5176\u57fa\u4e8e AMD RDNA 2 \u67b6\u6784\u7684 GPU\u30018GB \u663e\u5b58\u30014K \u5206\u8fa8\u7387\u652f\u6301\u548c\u9ad8\u6548\u7684\u6563\u70ed\u7cfb\u7edf\uff0c\u4f7f\u5176\u6210\u4e3a\u90a3\u4e9b\u5bfb\u6c42\u6027\u80fd\u548c\u4ef7\u683c\u5e73\u8861\u7684\u663e\u5361\u7528\u6237\u7684\u4e00\u4e2a\u6781\u5177\u5438\u5f15\u529b\u7684\u9009\u62e9\u3002<\/p>\n<h2>\u89c4\u683c RX 6600 8GB\uff1a<\/h2>\n<ul>\n<li><strong>\u5904\u7406\u5668<\/strong>\n<ul>\n<li>CUDA\uff1a\u5426<\/li>\n<li>\u56fe\u5f62\u5904\u7406\u5668\u7cfb\u5217\uff1aAMD<\/li>\n<li>\u56fe\u5f62\u5904\u7406\u5668\uff1a Radeon RX 6600<\/li>\n<li>\u5904\u7406\u5668\u9891\u7387\uff1a2044 MHz<\/li>\n<li>\u5904\u7406\u5668\u65f6\u949f\u901f\u5ea6\u63d0\u9ad8\uff1a2491 MHz<\/li>\n<li>\u5f53\u524d\u5904\u7406\u5668\uff1a1792<\/li>\n<\/ul>\n<\/li>\n<\/ul>\n<ul>\n<li><strong>\u8bb0\u5fc6<\/strong>\n<ul>\n<li>\u56fe\u5f62\u9002\u914d\u5668\u5185\u5b58\u5bb9\u91cf\uff1a8 GB<\/li>\n<li>\u56fe\u5f62\u9002\u914d\u5668\u5185\u5b58\u7c7b\u578b\uff1aGDDR6<\/li>\n<li>\u6570\u636e\u5bbd\u5ea6\uff1a128 \u4f4d<\/li>\n<li>\u6570\u636e\u4f20\u8f93\u901f\u7387\uff1a14 Gbit\/s<\/li>\n<\/ul>\n<\/li>\n<\/ul>\n<ul>\n<li><strong>\u7aef\u53e3\u548c\u63a5\u53e3<\/strong>\n<ul>\n<li>\u63a5\u53e3\u7c7b\u578b\uff1aPCI Express 4.0<\/li>\n<li>HDMI \u7aef\u53e3\u6570\u91cf\uff1a1<\/li>\n<li>HDMI \u7248\u672c\uff1a2.1<\/li>\n<li>\u663e\u793a\u7aef\u53e3\u6570\uff1a3<\/li>\n<li>DisplayPort \u7248\u672c\uff1a1.4<\/li>\n<\/ul>\n<\/li>\n<\/ul>\n<ul>\n<li><strong>\u6027\u80fd<\/strong>\n<ul>\n<li>\u96c6\u6210\u7535\u89c6\u8c03\u8c10\u5668\uff1a\u5426<\/li>\n<li>DirectX \u7248\u672c\uff1a12.0<\/li>\n<li>OpenGL \u7248\u672c\uff1a4.6<\/li>\n<li>\u53cc\u94fe\u8def DVI\uff1a\u5426<\/li>\n<\/ul>\n<\/li>\n<\/ul>\n<ul>\n<li><strong>\u8bbe\u8ba1<\/strong>\n<ul>\n<li>\u51b7\u5374\u7c7b\u578b\uff1a\u4e3b\u52a8\u5f0f<\/li>\n<li>\u98ce\u6247\u6570\u91cf\uff1a2 \u4e2a\u98ce\u6247<\/li>\n<li>\u98ce\u6247\u76f4\u5f84\uff1a9 \u5398\u7c73<\/li>\n<li>\u63d2\u69fd\u6570\u91cf\uff1a2<\/li>\n<\/ul>\n<\/li>\n<\/ul>\n<ul>\n<li><strong>\u80fd\u6e90\u63a7\u5236<\/strong>\n<ul>\n<li>\u7cfb\u7edf\u6700\u4f4e\u4f9b\u7535\u529f\u7387\uff1a500 W<\/li>\n<li>\u8f85\u52a9\u7535\u6e90\u8fde\u63a5\u5668\uff1a1x 8 \u9488<\/li>\n<\/ul>\n<\/li>\n<\/ul>\n<ul>\n<li><strong>\u91cd\u91cf\u548c\u5c3a\u5bf8<\/strong>\n<ul>\n<li>\u6df1\u5ea6\uff1a111 \u6beb\u7c73<\/li>\n<li>\u9ad8\u5ea6\uff1a39 \u6beb\u7c73<\/li>\n<li>\u5bbd\u5ea6\uff1a200 \u6beb\u7c73<\/li>\n<\/ul>\n<\/li>\n<\/ul>\n<ul>\n<li><strong>\u5305\u88c5<\/strong>\n<ul>\n<li>\u5305\u88c5\u7c7b\u578b\uff1a\u76d2\u88c5<\/li>\n<\/ul>\n<\/li>\n<\/ul>","protected":false},"excerpt":{"rendered":"<p>La PowerColor RX 6600 8GB es una versi\u00f3n espec\u00edfica de la tarjeta gr\u00e1fica AMD Radeon RX 6600 fabricada por PowerColor, un reconocido fabricante de tarjetas gr\u00e1ficas. A continuaci\u00f3n, te proporciono una descripci\u00f3n detallada de las caracter\u00edsticas de esta tarjeta: GPU: La PowerColor RX 6600 est\u00e1 equipada con la GPU AMD Radeon RX 6600, que se [&hellip;]<\/p>\n","protected":false},"featured_media":1962,"comment_status":"open","ping_status":"closed","template":"","meta":[],"product_brand":[],"product_cat":[20,18],"product_tag":[240],"class_list":{"0":"post-1961","1":"product","2":"type-product","3":"status-publish","4":"has-post-thumbnail","6":"product_cat-componentes","7":"product_cat-rigs-de-gpu","8":"product_tag-gpu","10":"first","11":"instock","12":"taxable","13":"shipping-taxable","14":"purchasable","15":"product-type-simple"},"_links":{"self":[{"href":"https:\/\/pruebas.michollo.to\/zh\/wp-json\/wp\/v2\/product\/1961","targetHints":{"allow":["GET"]}}],"collection":[{"href":"https:\/\/pruebas.michollo.to\/zh\/wp-json\/wp\/v2\/product"}],"about":[{"href":"https:\/\/pruebas.michollo.to\/zh\/wp-json\/wp\/v2\/types\/product"}],"replies":[{"embeddable":true,"href":"https:\/\/pruebas.michollo.to\/zh\/wp-json\/wp\/v2\/comments?post=1961"}],"wp:featuredmedia":[{"embeddable":true,"href":"https:\/\/pruebas.michollo.to\/zh\/wp-json\/wp\/v2\/media\/1962"}],"wp:attachment":[{"href":"https:\/\/pruebas.michollo.to\/zh\/wp-json\/wp\/v2\/media?parent=1961"}],"wp:term":[{"taxonomy":"product_brand","embeddable":true,"href":"https:\/\/pruebas.michollo.to\/zh\/wp-json\/wp\/v2\/product_brand?post=1961"},{"taxonomy":"product_cat","embeddable":true,"href":"https:\/\/pruebas.michollo.to\/zh\/wp-json\/wp\/v2\/product_cat?post=1961"},{"taxonomy":"product_tag","embeddable":true,"href":"https:\/\/pruebas.michollo.to\/zh\/wp-json\/wp\/v2\/product_tag?post=1961"}],"curies":[{"name":"wp","href":"https:\/\/api.w.org\/{rel}","templated":true}]}}