{"id":2017,"date":"2023-06-02T05:48:51","date_gmt":"2023-06-02T07:48:51","guid":{"rendered":"https:\/\/www.minandovoy.com\/?post_type=product&#038;p=2017"},"modified":"2025-05-09T14:47:15","modified_gmt":"2025-05-09T12:47:15","slug":"sapphire-pulse-amd-radeon-rx-6400-gaming-4gb-gddr6-graphics-card","status":"publish","type":"product","link":"https:\/\/pruebas.michollo.to\/zh\/product\/sapphire-pulse-amd-radeon-rx-6400-gaming-4gb-gddr6-graphics-card\/","title":{"rendered":"\u84dd\u5b9d\u77f3\u8109\u51b2AMD Radeon RX 6400\u6e38\u620f4GB GDDR6"},"content":{"rendered":"<p>\u84dd\u5b9d\u77f3Pulse AMD Radeon RX 6400 Gaming 4GB GDDR6\u663e\u5361\u662f\u4e00\u4e2a\u5f3a\u5927\u7684\u9009\u62e9\uff0c\u65e8\u5728\u63d0\u4f9b\u4e00\u4e2a\u8eab\u4e34\u5176\u5883\u548c\u6d41\u7545\u7684\u6e38\u620f\u4f53\u9a8c\u3002\u51ed\u501f\u5176AMD RDNA 2\u67b6\u6784\uff0c\u8be5\u663e\u5361\u63d0\u4f9b\u4e86\u5353\u8d8a\u7684\u6027\u80fd\u548c\u60ca\u4eba\u7684\u89c6\u89c9\u80fd\u529b\u3002<\/p>\n<p>RX 6400\u5177\u67094GB\u7684\u9ad8\u901fGDDR6\u5185\u5b58\uff0c\u80fd\u591f\u5feb\u901f\u52a0\u8f7d\u7eb9\u7406\u548c\u56fe\u5f62\u6570\u636e\uff0c\u5b9e\u73b0\u6d41\u7545\u3001\u4e0d\u95f4\u65ad\u7684\u64ad\u653e\u3002\u6b64\u5916\uff0c\u4e0e\u524d\u51e0\u4ee3\u5185\u5b58\u76f8\u6bd4\uff0cGDDR6\u6280\u672f\u786e\u4fdd\u4e86\u66f4\u9ad8\u7684\u5e26\u5bbd\u548c\u66f4\u4f4e\u7684\u8017\u7535\u91cf\u3002<\/p>\n<p>SAPPHIRE PULSE\u663e\u5361\u5177\u6709\u5148\u8fdb\u7684\u51b7\u5374\u8bbe\u8ba1\uff0c\u5373\u4f7f\u5728\u6fc0\u70c8\u7684\u6e38\u620f\u8fc7\u7a0b\u4e2d\u4e5f\u80fd\u4fdd\u6301\u6e29\u5ea6\u7684\u63a7\u5236\u3002\u5b83\u7684\u53cc\u98ce\u6247\u548c\u9ad8\u6548\u7684\u6563\u70ed\u5668\u5b9e\u73b0\u4e86\u51b7\u5374\u548c\u5b89\u9759\u7684\u6027\u80fd\uff0c\u9632\u6b62\u8fc7\u70ed\u5e76\u5ef6\u957f\u663e\u5361\u7684\u5bff\u547d\u3002<\/p>\n<p>\u7531\u4e8e\u652f\u6301DirectX 12 Ultimate\u548cAMD FidelityFX\u6280\u672f\uff0cRX 6400\u63d0\u4f9b\u4e86\u5353\u8d8a\u7684\u89c6\u89c9\u8d28\u91cf\u548c\u60ca\u4eba\u7684\u56fe\u5f62\u6548\u679c\u3002\u4f60\u5c06\u5728\u4f60\u6700\u559c\u6b22\u7684\u6e38\u620f\u4e2d\u4eab\u53d7\u6e05\u6670\u7684\u56fe\u50cf\u3001\u9c9c\u8273\u7684\u8272\u5f69\u548c\u4ee4\u4eba\u60ca\u53f9\u7684\u7ec6\u8282\u3002<\/p>\n<p>\u9664\u4e86\u6e38\u620f\u529f\u80fd\u5916\uff0cSAPPHIRE PULSE AMD RADEON RX 6400\u4e5f\u662f\u89c6\u9891\u7f16\u8f91\u3001\u56fe\u5f62\u8bbe\u8ba1\u548c\u5176\u4ed6\u56fe\u5f62\u5bc6\u96c6\u578b\u5e94\u7528\u7684\u7406\u60f3\u9009\u62e9\u3002\u5229\u7528\u5b83\u7684\u529b\u91cf\u548c\u6027\u80fd\uff0c\u5c06\u60a8\u7684\u521b\u610f\u9879\u76ee\u63d0\u5347\u5230\u65b0\u7684\u6c34\u5e73\u3002<\/p>\n<p>\u7b80\u800c\u8a00\u4e4b\uff0cSAPPHIRE PULSE AMD RADEON RX 6400 GAMING 4GB GDDR6\u662f\u4e00\u6b3e\u9ad8\u6027\u80fd\u663e\u5361\uff0c\u65e8\u5728\u4e3a\u5404\u79cd\u5e94\u7528\u63d0\u4f9b\u65e0\u4e0e\u4f26\u6bd4\u7684\u6e38\u620f\u4f53\u9a8c\u548c\u5353\u8d8a\u7684\u56fe\u5f62\u6027\u80fd\u3002\u5982\u679c\u4f60\u6b63\u5728\u5bfb\u627e\u52a8\u529b\u3001\u89c6\u89c9\u8d28\u91cf\u548c\u53ef\u9760\u7684\u6027\u80fd\uff0c\u8fd9\u6b3e\u663e\u5361\u662f\u4e00\u4e2a\u5f88\u597d\u7684\u9009\u62e9\u3002<\/p>\n<h2>\u7279\u70b9<\/h2>\n<ul>\n<li>AMD RDNA\u2122 2\u67b6\u6784<\/li>\n<li>DirectX\u00ae 12\u7ec8\u6781\u7248<\/li>\n<li>GDDR6\u5185\u5b58<\/li>\n<li>\u652f\u6301PCI\u00ae Express 4.0<\/li>\n<li>AMD FreeSync\u2122\u6280\u672f<\/li>\n<li>\u5e26\u6709DSC\u7684DisplayPort\u2122 1.4<\/li>\n<li>HDMITM<\/li>\n<li>\u89c6\u9891\u6d41\u6700\u9ad8\u53ef\u8fbe8K<\/li>\n<li>Radeon\u2122 VR Ready Premium<\/li>\n<li>AMD FidelityFX\u8d85\u7ea7\u5206\u8fa8\u7387<\/li>\n<li>\u786c\u4ef6\u5149\u7ebf\u8ffd\u8e2a<\/li>\n<li>Radeon\u2122\u56fe\u50cf\u9510\u5316<\/li>\n<li>Radeon\u2122\u6297\u6ede\u540e<\/li>\n<li>Radeon\u2122\u8f6f\u4ef6<\/li>\n<li>\u6e38\u620f\u9a71\u52a8\u4f18\u5316<\/li>\n<\/ul>\n<h2>\u84dd\u5b9d\u77f3\u8109\u51b2AMD Radeon RX 6400\u6e38\u620f\u89c4\u683c<\/h2>\n<ul>\n<li>GPU\uff1aRadeon\u2122 RX 6400\u663e\u5361<\/li>\n<li>\u6d41\u5904\u7406\u5668\uff1a\u591a\u8fbe768\u53f0<\/li>\n<li>\u8ba1\u7b97\u5355\u4f4d\uff1a12<\/li>\n<li>\u5149\u675f\u52a0\u901f\u5668\uff1a12<\/li>\n<li>\u65e0\u9650\u5927\u7684\u7f13\u5b58\uff1a16<\/li>\n<li>\u6e38\u620f\u65f6\u949f\uff1a\u9ad8\u8fbe2039 MHz<\/li>\n<li>\u8109\u51b2\u65f6\u949f\uff1a\u9ad8\u8fbe2321 MHz<\/li>\n<li>\u5185\u5b58\u901f\u5ea6\uff1a16Gbps<\/li>\n<li>\u5185\u5b58\u5927\u5c0f\uff1a4 GB (4096 MB)<\/li>\n<li>\u5185\u5b58\u63a5\u53e3\uff1a64\u4f4dDDR6<\/li>\n<li>\u56fa\u4ef6\uff1aUEFI BIOS<\/li>\n<li>\u5916\u5f62\u56e0\u7d20\uff1a\u5355\u69fd\uff0c\u4f4e\u77ee<\/li>\n<li>\u51b7\u5374\uff1a\u8f74\u6d41\u98ce\u6247<\/li>\n<li>\u603b\u7ebf\u652f\u6301\uff1aPCIe 4.0 x4<\/li>\n<li>\u5916\u90e8\u7535\u6e90\uff1a\u662f<\/li>\n<li>TriXX Boost: Yes<\/li>\n<li>\u5c3a\u5bf8\uff08\u957fx\u5bbdx\u9ad8\uff09\uff1a170 x 56.2 x 17.2 mm<\/li>\n<li>\u652f\u6301\u591a\u8fbe2\u4e2a\u663e\u793a\u5668\uff1a1\u4e2aDisplayPort \/ 1\u4e2aHDMI<\/li>\n<li>\u6700\u5927\u7684\u5c4f\u5e55\u5206\u8fa8\u7387\uff1a\n<ul>\n<li>HDMI\u2122: 7680\u00d74320<\/li>\n<li>DisplayPort 1.4: 7680 \u00d7 4320<\/li>\n<\/ul>\n<\/li>\n<li>\u914d\u4ef6\uff1aATX\u652f\u67b6<\/li>\n<li>\u7cfb\u7edf\u8981\u6c42\uff1a\n<ul>\n<li>\u7b26\u5408PCI\u00ae Express\u00a9\u6807\u51c6\u7684\u4e3b\u677f\u6709\u4e00\u4e2aPCIe x16\u63d2\u69fd<\/li>\n<li>350W\u6216\u66f4\u9ad8\u7684\u6700\u4f4e\u7535\u6e90 \u6ce8\u610f\uff1a\u63a8\u8350\u7684\u6700\u4f4e\u7cfb\u7edf\u7535\u6e90\u529f\u7387\u662f\u57fa\u4e8e\u5177\u4f53\u7684\u663e\u5361\u548c\u5176\u4ed6\u7cfb\u7edf\u7ec4\u4ef6\u7684\u5178\u578b\u529f\u7387\u8981\u6c42\u3002\u60a8\u7684\u7cfb\u7edf\u53ef\u80fd\u9700\u8981\u66f4\u591a\u6216\u66f4\u5c11\u7684\u529f\u7387\u3002OEM\u548c\u5176\u4ed6\u9884\u7ec4\u88c5\u7684PC\u53ef\u80fd\u6709\u4e0d\u540c\u7684\u529f\u7387\u8981\u6c42\u3002<\/li>\n<li>\u81f3\u5c118GB\u7684\u7cfb\u7edf\u5185\u5b58\u3002\u5efa\u8bae16GB<\/li>\n<li>\u5b89\u88c5\u8f6f\u4ef6\u9700\u8981\u4e00\u4e2a\u952e\u76d8\u3001\u4e00\u4e2a\u9f20\u6807\u548c\u4e00\u4e2a\u5c4f\u5e55\u3002<\/li>\n<li>\u9700\u8981\u5e26\u6709HDMI\u6216DisplayPort\u7684\u663e\u793a\u5668<\/li>\n<li>\u652f\u6301\u7684\u64cd\u4f5c\u7cfb\u7edf\u5305\u62ecLinux\u00ae\u3001Windows 7\/10\/11\u3002\u9700\u898164\u4f4d\u64cd\u4f5c\u7cfb\u7edf\uff08Windows 7\u4e0d\u652f\u6301\u6240\u6709\u529f\u80fd\uff0c\u5305\u62ec\u4f46\u4e0d\u9650\u4e8e\u786c\u4ef6\u5149\u7ebf\u8ffd\u8e2a\uff09\u3002<\/li>\n<li>\u652f\u6301DirectX\u00ae 12\u548cVulkan\u00ae\u3002<\/li>\n<\/ul>\n<\/li>\n<\/ul>","protected":false},"excerpt":{"rendered":"<p>La tarjeta gr\u00e1fica Sapphire Pulse AMD Radeon RX 6400 Gaming 4GB GDDR6 es una potente opci\u00f3n dise\u00f1ada para brindar una experiencia de juego inmersiva y fluida. Con su arquitectura AMD RDNA 2, esta tarjeta gr\u00e1fica ofrece un rendimiento excepcional y capacidades visuales impresionantes. El RX 6400 cuenta con 4GB de memoria GDDR6 de alta velocidad, [&hellip;]<\/p>\n","protected":false},"featured_media":2018,"comment_status":"open","ping_status":"closed","template":"","meta":[],"product_brand":[],"product_cat":[20,18],"product_tag":[240],"class_list":{"0":"post-2017","1":"product","2":"type-product","3":"status-publish","4":"has-post-thumbnail","6":"product_cat-componentes","7":"product_cat-rigs-de-gpu","8":"product_tag-gpu","10":"first","11":"instock","12":"taxable","13":"shipping-taxable","14":"purchasable","15":"product-type-simple"},"_links":{"self":[{"href":"https:\/\/pruebas.michollo.to\/zh\/wp-json\/wp\/v2\/product\/2017","targetHints":{"allow":["GET"]}}],"collection":[{"href":"https:\/\/pruebas.michollo.to\/zh\/wp-json\/wp\/v2\/product"}],"about":[{"href":"https:\/\/pruebas.michollo.to\/zh\/wp-json\/wp\/v2\/types\/product"}],"replies":[{"embeddable":true,"href":"https:\/\/pruebas.michollo.to\/zh\/wp-json\/wp\/v2\/comments?post=2017"}],"wp:featuredmedia":[{"embeddable":true,"href":"https:\/\/pruebas.michollo.to\/zh\/wp-json\/wp\/v2\/media\/2018"}],"wp:attachment":[{"href":"https:\/\/pruebas.michollo.to\/zh\/wp-json\/wp\/v2\/media?parent=2017"}],"wp:term":[{"taxonomy":"product_brand","embeddable":true,"href":"https:\/\/pruebas.michollo.to\/zh\/wp-json\/wp\/v2\/product_brand?post=2017"},{"taxonomy":"product_cat","embeddable":true,"href":"https:\/\/pruebas.michollo.to\/zh\/wp-json\/wp\/v2\/product_cat?post=2017"},{"taxonomy":"product_tag","embeddable":true,"href":"https:\/\/pruebas.michollo.to\/zh\/wp-json\/wp\/v2\/product_tag?post=2017"}],"curies":[{"name":"wp","href":"https:\/\/api.w.org\/{rel}","templated":true}]}}