{"id":2021,"date":"2023-06-02T05:59:55","date_gmt":"2023-06-02T07:59:55","guid":{"rendered":"https:\/\/www.minandovoy.com\/?post_type=product&#038;p=2021"},"modified":"2025-05-09T14:47:15","modified_gmt":"2025-05-09T12:47:15","slug":"sapphire-gpro-x080-10gb-gddr6","status":"publish","type":"product","link":"https:\/\/pruebas.michollo.to\/zh\/product\/sapphire-gpro-x080-10gb-gddr6\/","title":{"rendered":"\u84dd\u5b9d\u77f3GPRO X080 10GB GDDR6"},"content":{"rendered":"<p>\u62e5\u670910GB GDDR6\u5185\u5b58\u7684SAPPHIRE GPRO X080\u663e\u5361\u662f\u4e00\u4e2a\u4e13\u4e1a\u7684\u89e3\u51b3\u65b9\u6848\uff0c\u65e8\u5728\u6ee1\u8db3\u56fe\u5f62\u5bc6\u96c6\u578b\u5e94\u7528\u548c\u7cbe\u786e\u8ba1\u7b97\u7684\u9700\u6c42\u3002\u51ed\u501f\u53ef\u9760\u7684\u6027\u80fd\u548c\u5353\u8d8a\u7684\u89c6\u89c9\u8d28\u91cf\uff0c\u8be5\u663e\u5361\u662f\u521b\u610f\u4e13\u4e1a\u4eba\u58eb\u3001\u8bbe\u8ba1\u5e08\u3001\u5de5\u7a0b\u5e08\u548c\u79d1\u5b66\u5bb6\u7684\u7406\u60f3\u9009\u62e9\u3002<\/p>\n<p>GPRO X080\u62e5\u670910GB\u7684\u9ad8\u901fGDDR6\u5185\u5b58\uff0c\u80fd\u591f\u5feb\u901f\u52a0\u8f7d\u56fe\u5f62\u548c\u7eb9\u7406\u6570\u636e\uff0c\u5b9e\u73b0\u6d41\u7545\u548c\u65e0\u7f1d\u7684\u6027\u80fd\u3002\u6b64\u5916\uff0c\u6177\u6168\u7684\u5185\u5b58\u4e3a\u64cd\u4f5c\u548c\u5904\u7406\u5927\u578b\u6570\u636e\u96c6\u30013D\u6a21\u578b\u548c\u9ad8\u8981\u6c42\u7684\u5e94\u7528\u63d0\u4f9b\u4e86\u5145\u8db3\u7684\u7a7a\u95f4\u3002<\/p>\n<p>\u51ed\u501f\u5176\u5148\u8fdb\u7684\u67b6\u6784\u548c\u529f\u80fd\uff0cGPRO X080\u63d0\u4f9b\u4e86\u60ca\u4eba\u7684\u89c6\u89c9\u8d28\u91cf\u548c\u5353\u8d8a\u7684\u8272\u5f69\u51c6\u786e\u6027\u3002SAPPHIRE\u7684\u56fe\u5f62\u5904\u7406\u6280\u672f\u786e\u4fdd\u4e86\u51c6\u786e\u7684\u8272\u5f69\u6e32\u67d3\u548c\u7ec6\u8282\u7684\u5fe0\u5b9e\u518d\u73b0\uff0c\u4ece\u800c\u5e26\u6765\u4e86\u65e0\u4e0e\u4f26\u6bd4\u7684\u89c6\u89c9\u4f53\u9a8c\u3002<\/p>\n<p>SAPPHIRE GPRO X080\u663e\u5361\u662f\u4e3a\u4e13\u4e1a\u73af\u5883\u4e0b\u7684\u6700\u4f73\u6027\u80fd\u548c\u53ef\u9760\u6027\u800c\u8bbe\u8ba1\u3002\u5b83\u7684\u9ad8\u6548\u51b7\u5374\u8bbe\u8ba1\u4f7f\u6e29\u5ea6\u5f97\u5230\u63a7\u5236\uff0c\u5373\u4f7f\u662f\u5728\u5bc6\u96c6\u548c\u957f\u65f6\u95f4\u7684\u5de5\u4f5c\u8d1f\u8377\u4e0b\u3002\u6b64\u5916\uff0c\u5176\u575a\u56fa\u7684\u7ed3\u6784\u548c\u9ad8\u8d28\u91cf\u7684\u7ec4\u4ef6\u786e\u4fdd\u4e86\u5353\u8d8a\u7684\u8010\u7528\u6027\u548c\u8f83\u957f\u7684\u4f7f\u7528\u5bff\u547d\u3002<\/p>\n<p>\u51ed\u501f\u5176\u5e7f\u6cdb\u7684\u517c\u5bb9\u6027\u548c\u5bf9\u591a\u663e\u793a\u5668\u7684\u652f\u6301\uff0cGPRO X080\u4e3a\u60a8\u7684\u5de5\u4f5c\u7a7a\u95f4\u8bbe\u7f6e\u63d0\u4f9b\u4e86\u7075\u6d3b\u6027\u3002\u60a8\u53ef\u4ee5\u8fde\u63a5\u591a\u53f0\u663e\u793a\u5668\uff0c\u5728\u4e13\u4e1a\u5e94\u7528\u4e2d\u5145\u5206\u53d1\u6325\u60a8\u7684\u751f\u4ea7\u529b\u548c\u6548\u7387\u3002<\/p>\n<p>\u7b80\u800c\u8a00\u4e4b\uff0cSAPPHIRE GPRO X080\u663e\u5361\u62e5\u670910GB\u7684GDDR6\u5185\u5b58\uff0c\u662f\u90a3\u4e9b\u9700\u8981\u5353\u8d8a\u56fe\u5f62\u6027\u80fd\u548c\u89c6\u89c9\u8d28\u91cf\u7684\u4e13\u4e1a\u4eba\u58eb\u7684\u7406\u60f3\u9009\u62e9\u3002\u65e0\u8bba\u4f60\u662f\u4ece\u4e8b\u8bbe\u8ba1\u3001\u52a8\u753b\u30013D\u5efa\u6a21\u3001\u6a21\u62df\u6216\u79d1\u5b66\u8ba1\u7b97\u5de5\u4f5c\uff0c\u8fd9\u5757\u663e\u5361\u90fd\u80fd\u4e3a\u4f60\u63d0\u4f9b\u6240\u9700\u7684\u6027\u80fd\u548c\u7cbe\u5ea6\uff0c\u4f7f\u4f60\u7684\u9879\u76ee\u66f4\u4e0a\u4e00\u5c42\u697c\u3002<\/p>","protected":false},"excerpt":{"rendered":"<p>La tarjeta gr\u00e1fica SAPPHIRE GPRO X080 con 10GB de memoria GDDR6 es una soluci\u00f3n profesional dise\u00f1ada para satisfacer las demandas de aplicaciones gr\u00e1ficas intensivas y c\u00e1lculos precisos. Con un rendimiento confiable y una calidad visual excepcional, esta tarjeta gr\u00e1fica es ideal para profesionales creativos, dise\u00f1adores, ingenieros y cient\u00edficos. La GPRO X080 cuenta con 10GB de [&hellip;]<\/p>\n","protected":false},"featured_media":2023,"comment_status":"open","ping_status":"closed","template":"","meta":[],"product_brand":[],"product_cat":[15,20,18],"product_tag":[240],"class_list":{"0":"post-2021","1":"product","2":"type-product","3":"status-publish","4":"has-post-thumbnail","6":"product_cat-sin-categorizar","7":"product_cat-componentes","8":"product_cat-rigs-de-gpu","9":"product_tag-gpu","11":"first","12":"instock","13":"taxable","14":"shipping-taxable","15":"purchasable","16":"product-type-simple"},"_links":{"self":[{"href":"https:\/\/pruebas.michollo.to\/zh\/wp-json\/wp\/v2\/product\/2021","targetHints":{"allow":["GET"]}}],"collection":[{"href":"https:\/\/pruebas.michollo.to\/zh\/wp-json\/wp\/v2\/product"}],"about":[{"href":"https:\/\/pruebas.michollo.to\/zh\/wp-json\/wp\/v2\/types\/product"}],"replies":[{"embeddable":true,"href":"https:\/\/pruebas.michollo.to\/zh\/wp-json\/wp\/v2\/comments?post=2021"}],"wp:featuredmedia":[{"embeddable":true,"href":"https:\/\/pruebas.michollo.to\/zh\/wp-json\/wp\/v2\/media\/2023"}],"wp:attachment":[{"href":"https:\/\/pruebas.michollo.to\/zh\/wp-json\/wp\/v2\/media?parent=2021"}],"wp:term":[{"taxonomy":"product_brand","embeddable":true,"href":"https:\/\/pruebas.michollo.to\/zh\/wp-json\/wp\/v2\/product_brand?post=2021"},{"taxonomy":"product_cat","embeddable":true,"href":"https:\/\/pruebas.michollo.to\/zh\/wp-json\/wp\/v2\/product_cat?post=2021"},{"taxonomy":"product_tag","embeddable":true,"href":"https:\/\/pruebas.michollo.to\/zh\/wp-json\/wp\/v2\/product_tag?post=2021"}],"curies":[{"name":"wp","href":"https:\/\/api.w.org\/{rel}","templated":true}]}}