{"id":2095,"date":"2023-06-22T08:38:56","date_gmt":"2023-06-22T10:38:56","guid":{"rendered":"https:\/\/www.minandovoy.com\/?post_type=product&#038;p=2095"},"modified":"2025-05-09T14:47:13","modified_gmt":"2025-05-09T12:47:13","slug":"iceriver-ks2-2t","status":"publish","type":"product","link":"https:\/\/pruebas.michollo.to\/zh\/product\/iceriver-ks2-2t\/","title":{"rendered":"IceRiver \u77ff\u5de5 KS2 2TH 1200W Kaspa Asic \u5f00\u91c7\u52a0\u5bc6\u8d27\u5e01"},"content":{"rendered":"<p>\u8fd9\u6b3e\u540d\u4e3a IceRiver KS2 2000 GH\/s \u7684 ASIC \u662f\u4e00\u6b3e\u4e13\u4e1a\u7684\u52a0\u5bc6\u8d27\u5e01\u6316\u77ff\u8bbe\u5907\uff0c\u4e13\u4e3a\u4f7f\u7528 kHeavyHash \u7b97\u6cd5\u6316\u6398 Kaspa \u6216\u5176\u4ed6\u52a0\u5bc6\u8d27\u5e01\u800c\u8bbe\u8ba1\u3002\u5305\u88c5\u5305\u62ec\u4e00\u4e2a IceRiver PSU \u7535\u6e90\u3002<\/p>\n<p>\u4ee5\u4e0b\u662fASIC\u7684\u4e00\u4e9b\u76f8\u5173\u7279\u70b9\uff1a<\/p>\n<ul>\n<li>\u566a\u97f3\u6c34\u5e73\uff1a\u8be5\u5361\u65af\u5e15\u91c7\u77ffASIC\u662f\u4e3a\u5bb6\u5ead\u4f7f\u7528\u800c\u8bbe\u8ba1\u7684\uff0c\u4e0d\u4f1a\u4ea7\u751f\u660e\u663e\u7684\u566a\u97f3\uff0c\u53ea\u53d1\u51fa70\u5206\u8d1d\u3002<\/li>\n<li>\u8017\u7535\u91cf\uff1a\u8be5ASIC\u7684\u8017\u7535\u91cf\u975e\u5e38\u4f4e\uff0c\u56e0\u6b64\u9002\u5408\u5bb6\u5ead\u4f7f\u7528\u3002\u5efa\u8bae\u4f7f\u7528\u5bb6\u5ead\u7528\u7535\u7684\u7535\u4ef7\u3002<\/li>\n<\/ul>\n<p><strong>\u77ff\u5de5\u7684\u7279\u70b9\uff1a<\/strong><\/p>\n<table class=\"woocommerce-product-attributes shop_attributes\">\n<tbody>\n<tr class=\"woocommerce-product-attributes-item woocommerce-product-attributes-item--attribute_kas-hashrate\">\n<th class=\"woocommerce-product-attributes-item__label\">KAS Hashrate<\/th>\n<td class=\"woocommerce-product-attributes-item__value\">2th\/s(\u00b110%)<\/td>\n<\/tr>\n<tr class=\"woocommerce-product-attributes-item woocommerce-product-attributes-item--attribute_wall-power\">\n<th class=\"woocommerce-product-attributes-item__label\">\u6743\u529b<\/th>\n<td class=\"woocommerce-product-attributes-item__value\">1200W\/h(\u00b110%)<\/td>\n<\/tr>\n<tr class=\"woocommerce-product-attributes-item woocommerce-product-attributes-item--attribute_specifications\">\n<th class=\"woocommerce-product-attributes-item__label\">\u5c0f\u65f6\u6570 - \u529f\u7387\u6bd4<\/th>\n<td class=\"woocommerce-product-attributes-item__value\">2TH 1200W<\/td>\n<\/tr>\n<tr class=\"woocommerce-product-attributes-item woocommerce-product-attributes-item--attribute_dimensionwith-packaging\">\n<th class=\"woocommerce-product-attributes-item__label\">\u5c3a\u5bf8\uff08\u542b\u5305\u88c5\uff09<\/th>\n<td class=\"woocommerce-product-attributes-item__value\">490\u00d7300\u00d7400(mm)<\/td>\n<\/tr>\n<tr class=\"woocommerce-product-attributes-item woocommerce-product-attributes-item--attribute_dimension\">\n<th class=\"woocommerce-product-attributes-item__label\">\u5c3a\u5bf8<\/th>\n<td class=\"woocommerce-product-attributes-item__value\">370\u00d7195\u00d7290(mm)<\/td>\n<\/tr>\n<tr class=\"woocommerce-product-attributes-item woocommerce-product-attributes-item--attribute_gross-weight\">\n<th class=\"woocommerce-product-attributes-item__label\">\u91cd\u91cf<\/th>\n<td class=\"woocommerce-product-attributes-item__value\">14.9\u516c\u65a4<\/td>\n<\/tr>\n<tr class=\"woocommerce-product-attributes-item woocommerce-product-attributes-item--attribute_net-weight\">\n<th class=\"woocommerce-product-attributes-item__label\">\u51c0\u91cd<\/th>\n<td class=\"woocommerce-product-attributes-item__value\">12.5\u516c\u65a4<\/td>\n<\/tr>\n<tr class=\"woocommerce-product-attributes-item woocommerce-product-attributes-item--attribute_connection\">\n<th class=\"woocommerce-product-attributes-item__label\">\u8fde\u63a5<\/th>\n<td class=\"woocommerce-product-attributes-item__value\">\u4ee5\u592a\u7f51<\/td>\n<\/tr>\n<tr class=\"woocommerce-product-attributes-item woocommerce-product-attributes-item--attribute_voltage-input\">\n<th class=\"woocommerce-product-attributes-item__label\">\u8f93\u5165\u7535\u538b<\/th>\n<td class=\"woocommerce-product-attributes-item__value\">170-300V AC<\/td>\n<\/tr>\n<tr class=\"woocommerce-product-attributes-item woocommerce-product-attributes-item--attribute_operating-temp\">\n<th class=\"woocommerce-product-attributes-item__label\">\u64cd\u4f5c\u6e29\u5ea6<\/th>\n<td class=\"woocommerce-product-attributes-item__value\">0~35 \u2103<\/td>\n<\/tr>\n<\/tbody>\n<\/table>\n<h3>\u4ec0\u4e48\u662f\u5361\u65af\u5e15\uff1f<\/h3>\n<p>\u5361\u65af\u5e15\u662f\u4e00\u79cd\u57fa\u4e8e\u533a\u5757\u94fe\u6280\u672f\u7684\u52a0\u5bc6\u8d27\u5e01\uff0c\u5c31\u50cf\u6bd4\u7279\u5e01\u548c\u5176\u4ed6\u6d41\u884c\u7684\u52a0\u5bc6\u8d27\u5e01\u4e00\u6837\u3002\u4f5c\u4e3a\u4e00\u4e2a\u521d\u5b66\u8005\uff0c\u91cd\u8981\u7684\u662f\u8981\u660e\u767d\uff0c\u52a0\u5bc6\u8d27\u5e01\u662f\u4e00\u79cd\u6570\u5b57\u8d27\u5e01\uff0c\u4f7f\u7528\u5bc6\u7801\u5b66\u6765\u4fdd\u62a4\u548c\u9a8c\u8bc1\u5176\u7f51\u7edc\u4e0a\u7684\u4ea4\u6613\u3002<\/p>\n<p>Kaspa\u4f5c\u4e3a\u4e00\u4e2a\u7f51\u7edc\u8131\u9896\u800c\u51fa\uff0c\u4e13\u95e8\u7528\u4e8e\u89e3\u51b3\u5728\u5176\u4ed6\u52a0\u5bc6\u8d27\u5e01\u4e2d\u89c2\u5bdf\u5230\u7684\u4e00\u4e9b\u6311\u6218\u548c\u9650\u5236\u3002Kaspa\u7684\u4e3b\u8981\u7279\u70b9\u4e4b\u4e00\u662f\u5176\u5171\u8bc6\u7b97\u6cd5\uff0c\u79f0\u4e3akPoW\uff08Kaspa\u5de5\u4f5c\u8bc1\u660e\uff09\uff0c\u5b83\u786e\u4fdd\u4e86\u7f51\u7edc\u7684\u5b89\u5168\u6027\u548c\u53ef\u9760\u6027\u3002<\/p>\n<p>\u4e0e\u5176\u4ed6\u52a0\u5bc6\u8d27\u5e01\u76f8\u6bd4\uff0cKaspa\u7684\u4e00\u4e2a\u663e\u8457\u533a\u522b\u662f\u5176\u6709\u6548\u6269\u5c55\u7684\u80fd\u529b\u3002\u8fd9\u610f\u5473\u7740Kaspa\u6709\u80fd\u529b\u6bcf\u79d2\u5904\u7406\u66f4\u591a\u7684\u4ea4\u6613\uff0c\u5e76\u4e14\u968f\u7740\u66f4\u591a\u7528\u6237\u52a0\u5165\u7f51\u7edc\uff0c\u53ef\u4ee5\u66f4\u6709\u6548\u5730\u589e\u957f\u3002\u8fd9\u79cd\u53ef\u6269\u5c55\u6027\u63d0\u9ad8\u4e86\u4ea4\u6613\u7684\u901f\u5ea6\u548c\u6548\u7387\uff0c\u8fd9\u5bf9\u52a0\u5bc6\u8d27\u5e01\u7684\u5e7f\u6cdb\u91c7\u7528\u662f\u6709\u5229\u7684\u3002<\/p>\n<p>\u6b64\u5916\uff0cKaspa\u88ab\u8ba4\u4e3a\u662f\u4e00\u4e2a\u53bb\u4e2d\u5fc3\u5316\u7684\u5f00\u6e90\u7f51\u7edc\uff0c\u8fd9\u610f\u5473\u7740\u5b83\u4e0d\u53d7\u4e2d\u592e\u673a\u6784\u7684\u63a7\u5236\uff0c\u4efb\u4f55\u4eba\u90fd\u53ef\u4ee5\u8bbf\u95ee\u5176\u6e90\u4ee3\u7801\u5e76\u4e3a\u5e73\u53f0\u7684\u53d1\u5c55\u505a\u51fa\u8d21\u732e\u3002<\/p>\n<h6><\/h6>\n<h6><\/h6>","protected":false},"excerpt":{"rendered":"<p>El ASIC, IceRiver KS2 2000 GH\/s, es un dispositivo especializado en la miner\u00eda de criptomonedas, dise\u00f1ado espec\u00edficamente para minar Kaspa u otras criptomonedas que utilizan el algoritmo kHeavyHash. El paquete incluye una fuente de alimentaci\u00f3n PSU IceRiver. A continuaci\u00f3n, se detallan algunas caracter\u00edsticas relevantes del ASIC: Nivel de ruido: Este ASIC de miner\u00eda de Kaspa [&hellip;]<\/p>\n","protected":false},"featured_media":2096,"comment_status":"open","ping_status":"closed","template":"","meta":[],"product_brand":[],"product_cat":[19],"product_tag":[244,138,139,137],"class_list":{"0":"post-2095","1":"product","2":"type-product","3":"status-publish","4":"has-post-thumbnail","6":"product_cat-mineros","7":"product_tag-gme","8":"product_tag-mineros-para-avanzados","9":"product_tag-mineros-para-expertos","10":"product_tag-mineros-para-principiantes","12":"first","13":"outofstock","14":"featured","15":"taxable","16":"shipping-taxable","17":"purchasable","18":"product-type-simple"},"_links":{"self":[{"href":"https:\/\/pruebas.michollo.to\/zh\/wp-json\/wp\/v2\/product\/2095","targetHints":{"allow":["GET"]}}],"collection":[{"href":"https:\/\/pruebas.michollo.to\/zh\/wp-json\/wp\/v2\/product"}],"about":[{"href":"https:\/\/pruebas.michollo.to\/zh\/wp-json\/wp\/v2\/types\/product"}],"replies":[{"embeddable":true,"href":"https:\/\/pruebas.michollo.to\/zh\/wp-json\/wp\/v2\/comments?post=2095"}],"wp:featuredmedia":[{"embeddable":true,"href":"https:\/\/pruebas.michollo.to\/zh\/wp-json\/wp\/v2\/media\/2096"}],"wp:attachment":[{"href":"https:\/\/pruebas.michollo.to\/zh\/wp-json\/wp\/v2\/media?parent=2095"}],"wp:term":[{"taxonomy":"product_brand","embeddable":true,"href":"https:\/\/pruebas.michollo.to\/zh\/wp-json\/wp\/v2\/product_brand?post=2095"},{"taxonomy":"product_cat","embeddable":true,"href":"https:\/\/pruebas.michollo.to\/zh\/wp-json\/wp\/v2\/product_cat?post=2095"},{"taxonomy":"product_tag","embeddable":true,"href":"https:\/\/pruebas.michollo.to\/zh\/wp-json\/wp\/v2\/product_tag?post=2095"}],"curies":[{"name":"wp","href":"https:\/\/api.w.org\/{rel}","templated":true}]}}