{"id":2563,"date":"2023-09-05T13:42:14","date_gmt":"2023-09-05T15:42:14","guid":{"rendered":"https:\/\/www.minandovoy.com\/?post_type=product&#038;p=2563"},"modified":"2026-02-23T13:18:46","modified_gmt":"2026-02-23T12:18:46","slug":"asic-iceriver-ks3m-kaspa-kas-6-th-s","status":"publish","type":"product","link":"https:\/\/pruebas.michollo.to\/zh\/product\/asic-iceriver-ks3m-kaspa-kas-6-th-s\/","title":{"rendered":"ASIC ICERIVER KS3M\uff1a\u4e13\u7528\u5361\u65af\u5e15\u52a0\u5bc6\u8d27\u5e01\u77ff\u5de5 (KAS) - 6 TH\/s"},"content":{"rendered":"<h2><strong style=\"font-size: 16px;\">Asic IceRiver KS3M : \u60a8\u7684\u7ec8\u6781\u52a0\u5bc6\u8d27\u5e01\u6316\u77ff\u5408\u4f5c\u4f19\u4f34<\/strong><\/h2>\n<div class=\"desc_content\">\n<p>\u6b22\u8fce\u6765\u5230\u521b\u65b0\u51b3\u5b9a\u6210\u529f\u7684\u52a0\u5bc6\u8d27\u5e01\u4e16\u754c\u3002\u4ecb\u7ecd\u4e00\u4e0b Asic IceRiver KS3M\uff0c\u8fd9\u662f\u4e00\u6b3e\u6280\u672f\u6770\u4f5c\uff0c\u65e8\u5728\u5c06\u60a8\u7684\u6316\u77ff\u64cd\u4f5c\u63d0\u5347\u5230\u975e\u51e1\u7684\u6c34\u5e73\u3002 \u51c6\u5907\u597d\u4e86\u89e3\u8fd9\u6b3e\u8bbe\u5907\u5bf9\u60a8\u7684\u4e1a\u52a1\u81f3\u5173\u91cd\u8981\u7684\u539f\u56e0\u4e86\u5417\uff1f<\/p>\n<div class=\"asicminer-widget-container\" style=\"width: 100%; min-height: 300px;\">\n            <iframe id=\"asicminer-widget-2757\" \n                    src=\"https:\/\/pruebas.michollo.to\/wp-content\/themes\/minandovoy\/proxy-widget.php?miner=iceriver\/ks3m&#038;type=profit&#038;theme=dark\" \n                    width=\"100%\" \n                    height=\"300\" \n                    frameborder=\"0\"\n                    loading=\"lazy\"\n                    style=\"border: none; overflow: hidden;\"\n                    title=\"ASIC Miner Widget\">\n            <\/iframe>\n        <\/div>\n<p><strong>\u6709\u6548\u7684\u529f\u7387\u548c\u51fa\u8272\u7684\u80fd\u6548<\/strong><\/p>\n<p>\u60f3\u8981\u83b7\u5f97\u7a33\u5b9a\u7684\u6027\u80fd\uff1fAsic IceRiver KS3M \u4ee5\u9ad8\u6548\u7684\u5305\u88c5\u63d0\u4f9b\u4e86\u5b83\u3002\u51ed\u501f\u9ad8\u8fbe 6 TH\/s \u7684\u5904\u7406\u80fd\u529b\uff0c\u8be5\u8bbe\u5907\u53ef\u8f7b\u677e\u89e3\u51b3\u590d\u6742\u7684\u7b97\u6cd5\u3002\u4f46\u5b83\u66f4\u6709\u4ef7\u503c\u7684\u662f\u5b83\u7684\u80fd\u6548\u3002\u8fd9\u5bf9\u60a8\u610f\u5473\u7740\u4ec0\u4e48\uff1f\u66f4\u591a\u7684\u56de\u62a5\uff0c\u66f4\u5c11\u7684\u80fd\u6e90\u6d88\u8017\u3002<\/p>\n<p><strong>\u4e3a\u4ec0\u4e48\u5728\u52a0\u5bc6\u8d27\u5e01\u6316\u77ff\u9886\u57df\u5fc5\u987b\u8003\u8651 Asic IceRiver KS3M\uff1f<\/strong><\/p>\n<p>\u7b80\u800c\u8a00\u4e4b\uff0cAsic IceRiver KS3M \u662f\u60a8\u5728\u52a0\u5bc6\u8d27\u5e01\u6316\u77ff\u4e2d\u4e0d\u53ef\u6216\u7f3a\u7684\u76df\u53cb\u3002\u5b83\u80fd\u591f\u4f7f\u7528 KHeavyHash \u7b97\u6cd5\u6316\u6398 Kaspa\uff0c\u4e3a\u60a8\u5e26\u6765\u4e30\u539a\u7684\u56de\u62a5\u3002\u5176\u7d27\u51d1\u7684\u8bbe\u8ba1\u3001\u9ad8\u80fd\u6548\u3001\u5f3a\u5927\u7684\u5904\u7406\u80fd\u529b\u548c\u5148\u8fdb\u7684\u8fde\u63a5\u6027\uff0c\u4f7f\u5176\u6210\u4e3a\u90a3\u4e9b\u5e0c\u671b\u6700\u5927\u9650\u5ea6\u53d1\u6325\u5176\u6f5c\u529b\u7684\u7528\u6237\u7684\u5fc5\u5907\u4e4b\u9009\u3002 \u51c6\u5907\u597d\u5728 Asic IceRiver KS3M \u7684\u652f\u6301\u4e0b\u5f81\u670d\u52a0\u5bc6\u8d27\u5e01\u4e16\u754c\u4e86\u5417\uff1f\u7b54\u6848\u5c31\u5728\u60a8\u7684\u6307\u5c16\u3002<\/p>\n<\/div>","protected":false},"excerpt":{"rendered":"<p>Asic IceRiver KS3M : Tu Socio Definitivo en la Miner\u00eda de Criptomonedas Bienvenido al mundo de las criptomonedas, donde la innovaci\u00f3n define el \u00e9xito. Presentamos el Asic IceRiver KS3M , una obra maestra tecnol\u00f3gica dise\u00f1ada para elevar tus operaciones mineras a niveles excepcionales. \u00bfListo para descubrir por qu\u00e9 este dispositivo es esencial para tu negocio? [&hellip;]<\/p>\n","protected":false},"featured_media":2564,"comment_status":"open","ping_status":"closed","template":"","meta":[],"product_brand":[],"product_cat":[15],"product_tag":[52,244,241],"class_list":{"0":"post-2563","1":"product","2":"type-product","3":"status-publish","4":"has-post-thumbnail","6":"product_cat-sin-categorizar","7":"product_tag-asic","8":"product_tag-gme","9":"product_tag-kaspa","11":"first","12":"outofstock","13":"featured","14":"taxable","15":"shipping-taxable","16":"purchasable","17":"product-type-simple"},"_links":{"self":[{"href":"https:\/\/pruebas.michollo.to\/zh\/wp-json\/wp\/v2\/product\/2563","targetHints":{"allow":["GET"]}}],"collection":[{"href":"https:\/\/pruebas.michollo.to\/zh\/wp-json\/wp\/v2\/product"}],"about":[{"href":"https:\/\/pruebas.michollo.to\/zh\/wp-json\/wp\/v2\/types\/product"}],"replies":[{"embeddable":true,"href":"https:\/\/pruebas.michollo.to\/zh\/wp-json\/wp\/v2\/comments?post=2563"}],"wp:featuredmedia":[{"embeddable":true,"href":"https:\/\/pruebas.michollo.to\/zh\/wp-json\/wp\/v2\/media\/2564"}],"wp:attachment":[{"href":"https:\/\/pruebas.michollo.to\/zh\/wp-json\/wp\/v2\/media?parent=2563"}],"wp:term":[{"taxonomy":"product_brand","embeddable":true,"href":"https:\/\/pruebas.michollo.to\/zh\/wp-json\/wp\/v2\/product_brand?post=2563"},{"taxonomy":"product_cat","embeddable":true,"href":"https:\/\/pruebas.michollo.to\/zh\/wp-json\/wp\/v2\/product_cat?post=2563"},{"taxonomy":"product_tag","embeddable":true,"href":"https:\/\/pruebas.michollo.to\/zh\/wp-json\/wp\/v2\/product_tag?post=2563"}],"curies":[{"name":"wp","href":"https:\/\/api.w.org\/{rel}","templated":true}]}}