{"id":2619,"date":"2023-09-20T06:14:37","date_gmt":"2023-09-20T08:14:37","guid":{"rendered":"https:\/\/www.minandovoy.com\/?post_type=product&#038;p=2619"},"modified":"2025-05-09T14:47:11","modified_gmt":"2025-05-09T12:47:11","slug":"antminer-e9-pro-3-580gh","status":"publish","type":"product","link":"https:\/\/pruebas.michollo.to\/zh\/product\/antminer-e9-pro-3-580gh\/","title":{"rendered":"Antminer E9 PRO 3.580Gh"},"content":{"rendered":"<p>\u01de\u01de\u01de <b>\u8681\u4eba<\/b> E9 3.58Gh de <b>\u6bd4\u7279\u66fc<\/b>\u4e13\u6ce8\u4e8e\u5f00\u91c7Ethereum Classic\uff0c\u5176\u6027\u80fd\u9ad8\u4e8e\u5176\u4ed6\u4efb\u4f55\u4e00\u5bb6\u516c\u53f8\u3002 <a href=\"https:\/\/www.minandovoy.com\/categoria\/rigs-de-gpu\/\">GPU<\/a>.\u00a0<b>\u00a0<\/b>\u8fd9\u4e2a\u4e13\u7528\u4e8e\u5f00\u91c7\u7684ASIC <a href=\"https:\/\/www.minandovoy.com\/categoria\/mineros\/?algoritmos=ethash\">\u4e59\u57fa\u8102\u80aa(Ethash)<\/a>, tiene una potencia de minado de 3580MHs y un consumo de 2200w\/h.<\/p>\n<p>&nbsp;<\/p>\n<div class=\"jnews_inline_related_post_wrapper right\">\n<div class=\"jnews_inline_related_post\">\n<div class=\"jeg_postblock_21 jeg_postblock jeg_module_hook jeg_pagination_disable jeg_col_2o3 jnews_module_337080_0_6385e584c0f23\" data-unique=\"jnews_module_337080_0_6385e584c0f23\">\n<div class=\"jeg_block_heading jeg_block_heading_5 jeg_subcat_right\"><\/div>\n<\/div>\n<\/div>\n<\/div>\n<h3><b>\u4ec0\u4e48\u662fBitmain\uff1f<\/b><\/h3>\n<p><em>\u6bd4\u7279\u66fc<\/em> \u662f\u4e00\u5bb6\u4f4d\u4e8e\u4e2d\u56fd\u5317\u4eac\u7684\u516c\u53f8\u3002\u5b83\u88ab\u8ba4\u4e3a\u662f\u52a0\u5bc6\u8d27\u5e01\u884c\u4e1a\u4e2d\u6700\u91cd\u8981\u7684\u516c\u53f8\u4e4b\u4e00\uff0c\u56e0\u4e3a\u5b83\u751f\u4ea7\u5177\u6709\u5de8\u5927\u91c7\u77ff\u80fd\u529b\u7684\u9ad8\u8d28\u91cf\u91c7\u77ff\u786c\u4ef6\uff0c\u800c\u4e14\u6280\u672f\u5148\u8fdb\u3002\u5b83\u662f\u4e16\u754c\u4e0a\u6700\u5927\u7684\u8bbe\u5907\u8bbe\u8ba1\u5e08\u3002 <em>ASIC<\/em>\u00a0\u7528\u4e8e\u91c7\u77ff\u00a0<em>\u6bd4\u7279\u5e01<\/em>.<\/p>\n<p>Bitmain\u4e3b\u8981\u4ee5\u5176\u6bd4\u7279\u5e01\u786c\u4ef6\u800c\u95fb\u540d\uff0c\u5c3d\u7ba1\u5b83\u5bf9\u4e3a\u5176\u4e1a\u52a1\u5e26\u6765\u7a33\u56fa\u6027\u7684\u9879\u76ee\u611f\u5174\u8da3\uff0c\u5982\u4ee5\u592a\u574a\/\u4ee5\u592a\u574a\u7ecf\u5178\u3002<\/p>\n<p>&nbsp;<\/p>\n<p>&nbsp;<\/p>\n<h3><strong><a href=\"https:\/\/coinmarketcap.com\/es\/currencies\/ethereum-classic\/\">\u4ee5\u592a\u574a\u7ecf\u5178<\/a> VS \u4ee5\u592a\u574a\u3002<\/strong><\/h3>\n<p>\u8fd9\u79cd\u52a0\u5bc6\u8d27\u5e01\u4e8e2016\u5e747\u6708\u63a8\u51fa\uff0c\u5176\u4e3b\u8981\u529f\u80fd\u662f\u4f5c\u4e3a\u4e00\u4e2a\u7f51\u7edc\u7684<br \/>\n\u667a\u80fd\u5408\u7ea6\uff0c\u5177\u6709\u5b58\u50a8\u548c\u652f\u6301Dapps\u7684\u80fd\u529b\u3002<br \/>\n\u81ea\u4ece\u8fd9\u79cd\u52a0\u5bc6\u8d27\u5e01\u63a8\u51fa\u4ee5\u6765\uff0c\u5b83\u4e00\u76f4\u8bd5\u56fe\u5c06\u81ea\u5df1\u4e0e\u5b83\u7684\u5927\u54e5\u533a\u522b\u5f00\u6765\uff0c\u56e0\u4e3a<br \/>\n\u5b83\u7684\u76ee\u7684\u662f\u7ef4\u62a4\u73b0\u6709ETH\u533a\u5757\u94fe\u7684\u5b8c\u6574\u6027\u3002<\/p>\n<p>&nbsp;<\/p>\n<p>\u70b9\u51fb\u8fd9\u91cc <a href=\"https:\/\/www.youtube.com\/watch?v=BtF49i6Glnc\">\u8fd9\u91cc<\/a> \u8981\u77e5\u9053ASIC\u548cRIG\u4e4b\u95f4\u7684\u533a\u522b\u3002<\/p>","protected":false},"excerpt":{"rendered":"<p>El Antminer E9 3.58Gh de Bitmain, especializado en minar Ethereum Classic, tiene un rendimiento mayor que cualquier GPU.\u00a0\u00a0Este ASIC dedicado a la miner\u00eda de Ethash, tiene una potencia de minado de 3580MHs y un consumo de 2200w\/h. &nbsp; \u00bfQu\u00e9 es Bitmain? Bitmain es una compa\u00f1\u00eda con sede en Beijing, China. Se considera una de las [&hellip;]<\/p>\n","protected":false},"featured_media":1047,"comment_status":"open","ping_status":"closed","template":"","meta":[],"product_brand":[],"product_cat":[19],"product_tag":[52,29,244,138,48],"class_list":{"0":"post-2619","1":"product","2":"type-product","3":"status-publish","4":"has-post-thumbnail","6":"product_cat-mineros","7":"product_tag-asic","8":"product_tag-ethereum","9":"product_tag-gme","10":"product_tag-mineros-para-avanzados","11":"product_tag-nuevo","13":"first","14":"outofstock","15":"featured","16":"taxable","17":"shipping-taxable","18":"purchasable","19":"product-type-simple"},"_links":{"self":[{"href":"https:\/\/pruebas.michollo.to\/zh\/wp-json\/wp\/v2\/product\/2619","targetHints":{"allow":["GET"]}}],"collection":[{"href":"https:\/\/pruebas.michollo.to\/zh\/wp-json\/wp\/v2\/product"}],"about":[{"href":"https:\/\/pruebas.michollo.to\/zh\/wp-json\/wp\/v2\/types\/product"}],"replies":[{"embeddable":true,"href":"https:\/\/pruebas.michollo.to\/zh\/wp-json\/wp\/v2\/comments?post=2619"}],"wp:featuredmedia":[{"embeddable":true,"href":"https:\/\/pruebas.michollo.to\/zh\/wp-json\/wp\/v2\/media\/1047"}],"wp:attachment":[{"href":"https:\/\/pruebas.michollo.to\/zh\/wp-json\/wp\/v2\/media?parent=2619"}],"wp:term":[{"taxonomy":"product_brand","embeddable":true,"href":"https:\/\/pruebas.michollo.to\/zh\/wp-json\/wp\/v2\/product_brand?post=2619"},{"taxonomy":"product_cat","embeddable":true,"href":"https:\/\/pruebas.michollo.to\/zh\/wp-json\/wp\/v2\/product_cat?post=2619"},{"taxonomy":"product_tag","embeddable":true,"href":"https:\/\/pruebas.michollo.to\/zh\/wp-json\/wp\/v2\/product_tag?post=2619"}],"curies":[{"name":"wp","href":"https:\/\/api.w.org\/{rel}","templated":true}]}}