{"id":2748,"date":"2023-10-26T11:57:34","date_gmt":"2023-10-26T13:57:34","guid":{"rendered":"https:\/\/www.minandovoy.com\/?post_type=product&#038;p=2748"},"modified":"2025-09-04T10:33:32","modified_gmt":"2025-09-04T08:33:32","slug":"bitmain-antminer-ks3kas","status":"publish","type":"product","link":"https:\/\/pruebas.michollo.to\/zh\/product\/bitmain-antminer-ks3kas\/","title":{"rendered":"Bitmain Antminer KS3 KAS\uff1aKAS \u52a0\u5bc6\u8d27\u5e01\u6316\u77ff\u7684\u9ad8\u7ea7\u6027\u80fd ( 9.4 Th)"},"content":{"rendered":"<p>\u6bd4\u7279\u5e01\u6316\u77ff\u8bbe\u5907\u7684\u9886\u5148\u5236\u9020\u5546Bitmain\u5ba3\u5e03\u63a8\u51fa\u5176\u7b2c\u4e00\u4e2a\u4e13\u95e8\u4e3a\u5361\u65af\u5e15\u52a0\u5bc6\u8d27\u5e01\uff08KAS\uff09\u8bbe\u8ba1\u7684\u77ff\u673a\u3002\u5b83\u88ab\u79f0\u4e3aAntminer KS3\u3002<\/p>\n<p>\u8fd9\u6b3e\u65b0\u8bbe\u5907\u7684\u54c8\u5e0c\u7387\u8fbe\u5230\u4e86\u6bcf\u79d2 8 \u6b21\uff08Th\/s\uff09\u3002\u80fd\u6548\u4e5f\u662f KS3 \u7684\u4e00\u5927\u4eae\u70b9\uff0c\u529f\u7387\u4e3a 3188 \u74e6\uff08\u4e0e\u6bd4\u7279\u5e01 S19 XP \u77ff\u673a\u7c7b\u4f3c\uff09\u3002\u503c\u5f97\u6ce8\u610f\u7684\u662f\uff0c\u6bd4\u7279\u5927\u9646\uff08Bitmain\uff09\u4e5f\u751f\u4ea7\u6bd4\u7279\u5e01\u3001\u83b1\u7279\u5e01\u3001\u4ee5\u592a\u574a\u7ecf\u5178\u548c Zcash \u7684 ASIC \u77ff\u673a\uff0c\u8be5\u516c\u53f8\u5c1a\u672a\u62ab\u9732 KS3 \u7528\u4e8e\u5f00\u91c7 Kaspa \u7684\u4ef7\u683c\u3002<\/p>\n<p>KS3\u7684\u63a8\u51fa\u5bf9Bitmain\u548cKaspa\u90fd\u662f\u4e00\u4e2a\u91cd\u8981\u7684\u91cc\u7a0b\u7891\u3002\u867d\u7136Kaspa\u662f\u4e00\u79cd\u76f8\u5bf9\u8f83\u65b0\u7684\u52a0\u5bc6\u8d27\u5e01\uff0c\u4f46\u5b83\u5728\u5f88\u77ed\u7684\u65f6\u95f4\u5185\u5c31\u5728\u4e1a\u754c\u53d6\u5f97\u4e86\u5f3a\u5927\u7684\u5730\u4f4d\u3002Kaspa\u7684\u54c8\u5e0c\u7387\u57282023\u5e74\u7b2c\u4e00\u5b63\u5ea6\u589e\u957f\u4e86\u4e24\u500d\u3002\u53bb\u5e74\u5e74\u5e95\uff0c\u5728\u4ee5\u592a\u574a\u5408\u5e76\u540e\uff0c\u5b83\u6210\u4e3a\u7528\u663e\u5361\uff08GPU\uff09\u6316\u6398\u7684\u6700\u6709\u5229\u7684\u52a0\u5bc6\u8d27\u5e01\u4e4b\u4e00\u3002<\/p>\n<h3>\u4ec0\u4e48\u662f\u5361\u65af\u5e15\uff1f<\/h3>\n<p>\u5361\u65af\u5e15\u662f\u4e00\u79cd\u57fa\u4e8e\u533a\u5757\u94fe\u6280\u672f\u7684\u52a0\u5bc6\u8d27\u5e01\uff0c\u5c31\u50cf\u6bd4\u7279\u5e01\u548c\u5176\u4ed6\u6d41\u884c\u7684\u52a0\u5bc6\u8d27\u5e01\u4e00\u6837\u3002\u4f5c\u4e3a\u4e00\u4e2a\u521d\u5b66\u8005\uff0c\u91cd\u8981\u7684\u662f\u8981\u660e\u767d\uff0c\u52a0\u5bc6\u8d27\u5e01\u662f\u4e00\u79cd\u6570\u5b57\u8d27\u5e01\uff0c\u4f7f\u7528\u5bc6\u7801\u5b66\u6765\u4fdd\u62a4\u548c\u9a8c\u8bc1\u5176\u7f51\u7edc\u4e0a\u7684\u4ea4\u6613\u3002<\/p>\n<p>Kaspa\u4f5c\u4e3a\u4e00\u4e2a\u7f51\u7edc\u8131\u9896\u800c\u51fa\uff0c\u4e13\u95e8\u7528\u4e8e\u89e3\u51b3\u5728\u5176\u4ed6\u52a0\u5bc6\u8d27\u5e01\u4e2d\u89c2\u5bdf\u5230\u7684\u4e00\u4e9b\u6311\u6218\u548c\u9650\u5236\u3002Kaspa\u7684\u4e3b\u8981\u7279\u70b9\u4e4b\u4e00\u662f\u5176\u5171\u8bc6\u7b97\u6cd5\uff0c\u79f0\u4e3akPoW\uff08Kaspa\u5de5\u4f5c\u8bc1\u660e\uff09\uff0c\u5b83\u786e\u4fdd\u4e86\u7f51\u7edc\u7684\u5b89\u5168\u6027\u548c\u53ef\u9760\u6027\u3002<\/p>\n<p>\u4e0e\u5176\u4ed6\u52a0\u5bc6\u8d27\u5e01\u76f8\u6bd4\uff0cKaspa\u7684\u4e00\u4e2a\u663e\u8457\u533a\u522b\u662f\u5176\u6709\u6548\u6269\u5c55\u7684\u80fd\u529b\u3002\u8fd9\u610f\u5473\u7740Kaspa\u6709\u80fd\u529b\u6bcf\u79d2\u5904\u7406\u66f4\u591a\u7684\u4ea4\u6613\uff0c\u5e76\u4e14\u968f\u7740\u66f4\u591a\u7528\u6237\u52a0\u5165\u7f51\u7edc\uff0c\u53ef\u4ee5\u66f4\u6709\u6548\u5730\u589e\u957f\u3002\u8fd9\u79cd\u53ef\u6269\u5c55\u6027\u63d0\u9ad8\u4e86\u4ea4\u6613\u7684\u901f\u5ea6\u548c\u6548\u7387\uff0c\u8fd9\u5bf9\u52a0\u5bc6\u8d27\u5e01\u7684\u5e7f\u6cdb\u91c7\u7528\u662f\u6709\u5229\u7684\u3002<\/p>\n<p>\u6b64\u5916\uff0cKaspa\u88ab\u8ba4\u4e3a\u662f\u4e00\u4e2a\u53bb\u4e2d\u5fc3\u5316\u7684\u5f00\u6e90\u7f51\u7edc\uff0c\u8fd9\u610f\u5473\u7740\u5b83\u4e0d\u53d7\u4e2d\u592e\u673a\u6784\u7684\u63a7\u5236\uff0c\u4efb\u4f55\u4eba\u90fd\u53ef\u4ee5\u8bbf\u95ee\u5176\u6e90\u4ee3\u7801\u5e76\u4e3a\u5e73\u53f0\u7684\u53d1\u5c55\u505a\u51fa\u8d21\u732e\u3002<\/p>","protected":false},"excerpt":{"rendered":"<p>Bitmain, uno de los principales fabricantes de equipos de miner\u00eda de Bitcoin, ha anunciado el lanzamiento de su primer minero dise\u00f1ado espec\u00edficamente para la criptomoneda Kaspa (KAS). Se llama Antminer KS3. Este nuevo dispositivo alcanza una tasa de hash de 8terahashes por segundo (Th\/s). La eficiencia energ\u00e9tica tambi\u00e9n es un aspecto destacado del KS3, con [&hellip;]<\/p>\n","protected":false},"featured_media":2488,"comment_status":"open","ping_status":"closed","template":"","meta":[],"product_brand":[],"product_cat":[19],"product_tag":[52,244,241,262,138],"class_list":{"0":"post-2748","1":"product","2":"type-product","3":"status-publish","4":"has-post-thumbnail","6":"product_cat-mineros","7":"product_tag-asic","8":"product_tag-gme","9":"product_tag-kaspa","10":"product_tag-ks3","11":"product_tag-mineros-para-avanzados","13":"first","14":"outofstock","15":"featured","16":"taxable","17":"shipping-taxable","18":"product-type-simple"},"_links":{"self":[{"href":"https:\/\/pruebas.michollo.to\/zh\/wp-json\/wp\/v2\/product\/2748","targetHints":{"allow":["GET"]}}],"collection":[{"href":"https:\/\/pruebas.michollo.to\/zh\/wp-json\/wp\/v2\/product"}],"about":[{"href":"https:\/\/pruebas.michollo.to\/zh\/wp-json\/wp\/v2\/types\/product"}],"replies":[{"embeddable":true,"href":"https:\/\/pruebas.michollo.to\/zh\/wp-json\/wp\/v2\/comments?post=2748"}],"wp:featuredmedia":[{"embeddable":true,"href":"https:\/\/pruebas.michollo.to\/zh\/wp-json\/wp\/v2\/media\/2488"}],"wp:attachment":[{"href":"https:\/\/pruebas.michollo.to\/zh\/wp-json\/wp\/v2\/media?parent=2748"}],"wp:term":[{"taxonomy":"product_brand","embeddable":true,"href":"https:\/\/pruebas.michollo.to\/zh\/wp-json\/wp\/v2\/product_brand?post=2748"},{"taxonomy":"product_cat","embeddable":true,"href":"https:\/\/pruebas.michollo.to\/zh\/wp-json\/wp\/v2\/product_cat?post=2748"},{"taxonomy":"product_tag","embeddable":true,"href":"https:\/\/pruebas.michollo.to\/zh\/wp-json\/wp\/v2\/product_tag?post=2748"}],"curies":[{"name":"wp","href":"https:\/\/api.w.org\/{rel}","templated":true}]}}