{"id":2794,"date":"2023-11-03T14:41:04","date_gmt":"2023-11-03T16:41:04","guid":{"rendered":"https:\/\/www.minandovoy.com\/?post_type=product&#038;p=2794"},"modified":"2025-05-09T14:47:08","modified_gmt":"2025-05-09T12:47:08","slug":"iceriver-kas-ks0-pro","status":"publish","type":"product","link":"https:\/\/pruebas.michollo.to\/zh\/product\/iceriver-kas-ks0-pro-2\/","title":{"rendered":"Iceriver KS0 PRO 200 Gh New\uff01"},"content":{"rendered":"<p><strong>Iceriver KS0 Pro\uff1a\u9ad8\u6027\u80fd\u91c7\u77ff\u673a<\/strong><\/p>\n<p>Iceriver \u6700\u65b0\u63a8\u51fa\u7684 KS0 Pro \u662f\u5176\u6770\u51fa\u77ff\u673a\u7cfb\u5217\u7684\u53c8\u4e00\u529b\u4f5c\uff0c\u5728\u52a0\u5bc6\u8d27\u5e01\u6316\u77ff\u9886\u57df\u72ec\u4e00\u65e0\u4e8c\u3002KS0 Pro \u7ecf\u8fc7\u7cbe\u5fc3\u8bbe\u8ba1\uff0c\u5177\u6709\u6700\u4f73\u7684\u6027\u80fd\u3001\u80fd\u6548\u548c\u51fa\u8272\u7684\u53ef\u9760\u6027\uff0c\u662f\u8981\u6c42\u6700\u82db\u523b\u7684\u77ff\u5de5\u7684\u7ec8\u6781\u9009\u62e9\u3002<\/p>\n<p><iframe loading=\"lazy\" title=\"\u8fd9\u53f0\u5c0f\u673a\u5668\u80fd\u4ea7\u751f\u88ab\u52a8\u6536\u5165\" width=\"500\" height=\"281\" src=\"https:\/\/www.youtube.com\/embed\/o67Pwvaz90c?feature=oembed\" frameborder=\"0\" allow=\"accelerometer; autoplay; clipboard-write; encrypted-media; gyroscope; picture-in-picture; web-share\" referrerpolicy=\"strict-origin-when-cross-origin\" allowfullscreen><\/iframe><\/p>\n<p><strong>\u4ee4\u4eba\u5370\u8c61\u6df1\u523b\u7684\u89c4\u683c\uff1a<\/strong><\/p>\n<ul>\n<li>KAS \u54c8\u5e0c\u7387\uff1a200GH\/S\uff08\u00b110%\uff09<\/li>\n<li>\u529f\u8017\uff1a100W\/h\uff08\u00b110%\uff09<\/li>\n<li>\u7d27\u51d1\u578b\u5c3a\u5bf8\uff1a200x194x74\uff08\u6beb\u7c73\uff09<\/li>\n<li>\u51c0\u91cd\uff1a2.5 \u516c\u65a4<\/li>\n<\/ul>\n<p><strong>\u8f7b\u677e\u8fde\u63a5\uff1a<\/strong> KS0 Pro \u53ef\u901a\u8fc7\u4ee5\u592a\u7f51\u8f7b\u677e\u8fde\u63a5\uff0c\u786e\u4fdd\u4e0e\u91c7\u77ff\u7cfb\u7edf\u8fdb\u884c\u6d41\u7545\u53ef\u9760\u7684\u901a\u4fe1\u3002KS0 Pro \u5177\u6709\u591a\u79cd\u7535\u538b\u8f93\u5165\u9009\u9879\uff0c\u53ef\u4ee5\u4f7f\u7528 100-240 \u4f0f\u4ea4\u6d41\u7535\u6e90\uff0c\u4e5f\u53ef\u4ee5\u4f7f\u7528 19-20 \u4f0f\u76f4\u6d41\u7535\u6e90\uff0c\u8ba9\u60a8\u80fd\u591f\u7075\u6d3b\u5730\u6ee1\u8db3\u81ea\u5df1\u7684\u9700\u6c42\u3002<\/p>\n<p><strong>\u8fd0\u884c\u5b89\u9759\u9ad8\u6548\uff1a<\/strong> \u5c3d\u7ba1 KS0 Pro \u6027\u80fd\u5f3a\u5927\uff0c\u4f46\u8fd0\u884c\u65f6\u566a\u97f3\u4ec5\u4e3a 10 \u5206\u8d1d\u3002\u6b64\u5916\uff0c\u5176\u5148\u8fdb\u7684\u80fd\u6548\u786e\u4fdd\u60a8\u53ef\u4ee5\u8fde\u7eed\u6570\u5c0f\u65f6\u91c7\u77ff\uff0c\u800c\u4e0d\u5fc5\u62c5\u5fc3\u80fd\u6e90\u6210\u672c\u8fc7\u9ad8\u3002<\/p>\n<p><strong>\u65e0\u4e0e\u4f26\u6bd4\u7684\u6027\u80fd\uff1a<\/strong> KS0 Pro \u51ed\u501f\u5176 200GH\/S \uff08\u00b110%\uff09\u7684\u54c8\u5e0c\u7387\u8131\u9896\u800c\u51fa\uff0c\u6210\u4e3a\u52a0\u5bc6\u8d27\u5e01\u6316\u77ff\u9886\u57df\u7684\u4f7c\u4f7c\u8005\u3002\u5176\u7d27\u51d1\u7684\u8bbe\u8ba1\u548c\u8f7b\u5de7\u7684\u91cd\u91cf\u4f7f\u5176\u6210\u4e3a\u4efb\u4f55\u6316\u77ff\u73af\u5883\u7684\u7406\u60f3\u9009\u62e9\u3002<\/p>\n<p><strong>\u6700\u4f73\u6e29\u5ea6\uff1a<\/strong> \u53ea\u8981\u653e\u7f6e\u5728\u7a7a\u6c14\u6d41\u901a\u7684\u73af\u5883\u4e2d\uff0c\u8be5\u91c7\u77ff\u673a\u53ef\u5728 0~35 \u2103 \u7684\u6e29\u5ea6\u8303\u56f4\u5185\u5de5\u4f5c\u3002\u5373\u4f7f\u5728\u6076\u52a3\u7684\u6761\u4ef6\u4e0b\uff0c\u4e5f\u80fd\u786e\u4fdd\u6027\u80fd\u7a33\u5b9a\u3002<\/p>\n<p>Iceriver \u7684 KS0 Pro \u662f\u52a8\u529b\u3001\u6548\u7387\u548c\u6613\u7528\u6027\u7684\u5b8c\u7f8e\u7ed3\u5408\u3002\u5982\u679c\u60a8\u6b63\u5728\u5bfb\u627e\u4e00\u6b3e\u8d85\u8d8a\u60a8\u671f\u671b\u7684\u9ad8\u6027\u80fd\u77ff\u673a\uff0cKS0 Pro \u5c06\u662f\u60a8\u65e0\u53ef\u4e89\u8bae\u7684\u9009\u62e9\u3002\u4f7f\u7528 Iceriver KS0 Pro \u4e3a\u60a8\u7684\u52a0\u5bc6\u8d27\u5e01\u6316\u77ff\u64cd\u4f5c\u63d0\u4f9b\u52a8\u529b\uff0c\u4f53\u9a8c\u5168\u65b0\u7684\u751f\u4ea7\u529b\u6c34\u5e73\u3002<\/p>","protected":false},"excerpt":{"rendered":"<p>KS0 Pro de Iceriver: La M\u00e1quina de Miner\u00eda de Alto Rendimiento El KS0 Pro, la \u00faltima incorporaci\u00f3n de Iceriver a su destacada l\u00ednea de mineros, es una potencia de procesamiento como ninguna otra en el mundo de la miner\u00eda de criptomonedas. Dise\u00f1ado meticulosamente para brindar un rendimiento \u00f3ptimo, eficiencia energ\u00e9tica y confiabilidad sobresalientes, el KS0 [&hellip;]<\/p>\n","protected":false},"featured_media":2071,"comment_status":"open","ping_status":"closed","template":"","meta":[],"product_brand":[],"product_cat":[19],"product_tag":[244,138,137],"class_list":{"0":"post-2794","1":"product","2":"type-product","3":"status-publish","4":"has-post-thumbnail","6":"product_cat-mineros","7":"product_tag-gme","8":"product_tag-mineros-para-avanzados","9":"product_tag-mineros-para-principiantes","11":"first","12":"outofstock","13":"featured","14":"taxable","15":"shipping-taxable","16":"purchasable","17":"product-type-simple"},"_links":{"self":[{"href":"https:\/\/pruebas.michollo.to\/zh\/wp-json\/wp\/v2\/product\/2794","targetHints":{"allow":["GET"]}}],"collection":[{"href":"https:\/\/pruebas.michollo.to\/zh\/wp-json\/wp\/v2\/product"}],"about":[{"href":"https:\/\/pruebas.michollo.to\/zh\/wp-json\/wp\/v2\/types\/product"}],"replies":[{"embeddable":true,"href":"https:\/\/pruebas.michollo.to\/zh\/wp-json\/wp\/v2\/comments?post=2794"}],"wp:featuredmedia":[{"embeddable":true,"href":"https:\/\/pruebas.michollo.to\/zh\/wp-json\/wp\/v2\/media\/2071"}],"wp:attachment":[{"href":"https:\/\/pruebas.michollo.to\/zh\/wp-json\/wp\/v2\/media?parent=2794"}],"wp:term":[{"taxonomy":"product_brand","embeddable":true,"href":"https:\/\/pruebas.michollo.to\/zh\/wp-json\/wp\/v2\/product_brand?post=2794"},{"taxonomy":"product_cat","embeddable":true,"href":"https:\/\/pruebas.michollo.to\/zh\/wp-json\/wp\/v2\/product_cat?post=2794"},{"taxonomy":"product_tag","embeddable":true,"href":"https:\/\/pruebas.michollo.to\/zh\/wp-json\/wp\/v2\/product_tag?post=2794"}],"curies":[{"name":"wp","href":"https:\/\/api.w.org\/{rel}","templated":true}]}}