{"id":2963,"date":"2023-12-04T14:33:02","date_gmt":"2023-12-04T16:33:02","guid":{"rendered":"https:\/\/www.minandovoy.com\/?post_type=product&#038;p=2963"},"modified":"2026-02-23T13:16:35","modified_gmt":"2026-02-23T12:16:35","slug":"sistema-de-refrigeracion-liquida-para-mineria-en-casa-de-12kw-asic-con-enfriamiento-por-agua","status":"publish","type":"product","link":"https:\/\/pruebas.michollo.to\/zh\/product\/sistema-de-refrigeracion-liquida-para-mineria-en-casa-de-12kw-asic-con-enfriamiento-por-agua\/","title":{"rendered":"\u7528\u4e8e\u5bb6\u5ead\u91c7\u77ff\u7684 12KW ASIC \u6c34\u51b7\u6db2\u4f53\u51b7\u5374\u7cfb\u7edf\u3002"},"content":{"rendered":"<p>\u6c34\u51b7\u6563\u70ed\u5668 \u6700\u7b80\u5355\u3001\u6700\u65b9\u4fbf\u7684\u6c34\u51b7\u8d85\u9891\u7cfb\u7edf\uff0c\u9002\u7528\u4e8e\u77ff\u673a\uff0c\u8fd8\u53ef\u5229\u7528\u77ff\u70ed\u4e3a\u623f\u5c4b\u4f9b\u6696\u3002<\/p>\n<p>\u7279\u70b9 \u9002\u7528\u4e8e\u6240\u6709\u6c34\u51b7\u77ff\u673a \u5bb6\u7528\uff0865 \u5206\u8d1d\uff09\uff0c\u5916\u89c2\u7cbe\u7f8e \u53cc\u6eda\u73e0\u51b7\u5374\uff08\u53ef\u5728 12W\/H \u5de6\u53f3\u5de5\u4f5c\uff09\uff0c\u4f7f\u7528\u5bff\u547d\u957f \u8d85\u5927\u6392\u91cf\uff0c\u5927\u529f\u7387\u51b7\u5374\u89e3\u51b3\u65b9\u6848 \u5f3a\u529b\u6c34\u6cf5\uff0c\u7cfb\u7edf\u5316\u8d28\u91cf\u63a7\u5236 S \u578b\u6c34\u9053\u8bbe\u8ba1\uff0c\u591a\u901a\u9053\uff0c36 \u4e2a\u6c34\u5faa\u73af\u901a\u9053\uff0c\u6563\u70ed\u66f4\u5feb\u3002<\/p>\n<p>&nbsp;<\/p>\n<p>&nbsp;<\/p>\n<p>\u7528\u4e8e S19 \u53ca\u4ee5\u4e0a\u578b\u53f7\u7684\u6c34\u529b\u91c7\u77ff\u673a\u3002<\/p>","protected":false},"excerpt":{"rendered":"<p>Radiador de refrigeraci\u00f3n por agua El sistema de overclocking enfriado por agua m\u00e1s simple y conveniente para m\u00e1quinas de miner\u00eda y tambi\u00e9n puede utilizar el calor mineral para calentar la casa. Caracter\u00edsticas Compatible con todos los mineros enfriados por agua Para uso dom\u00e9stico (65 dB) y apariencia agradable Doble enfriamiento de bola (puede funcionar alrededor [&hellip;]<\/p>\n","protected":false},"featured_media":2965,"comment_status":"open","ping_status":"closed","template":"","meta":[],"product_brand":[],"product_cat":[15],"product_tag":[],"class_list":{"0":"post-2963","1":"product","2":"type-product","3":"status-publish","4":"has-post-thumbnail","6":"product_cat-sin-categorizar","8":"first","9":"instock","10":"taxable","11":"shipping-taxable","12":"purchasable","13":"product-type-simple"},"_links":{"self":[{"href":"https:\/\/pruebas.michollo.to\/zh\/wp-json\/wp\/v2\/product\/2963","targetHints":{"allow":["GET"]}}],"collection":[{"href":"https:\/\/pruebas.michollo.to\/zh\/wp-json\/wp\/v2\/product"}],"about":[{"href":"https:\/\/pruebas.michollo.to\/zh\/wp-json\/wp\/v2\/types\/product"}],"replies":[{"embeddable":true,"href":"https:\/\/pruebas.michollo.to\/zh\/wp-json\/wp\/v2\/comments?post=2963"}],"wp:featuredmedia":[{"embeddable":true,"href":"https:\/\/pruebas.michollo.to\/zh\/wp-json\/wp\/v2\/media\/2965"}],"wp:attachment":[{"href":"https:\/\/pruebas.michollo.to\/zh\/wp-json\/wp\/v2\/media?parent=2963"}],"wp:term":[{"taxonomy":"product_brand","embeddable":true,"href":"https:\/\/pruebas.michollo.to\/zh\/wp-json\/wp\/v2\/product_brand?post=2963"},{"taxonomy":"product_cat","embeddable":true,"href":"https:\/\/pruebas.michollo.to\/zh\/wp-json\/wp\/v2\/product_cat?post=2963"},{"taxonomy":"product_tag","embeddable":true,"href":"https:\/\/pruebas.michollo.to\/zh\/wp-json\/wp\/v2\/product_tag?post=2963"}],"curies":[{"name":"wp","href":"https:\/\/api.w.org\/{rel}","templated":true}]}}