{"id":305,"date":"2022-10-16T04:24:29","date_gmt":"2022-10-16T06:24:29","guid":{"rendered":"https:\/\/pruebas.michollo.to\/producto\/whatsminer-m50-118t\/"},"modified":"2026-02-23T13:22:32","modified_gmt":"2026-02-23T12:22:32","slug":"whatsminer-m50-122t","status":"publish","type":"product","link":"https:\/\/pruebas.michollo.to\/zh\/product\/whatsminer-m50-122t\/","title":{"rendered":"\u91c7\u77ff\u673aM50 122T"},"content":{"rendered":"<p>Whatsminer M50\u65b0\u7684\u6bd4\u7279\u5e01\u91c7\u77ff\u673a (<a href=\"https:\/\/www.minandovoy.com\/es_es\/categoria\/mineros\/?algoritmos=sha-256\">SHA-256<\/a>)\uff0c\u8ba1\u7b97\u80fd\u529b\u4e3a122T\uff0c\u8017\u7535\u91cf\u4e3a3200W\/\u5c0f\u65f6\u3002<\/p>\n<p>\u8be5\u8bbe\u5907\u4ece\u4eca\u5929\u8d77\u5f00\u59cb\u751f\u4ea7\uff0831\/10\/2022\uff09\u3002\u00a0<span class=\"money-symbol unit\">$<\/span> <span class=\"price-val money-val\" data-usd-per=\"0.06931895\" data-usd=\"0.06931895\" data-rule=\"formatPriceWithoutSeparator\">6.62<\/span><span class=\"price-val money-val\" data-usd-per=\"0.06931895\" data-usd=\"0.06931895\" data-rule=\"formatPriceWithoutSeparator\">\u8fd9\u5c06\u7b49\u540c\u4e8e <span class=\"pl-1 profit-val info-value\" data-profit=\"0.00000341\">0.00040238<\/span>\u00a0<span class=\"pl-1 info-value\">BTC\u3002<\/span><\/span><\/p>\n<p>\u5982\u679c\u6211\u4eec\u56de\u6eaf\u5230\u8fd9\u79cd\u52a0\u5bc6\u8d27\u5e01\u6240\u5904\u7684\u6700\u9ad8\u5cf0\uff0c\u6211\u4eec\u5c06\u53bb\u52302021\u5e7410\u6708\uff0c\u5f53\u65f6\u5b83\u7684\u4ef7\u503c\u4e3a64.300$\uff0c\u8fd9\u610f\u5473\u7740\uff0c\u8fd9<br \/>\n\u673a\u5668\u6bcf\u5929\u5c06\u63d0\u4f9b25,87$\u3002<\/p>\n<p>&nbsp;<\/p>\n<div class=\"currency-container d-inline-block\"><\/div>\n<h3><strong>\u5173\u4e8e\u6bd4\u7279\u5e01\u7684\u4e00\u70b9\u770b\u6cd5<\/strong><\/h3>\n<p>\u5b83\u662f\u7b2c\u4e00\u4e2a\u88ab\u5f00\u53d1\u7684\u52a0\u5bc6\u8d27\u5e01\uff0c\u56e0\u6b64\uff0c\u5b83\u4e3a\u540e\u6765\u4f7f\u7528\u5176\u533a\u5757\u94fe\u6280\u672f\u7684\u6240\u6709\u5176\u4ed6\u8d27\u5e01\u94fa\u5e73\u4e86\u9053\u8def\u3002<\/p>\n<p>\u6bcf\u5e74\u6709\u4e00\u4e2a\u6bd4\u7279\u5e01\u7684\u53d1\u884c\u91cf\uff0c\u8fd9\u4e2a\u91cf\u662f\u7531\u4ed6\u4eec\u7684\u7b97\u6cd5\u51b3\u5b9a\u7684\uff0c\u6bcf4\u5e74\u4ed6\u4eec\u7684\u4ea7\u91cf\u4f1a\u51cf\u5c112\u4e2a\uff0c\u6240\u4ee5\u603b\u5171\u53ea\u53d1\u884c2100\u4e07\u4e2a\u6bd4\u7279\u5e01\u3002<\/p>\n<p>\u8fd9\u662f\u4e0e\u4f20\u7edf\u8d27\u5e01\u7684\u6700\u5927\u533a\u522b\uff0c\u56e0\u4e3a\u94f6\u884c\u4f1a\u6539\u53d8\u4ef7\u503c\u3002\u8fd9\u610f\u5473\u7740\u52a0\u5bc6\u8d27\u5e01\uff0c\u5728\u8fd9\u79cd\u60c5\u51b5\u4e0b\uff0c\u6bd4\u7279\u5e01\u53ef\u4ee5\u63d0\u4f9b\u66f4\u591a\u7684\u7a33\u5b9a\u6027\uff0c\u800c\u4f20\u7edf\u8d27\u5e01\u5219\u4f1a\u8d2c\u503c\u3002<\/p>\n<p>\u4eca\u5929\uff0c\u52a0\u5bc6\u8d27\u5e01\u5728\u8bb8\u591a\u5e73\u53f0\u4e0a\u88ab\u7528\u4f5c\u4e00\u79cd\u652f\u4ed8\u65b9\u5f0f\uff0c\u5927\u591a\u6570\u60c5\u51b5\u4e0b\u7684\u4ea4\u6362\u8d27\u5e01\u662f\u6bd4\u7279\u5e01\uff0c\u56e0\u4e3a\u5b83\u4eec\u662f\u5b89\u5168\u548c\u79c1\u6709\u7684\u3002<\/p>\n<p>&nbsp;<\/p>\n<h3><strong>\u7684\u4e3b\u8981\u4f18\u52bf <a href=\"https:\/\/coinmarketcap.com\/es\/currencies\/bitcoin\/\">BITCOIN<\/a><\/strong><\/h3>\n<ol>\n<li>\u901f\u5ea6\uff1a\u65e0\u8bba\u91d1\u989d\u548c\u76ee\u7684\u5730\u5982\u4f55\uff0c\u90fd\u53ef\u4ee5\u5728\u51e0\u5206\u949f\u5185\u628a\u94b1\u5bc4\u7ed9\u81ea\u5df1\u3002<\/li>\n<li>\u4ef7\u683c\u4f4e\u5ec9\uff1a\u5f53\u901a\u8fc7\u94f6\u884c\u8fdb\u884c\u8f6c\u8d26\u65f6\uff0c\u53ef\u80fd\u4f1a\u82b1\u8d39\u5f88\u591a\u94b1\uff0c\u800c\u901a\u8fc7\u6bd4\u7279\u5e01\uff0c\u8d39\u7528\u662f\u514d\u8d39\u7684\uff0c\u6216\u8005\u53ea\u6709\u51e0\u5206\u94b1\u3002<\/li>\n<li>\u5168\u7403\uff1a\u4f60\u53ef\u4ee5\u5728\u4e16\u754c\u4efb\u4f55\u5730\u65b9\u53d1\u9001\uff0c\u5b83\u6ca1\u6709\u56fd\u754c\u3002<\/li>\n<li>\u53bb\u4e2d\u5fc3\u5316\uff1a\u6ca1\u6709\u653f\u5e9c\/\u94f6\u884c\u53ef\u4ee5\u63a7\u5236\u5b83\uff0c\u65e0\u8bba\u662f\u5728\u5b83\u7684\u521b\u9020\u8fd8\u662f\u5206\u914d\u65b9\u9762\u3002<\/li>\n<li>\u6240\u6709\u6743\uff1a\u94b1\u5c5e\u4e8e\u4f60100%\uff0c\u4efb\u4f55\u4eba\u90fd\u4e0d\u80fd\u52a8\u7528\uff0c\u4f60\u5c31\u662f\u4f60\u81ea\u5df1\u7684\u94f6\u884c\u3002<\/li>\n<li>\u900f\u660e\u7684\u3002  \u6240\u6709\u4ea4\u6613\u90fd\u662f\u516c\u5f00\u7684\uff0c\u4f46\u603b\u662f\u7528\u5047\u540d\u3002<\/li>\n<li>\u6709\u9650\u7684\u53d1\u884c\u91cf\uff1a\u6ca1\u6709\u4eba\u53ef\u4ee5\u4ec5\u4ec5\u56e0\u4e3a\u4ed6\u4eec\u89c9\u5f97\u559c\u6b22\u800c\u4ea7\u751f\u6210\u5343\u4e0a\u4e07\u7684\u6bd4\u7279\u5e01\uff0c\u5b83\u4eec\u7684\u51fa\u73b0\u8981\u611f\u8c22\u91c7\u77ff\u3002<\/li>\n<li>\u79c1\u5bc6\u6027\uff1a\u6bd4\u7279\u5e01\u8bd5\u56fe\u5728\u5f88\u9ad8\u7684\u7a0b\u5ea6\u4e0a\u4fdd\u62a4\u9690\u79c1\uff0c\u5c3d\u7ba1\u5b83\u4e0d\u662f\u5b8c\u5168\u533f\u540d\u7684\uff0c\u5e76\u52aa\u529b\u505a\u5230\u8fd9\u4e00\u70b9\u3002<\/li>\n<\/ol>","protected":false},"excerpt":{"rendered":"<p>Whatsminer M50 la nueva m\u00e1quina para la miner\u00eda de Bitcoin (SHA-256) con un poder computacional de 122T y un consumo el\u00e9ctrico de\u00a0 3200W\/Hora. Este equipo est\u00e1 produciendo a d\u00eda de hoy (31\/10\/2022)\u00a0$ 6.62, lo que ser\u00eda igual a 0.00040238\u00a0BTC. Si nos movemos de fecha, al pico m\u00e1s alto al que ha estado esta criptomoneda, nos [&hellip;]<\/p>\n","protected":false},"featured_media":306,"comment_status":"open","ping_status":"closed","template":"","meta":[],"product_brand":[],"product_cat":[19],"product_tag":[52,244,138,137],"class_list":{"0":"post-305","1":"product","2":"type-product","3":"status-publish","4":"has-post-thumbnail","6":"product_cat-mineros","7":"product_tag-asic","8":"product_tag-gme","9":"product_tag-mineros-para-avanzados","10":"product_tag-mineros-para-principiantes","12":"first","13":"outofstock","14":"taxable","15":"shipping-taxable","16":"purchasable","17":"product-type-simple"},"_links":{"self":[{"href":"https:\/\/pruebas.michollo.to\/zh\/wp-json\/wp\/v2\/product\/305","targetHints":{"allow":["GET"]}}],"collection":[{"href":"https:\/\/pruebas.michollo.to\/zh\/wp-json\/wp\/v2\/product"}],"about":[{"href":"https:\/\/pruebas.michollo.to\/zh\/wp-json\/wp\/v2\/types\/product"}],"replies":[{"embeddable":true,"href":"https:\/\/pruebas.michollo.to\/zh\/wp-json\/wp\/v2\/comments?post=305"}],"wp:featuredmedia":[{"embeddable":true,"href":"https:\/\/pruebas.michollo.to\/zh\/wp-json\/wp\/v2\/media\/306"}],"wp:attachment":[{"href":"https:\/\/pruebas.michollo.to\/zh\/wp-json\/wp\/v2\/media?parent=305"}],"wp:term":[{"taxonomy":"product_brand","embeddable":true,"href":"https:\/\/pruebas.michollo.to\/zh\/wp-json\/wp\/v2\/product_brand?post=305"},{"taxonomy":"product_cat","embeddable":true,"href":"https:\/\/pruebas.michollo.to\/zh\/wp-json\/wp\/v2\/product_cat?post=305"},{"taxonomy":"product_tag","embeddable":true,"href":"https:\/\/pruebas.michollo.to\/zh\/wp-json\/wp\/v2\/product_tag?post=305"}],"curies":[{"name":"wp","href":"https:\/\/api.w.org\/{rel}","templated":true}]}}