{"id":3677,"date":"2024-02-28T09:14:13","date_gmt":"2024-02-28T11:14:13","guid":{"rendered":"https:\/\/www.minandovoy.com\/?post_type=product&#038;p=3677"},"modified":"2026-02-24T13:38:29","modified_gmt":"2026-02-24T12:38:29","slug":"antminer-ka3-173","status":"publish","type":"product","link":"https:\/\/pruebas.michollo.to\/zh\/product\/antminer-ka3-173\/","title":{"rendered":"\u8682\u8681\u77ff\u5de5 KA3\uff08173 Th\uff09"},"content":{"rendered":"<p>\u65b0\u7684Antminer KA3\uff0cBitmain\u8d85\u8d8a\u4e86\u6240\u6709\u7684\u7ade\u4e89\u5bf9\u624b\uff0c\u5e76\u5c06\u81ea\u5df1\u5b9a\u4f4d\u5728\u9886\u5956\u53f0\u4e0a\uff0c\u6210\u4e3a\u6700\u8d5a\u94b1\u7684asics\u4e4b\u4e00\u3002<\/p>\n<p>&nbsp;<\/p>\n<div class=\"asicminer-widget-container\" style=\"width: 100%; min-height: 300px;\">\n            <iframe id=\"asicminer-widget-7317\" \n                    src=\"https:\/\/pruebas.michollo.to\/wp-content\/themes\/minandovoy\/proxy-widget.php?miner=bitmain\/antminer-ka3-173th&#038;type=profit&#038;theme=dark\" \n                    width=\"100%\" \n                    height=\"300\" \n                    frameborder=\"0\"\n                    loading=\"lazy\"\n                    style=\"border: none; overflow: hidden;\"\n                    title=\"ASIC Miner Widget\">\n            <\/iframe>\n        <\/div>\n<p>\u8fd9\u53f0\u673a\u5668\u88ab\u79f0\u4e3aAntminer KA3\uff0c\u662f\u7b2c\u4e00\u53f0\u8fdb\u5165Bitmain\u5bb6\u65cf\u7684Kadena\u673a\u5668\u3002\u8fd9\u53f0\u673a\u5668\u7684\u6548\u7387\u5230\u76ee\u524d\u4e3a\u6b62\u662f\u72ec\u4e00\u65e0\u4e8c\u7684\uff0c\u65e0\u53ef\u5339\u654c\u7684\uff0c\u56e0\u4e3a\u5b83\u6bcfTH\u63d0\u4f9b\u7ea619.2\u74e6\u7279\u3002<\/p>\n<p>\u8fd8\u5e94\u6ce8\u610f\u5230\u7684\u662f <a href=\"https:\/\/www.minandovoy.com\/es_es\/categoria\/mineros\/?algoritmos=kadena\">\u5e03\u83b1\u514b-2s\u5361\u5fb7\u7eb3\u7b97\u6cd5<\/a> \u88ab\u8ba4\u4e3a\u662f\u4e00\u79cd\u5de5\u4e1a\u673a\u5668\uff0c\u4e0d\u4ec5\u56e0\u4e3a\u5b83\u7684\u529f\u8017\uff0c\u8fd8\u56e0\u4e3a\u5b83\u7684\u9ad8\u566a\u97f3\u6c34\u5e73\uff0c\u572870-80db\u4e4b\u95f4\uff0c\u5982\u679c\u4f60\u60f3\u5f97\u5230\u5176\u4e2d\u4e00\u4e2a\uff0c\u4f60\u5e94\u8be5\u8003\u8651\u5230\u8fd9\u4e9b\u56e0\u7d20\u3002<\/p>\n<p>&nbsp;<\/p>\n<h3><strong>\u5f00\u91c7\u5e03\u96f7\u514b2s\u5361\u5fb7\u7eb3(Antminer KA3)\u3002<\/strong><\/h3>\n<p>Kadena\u7f51\u7edc\u4e2dBlake2s\u7b97\u6cd5\u7684\u6316\u6398\u662f\u6307\u4f7f\u7528Blake2s\u7b97\u6cd5\u9a8c\u8bc1\u4ea4\u6613\u548c\u4fdd\u969c\u7f51\u7edc\u5b89\u5168\u7684\u8fc7\u7a0b\u3002<\/p>\n<ol>\n<li><strong>Blake2s\u6563\u5217\u7b97\u6cd5<\/strong>Blake2s\uff1aBlake2s\u662f\u4e00\u79cd\u7528\u4e8e\u51ef\u8fea\u7eb3\u91c7\u77ff\u7684\u52a0\u5bc6\u6563\u5217\u7b97\u6cd5\u3002\u5b83\u662fBlake2\u7b97\u6cd5\u7684\u4e00\u4e2a\u53d8\u79cd\uff0c\u7528\u4e8e\u5bf9\u533a\u5757\u94fe\u4e0a\u7684\u533a\u5757\u8fdb\u884c\u6563\u5217\uff0c\u786e\u4fdd\u7f51\u7edc\u4e0a\u4ea4\u6613\u7684\u5b8c\u6574\u6027\u3002<\/li>\n<li><strong>\u5de5\u4f5c\u8bc1\u660e (Proof-of-Work)<\/strong>\u5728Kadena\u7f51\u7edc\u4e2d\uff0c\u91c7\u77ff\u662f\u901a\u8fc7\u4f7f\u7528Blake2s\u7684\u5de5\u4f5c\u8bc1\u660e\uff08PoW\uff09\u5171\u8bc6\u7b97\u6cd5\u8fdb\u884c\u7684\u3002\u77ff\u5de5\u4eec\u7ade\u4e89\u4f7f\u7528\u4ed6\u4eec\u7684\u5904\u7406\u80fd\u529b\u6765\u89e3\u51b3\u590d\u6742\u7684\u6570\u5b66\u95ee\u9898\uff0c\u4ee5\u627e\u5230\u4e00\u4e2a\u6709\u6548\u7684\u54c8\u5e0c\u503c\uff0c\u6ee1\u8db3\u7b97\u6cd5\u8bbe\u5b9a\u7684\u67d0\u4e9b\u8981\u6c42\u3002\u7b2c\u4e00\u4e2a\u627e\u5230\u6b63\u786e\u54c8\u5e0c\u503c\u7684\u77ff\u5de5\u6709\u673a\u4f1a\u5411\u533a\u5757\u94fe\u6dfb\u52a0\u4e00\u4e2a\u65b0\u7684\u533a\u5757\u5e76\u83b7\u5f97\u5956\u52b1\u3002<\/li>\n<li><strong>\u91c7\u77ff\u786c\u4ef6<\/strong>\u5361\u5fb7\u7eb3\u7684Blake2s\u6316\u77ff\u53ef\u4ee5\u4f7f\u7528\u4e13\u95e8\u4e3a\u8fd9\u79cd\u7b97\u6cd5\u8bbe\u8ba1\u7684\u79f0\u4e3aASIC\uff08\u7279\u5b9a\u5e94\u7528\u96c6\u6210\u7535\u8def\uff09\u7684\u4e13\u7528\u786c\u4ef6\u8fdb\u884c\u3002\u8fd9\u4e9b\u8bbe\u5907\u5728\u8ba1\u7b97\u54c8\u5e0c\u8fd0\u7b97\u65f6\u6548\u7387\u5f88\u9ad8\uff0c\u4e0e\u4f20\u7edf\u7684GPU\u6216CPU\u76f8\u6bd4\uff0c\u63d0\u4f9b\u4e86\u66f4\u9ad8\u7684\u5904\u7406\u80fd\u529b\u3002<\/li>\n<li><strong>\u91c7\u77ff\u6c60<\/strong>\u4e0e\u5176\u4ed6\u52a0\u5bc6\u8d27\u5e01\u4e00\u6837\uff0cKadena\u77ff\u5de5\u53ef\u4ee5\u9009\u62e9\u52a0\u5165\u77ff\u6c60\u3002\u91c7\u77ff\u6c60\u5141\u8bb8\u77ff\u5de5\u7ed3\u5408\u4ed6\u4eec\u7684\u5904\u7406\u80fd\u529b\uff0c\u589e\u52a0\u4ed6\u4eec\u89e3\u51b3\u533a\u5757\u7684\u673a\u4f1a\uff0c\u5e76\u66f4\u7ecf\u5e38\u5730\u83b7\u5f97\u5956\u52b1\u3002\u5956\u52b1\u6839\u636e\u77ff\u6c60\u6210\u5458\u5bf9\u77ff\u6c60\u603b\u54c8\u5e0c\u503c\u7684\u8d21\u732e\u5728\u77ff\u6c60\u6210\u5458\u4e4b\u95f4\u5206\u914d\u3002<\/li>\n<li><strong>\u76c8\u5229\u80fd\u529b\u548c\u8003\u8651\u56e0\u7d20<\/strong>Blake2s\u5728\u5361\u5fb7\u7eb3\u6316\u77ff\u7684\u76c8\u5229\u80fd\u529b\u53d6\u51b3\u4e8e\u51e0\u4e2a\u56e0\u7d20\uff0c\u5982\u7535\u529b\u6210\u672c\uff0c\u6316\u51fa\u7684\u4ee3\u5e01\uff08KDA\uff09\u7684\u4ef7\u683c\uff0c\u7f51\u7edc\u7684\u96be\u5ea6\u548c\u4f7f\u7528\u7684\u786c\u4ef6\u6548\u7387\u3002\u5728\u5f00\u59cb\u6316\u77ff\u4e4b\u524d\uff0c\u8003\u8651\u8fd9\u4e9b\u56e0\u7d20\u5e76\u8fdb\u884c\u76c8\u5229\u6027\u8ba1\u7b97\u662f\u5f88\u91cd\u8981\u7684\u3002<\/li>\n<\/ol>\n<p>&nbsp;<\/p>\n<h3><strong>\u4f60\u8ba4\u4e3aBitmain\u4e3a\u4ec0\u4e48\u4f1a\u5bf9Kadena\u9879\u76ee\u611f\u5174\u8da3\uff1f<\/strong><\/h3>\n<p>\u8fd9\u79cd\u52a0\u5bc6\u8d27\u5e01KDA\u62e5\u6709\u4e00\u4e2a\u5e9e\u5927\u7684\u5f00\u53d1\u56e2\u961f\uff0c\u5176\u4e2d\u5305\u62ec\u6765\u81ea\u5fae\u8f6f\u3001\u82f9\u679c\u548c\u6bd4\u7279\u5e01\u7684\u524d\u5de5\u7a0b\u5e08\uff0c\u4ee5\u53ca\u4f18\u79c0\u7684\u987e\u95ee\uff0c\u6709\u52a9\u4e8e\u5bf9\u9879\u76ee\u4ea7\u751f\u5de8\u5927\u7684\u4fe1\u5fc3\u3002<\/p>\n<p>Bitmain\u5df2\u7ecf\u52a0\u5165\u4e86\u4e0eKadena\u5408\u4f5c\u7684\u5927\u91cf\u516c\u53f8\uff0c\u5982\u679c\u6211\u4eec\u770b\u5230\u5927\u91cf\u7684\u91c7\u7528\u548c\u8be5\u9879\u76ee\u7ee7\u7eed\u6210\u500d\u589e\u957f\uff0c\u6211\u4eec\u4e0d\u5e94\u8be5\u611f\u5230\u60ca\u8bb6\u3002<\/p>\n<p>\u5927\u578b\u524d - \u53d8\u5316\uff0c\u5982Binance\u3001KUcoin\u3001Crypto.com......\u6709\u8fd9\u79cd\u8d27\u5e01\u4f9b\u5176\u7528\u6237\u4ea4\u6613\u3002<\/p>\n<p>\u6bcb\u5eb8\u7f6e\u7591\uff0c\u8fd9\u662f\u4e00\u4e2a\u6709\u5f88\u5927\u524d\u9014\u7684\u533a\u5757\u94fe\uff0c\u6709\u53ef\u80fd\u8fbe\u5230TOP20\u7684\u6c34\u5e73\u3002<\/p>\n<p>&nbsp;<\/p>\n<p><strong>\u00a0<\/strong><\/p>\n<h3><strong>\u4ee3\u5e01KDA<\/strong><\/h3>\n<p>KDA\u4ee3\u5e01\u662f \"Kadena \"\u7684\u7b80\u79f0\uff0c\u662fKadena\u533a\u5757\u94fe\u7f51\u7edc\u7684\u672c\u5730\u52a0\u5bc6\u8d27\u5e01\u3002<\/p>\n<ol>\n<li><strong>\u529f\u80fd\u548c\u6548\u7528<\/strong>KDA\u5728\u5361\u5fb7\u7eb3\u7f51\u7edc\u4e2d\u88ab\u7528\u4f5c\u672c\u5730\u8d27\u5e01\u3002\u5b83\u5728\u5361\u5fb7\u7eb3\u751f\u6001\u7cfb\u7edf\u4e2d\u5177\u6709\u82e5\u5e72\u529f\u80fd\u548c\u5b9e\u7528\u6027\uff1a\n<ul>\n<li>\u652f\u4ed8\u8d39\u7528\uff1a\u7528\u6237\u5fc5\u987b\u652f\u4ed8\u4e00\u5b9a\u6570\u91cf\u7684KDA\u4f5c\u4e3a\u53d1\u9001\u4ea4\u6613\u3001\u6267\u884c\u667a\u80fd\u5408\u7ea6\u548c\u5728Kadena\u7f51\u7edc\u4e0a\u6267\u884c\u64cd\u4f5c\u7684\u8d39\u7528\u3002<\/li>\n<li>\u53c2\u4e0e\u7ba1\u7406\uff1aKDA\u6301\u6709\u4eba\u6709\u673a\u4f1a\u53c2\u4e0e\u5361\u5fb7\u7eb3\u7f51\u7edc\u7684\u7ba1\u7406\u3002\u8fd9\u5305\u62ec\u5bf9\u6539\u8fdb\u5efa\u8bae\u8fdb\u884c\u6295\u7968\uff0c\u5e76\u4f5c\u51fa\u4e0e\u7f51\u7edc\u7684\u53d1\u5c55\u548c\u6f14\u53d8\u6709\u5173\u7684\u51b3\u5b9a\u3002<\/li>\n<li>\u4ef7\u503c\u5b58\u50a8\uff1a\u9664\u4e86\u5728\u751f\u6001\u7cfb\u7edf\u4e2d\u7684\u4f5c\u7528\u5916\uff0c\u7528\u6237\u8fd8\u53ef\u4ee5\u5c06KDA\u4f5c\u4e3a\u4e00\u79cd\u4ef7\u503c\u5b58\u50a8\u6216\u957f\u671f\u6295\u8d44\u7684\u5f62\u5f0f\u6765\u7ef4\u62a4\u3002<\/li>\n<\/ul>\n<\/li>\n<li><strong>\u4f9b\u5e94\u548c\u53d1\u884c<\/strong>KDA\u7684\u603b\u4f9b\u5e94\u91cf\u662f\u56fa\u5b9a\u548c\u6709\u9650\u7684\u3002\u6839\u636e2021\u5e749\u6708\u4e4b\u524d\u7684\u53ef\u7528\u4fe1\u606f\uff0cKDA\u7684\u6700\u5927\u4f9b\u5e94\u91cf\u662f1\u4ebf\u4e2a\u4ee3\u5e01\u3002\u9884\u8ba1\u4e0d\u4f1a\u6709\u8d85\u8fc7\u8fd9\u4e2a\u6700\u5927\u4f9b\u5e94\u91cf\u7684\u989d\u5916\u53d1\u884c\u3002<\/li>\n<li><strong>\u5e02\u573a\u548c\u4ea4\u6613\u6240<\/strong>KDA\u4ee3\u5e01\uff1aKDA\u4ee3\u5e01\u5728\u51e0\u4e2a\u52a0\u5bc6\u8d27\u5e01\u4ea4\u6613\u6240\u4e0a\u5e02\uff0c\u5141\u8bb8\u7528\u6237\u8d2d\u4e70\u3001\u51fa\u552e\u548c\u4ea4\u6613\u5b83\u3002KDA\u7684\u4ef7\u683c\u53d7\u8fd9\u4e9b\u4ea4\u6613\u6240\u7684\u4f9b\u5e94\u548c\u9700\u6c42\u4ee5\u53ca\u5176\u4ed6\u53ef\u80fd\u5f71\u54cd\u5176\u4ef7\u503c\u7684\u5916\u90e8\u56e0\u7d20\u7684\u5f71\u54cd\u3002<\/li>\n<li><strong>\u57fa\u7840\u6280\u672f<\/strong>Kadena\u662f\u4e00\u4e2a\u533a\u5757\u94fe\u5e73\u53f0\uff0c\u5b83\u5c06\u591a\u4e2a\u533a\u5757\u94fe\u7ed3\u5408\u5230\u4e00\u4e2a\u7f51\u7edc\u4e2d\uff0c\u5141\u8bb8\u66f4\u5927\u7684\u53ef\u6269\u5c55\u6027\u548c\u6027\u80fd\u3002\u5b83\u4f7f\u7528\u4e00\u79cd\u57fa\u4e8e\u5de5\u4f5c\u8bc1\u660e\uff08PoW\uff09\u548c\u83b7\u53d6\u8bc1\u660e\uff08PoS\uff09\u7684\u6df7\u5408\u5171\u8bc6\uff0c\u79f0\u4e3a \"BFT-POW\"\u3002\u8fd9\u79cd\u5171\u8bc6\u65b9\u6cd5\u7ed3\u5408\u4e86PoW\u7684\u5b89\u5168\u6027\u548cPoS\u7684\u6548\u7387\u548c\u53ef\u6269\u5c55\u6027\u3002<\/li>\n<li><strong>\u4f7f\u7528\u6848\u4f8b\uff1a<\/strong> Kadena\u4e13\u6ce8\u4e8e\u4e3a\u4f01\u4e1a\u548c\u5546\u4e1a\u5e94\u7528\u63d0\u4f9b\u533a\u5757\u94fe\u89e3\u51b3\u65b9\u6848\u3002\u5176\u6280\u672f\u65e8\u5728\u5b9e\u73b0\u53bb\u4e2d\u5fc3\u5316\u7684\u5e94\u7528\u548c\u53ef\u9760\u3001\u53ef\u6269\u5c55\u7684\u667a\u80fd\u5408\u7ea6\uff0c\u4e3a\u91d1\u878d\u3001\u4f9b\u5e94\u94fe\u3001\u8d44\u4ea7\u767b\u8bb0\u7b49\u9886\u57df\u63d0\u4f9b\u673a\u4f1a\u3002<\/li>\n<\/ol>\n<p>&nbsp;<\/p>","protected":false},"excerpt":{"rendered":"<p>La nueva Antminer KA3, Bitmain adelanta a toda su competencia y se posiciona en el podio siendo uno de los asics m\u00e1s rentables. &nbsp; Esta m\u00e1quina recibe el nombre de Antminer KA3, la primera m\u00e1quina de Kadena en abrirse paso en la familia Bitmain. La eficiencia de esta m\u00e1quina hasta ahora es \u00fanica e inigualable [&hellip;]<\/p>\n","protected":false},"featured_media":304,"comment_status":"open","ping_status":"closed","template":"","meta":[],"product_brand":[],"product_cat":[19],"product_tag":[52,244,138,137],"class_list":{"0":"post-3677","1":"product","2":"type-product","3":"status-publish","4":"has-post-thumbnail","6":"product_cat-mineros","7":"product_tag-asic","8":"product_tag-gme","9":"product_tag-mineros-para-avanzados","10":"product_tag-mineros-para-principiantes","12":"first","13":"instock","14":"taxable","15":"shipping-taxable","16":"purchasable","17":"product-type-simple"},"_links":{"self":[{"href":"https:\/\/pruebas.michollo.to\/zh\/wp-json\/wp\/v2\/product\/3677","targetHints":{"allow":["GET"]}}],"collection":[{"href":"https:\/\/pruebas.michollo.to\/zh\/wp-json\/wp\/v2\/product"}],"about":[{"href":"https:\/\/pruebas.michollo.to\/zh\/wp-json\/wp\/v2\/types\/product"}],"replies":[{"embeddable":true,"href":"https:\/\/pruebas.michollo.to\/zh\/wp-json\/wp\/v2\/comments?post=3677"}],"wp:featuredmedia":[{"embeddable":true,"href":"https:\/\/pruebas.michollo.to\/zh\/wp-json\/wp\/v2\/media\/304"}],"wp:attachment":[{"href":"https:\/\/pruebas.michollo.to\/zh\/wp-json\/wp\/v2\/media?parent=3677"}],"wp:term":[{"taxonomy":"product_brand","embeddable":true,"href":"https:\/\/pruebas.michollo.to\/zh\/wp-json\/wp\/v2\/product_brand?post=3677"},{"taxonomy":"product_cat","embeddable":true,"href":"https:\/\/pruebas.michollo.to\/zh\/wp-json\/wp\/v2\/product_cat?post=3677"},{"taxonomy":"product_tag","embeddable":true,"href":"https:\/\/pruebas.michollo.to\/zh\/wp-json\/wp\/v2\/product_tag?post=3677"}],"curies":[{"name":"wp","href":"https:\/\/api.w.org\/{rel}","templated":true}]}}