{"id":382,"date":"2022-10-16T04:31:29","date_gmt":"2022-10-16T06:31:29","guid":{"rendered":"https:\/\/pruebas.michollo.to\/producto\/antminer-e7-800mhs\/"},"modified":"2025-09-04T10:28:54","modified_gmt":"2025-09-04T08:28:54","slug":"antminer-e7-800mhs","status":"publish","type":"product","link":"https:\/\/pruebas.michollo.to\/zh\/product\/antminer-e7-800mhs\/","title":{"rendered":"Antminer E7 800Mhs"},"content":{"rendered":"<h4><b>\u8681\u4eba<\/b> E7 800Mhs<\/h4>\n<div>\u01de\u01de\u01de <b>\u8681\u4eba<\/b> E7 8 \u4ebf <b>\u6bd4\u7279\u66fc<\/b>\u4e13\u6ce8\u4e8e\u5f00\u91c7Ethereum Classic\uff0c\u5176\u6027\u80fd\u9ad8\u4e8e\u5176\u4ed6\u4efb\u4f55\u4e00\u5bb6\u516c\u53f8\u3002 <a href=\"https:\/\/www.minandovoy.com\/categoria\/rigs-de-gpu\/\">GPU<\/a>.\u00a0<b>\u00a0<\/b>\u8fd9\u4e2a\u4e13\u7528\u4e8e\u5f00\u91c7\u7684ASIC <a href=\"https:\/\/www.minandovoy.com\/categoria\/mineros\/?algoritmos=ethash\">\u4e59\u57fa\u8102\u80aa(Ethash)<\/a>\u5b83\u7684\u91c7\u77ff\u529f\u7387\u4e3a 800MHs\uff0c\u8017\u7535\u91cf\u4e3a 1 300w\/h\u3002<\/div>\n<div>\n<div class=\"jnews_inline_related_post_wrapper right\">\n<div class=\"jnews_inline_related_post\">\n<div class=\"jeg_postblock_21 jeg_postblock jeg_module_hook jeg_pagination_disable jeg_col_2o3 jnews_module_337080_0_6385e584c0f23\" data-unique=\"jnews_module_337080_0_6385e584c0f23\">\n<div class=\"jeg_block_heading jeg_block_heading_5 jeg_subcat_right\"><\/div>\n<\/div>\n<\/div>\n<\/div>\n<h3><b>\u4ec0\u4e48\u662fBitmain\uff1f<\/b><\/h3>\n<p><em>\u6bd4\u7279\u66fc<\/em> \u662f\u4e00\u5bb6\u4f4d\u4e8e\u4e2d\u56fd\u5317\u4eac\u7684\u516c\u53f8\u3002\u5b83\u88ab\u8ba4\u4e3a\u662f\u52a0\u5bc6\u8d27\u5e01\u884c\u4e1a\u4e2d\u6700\u91cd\u8981\u7684\u516c\u53f8\u4e4b\u4e00\uff0c\u56e0\u4e3a\u5b83\u751f\u4ea7\u4e86\u5177\u6709\u5de8\u5927\u91c7\u77ff\u80fd\u529b\u7684\u9ad8\u8d28\u91cf\u91c7\u77ff\u786c\u4ef6\uff0c\u5e76\u53d6\u5f97\u4e86\u6280\u672f\u8fdb\u6b65\u3002\u5b83\u662f\u4e16\u754c\u4e0a\u6700\u5927\u7684\u52a0\u5bc6\u8d27\u5e01\u91c7\u77ff\u8bbe\u5907\u8bbe\u8ba1\u8005\u3002\u00a0<em>ASIC<\/em>\u00a0\u7528\u4e8e\u91c7\u77ff\u00a0<em>\u6bd4\u7279\u5e01<\/em>.<\/p>\n<p>Bitmain\u4e3b\u8981\u4ee5\u5176\u6bd4\u7279\u5e01\u786c\u4ef6\u800c\u95fb\u540d\uff0c\u5c3d\u7ba1\u5b83\u5bf9\u4e3a\u5176\u4e1a\u52a1\u5e26\u6765\u7a33\u56fa\u6027\u7684\u9879\u76ee\u611f\u5174\u8da3\uff0c\u5982\u4ee5\u592a\u574a\/\u4ee5\u592a\u574a\u7ecf\u5178\u3002<\/p>\n<p>2021 \u5e74 4 \u6708\uff0c\u8fd9\u5bb6\u5927\u578b\u5236\u9020\u5546\u5ba3\u5e03\u63a8\u51fa\u4e00\u6b3e\u540d\u4e3a Antminer E7 800M \u7684 Ethreum \u6316\u77ff\u673a\u3002\u8fd9\u53f0\u771f\u6b63\u7684\u5de8\u517d\u62e5\u6709\u76f8\u5f53\u4e8e 8 \u4e2a Nvidia RTX 3080 GPU \u7684\u529f\u7387\u3002<\/p>\n<h2><b>\u53ef\u4f7f\u7528 Antminer E7 800Mhs \u6316\u51fa\u7684\u786c\u5e01<\/b><\/h2>\n<p>\u6211\u4eec\u5c06\u4ee5\u4e00\u79cd\u6e05\u6670\u7684\u65b9\u5f0f\u4e3a\u60a8\u5448\u73b0\uff0c\u8ba9\u60a8\u80fd\u591f\u4e00\u76ee\u4e86\u7136\u3002\u4e0b\u9762\u60a8\u53ef\u4ee5\u770b\u5230 Antminer E7 800mhs \u77ff\u673a\u7684 EtHash \u7b97\u6cd5\u4e2d\u6700\u91cd\u8981\u7684\u5e01\u79cd\u3002<\/p>\n<ul>\n<li>\u4ee5\u592a\u574a\u7ecf\u5178(ETC)<\/li>\n<li>\u97f3\u4e50\u9662 (Musicoin)<\/li>\n<li>\u4f18\u5fc5\u9009 (UBQ)<\/li>\n<\/ul>\n<h3><strong><a href=\"https:\/\/coinmarketcap.com\/es\/currencies\/ethereum-classic\/\">\u4ee5\u592a\u574a\u7ecf\u5178<\/a> VS \u4ee5\u592a\u574a\u3002<\/strong><\/h3>\n<p>\u8fd9\u79cd\u52a0\u5bc6\u8d27\u5e01\u4e8e2016\u5e747\u6708\u63a8\u51fa\uff0c\u5176\u4e3b\u8981\u529f\u80fd\u662f\u4f5c\u4e3a\u4e00\u4e2a\u7f51\u7edc\u7684<br \/>\n\u667a\u80fd\u5408\u7ea6\uff0c\u5177\u6709\u5b58\u50a8\u548c\u652f\u6301Dapps\u7684\u80fd\u529b\u3002<br \/>\n\u81ea\u4ece\u8fd9\u79cd\u52a0\u5bc6\u8d27\u5e01\u63a8\u51fa\u4ee5\u6765\uff0c\u5b83\u4e00\u76f4\u8bd5\u56fe\u5c06\u81ea\u5df1\u4e0e\u5b83\u7684\u5927\u54e5\u533a\u5206\u5f00\u6765\uff0c\u56e0\u4e3a\u5b83<br \/>\n\u5b83\u7684\u76ee\u7684\u662f\u7ef4\u62a4\u73b0\u6709ETH\u533a\u5757\u94fe\u7684\u5b8c\u6574\u6027\u3002<\/p>\n<p>&nbsp;<\/p>\n<p>\u70b9\u51fb\u8fd9\u91cc <a href=\"https:\/\/www.youtube.com\/watch?v=BtF49i6Glnc\">\u8fd9\u91cc<\/a> \u8981\u77e5\u9053ASIC\u548cRIG\u4e4b\u95f4\u7684\u533a\u522b\u3002<\/p>\n<\/div>","protected":false},"excerpt":{"rendered":"<p>Antminer E7 800Mhs El Antminer E7 800Mhs de Bitmain, especializado en minar Ethereum Classic, tiene un rendimiento mayor que cualquier GPU.\u00a0\u00a0Este ASIC dedicado a la miner\u00eda de Ethash, tiene una potencia de minado de 800MHs y un consumo de 1.300w\/h. \u00bfQu\u00e9 es Bitmain? Bitmain es una compa\u00f1\u00eda con sede en Beijing, China. Es considerada una [&hellip;]<\/p>\n","protected":false},"featured_media":383,"comment_status":"open","ping_status":"closed","template":"","meta":[],"product_brand":[],"product_cat":[19],"product_tag":[52],"class_list":{"0":"post-382","1":"product","2":"type-product","3":"status-publish","4":"has-post-thumbnail","6":"product_cat-mineros","7":"product_tag-asic","9":"first","10":"outofstock","11":"taxable","12":"shipping-taxable","13":"purchasable","14":"product-type-simple"},"_links":{"self":[{"href":"https:\/\/pruebas.michollo.to\/zh\/wp-json\/wp\/v2\/product\/382","targetHints":{"allow":["GET"]}}],"collection":[{"href":"https:\/\/pruebas.michollo.to\/zh\/wp-json\/wp\/v2\/product"}],"about":[{"href":"https:\/\/pruebas.michollo.to\/zh\/wp-json\/wp\/v2\/types\/product"}],"replies":[{"embeddable":true,"href":"https:\/\/pruebas.michollo.to\/zh\/wp-json\/wp\/v2\/comments?post=382"}],"wp:featuredmedia":[{"embeddable":true,"href":"https:\/\/pruebas.michollo.to\/zh\/wp-json\/wp\/v2\/media\/383"}],"wp:attachment":[{"href":"https:\/\/pruebas.michollo.to\/zh\/wp-json\/wp\/v2\/media?parent=382"}],"wp:term":[{"taxonomy":"product_brand","embeddable":true,"href":"https:\/\/pruebas.michollo.to\/zh\/wp-json\/wp\/v2\/product_brand?post=382"},{"taxonomy":"product_cat","embeddable":true,"href":"https:\/\/pruebas.michollo.to\/zh\/wp-json\/wp\/v2\/product_cat?post=382"},{"taxonomy":"product_tag","embeddable":true,"href":"https:\/\/pruebas.michollo.to\/zh\/wp-json\/wp\/v2\/product_tag?post=382"}],"curies":[{"name":"wp","href":"https:\/\/api.w.org\/{rel}","templated":true}]}}