{"id":400,"date":"2022-10-16T04:34:41","date_gmt":"2022-10-16T06:34:41","guid":{"rendered":"https:\/\/pruebas.michollo.to\/producto\/rig-rooky\/"},"modified":"2025-05-09T14:47:28","modified_gmt":"2025-05-09T12:47:28","slug":"rig-rooky","status":"publish","type":"product","link":"https:\/\/pruebas.michollo.to\/zh\/product\/rig-rooky\/","title":{"rendered":"\u94bb\u673a\u83dc\u9e1f--\u53cc\u77ffETHF+KAS\u3001NEOXA\u3001ETC\u3001FLUX"},"content":{"rendered":"<p data-sanitized-data-mce-fragment=\"1\"><em>*\u4e0d\u542b\u589e\u503c\u7a0e\u7684\u4ef7\u683c\uff0c\u8bf7\u54a8\u8be2\u6761\u4ef6<\/em><\/p>\n<p data-sanitized-data-mce-fragment=\"1\">\u6211\u4eec\u7684\u8ba1\u5212\u662f\u6839\u636e\u76ee\u524d\u7684\u76c8\u5229\u80fd\u529b\u5728\u6700\u4f73\u7b97\u6cd5\u4e2d\u5212\u5206\u6295\u8d44\u8bbe\u7f6e\uff0c\u4ee5\u7f29\u77ed\u6295\u8d44\u56de\u62a5\u65f6\u95f4\u3002<\/p>\n<p data-sanitized-data-mce-fragment=\"1\">\u5408\u5e76\u540e\uff0c\u51fa\u73b0\u4e86\u65b0\u7684\u91c7\u77ff\u673a\u4f1a\uff0c\u5982Ravencoin\u3001Beam\u3001Flux\u3001Ergo\u3001Alephium\u3001Conflux\u3001Neoxa\u6216Kaspa\u3002\u8fd9\u4e9b\u52a0\u5bc6\u8d27\u5e01\u53ef\u4ee5\u5728\u53cc\u77ff\u4e2d\u7ed3\u5408\u8d77\u6765\uff0c\u4f7f\u4f60\u7684\u94bb\u673a\u6027\u80fd\u6700\u5927\u5316\u3002<\/p>\n<p data-sanitized-data-mce-fragment=\"1\"><img decoding=\"async\" src=\"https:\/\/cdn.shopify.com\/s\/files\/1\/0531\/4877\/8652\/files\/Disenosintitulo_2_1024x1024.png?v=1666164826\" alt=\"\" \/><\/p>\n<p data-sanitized-data-mce-fragment=\"1\"><img loading=\"lazy\" decoding=\"async\" class=\"alignleft\" style=\"display: block; margin-left: auto; margin-right: auto;\" src=\"https:\/\/cdn.shopify.com\/s\/files\/1\/0531\/4877\/8652\/files\/Imagen1_480x480.png?v=1645536577\" alt=\"\" width=\"380\" height=\"114\" data-sanitized-data-mce-src=\"https:\/\/cdn.shopify.com\/s\/files\/1\/0531\/4877\/8652\/files\/Imagen1_480x480.png?v=1645536577\" data-sanitized-data-mce-style=\"display: block; margin-left: auto; margin-right: auto;\" \/><\/p>\n<p>&nbsp;<\/p>\n<p>&nbsp;<\/p>\n<p>&nbsp;<\/p>\n<p>&nbsp;<\/p>\n<ul>\n<li><strong>\u6708\u4ea7\u91cf 30$-50$ (DUAL MINING, ETHF+KAS, ETC+KAS NEOXA, RVN)<\/strong><\/li>\n<li><em>*\u56de\u62a5\u7387\u57fa\u4e8e\u5f53\u524d\u5e02\u573a\u3002\u9884\u8ba1\u5728\u4e2d\u671f\u5185\u6709\u76f8\u5f53\u5927\u7684\u4e0a\u5347\u7a7a\u95f4\u3002<\/em><\/li>\n<li><em data-sanitized-data-mce-fragment=\"1\">\u6d88\u8017\u91cfW\/\u5c0f\u65f6\uff1a<strong data-sanitized-data-mce-fragment=\"1\">\u00a0400w<\/strong><\/em><\/li>\n<li>Ethash\u7b97\u6cd5\u4e2d\u7684\u91c7\u77ff\u80fd\u529b\uff1a<strong>\u00a0120 mhs<\/strong><\/li>\n<li data-sanitized-data-mce-fragment=\"1\">\u53ef\u4ee5\u5b89\u88c5\uff1a4\u53f0rx6600XT<\/li>\n<\/ul>\n<p data-sanitized-data-mce-fragment=\"1\">\u76ee\u524d\u7684\u76ee\u6807\u662f\u79ef\u7d2f\u5c3d\u53ef\u80fd\u591a\u7684\u52a0\u5bc6\u8d27\u5e01\uff0c\u4ee5\u4fbf\u5728\u5b83\u4eec\u5347\u503c\u65f6\u6210\u500d\u589e\u52a0\u76ee\u524d\u7684\u76c8\u5229\u80fd\u529b\u3002\u8fd9\u4e9b\u65b0\u5174\u7684\u52a0\u5bc6\u8d27\u5e01\u662f\u975e\u5e38\u6709\u8da3\u7684\uff0c\u56e0\u4e3a\u5b83\u4eec\u7684\u4ef7\u503c\u4e0a\u5347\u5e45\u5ea6\u5f88\u5927\uff0c\u800c\u4e14\u975e\u5e38\u6709\u8da3\u7684\u9879\u76ee\uff0c\u6709\u975e\u5e38\u6709\u7528\u7684\u5e94\u7528\uff0c\u5bf9\u00a0<span data-sanitized-data-mce-fragment=\"1\">\u533a\u5757\u94fe\u3002<\/span><\/p>\n<p data-sanitized-data-mce-fragment=\"1\">\u5305\u62ec\u5728\u4ef7\u683c\u4e2d\uff1a<\/p>\n<ul>\n<li><strong>\u914d\u7f6e<\/strong>\u6bcf\u4e2aRIG\u7684\u914d\u7f6e\u548c\u7ec4\u88c5\u90fd\u5305\u542b\u5728\u4ef7\u683c\u4e2d\u3002<\/li>\n<li><strong>\u652f\u6301\u548c\u8ddf\u8fdb<\/strong>\uff1a\u5305\u62ec\u671f\u95f4\u00a0<strong>\u516d\u4e2a\u6708<\/strong>\u00a0\u5bf9\u4efb\u4f55\u4e8b\u4ef6\u7684\u652f\u6301\uff08\u9664\u4e86\u8be6\u7ec6\u8bf4\u660e\u7684\u4fdd\u4fee\u8303\u56f4\u5916\uff09\u3002<\/li>\n<li><strong>\u62c5\u4fdd<\/strong>\uff1a\u6240\u6709\u673a\u5668\u90fd\u6709\u00a0<strong>\u4e09<\/strong>\u00a0\u5e74\u7684\u4fdd\u4fee\u671f\u3002<\/li>\n<\/ul>\n<p><img decoding=\"async\" style=\"display: block; margin-left: auto; margin-right: auto;\" src=\"https:\/\/cdn.shopify.com\/s\/files\/1\/0531\/4877\/8652\/files\/IMG_0567_480x480.gif?v=1643969114\" alt=\"\" \/><\/p>","protected":false},"excerpt":{"rendered":"<p>*PRECIO SIN IVA, CONSULTAR CONDICIONES Nuestro plan consiste en dividir el montaje de la inversi\u00f3n entre los mejores algoritmos bas\u00e1ndonos en su rentabilidad actual para acortar el tiempo de recuperaci\u00f3n de la inversi\u00f3n. Tras el Merge surgieron nuevas oportunidades de minado como: Ravencoin, Beam, Flux, Ergo, Alephium, Conflux, Neoxa o Kaspa. Estas criptomonedas se puede [&hellip;]<\/p>\n","protected":false},"featured_media":401,"comment_status":"open","ping_status":"closed","template":"","meta":[],"product_brand":[],"product_cat":[18],"product_tag":[29,48,73],"class_list":{"0":"post-400","1":"product","2":"type-product","3":"status-publish","4":"has-post-thumbnail","6":"product_cat-rigs-de-gpu","7":"product_tag-ethereum","8":"product_tag-nuevo","9":"product_tag-toncoin","11":"first","12":"outofstock","13":"taxable","14":"shipping-taxable","15":"purchasable","16":"product-type-simple"},"_links":{"self":[{"href":"https:\/\/pruebas.michollo.to\/zh\/wp-json\/wp\/v2\/product\/400","targetHints":{"allow":["GET"]}}],"collection":[{"href":"https:\/\/pruebas.michollo.to\/zh\/wp-json\/wp\/v2\/product"}],"about":[{"href":"https:\/\/pruebas.michollo.to\/zh\/wp-json\/wp\/v2\/types\/product"}],"replies":[{"embeddable":true,"href":"https:\/\/pruebas.michollo.to\/zh\/wp-json\/wp\/v2\/comments?post=400"}],"wp:featuredmedia":[{"embeddable":true,"href":"https:\/\/pruebas.michollo.to\/zh\/wp-json\/wp\/v2\/media\/401"}],"wp:attachment":[{"href":"https:\/\/pruebas.michollo.to\/zh\/wp-json\/wp\/v2\/media?parent=400"}],"wp:term":[{"taxonomy":"product_brand","embeddable":true,"href":"https:\/\/pruebas.michollo.to\/zh\/wp-json\/wp\/v2\/product_brand?post=400"},{"taxonomy":"product_cat","embeddable":true,"href":"https:\/\/pruebas.michollo.to\/zh\/wp-json\/wp\/v2\/product_cat?post=400"},{"taxonomy":"product_tag","embeddable":true,"href":"https:\/\/pruebas.michollo.to\/zh\/wp-json\/wp\/v2\/product_tag?post=400"}],"curies":[{"name":"wp","href":"https:\/\/api.w.org\/{rel}","templated":true}]}}